{"id":12372,"date":"2026-03-18T22:39:19","date_gmt":"2026-03-18T21:39:19","guid":{"rendered":"https:\/\/gltestm.webology.pl\/produkt\/maszyna-do-szycia-lucznik-master-craft-100-60-eco\/"},"modified":"2026-03-22T22:11:50","modified_gmt":"2026-03-22T21:11:50","slug":"maszyna-do-szycia-lucznik-master-craft-100-60-eco","status":"publish","type":"product","link":"https:\/\/gltestm.webology.pl\/pl\/produkt\/maszyna-do-szycia-lucznik-master-craft-100-60-eco\/","title":{"rendered":"Maszyna do szycia \u0141ucznik Master Craft 100.60 eco"},"content":{"rendered":"<h2><strong><img fetchpriority=\"high\" decoding=\"async\" src=\"\/data\/include\/cms\/.product\/8\/6\/2068\/Lucznik_Master_Craft_100.60.jpg\" alt=\"Maszyna do szycia \u0141ucznik Master Craft 100.60\" width=\"1500\" height=\"1000\"><\/strong><\/h2>\n<h2><strong>\u0141ucznik mastercraft 100.60 eco \u2013 precyzja, ekologia i niezawodno\u015b\u0107 na wy\u017cszym poziomie!<\/strong><\/h2>\n<p>Poznaj <strong>maszyn\u0119 do szycia \u0141ucznik MasterCraft 100.60 eco<\/strong> \u2013 zaawansowany model z linii &#8222;Tradition &amp; Precision&#8221;, kt\u00f3ry przenosi domowe <strong>szycie<\/strong> na wy\u017cszy poziom komfortu i mo\u017cliwo\u015bci. \u0141\u0105cz\u0105c innowacyjn\u0105 technologi\u0119, ekologiczne podej\u015bcie i niezawodno\u015b\u0107 polskiej marki <strong>\u0141ucznik<\/strong>, maszyna ta zosta\u0142a stworzona dla pasjonat\u00f3w poszukuj\u0105cych wszechstronnego i solidnego narz\u0119dzia do realizacji nawet najbardziej ambitnych projekt\u00f3w krawieckich.<\/p>\n<h2><strong>Innowacyjny silnik dc \u2013 oszcz\u0119dno\u015b\u0107, moc i wyj\u0105tkowa cicha praca<\/strong><\/h2>\n<p>Sercem <strong>maszyny \u0141ucznik MasterCraft 100.60 eco<\/strong> jest nowoczesny, ekologiczny silnik dc. Jego zaawansowana technologia zapewnia nie tylko wyj\u0105tkowo <strong>cich\u0105 i precyzyjn\u0105 prac\u0119<\/strong>, ale tak\u017ce realne korzy\u015bci ekonomiczne i \u015brodowiskowe:<\/p>\n<ul>\n<li>Jest <strong>ta\u0144szy w eksploatacji<\/strong> \u2013 pobiera blisko 37% mniej mocy w por\u00f3wnaniu do tradycyjnych silnik\u00f3w ac.<\/li>\n<li>Charakteryzuje si\u0119 <strong>znacznie ni\u017cszym zu\u017cyciem energii<\/strong> \u2013 oszcz\u0119dno\u015b\u0107 wynosi oko\u0142o 30%.<\/li>\n<li>Posiada <strong>d\u0142u\u017csz\u0105 \u017cywotno\u015b\u0107<\/strong> \u2013 nawet do 50% d\u0142u\u017csz\u0105. Wybieraj\u0105c ten model, stawiasz na <strong>szycie z trosk\u0105 o planet\u0119<\/strong> i sw\u00f3j portfel, bez kompromis\u00f3w w zakresie wydajno\u015bci.<\/li>\n<\/ul>\n<h2><strong>Solidna konstrukcja \u2013 zwi\u0119kszona wytrzyma\u0142o\u015b\u0107 i stabilno\u015b\u0107<\/strong><\/h2>\n<p><strong>MasterCraft 100.60 eco<\/strong> to maszyna stworzona do intensywnej pracy. Posiada <strong>wytrzyma\u0142y metalowy korpus<\/strong> oraz solidne metalowe komponenty wewn\u0119trzne.<\/p>\n<ul>\n<li>Zapewnia to wyj\u0105tkow\u0105 <strong>stabilno\u015b\u0107<\/strong> i <strong>niezawodno\u015b\u0107<\/strong>, nawet przy szyciu wymagaj\u0105cych materia\u0142\u00f3w i wielu warstw.<\/li>\n<li>Maszyna bez trudu radzi sobie zar\u00f3wno z <strong>delikatnymi tkaninami<\/strong>, jak i <strong>grubszymi materia\u0142ami<\/strong>, gwarantuj\u0105c <strong>precyzyjne i p\u0142ynne szycie<\/strong>.<\/li>\n<li>Wyr\u00f3\u017cnia si\u0119 r\u00f3wnie\u017c <strong>unikatowym, nowoczesnym designem<\/strong>, podkre\u015blaj\u0105cym jej zaawansowany charakter.<\/li>\n<\/ul>\n<h2><strong>Wszechstronno\u015b\u0107 i kreatywno\u015b\u0107 \u2013 a\u017c 34 programy \u015bciegowe i pe\u0142na kontrola<\/strong><\/h2>\n<p>Przenie\u015b swoj\u0105 kreatywno\u015b\u0107 na wy\u017cszy poziom! <strong>\u0141ucznik MasterCraft 100.60 eco<\/strong> oferuje a\u017c <strong>34 wbudowane programy \u015bciegowe<\/strong>, co daje Ci znacznie szersze spektrum mo\u017cliwo\u015bci ni\u017c w podstawowych modelach.<\/p>\n<ul>\n<li>Znajdziesz tu m.in. \u015bciegi proste, zygzak, <strong>a\u017c 8 \u015bcieg\u00f3w overlockowych<\/strong> (idealnych do wyka\u0144czania brzeg\u00f3w), tr\u00f3jskok, \u015bciegi trykotowe, <strong>elastyczne<\/strong>, satynowe, <strong>kryte<\/strong>, ozdobne i wiele innych, pozwalaj\u0105cych na wszechstronne zastosowanie.<\/li>\n<li>Intuicyjny <strong>wy\u015bwietlacz \u015bcieg\u00f3w<\/strong> pozwala na \u0142atwy wyb\u00f3r i kontrol\u0119 wybranego programu.<\/li>\n<li>Maszyna posiada <strong>automatyczne, 1-stopniowe obszywanie dziurki na guzik<\/strong>, dzi\u0119ki czemu idealna dziurka powstaje w jednej prostej operacji \u2013 to znacz\u0105ce u\u0142atwienie w por\u00f3wnaniu do modeli z wieloetapow\u0105 dziurk\u0105!<\/li>\n<li>Precyzyjna regulacja <strong>d\u0142ugo\u015bci (0-4 mm)<\/strong> oraz <strong>szeroko\u015bci \u015bciegu (0-5 mm)<\/strong> daje Ci pe\u0142n\u0105 kontrol\u0119 nad wygl\u0105dem ka\u017cdego \u015bciegu, pozwalaj\u0105c na idealne dopasowanie do materia\u0142u i efektu.<\/li>\n<\/ul>\n<h2><strong>Inteligentne rozwi\u0105zania \u2013 komfort i intuicyjna obs\u0142uga<\/strong><\/h2>\n<ul>\n<li><strong>Automatyczny nawlekacz ig\u0142y<\/strong> skraca czas przygotowania maszyny do pracy, co jest szczeg\u00f3lnie przydatne dla os\u00f3b z gorszym wzrokiem.<\/li>\n<li><strong>Wbudowany obcinacz nici<\/strong> pozwala szybko zako\u0144czy\u0107 szycie bez u\u017cycia dodatkowych narz\u0119dzi.<\/li>\n<li>Mo\u017cliwo\u015b\u0107 stosowania <strong>ig\u0142y podw\u00f3jnej<\/strong> do szycia dekoracyjnego lub wzmocnie\u0144.<\/li>\n<li>Dwa <strong>metalowe, pionowe trzpienie na nici<\/strong> zapewniaj\u0105 stabilne podawanie nici.<\/li>\n<li>Praktyczne <strong>grafiki na obudowie<\/strong> krok po kroku instruuj\u0105, jak prawid\u0142owo nawlec maszyn\u0119.<\/li>\n<li><strong>Wolne rami\u0119<\/strong> z wygodnym miejscem na <strong>akcesoria<\/strong> u\u0142atwia szycie element\u00f3w zamkni\u0119tych (r\u0119kawy, nogawki, obwody) i przechowywanie potrzebnych drobiazg\u00f3w.<\/li>\n<li>Jasne <strong>o\u015bwietlenie led<\/strong> doskonale o\u015bwietla pole pracy, poprawiaj\u0105c widoczno\u015b\u0107 detali.<\/li>\n<li>Klasyczny <strong>chwytacz wahad\u0142owy<\/strong> zapewnia p\u0142ynn\u0105 i niezawodn\u0105 prac\u0119 maszyny.<\/li>\n<li>Wygodna <strong>r\u0105czka do przenoszenia<\/strong> u\u0142atwia transport i przechowywanie maszyny.<\/li>\n<\/ul>\n<h2><strong>Bogate wyposa\u017cenie standardowe \u2013 gotowa do pracy od razu<\/strong><\/h2>\n<p>Wraz z maszyn\u0105 otrzymujesz kompletny zestaw standardowych <strong>akcesori\u00f3w krawieckich<\/strong>, dzi\u0119ki kt\u00f3remu mo\u017cesz rozpocz\u0105\u0107 szycie od razu po wyj\u0119ciu z pude\u0142ka. W zestawie znajdziesz m.in.: stopki (uniwersalna, do wszywania suwak\u00f3w, do obszywania dziurek, do przyszywania guzik\u00f3w), prujka\/p\u0119dzelek, prowadnik do pikowania, zapasowe ig\u0142y, szpulki plastikowe (3x), wkr\u0119tak, oliwiarka, p\u0142ytka do zakrywania z\u0105bk\u00f3w transportuj\u0105cych materia\u0142, filc na trzpie\u0144 szpulki, pokrowiec przeciwkurzowy, regulator obrot\u00f3w.<\/p>\n<h2><strong>Gwarancja \u2013 36 miesi\u0119cy door-to-door<\/strong><\/h2>\n<p>Kupuj\u0105c <strong>maszyn\u0119 do szycia \u0141ucznik MasterCraft 100.60 eco<\/strong>, inwestujesz w jako\u015b\u0107 potwierdzon\u0105 d\u0142ugim okresem <strong>36 miesi\u0119cy gwarancji<\/strong> liczonej od daty zakupu. Gwarantujemy sprawne i niezawodne dzia\u0142anie urz\u0105dzenia, pod warunkiem u\u017cytkowania go zgodnie z za\u0142\u0105czon\u0105 <strong>instrukcj\u0105 obs\u0142ugi<\/strong>.<\/p>\n<p>Dla twojej maksymalnej wygody, maszyna obj\u0119ta jest <strong>gwarancj\u0105 w systemie Door-to-Door<\/strong>. Oznacza to, \u017ce w przypadku wyst\u0105pienia usterki, <strong>serwis centralny<\/strong> marki <strong>\u0141ucznik<\/strong> zajmie si\u0119 za po\u015brednictwem kuriera odbiorem maszyny bezpo\u015brednio od Ciebie i dostarczy j\u0105 z powrotem po przeprowadzeniu naprawy, bez konieczno\u015bci samodzielnego dostarczania jej do punktu serwisowego.<\/p>\n<p><strong>Jak skorzysta\u0107 z naprawy gwarancyjnej? Bezpo\u015bredni kontakt z serwisem centralnym \u0141ucznik:<\/strong><\/p>\n<p><strong>RADOM<\/strong><br \/>ul. Lubelska 89\/95<br \/>tel. <strong><a href=\"tel:+48483840013\">0048 48 384 00 13<\/a><\/strong><br \/>e-mail: <strong><a href=\"mailto:serwis-lucznik@aspa.pl\">serwis-lucznik@aspa.pl<\/a><\/strong><\/p>\n<p>Serwis dost\u0119pny w godzinach <strong>07:00<\/strong> &#8211; <strong>15:00<\/strong><\/p>\n<h2><strong>Podsumowanie \u2013 \u0141ucznik MasterCraft 100.60 eco<\/strong><\/h2>\n<ul>\n<li>Marka: <strong>\u0141ucznik<\/strong><\/li>\n<li>Model: MasterCraft 100.60 eco<\/li>\n<li>Typ maszyny: Domowa maszyna do szycia<\/li>\n<li>Liczba \u015bcieg\u00f3w: 34 (w tym 8 overlockowych, 1-stopniowa dziurka automatyczna)<\/li>\n<li>Silnik: Ekologiczny DC (45W)<\/li>\n<li>Konstrukcja: Metalowy korpus i metalowe podzespo\u0142y<\/li>\n<li>Regulacja d\u0142ugo\u015bci \u015bciegu: 0-4 mm<\/li>\n<li>Regulacja szeroko\u015bci \u015bciegu: 0-5 mm<\/li>\n<li>Chwytacz: Wahad\u0142owy<\/li>\n<li>Nawlekacz ig\u0142y: Automatyczny wbudowany<\/li>\n<li>Nawijanie szpulki: Automatyczne<\/li>\n<li>Obcinacz nici: Wbudowany<\/li>\n<li>Wolne rami\u0119: Tak (ze schowkiem)<\/li>\n<li>O\u015bwietlenie: LED<\/li>\n<li>Gwarancja: 36 miesi\u0119cy Door-to-Door<\/li>\n<li>Waga netto: 7.45 kg<\/li>\n<li>Wymiary (szer. x g\u0142. x wys.): 41.0 x 19.0 x 30.0 cm<\/li>\n<li>W zestawie: Komplet standardowych <strong>akcesori\u00f3w krawieckich<\/strong>.<\/li>\n<li>Dodatkowe cechy: Wy\u015bwietlacz \u015bcieg\u00f3w, grafiki instruuj\u0105ce nawlekanie, r\u0105czka do przenoszenia.<\/li>\n<\/ul>\n<p>Odkryj rado\u015b\u0107 <strong>szycia<\/strong> z <strong>\u0141ucznik MasterCraft 100.60 eco<\/strong> \u2013 maszyn\u0105, kt\u00f3ra \u0142\u0105czy zaawansowan\u0105 technologi\u0119, ekologi\u0119 i niezawodno\u015b\u0107 polskiej marki <strong>\u0141ucznik<\/strong>. Idealna dla wymagaj\u0105cych hobbyst\u00f3w!<\/p>\n","protected":false},"excerpt":{"rendered":"<p>\u0141ucznik MasterCraft 100.60 eco \u2013 zaawansowana maszyna do szycia. 34 \u015bciegi (1-etapowa dziurka!), eco silnik, metalowa konstrukcja. Precyzja, tradycja i jako\u015b\u0107 na lata.<\/p>\n","protected":false},"featured_media":15306,"comment_status":"open","ping_status":"closed","template":"","meta":[],"product_brand":[],"product_cat":[393],"product_tag":[],"class_list":{"0":"post-12372","1":"product","2":"type-product","3":"status-publish","4":"has-post-thumbnail","6":"product_cat-maszyny-do-szycia-tradycyjne","8":"first","9":"instock","10":"taxable","11":"shipping-taxable","12":"purchasable","13":"product-type-variable"},"_links":{"self":[{"href":"https:\/\/gltestm.webology.pl\/pl\/wp-json\/wp\/v2\/product\/12372","targetHints":{"allow":["GET"]}}],"collection":[{"href":"https:\/\/gltestm.webology.pl\/pl\/wp-json\/wp\/v2\/product"}],"about":[{"href":"https:\/\/gltestm.webology.pl\/pl\/wp-json\/wp\/v2\/types\/product"}],"replies":[{"embeddable":true,"href":"https:\/\/gltestm.webology.pl\/pl\/wp-json\/wp\/v2\/comments?post=12372"}],"version-history":[{"count":0,"href":"https:\/\/gltestm.webology.pl\/pl\/wp-json\/wp\/v2\/product\/12372\/revisions"}],"wp:featuredmedia":[{"embeddable":true,"href":"https:\/\/gltestm.webology.pl\/pl\/wp-json\/wp\/v2\/media\/15306"}],"wp:attachment":[{"href":"https:\/\/gltestm.webology.pl\/pl\/wp-json\/wp\/v2\/media?parent=12372"}],"wp:term":[{"taxonomy":"product_brand","embeddable":true,"href":"https:\/\/gltestm.webology.pl\/pl\/wp-json\/wp\/v2\/product_brand?post=12372"},{"taxonomy":"product_cat","embeddable":true,"href":"https:\/\/gltestm.webology.pl\/pl\/wp-json\/wp\/v2\/product_cat?post=12372"},{"taxonomy":"product_tag","embeddable":true,"href":"https:\/\/gltestm.webology.pl\/pl\/wp-json\/wp\/v2\/product_tag?post=12372"}],"curies":[{"name":"wp","href":"https:\/\/api.w.org\/{rel}","templated":true}]}}