{"id":12371,"date":"2026-03-18T22:39:18","date_gmt":"2026-03-18T21:39:18","guid":{"rendered":"https:\/\/gltestm.webology.pl\/produkt\/mata-do-maszyn-do-szycia-bordowa-velvet\/"},"modified":"2026-03-18T22:50:00","modified_gmt":"2026-03-18T21:50:00","slug":"mata-do-maszyn-do-szycia-bordowa-velvet","status":"publish","type":"product","link":"https:\/\/gltestm.webology.pl\/pl\/produkt\/mata-do-maszyn-do-szycia-bordowa-velvet\/","title":{"rendered":"Mata do maszyn do szycia &#8211; Bordowa velvet"},"content":{"rendered":"<div>\n<div>\n<div>\n<h2><strong>Mata do maszyn do szycia \u2013 organizacja pracy w miejscu szycia<\/strong><\/h2>\n<p>Odkryj eleganck\u0105 funkcjonalno\u015b\u0107, kt\u00f3ra nada Twojej pracowni szycia styl i doskona\u0142\u0105 organizacj\u0119! Mata pod maszyn\u0119 do szycia w luksusowym bordowym odcieniu z przyjemnego, pikowanego weluru to idealne rozwi\u0105zanie 2w1 \u2013 s\u0142u\u017cy zar\u00f3wno jako praktyczny organizer na akcesoria, jak i pokrowiec chroni\u0105cy Twoj\u0105 maszyn\u0119.<\/p>\n<h2>Praktyczny organizer<\/h2>\n<p>Dzi\u0119ki starannie zaprojektowanym kieszonkom, przechowasz wszystkie niezb\u0119dne akcesoria w jednym miejscu: nici, ig\u0142y, szpulki, no\u017cyczki, a nawet mniejsze narz\u0119dzia. Mata pozwala utrzyma\u0107 idealny porz\u0105dek przy pracy, zapewniaj\u0105c, \u017ce wszystko, czego potrzebujesz, jest zawsze w zasi\u0119gu r\u0119ki. Organizacja miejsca pracy staje si\u0119 przyjemno\u015bci\u0105, a ca\u0142y proces szycia p\u0142ynniejszy i bardziej efektywny.<\/p>\n<h2>Pokrowiec ochronny<\/h2>\n<p>Mata pe\u0142ni tak\u017ce rol\u0119 ochronnego pokrowca na maszyn\u0119 do szycia. Po sko\u0144czonej pracy wystarczy okry\u0107 ni\u0105 maszyn\u0119, by zabezpieczy\u0107 j\u0105 przed kurzem i przypadkowymi uszkodzeniami. To praktyczne rozwi\u0105zanie pozwala cieszy\u0107 si\u0119 porz\u0105dkiem i d\u0142u\u017csz\u0105 \u017cywotno\u015bci\u0105 Twojego sprz\u0119tu, co sprawia, \u017ce ten dodatek staje si\u0119 niezast\u0105piony w ka\u017cdej przestrzeni szycia.<\/p>\n<h2>Wymiary i funkcje<\/h2>\n<p>Mata ma wygodne wymiary <strong>60 x 66 cm<\/strong>, zapewniaj\u0105c komfort u\u017cytkowania i odpowiedni\u0105 powierzchni\u0119 do przechowywania akcesori\u00f3w. Wyposa\u017cona jest r\u00f3wnie\u017c w dopinan\u0105 na rzep <strong>poduszeczk\u0119 na ig\u0142y<\/strong> (10 x 12 cm), kt\u00f3r\u0105 mo\u017cna w ka\u017cdej chwili odpi\u0105\u0107 i wygodnie korzysta\u0107 podczas pracy.<\/p>\n<p>Dzi\u0119ki przezroczystym kieszonkom \u0142atwo zobaczysz, co jest w ka\u017cdej z nich. Mata posiada:<\/p>\n<ul>\n<li>Dwie wi\u0119ksze, zapinane na zamek kieszonki (15 x 14,5 cm),<\/li>\n<li>Dwie mniejsze kieszonki, r\u00f3wnie\u017c zapinane za zamek (6 x 13 cm oraz 7 x 13 cm),<\/li>\n<li>Jedn\u0105 otwart\u0105 kiesze\u0144 (15 x 14,5 cm) dla \u0142atwego dost\u0119pu do najcz\u0119\u015bciej u\u017cywanych narz\u0119dzi.<\/li>\n<\/ul>\n<p>Dodatkowo mata wyposa\u017cona jest w zaczepy na rogach, kt\u00f3re umo\u017cliwiaj\u0105 zawi\u0105zanie jej wok\u00f3\u0142 maszyny, przekszta\u0142caj\u0105c j\u0105 w stylowy i praktyczny pokrowiec.<\/p>\n<h2>Elegancja i funkcjonalno\u015b\u0107 w jednym<\/h2>\n<p>Wybierz wygod\u0119, styl i funkcjonalno\u015b\u0107 w jednym, aby cieszy\u0107 si\u0119 kreatywno\u015bci\u0105 bez zb\u0119dnego chaosu. Mata do maszyn do szycia w bordowym kolorze z pewno\u015bci\u0105 doda elegancji Twojej pracowni, u\u0142atwiaj\u0105c organizacj\u0119 i zabezpieczaj\u0105c Tw\u00f3j sprz\u0119t.<\/p>\n<p>Maszyna do szycia oraz akcesoria widoczne na zdj\u0119ciach nie stanowi\u0105 element\u00f3w zestawu.<\/p>\n<\/div>\n<\/div>\n<\/div>\n","protected":false},"excerpt":{"rendered":"<p>Praktyczny organizer pod maszyn\u0119 do szycia, w modnym bordowym kolorze. U\u0142atwi organizacj\u0119 pracy w k\u0105ciku krawieckim.<\/p>\n","protected":false},"featured_media":14799,"comment_status":"open","ping_status":"closed","template":"","meta":[],"product_brand":[],"product_cat":[538],"product_tag":[],"class_list":{"0":"post-12371","1":"product","2":"type-product","3":"status-publish","4":"has-post-thumbnail","6":"product_cat-pokrowce-i-walizki","8":"first","9":"instock","10":"taxable","11":"shipping-taxable","12":"purchasable","13":"product-type-variable"},"_links":{"self":[{"href":"https:\/\/gltestm.webology.pl\/pl\/wp-json\/wp\/v2\/product\/12371","targetHints":{"allow":["GET"]}}],"collection":[{"href":"https:\/\/gltestm.webology.pl\/pl\/wp-json\/wp\/v2\/product"}],"about":[{"href":"https:\/\/gltestm.webology.pl\/pl\/wp-json\/wp\/v2\/types\/product"}],"replies":[{"embeddable":true,"href":"https:\/\/gltestm.webology.pl\/pl\/wp-json\/wp\/v2\/comments?post=12371"}],"version-history":[{"count":0,"href":"https:\/\/gltestm.webology.pl\/pl\/wp-json\/wp\/v2\/product\/12371\/revisions"}],"wp:featuredmedia":[{"embeddable":true,"href":"https:\/\/gltestm.webology.pl\/pl\/wp-json\/wp\/v2\/media\/14799"}],"wp:attachment":[{"href":"https:\/\/gltestm.webology.pl\/pl\/wp-json\/wp\/v2\/media?parent=12371"}],"wp:term":[{"taxonomy":"product_brand","embeddable":true,"href":"https:\/\/gltestm.webology.pl\/pl\/wp-json\/wp\/v2\/product_brand?post=12371"},{"taxonomy":"product_cat","embeddable":true,"href":"https:\/\/gltestm.webology.pl\/pl\/wp-json\/wp\/v2\/product_cat?post=12371"},{"taxonomy":"product_tag","embeddable":true,"href":"https:\/\/gltestm.webology.pl\/pl\/wp-json\/wp\/v2\/product_tag?post=12371"}],"curies":[{"name":"wp","href":"https:\/\/api.w.org\/{rel}","templated":true}]}}