{"id":12369,"date":"2026-03-18T22:39:17","date_gmt":"2026-03-18T21:39:17","guid":{"rendered":"https:\/\/gltestm.webology.pl\/produkt\/elektroniczna-waga-lazienkowa-lucznik-bs-973-w15-fancy-carbon\/"},"modified":"2026-03-22T22:11:50","modified_gmt":"2026-03-22T21:11:50","slug":"elektroniczna-waga-lazienkowa-lucznik-bs-973-w15-fancy-carbon","status":"publish","type":"product","link":"https:\/\/gltestm.webology.pl\/pl\/produkt\/elektroniczna-waga-lazienkowa-lucznik-bs-973-w15-fancy-carbon\/","title":{"rendered":"Elektroniczna waga \u0142azienkowa \u0141ucznik BS-973 W15 &#8211; Fancy Carbon"},"content":{"rendered":"<h2>Precyzyjna waga \u0142azienkowa BS-973 \u2013 Twoje nowoczesne narz\u0119dzie do monitorowania wagi<\/h2>\n<p>Odkryj nowy poziom kontroli nad swoj\u0105 wag\u0105 dzi\u0119ki <strong>elektronicznej wadze \u0142azienkowej BS-973<\/strong>. Idealna zar\u00f3wno dla os\u00f3b <strong>dbaj\u0105cych o zdrowie<\/strong>, jak i dla tych, kt\u00f3rzy ceni\u0105 <strong>funkcjonalno\u015b\u0107<\/strong> oraz <strong>estetyk\u0119<\/strong> w swojej \u0142azience. Waga BS-973 oferuje <strong>precyzyjne pomiary<\/strong>, zapewniaj\u0105c dok\u0142adno\u015b\u0107 na poziomie <strong>100 gram\u00f3w<\/strong>. Dzi\u0119ki szerokiemu zakresowi pomiarowemu od <strong>2,5 do 150 kg<\/strong> (lub <strong>330 funt\u00f3w\/23,6 ston<\/strong>), jest wszechstronnym urz\u0105dzeniem, kt\u00f3re dostosuje si\u0119 do indywidualnych potrzeb u\u017cytkownika. Mo\u017cesz r\u00f3wnie\u017c wybiera\u0107 pomi\u0119dzy jednostkami miary: <strong>kilogramami, funtami i stonami<\/strong>.<\/p>\n<h2>Kluczowe cechy i funkcje wagi BS-973<\/h2>\n<p>Waga BS-973 to po\u0142\u0105czenie nowoczesnej technologii i stylowego designu. Oto jej najwa\u017cniejsze cechy:<\/p>\n<ul>\n<li><strong>Pod\u015bwietlany czarny wy\u015bwietlacz LCD<\/strong> \u2013 zapewnia doskona\u0142\u0105 widoczno\u015b\u0107 wynik\u00f3w, nawet w s\u0142abym o\u015bwietleniu.<\/li>\n<li><strong>Zasilanie bateryjne: 2xAAA<\/strong> \u2013 baterie s\u0105 do\u0142\u0105czone do zestawu, a wska\u017anik niskiego poziomu baterii przypomina o konieczno\u015bci ich wymiany.<\/li>\n<li><strong>Platforma o wymiarach 28&#215;28 cm<\/strong> \u2013 wykonana z wytrzyma\u0142ego szk\u0142a hartowanego, gwarantuj\u0105cego trwa\u0142o\u015b\u0107 i bezpiecze\u0144stwo.<\/li>\n<li><strong>Wyb\u00f3r jednostek miary<\/strong> \u2013 kilogramy, funty lub stony, w zale\u017cno\u015bci od preferencji u\u017cytkownika.<\/li>\n<li><strong>Zakres pomiaru od 2,5 kg do 150 kg<\/strong> \u2013 idealny zar\u00f3wno dla os\u00f3b o ni\u017cszej, jak i wy\u017cszej masie cia\u0142a.<\/li>\n<li><strong>Dok\u0142adno\u015b\u0107 0,1 kg<\/strong> \u2013 pozwala na precyzyjne monitorowanie najmniejszych zmian wagi.<\/li>\n<li><strong>Wska\u017aniki przeci\u0105\u017cenia, b\u0142\u0119du i niskiego poziomu baterii<\/strong> \u2013 dla wi\u0119kszej wygody i bezpiecze\u0144stwa u\u017cytkowania.<\/li>\n<li>Wbudowany termometr<\/li>\n<li><strong>24 miesi\u0105ce gwarancji<\/strong> oraz <strong>instrukcja w 3 j\u0119zykach<\/strong>: polskim, angielskim i ukrai\u0144skim.<\/li>\n<\/ul>\n<h2>Nowoczesny wy\u015bwietlacz LCD<\/h2>\n<p>Waga BS-973 zosta\u0142a wyposa\u017cona w <strong>nowoczesny<\/strong>, <strong>czarny, pod\u015bwietlany wy\u015bwietlacz LCD<\/strong>, kt\u00f3ry zapewnia \u0142atwy odczyt wynik\u00f3w. <strong>Czarny ekran<\/strong> w po\u0142\u0105czeniu z <strong>jasnymi cyframi<\/strong> prezentuje wyniki w spos\u00f3b klarowny i czytelny, niezale\u017cnie od pory dnia czy o\u015bwietlenia w pomieszczeniu.<\/p>\n<h2>Zasilanie bateryjne<\/h2>\n<p>Waga dzia\u0142a na <strong>dwie baterie AAA<\/strong>, kt\u00f3re s\u0105 <strong>do\u0142\u0105czone do zestawu<\/strong>, co umo\u017cliwia natychmiastowe u\u017cytkowanie urz\u0105dzenia. <strong>Wska\u017anik niskiego poziomu baterii<\/strong> poinformuje Ci\u0119, kiedy trzeba b\u0119dzie je wymieni\u0107, co zapewnia ci\u0105g\u0142o\u015b\u0107 dzia\u0142ania bez niespodziewanych przerw.<\/p>\n<h2>Solidna konstrukcja<\/h2>\n<p>Platforma wagi wykonana zosta\u0142a z <strong>wytrzyma\u0142ego szk\u0142a hartowanego<\/strong>, co gwarantuje jej <strong>trwa\u0142o\u015b\u0107<\/strong> oraz <strong>bezpiecze\u0144stwo<\/strong> u\u017cytkowania. Jej wymiary <strong>28&#215;28 cm<\/strong> zapewniaj\u0105 <strong>stabilno\u015b\u0107<\/strong> podczas wa\u017cenia, a <strong>elegancka fotofolia<\/strong>, dost\u0119pna w <strong>nowoczesnych wzorach<\/strong>, sprawia, \u017ce waga stanowi <strong>estetyczny element wystroju \u0142azienki<\/strong>.<\/p>\n<h2>Funkcja automatycznego w\u0142\u0105czania i wy\u0142\u0105czania<\/h2>\n<p><strong>Automatyczne w\u0142\u0105czanie wagi<\/strong> nast\u0119puje po postawieniu na niej stopy, co eliminuje konieczno\u015b\u0107 r\u0119cznego uruchamiania urz\u0105dzenia. Po<strong> kilku sekundach bezruchu<\/strong> waga <strong>automatycznie si\u0119 wy\u0142\u0105cza<\/strong>, co oszcz\u0119dza baterie i zapewnia d\u0142u\u017csze dzia\u0142anie.<\/p>\n<h2>Precyzja pomiaru<\/h2>\n<p>Waga BS-973 oferuje <strong>niezwyk\u0142\u0105 dok\u0142adno\u015b\u0107 pomiar\u00f3w<\/strong>, si\u0119gaj\u0105c\u0105<strong> 0,1 kg<\/strong>. Dzi\u0119ki temu mo\u017cesz \u015bledzi\u0107 nawet <strong>najmniejsze zmiany w swojej wadze<\/strong>, co jest szczeg\u00f3lnie wa\u017cne przy kontrolowaniu wagi podczas diety czy treningu.<\/p>\n<h2>Wska\u017aniki przeci\u0105\u017cenia i b\u0142\u0119du<\/h2>\n<p>Waga zosta\u0142a wyposa\u017cona w szereg wska\u017anik\u00f3w, kt\u00f3re zapewniaj\u0105 <strong>bezpiecze\u0144stwo<\/strong> i <strong>prawid\u0142owe<\/strong> dzia\u0142anie urz\u0105dzenia. Wska\u017anik <strong>przeci\u0105\u017cenia<\/strong> informuje, kiedy masa cia\u0142a <strong>przekracza maksymaln\u0105 no\u015bno\u015b\u0107 wagi<\/strong>, a wska\u017anik <strong>b\u0142\u0119du sygnalizuje<\/strong>, gdy wynik pomiaru jest nieprawid\u0142owy.<\/p>\n<h2>Stylowy design i komfort u\u017cytkowania<\/h2>\n<p>BS-973 to nie tylko funkcjonalne urz\u0105dzenie, ale tak\u017ce <strong>stylowy dodatek do Twojej \u0142azienki<\/strong>. Dzi\u0119ki <strong>wytrzyma\u0142ej konstrukcji<\/strong> i <strong>eleganckiemu<\/strong> designowi waga doskonale wpasuje si\u0119 w ka\u017cde wn\u0119trze. Jej \u0142atwa obs\u0142uga i automatyczna kalibracja sprawiaj\u0105, \u017ce korzystanie z niej jest wyj\u0105tkowo proste i wygodne.<\/p>\n<p>Zainwestuj w swoje zdrowie i wybierz wag\u0119, kt\u00f3ra \u0142\u0105czy nowoczesny wygl\u0105d z precyzj\u0105 i funkcjonalno\u015bci\u0105!<\/p>\n","protected":false},"excerpt":{"rendered":"<p>Waga \u0142azienkowa BS-973 w nowe ods\u0142ownie. Nowy, pod\u015bwietlany czarny wy\u015bwietlacz. Zasilanie 2x AA. Wymiary 28&#215;28 cm. Maksymalna no\u015bno\u015b\u0107 150 kg. Dok\u0142adno\u015b\u0107 pomiaru 0,1 kg. Jednostki wagi: kg\/funt\/st.<\/p>\n","protected":false},"featured_media":13278,"comment_status":"open","ping_status":"closed","template":"","meta":[],"product_brand":[],"product_cat":[663],"product_tag":[],"class_list":{"0":"post-12369","1":"product","2":"type-product","3":"status-publish","4":"has-post-thumbnail","6":"product_cat-wagi-lazienkowe","8":"first","9":"instock","10":"taxable","11":"shipping-taxable","12":"purchasable","13":"product-type-variable"},"_links":{"self":[{"href":"https:\/\/gltestm.webology.pl\/pl\/wp-json\/wp\/v2\/product\/12369","targetHints":{"allow":["GET"]}}],"collection":[{"href":"https:\/\/gltestm.webology.pl\/pl\/wp-json\/wp\/v2\/product"}],"about":[{"href":"https:\/\/gltestm.webology.pl\/pl\/wp-json\/wp\/v2\/types\/product"}],"replies":[{"embeddable":true,"href":"https:\/\/gltestm.webology.pl\/pl\/wp-json\/wp\/v2\/comments?post=12369"}],"version-history":[{"count":0,"href":"https:\/\/gltestm.webology.pl\/pl\/wp-json\/wp\/v2\/product\/12369\/revisions"}],"wp:featuredmedia":[{"embeddable":true,"href":"https:\/\/gltestm.webology.pl\/pl\/wp-json\/wp\/v2\/media\/13278"}],"wp:attachment":[{"href":"https:\/\/gltestm.webology.pl\/pl\/wp-json\/wp\/v2\/media?parent=12369"}],"wp:term":[{"taxonomy":"product_brand","embeddable":true,"href":"https:\/\/gltestm.webology.pl\/pl\/wp-json\/wp\/v2\/product_brand?post=12369"},{"taxonomy":"product_cat","embeddable":true,"href":"https:\/\/gltestm.webology.pl\/pl\/wp-json\/wp\/v2\/product_cat?post=12369"},{"taxonomy":"product_tag","embeddable":true,"href":"https:\/\/gltestm.webology.pl\/pl\/wp-json\/wp\/v2\/product_tag?post=12369"}],"curies":[{"name":"wp","href":"https:\/\/api.w.org\/{rel}","templated":true}]}}