{"id":12368,"date":"2026-03-18T22:39:17","date_gmt":"2026-03-18T21:39:17","guid":{"rendered":"https:\/\/gltestm.webology.pl\/produkt\/szpulka-nici-jeans-czarny-140-m\/"},"modified":"2026-03-22T22:11:50","modified_gmt":"2026-03-22T21:11:50","slug":"szpulka-nici-jeans-czarny-140-m","status":"publish","type":"product","link":"https:\/\/gltestm.webology.pl\/pl\/produkt\/szpulka-nici-jeans-czarny-140-m\/","title":{"rendered":"Szpulka nici jeans &#8211; Czarny 140 m"},"content":{"rendered":"<p>Odkryj wszechstronno\u015b\u0107 i niezawodno\u015b\u0107 naszej <strong>czarnej nici do jeansu i grubszych materia\u0142\u00f3w<\/strong>! Ta wysokiej jako\u015bci ni\u0107 poliestrowa o d\u0142ugo\u015bci <strong>140 metr\u00f3w<\/strong> zosta\u0142a stworzona z my\u015bl\u0105 o wymagaj\u0105cych projektach, gdzie liczy si\u0119 trwa\u0142o\u015b\u0107 i precyzja. Idealna do szycia jeansu, sk\u00f3r, p\u0142\u00f3cien oraz innych ci\u0119\u017cszych tkanin, gwarantuje mocne, odporne na rozerwanie szwy, kt\u00f3re wytrzymaj\u0105 wiele lat u\u017cytkowania.<\/p>\n<p><strong>Czarny kolor<\/strong> nici to klasyka, kt\u00f3ra \u015bwietnie komponuje si\u0119 z ka\u017cdym materia\u0142em, dodaj\u0105c Twoim projektom elegancji i uniwersalno\u015bci. Jest to doskona\u0142y wyb\u00f3r do projekt\u00f3w, gdzie chcesz uzyska\u0107 dyskretny, a jednocze\u015bnie stylowy efekt. Ni\u0107 poliestrowa zapewnia wysok\u0105 odporno\u015b\u0107 na rozci\u0105ganie, nie mechaci si\u0119, a jej kolor pozostaje intensywny nawet po wielu praniach.<\/p>\n<p>Wybierz nasz\u0105 <strong>czarn\u0105 ni\u0107 do jeansu<\/strong> i podkre\u015bl swoje umiej\u0119tno\u015bci szycia z perfekcj\u0105. To niezast\u0105pione narz\u0119dzie dla ka\u017cdego, kto ceni sobie jako\u015b\u0107, trwa\u0142o\u015b\u0107 i estetyk\u0119 w swoich projektach. Zam\u00f3w ju\u017c dzi\u015b i przekonaj si\u0119, jak wiele mo\u017cesz zyska\u0107!<\/p>\n","protected":false},"excerpt":{"rendered":"<p>Nici \u0141ucznik przeznaczone do grubszych tkanin, przeznaczone do maszyny do szycia. Poliestrowe, optymalny skr\u0119t, odpowiednie dla alergik\u00f3w. Typ 30, d\u0142ugo\u015b\u0107 nawoju 140 m<\/p>\n","protected":false},"featured_media":13343,"comment_status":"open","ping_status":"closed","template":"","meta":[],"product_brand":[],"product_cat":[708],"product_tag":[],"class_list":{"0":"post-12368","1":"product","2":"type-product","3":"status-publish","4":"has-post-thumbnail","6":"product_cat-nici-do-maszyn","8":"first","9":"instock","10":"taxable","11":"shipping-taxable","12":"purchasable","13":"product-type-variable"},"_links":{"self":[{"href":"https:\/\/gltestm.webology.pl\/pl\/wp-json\/wp\/v2\/product\/12368","targetHints":{"allow":["GET"]}}],"collection":[{"href":"https:\/\/gltestm.webology.pl\/pl\/wp-json\/wp\/v2\/product"}],"about":[{"href":"https:\/\/gltestm.webology.pl\/pl\/wp-json\/wp\/v2\/types\/product"}],"replies":[{"embeddable":true,"href":"https:\/\/gltestm.webology.pl\/pl\/wp-json\/wp\/v2\/comments?post=12368"}],"version-history":[{"count":0,"href":"https:\/\/gltestm.webology.pl\/pl\/wp-json\/wp\/v2\/product\/12368\/revisions"}],"wp:featuredmedia":[{"embeddable":true,"href":"https:\/\/gltestm.webology.pl\/pl\/wp-json\/wp\/v2\/media\/13343"}],"wp:attachment":[{"href":"https:\/\/gltestm.webology.pl\/pl\/wp-json\/wp\/v2\/media?parent=12368"}],"wp:term":[{"taxonomy":"product_brand","embeddable":true,"href":"https:\/\/gltestm.webology.pl\/pl\/wp-json\/wp\/v2\/product_brand?post=12368"},{"taxonomy":"product_cat","embeddable":true,"href":"https:\/\/gltestm.webology.pl\/pl\/wp-json\/wp\/v2\/product_cat?post=12368"},{"taxonomy":"product_tag","embeddable":true,"href":"https:\/\/gltestm.webology.pl\/pl\/wp-json\/wp\/v2\/product_tag?post=12368"}],"curies":[{"name":"wp","href":"https:\/\/api.w.org\/{rel}","templated":true}]}}