{"id":12365,"date":"2026-03-18T22:39:16","date_gmt":"2026-03-18T21:39:16","guid":{"rendered":"https:\/\/gltestm.webology.pl\/produkt\/czajnik-elektryczny-wk-2502-compact-glass-12-l-1630-w-czarny\/"},"modified":"2026-03-22T22:11:44","modified_gmt":"2026-03-22T21:11:44","slug":"czajnik-elektryczny-wk-2502-compact-glass-12-l-1630-w-czarny","status":"publish","type":"product","link":"https:\/\/gltestm.webology.pl\/pl\/produkt\/czajnik-elektryczny-wk-2502-compact-glass-12-l-1630-w-czarny\/","title":{"rendered":"Czajnik elektryczny WK-2502 Compact Glass 1,2 l 1630 W czarny"},"content":{"rendered":"<p>Szukasz czajnika, kt\u00f3ry nie tylko \u015bwietnie wygl\u0105da, ale r\u00f3wnie\u017c doskonale spe\u0142nia swoje funkcje? Czajnik elektryczny <strong>\u0141ucznik WK-2502 Compact Glass<\/strong> to nie tylko po\u0142\u0105czenie <strong>elegancji<\/strong> z <strong>funkcjonalno\u015bci\u0105<\/strong>, ale tak\u017ce wyraz wyj\u0105tkowej dba\u0142o\u015bci o Tw\u00f3j <strong>komfort<\/strong> i <strong>bezpiecze\u0144stwo<\/strong> podczas codziennego przygotowywania herbaty czy kawy. Jego <strong>elegancki design<\/strong> nie tylko dodaje uroku Twojej kuchni, ale tak\u017ce sprawia, \u017ce przygotowywanie ulubionych napoj\u00f3w staje si\u0119 prawdziw\u0105 przyjemno\u015bci\u0105.<\/p>\n<h2>Najwa\u017cniejsze cechy czajnika WK-2502 Compact Glass<\/h2>\n<ul>\n<li>Kolor: <strong>czarny<\/strong><\/li>\n<li>Moc: <strong>1630 W<\/strong><\/li>\n<li>Pojemno\u015b\u0107: <strong>1,2 l<\/strong><\/li>\n<li>D\u0142ugo\u015b\u0107 przewodu: <strong>70 cm<\/strong><\/li>\n<li>Schowek na przew\u00f3d<\/li>\n<li><strong>\u017baroodporny szklany korpus<\/strong> \u2013 <strong>szk\u0142o boro-krzemianowego<\/strong>. Trwa\u0142e i odporne na plamy<\/li>\n<li><strong>Ukryty<\/strong>, <strong>p\u0142aski<\/strong> element grzejny ze <strong>stali nierdzewnej<\/strong><\/li>\n<li><strong>Wska\u017anik poziomu wody<\/strong><\/li>\n<li><strong>Wyjmowany<\/strong> filtr antywapienny<\/li>\n<li><strong>Podw\u00f3jny system bezpiecze\u0144stwa<\/strong><\/li>\n<li><strong>Automatyczne wy\u0142\u0105czanie po zagotowaniu<\/strong><\/li>\n<li><strong>Ochrona<\/strong> przed gotowaniem &#8222;na sucho&#8221;<\/li>\n<li>Automatyczne otwieranie pokrywy<\/li>\n<li>Obrotowa baza 360\u00b0<\/li>\n<li><strong>Niebieskie pod\u015bwietlenie LED<\/strong><\/li>\n<\/ul>\n<h2>Elegancja spotyka funkcjonalno\u015b\u0107<\/h2>\n<p>Wyobra\u017a sobie elegancki <strong>czajnik elektryczny<\/strong>, kt\u00f3ry <strong>doskonale komponuje si\u0119 z ka\u017cdym stylem kuchni<\/strong>, dodaj\u0105c jej uroku i klasy. Nasz Czajnik WK-2502 Compact Glass to nie tylko narz\u0119dzie do przygotowywania ulubionych napoj\u00f3w, ale r\u00f3wnie\u017c wyj\u0105tkowy element dekoracyjny Twojej kuchni.<\/p>\n<h2>Solidno\u015b\u0107, kt\u00f3ra trwa<\/h2>\n<p>Zbudowany z <strong>\u017caroodpornego szklanego korpusu<\/strong>, nasz czajnik nie tylko prezentuje si\u0119 wyj\u0105tkowo, ale r\u00f3wnie\u017c jest niezwykle <strong>trwa\u0142y<\/strong> i <strong>odporny na wszelkie plamy<\/strong>. Odkryj czajnik, kt\u00f3ry nie tylko s\u0142u\u017cy przez lata, ale tak\u017ce zachowuje sw\u00f3j elegancki wygl\u0105d bez wzgl\u0119du na warunki u\u017cytkowania.<\/p>\n<h2>Bezpiecze\u0144stwo na pierwszym miejscu<\/h2>\n<p>Dzi\u0119ki <strong>podw\u00f3jnemu systemowi bezpiecze\u0144stwa<\/strong>, korzystanie z naszego czajnika WK-2502 Compact Glass staje si\u0119 bezpieczne i komfortowe. <strong>Automatyczne wy\u0142\u0105czanie po zagotowaniu wody<\/strong> oraz <strong>ochrona przed gotowaniem na sucho<\/strong> sprawiaj\u0105, \u017ce mo\u017cesz cieszy\u0107 si\u0119 ulubionym napojem bez obaw o bezpiecze\u0144stwo domownik\u00f3w czy samego siebie.<\/p>\n<h2>Pojemno\u015b\u0107 1,2 litra<\/h2>\n<p>Z pojemno\u015bci\u0105 <strong>1,2 litra<\/strong>, nasz czajnik jest idealnym towarzyszem podczas codziennego parzenia herbaty czy kawy. Dzi\u0119ki tej pojemno\u015bci mo\u017cesz przygotowa\u0107 aromatyczny napar <strong>dla ca\u0142ej rodziny<\/strong> lub zaprosi\u0107 <strong>przyjaci\u00f3\u0142 na kaw\u0119<\/strong>, wiedz\u0105c, \u017ce czajnik zaspokoi ich pragnienie.<\/p>\n<p>Aby da\u0107 Ci lepsze wyobra\u017cenie, <strong>1,2 litra wody wystarczy na oko\u0142o 4-5 fili\u017canek herbaty<\/strong> lub <strong>kawy<\/strong>, a nawet wi\u0119cej, je\u015bli lubisz delikatniejszy smak i rozcie\u0144czasz nap\u00f3j wod\u0105. Dzi\u0119ki temu nigdy nie zabraknie Ci gor\u0105cego napoju, gdy b\u0119dziesz chcia\u0142 pocz\u0119stowa\u0107 siebie i swoich bliskich.<\/p>\n<h2>Czysta i klarowna woda<\/h2>\n<p><strong>Wyjmowany filtr antywapienny<\/strong> w formie <strong>sitka<\/strong> zapewnia <strong>czysto\u015b\u0107<\/strong> i <strong>klarowno\u015b\u0107<\/strong> wody, a jego \u0142atwe czyszczenie sprawia, \u017ce utrzymanie <strong>czajnika \u0141ucznik<\/strong> w nienagannej kondycji jest proste i szybkie.<\/p>\n<h2>Eleganckie niebieskie pod\u015bwietlenie LED<\/h2>\n<p><strong>Niebieskie pod\u015bwietlenie LED<\/strong> dodaje czajnikowi <strong>elegancji<\/strong> i sprawia, \u017ce korzystanie z niego staje si\u0119 jeszcze przyjemniejsze.<\/p>\n<h2>Ukryty, p\u0142aski element grzejny<\/h2>\n<p>Dzi\u0119ki <strong>ukrytemu<\/strong>, <strong>p\u0142askiemu<\/strong> elemencie grzejnemu ze <strong>stali nierdzewnej<\/strong> czajnik jest \u0142atwy w <strong>czyszczeniu<\/strong> i <strong>utrzymaniu w czysto\u015bci<\/strong>.<\/p>\n<h2>Wygodna baza obrotowa 360\u00b0<\/h2>\n<p>Baza obrotowa 360\u00b0 sprawia, \u017ce <strong>obs\u0142uga<\/strong> czajnika jest wyj\u0105tkowo <strong>\u0142atwa<\/strong> i <strong>wygodna<\/strong>.<\/p>\n<h2>Praktyczny schowek na przew\u00f3d<\/h2>\n<p>Schowek na przew\u00f3d pozwala zachowa\u0107 porz\u0105dek na blacie kuchennym i sprawia, \u017ce przechowywanie czajnika jest wygodne i estetyczne.<\/p>\n<h2>Naturalne odkamienianie dla d\u0142u\u017cszej \u017cywotno\u015bci<\/h2>\n<p>Wystarczy regularnie czy\u015bci\u0107 sitko przy u\u017cyciu naturalnych \u015brodk\u00f3w, takich jak <strong>ocet<\/strong> lub <strong>cytryna<\/strong>, aby usun\u0105\u0107 nagromadzony kamie\u0144 i zachowa\u0107 czajnik w nienagannej kondycji przez d\u0142ugie lata. Dzi\u0119ki temu Tw\u00f3j czajnik zawsze b\u0119dzie gotowy do przygotowania ulubionego napoju, zachowuj\u0105c swoj\u0105 <strong>wydajno\u015b\u0107<\/strong> i <strong>elegancj\u0119<\/strong>, co sprawia, \u017ce ka\u017cdy poranek zacznie si\u0119 od aromatycznej herbaty lub kawy, bez \u017cadnych utrudnie\u0144.<\/p>\n<p>Zam\u00f3w teraz nasz Czajnik elektryczny \u0141ucznik WK-2502 Compact Glass i ciesz si\u0119 elegancj\u0105 i funkcjonalno\u015bci\u0105 podczas codziennych rytua\u0142\u00f3w parzenia herbaty czy kawy!<\/p>\n","protected":false},"excerpt":{"rendered":"<p>Kompaktowy turystyczny czarny czajnik o mocy 1630 W. Pojemno\u015b\u0107 1,2 l. Korpus ze szk\u0142a boro-krzemianowego. Wyjmowany filtr antywapienny. P\u0142aska grza\u0142ka INOX. Automatyczne wy\u0142\u0105czanie. Podw\u00f3jny system bezpiecze\u0144stwa.<\/p>\n","protected":false},"featured_media":15025,"comment_status":"open","ping_status":"closed","template":"","meta":[],"product_brand":[],"product_cat":[568],"product_tag":[],"class_list":{"0":"post-12365","1":"product","2":"type-product","3":"status-publish","4":"has-post-thumbnail","6":"product_cat-czajniki","8":"first","9":"instock","10":"taxable","11":"shipping-taxable","12":"purchasable","13":"product-type-variable"},"_links":{"self":[{"href":"https:\/\/gltestm.webology.pl\/pl\/wp-json\/wp\/v2\/product\/12365","targetHints":{"allow":["GET"]}}],"collection":[{"href":"https:\/\/gltestm.webology.pl\/pl\/wp-json\/wp\/v2\/product"}],"about":[{"href":"https:\/\/gltestm.webology.pl\/pl\/wp-json\/wp\/v2\/types\/product"}],"replies":[{"embeddable":true,"href":"https:\/\/gltestm.webology.pl\/pl\/wp-json\/wp\/v2\/comments?post=12365"}],"version-history":[{"count":0,"href":"https:\/\/gltestm.webology.pl\/pl\/wp-json\/wp\/v2\/product\/12365\/revisions"}],"wp:featuredmedia":[{"embeddable":true,"href":"https:\/\/gltestm.webology.pl\/pl\/wp-json\/wp\/v2\/media\/15025"}],"wp:attachment":[{"href":"https:\/\/gltestm.webology.pl\/pl\/wp-json\/wp\/v2\/media?parent=12365"}],"wp:term":[{"taxonomy":"product_brand","embeddable":true,"href":"https:\/\/gltestm.webology.pl\/pl\/wp-json\/wp\/v2\/product_brand?post=12365"},{"taxonomy":"product_cat","embeddable":true,"href":"https:\/\/gltestm.webology.pl\/pl\/wp-json\/wp\/v2\/product_cat?post=12365"},{"taxonomy":"product_tag","embeddable":true,"href":"https:\/\/gltestm.webology.pl\/pl\/wp-json\/wp\/v2\/product_tag?post=12365"}],"curies":[{"name":"wp","href":"https:\/\/api.w.org\/{rel}","templated":true}]}}