{"id":12364,"date":"2026-03-18T22:39:15","date_gmt":"2026-03-18T21:39:15","guid":{"rendered":"https:\/\/gltestm.webology.pl\/produkt\/czajnik-elektryczny-wk-2501-standard-czarny-17-l\/"},"modified":"2026-03-22T22:11:44","modified_gmt":"2026-03-22T21:11:44","slug":"czajnik-elektryczny-wk-2501-standard-czarny-17-l","status":"publish","type":"product","link":"https:\/\/gltestm.webology.pl\/pl\/produkt\/czajnik-elektryczny-wk-2501-standard-czarny-17-l\/","title":{"rendered":"Czajnik elektryczny WK-2501 Standard Czarny 1,7 l"},"content":{"rendered":"<h2>Wyj\u0105tkowy design w Twojej kuchni<\/h2>\n<p>Szukasz czego\u015b, co nie tylko u\u0142atwi Ci codzienne przygotowywanie gor\u0105cych napoj\u00f3w, ale tak\u017ce <strong>doda uroku Twojej kuchni<\/strong>? Czajnik elektryczny <strong>\u0141ucznik WK 2501 STANDARD<\/strong> to po\u0142\u0105czenie <strong>elegancji<\/strong> i <strong>funkcjonalno\u015bci<\/strong>. Jego kolor sprawi, \u017ce stanie si\u0119 on nie tylko urz\u0105dzeniem kuchennym, ale r\u00f3wnie\u017c ozdob\u0105 wn\u0119trza.<\/p>\n<h2>Najwa\u017cniejsze cechy czajnika WK 2501 Standard<\/h2>\n<ul>\n<li>Kolor: Czarny<\/li>\n<li>Moc: <strong>1800 W<\/strong><\/li>\n<li>Pojemno\u015b\u0107: <strong>1,7 l<\/strong><\/li>\n<li>D\u0142ugo\u015b\u0107 przewodu:<strong> 70 cm<\/strong><\/li>\n<li><strong><strong>Schowek<\/strong> na przew\u00f3d<\/strong><\/li>\n<li>Bezpieczna obudowa &#8222;<strong>Cool touch<\/strong>&#8222;<\/li>\n<li><strong>Podw\u00f3jne<\/strong> \u015bcianki<\/li>\n<li>Wewn\u0119trzne \u015bcianki ze<strong> stali typu 304<\/strong><\/li>\n<li><strong>Wyjmowany<\/strong> filtr <strong>antywapienny<\/strong><\/li>\n<li><strong>Wska\u017anik<\/strong> poziomu wody<\/li>\n<li><strong>Podw\u00f3jny<\/strong> system <strong>bezpiecze\u0144stwa<\/strong><\/li>\n<li><strong>Automatyczne<\/strong> wy\u0142\u0105czanie <strong>po zagotowaniu<\/strong><\/li>\n<li><strong>Ochrona<\/strong> przed gotowaniem &#8222;na sucho&#8221;<\/li>\n<li><strong>Automatyczne otwieranie<\/strong> pokrywy<\/li>\n<li><strong>Obrotowa<\/strong> baza 360\u00b0<\/li>\n<li><strong>Pod\u015bwietlany<\/strong> w\u0142\u0105cznik <\/li>\n<li>W zestawie <strong>dodatkowy<\/strong>, wyjmowany <strong>filtr antywapienny<\/strong> z drobnymi oczkami. <\/li>\n<\/ul>\n<h2>Moc 1800 W: szybkie i efektywne gotowanie<\/h2>\n<p>Czajnik \u0141ucznik WK 2501 STANDARD charakteryzuje si\u0119 <strong>moc\u0105 1800 W<\/strong>, co gwarantuje <strong>szybkie<\/strong> i <strong>efektywne<\/strong> zagotowanie wody. Dzi\u0119ki tej wysokiej mocy mo\u017cesz cieszy\u0107 si\u0119 ulubionymi napojami w <strong>zaledwie kilka chwil<\/strong>, bez d\u0142ugiego oczekiwania.<\/p>\n<p>Niezale\u017cnie od tego, czy potrzebujesz szybkiego uzupe\u0142nienia swojego kubka kawy przed wyj\u015bciem do pracy, czy te\u017c szybkiego przygotowania gor\u0105cej herbaty dla go\u015bci, <strong>moc 1800 W czajnika \u0141UCZNIK WK 2501<\/strong> sprawia, \u017ce gotowanie staje si\u0119 szybkie, \u0142atwe i wygodne.<\/p>\n<h2>Optymalna pojemno\u015b\u0107: 1,7 litra<\/h2>\n<p>Dzi\u0119ki <strong>pojemno\u015bci 1,7 litra<\/strong>, czajnik WK-2501 doskonale sprawdzi si\u0119 nie tylko podczas <strong>przyj\u0119\u0107 <\/strong>czy <strong>rodzinnych spotka\u0144<\/strong>, ale tak\u017ce w <strong>codziennym u\u017cytkowaniu<\/strong>.<\/p>\n<p><strong>Pojemno\u015b\u0107 1,7 litra<\/strong> odpowiada oko\u0142o <strong>6 standardowym kubkom<\/strong> lub <strong>szklankom<\/strong>. Dzi\u0119ki temu bez problemu obs\u0142u\u017cysz <strong>wi\u0119ksz\u0105 liczb\u0119 go\u015bci<\/strong> lub zaspokoisz pragnienie ca\u0142ej rodziny bez konieczno\u015bci cz\u0119stego uzupe\u0142niania wody.<\/p>\n<h2>Niezawodne i bezpiecze\u0144stwo<\/h2>\n<p>Czajnik \u0141ucznik WK-2501 STANDARD to gwarancja <strong>wysokiej jako\u015bci<\/strong> i <strong>bezpiecze\u0144stwa<\/strong>. Dzi\u0119ki <strong>podw\u00f3jnemu systemowi bezpiecze\u0144stwa<\/strong>, <strong>automatycznemu<\/strong> otwieraniu pokrywy i <strong>wska\u017anikowi poziomu wody<\/strong>, mo\u017cesz cieszy\u0107 si\u0119 spokojem podczas korzystania z tego urz\u0105dzenia. Bezpieczny, praktyczny i stylowy \u2013 to wszystko, czego potrzebujesz w jednym produkcie.<\/p>\n<h2>Obudowa &#8222;Cool Touch&#8221;<\/h2>\n<p>Dzi\u0119ki <strong>innowacyjnej obudowie &#8222;cool touch&#8221;<\/strong>, z podw\u00f3jnymi \u015bciankami, czajnik WK-2501 gwarantuje nie tylko bezpiecze\u0144stwo, ale tak\u017ce wyj\u0105tkowy komfort u\u017cytkowania.<\/p>\n<p>\u015acianki wewn\u0119trzne czajnika wykonane s\u0105 z najwy\u017cszej jako\u015bci stali typu 304, co zapewnia trwa\u0142o\u015b\u0107 i odporno\u015b\u0107 na korozj\u0119, oraz z wysokiej jako\u015bci tworzywa sztucznego na zewn\u0105trz, co zapewnia izolacj\u0119 termiczn\u0105 i ochron\u0119 przed poparzeniem.<\/p>\n<p>Obudowa &#8222;cool touch&#8221; pomaga w <strong>utrzymywaniu temperatury wody<\/strong>. Teraz przygotowanie gor\u0105cych napoj\u00f3w jest nie tylko \u0142atwe, ale tak\u017ce bezpieczne i przyjemne.<\/p>\n<h2>Wyjmowany filtr antywapienny<\/h2>\n<p>Czajnik WK-2501 Standard wyposa\u017cony jest w <strong>wyjmowany filtr antywapienny<\/strong>, kt\u00f3ry odgrywa kluczow\u0105 rol\u0119 w zapewnieniu <strong>klarownej wody<\/strong> i \u0142atwego utrzymania <strong>czysto\u015bci<\/strong>. Dzi\u0119ki <strong>mo\u017cliwo\u015bci wyj\u0119cia filtra<\/strong> mo\u017cesz <strong>szybko<\/strong> i <strong>\u0142atwo<\/strong> oczy\u015bci\u0107 go ze zbieranego <strong>osadu wapiennego<\/strong> i innych zanieczyszcze\u0144. Wystarczy <strong>przep\u0142uka\u0107 filtr pod bie\u017c\u0105c\u0105 wod\u0105<\/strong> lub namoczy\u0107 go w roztworze <strong>octu,<\/strong> lub <strong>soku z cytryny<\/strong>, a nast\u0119pnie dok\u0142adnie <strong>wyp\u0142uka\u0107<\/strong>.<\/p>\n<h2>Ukryty, p\u0142aski element grzejny ze stali nierdzewnej<\/h2>\n<p>Czajnik zosta\u0142 wyposa\u017cony w <strong>ukryty element grzejny wykonany ze stali nierdzewnej<\/strong>. Dzi\u0119ki temu rozwi\u0105zaniu nie tylko zapewnia <strong>trwa\u0142o\u015b\u0107<\/strong> i <strong>wydajno\u015b\u0107<\/strong>, ale tak\u017ce <strong>u\u0142atwia utrzymanie czysto\u015bci urz\u0105dzenia<\/strong>.<\/p>\n<p>P\u0142aska powierzchnia elementu grzejnego <strong>zmniejsza ryzyko nagromadzenia si\u0119 osadu wapiennego<\/strong>, co przek\u0142ada si\u0119 na <strong>\u0142atwiejsze<\/strong> i bardziej <strong>efektywne<\/strong> czyszczenie. Dodatkowo, jego <strong>ukryta konstrukcja zapewnia estetyczny wygl\u0105d czajnika<\/strong> i u\u0142atwia utrzymanie czysto\u015bci wewn\u0105trz.<\/p>\n<h2>Ekologiczne czyszczenie czajnika i filtra<\/h2>\n<p>Dbaj\u0105c o \u015brodowisko, warto wybiera\u0107 <strong>ekologiczne metody czyszczenia czajnika<\/strong> i <strong>filtra<\/strong>. Jednym z najbardziej skutecznych sposob\u00f3w jest korzystanie z <strong>roztworu octu<\/strong> lub <strong>soku z cytryny<\/strong>, kt\u00f3re s\u0105 <strong>naturalnymi \u015brodkami odkamieniaj\u0105cymi<\/strong>.<\/p>\n<p>Wystarczy nape\u0142ni\u0107 czajnik <strong>mieszanin\u0105 wody<\/strong> i <strong>octu<\/strong> lub <strong>soku z cytryny<\/strong>, nast\u0119pnie <strong>zagotowa\u0107 j\u0105<\/strong>, a potem pozostawi\u0107 na <strong>kilka godzin<\/strong> lub <strong>ca\u0142\u0105 noc<\/strong>. Pami\u0119taj, \u017ceby dok\u0142adnie <strong>wyp\u0142uka\u0107 czajnik<\/strong> i <strong>filtr<\/strong>. <strong>Regularne czyszczenie<\/strong> w ten spos\u00f3b, raz na kilka miesi\u0119cy, pozwoli utrzyma\u0107 <strong>czysto\u015b\u0107<\/strong> i <strong>sprawno\u015b\u0107<\/strong> <strong>urz\u0105dzenia<\/strong>, jednocze\u015bnie ograniczaj\u0105c negatywny wp\u0142yw na \u015brodowisko.<\/p>\n<h2>Obrotowa baza 360\u00b0: wygoda i \u0142atwo\u015b\u0107 obs\u0142ugi<\/h2>\n<p>Czajnik \u0141ucznik WK-2501 Standard wyposa\u017cono w <strong>obrotow\u0105 baz\u0119 360\u00b0<\/strong>, kt\u00f3ra sprawia, \u017ce obs\u0142uga urz\u0105dzenia jest niezwykle <strong>wygodna<\/strong> i <strong>intuicyjna<\/strong>. Dzi\u0119ki niej mo\u017cesz umie\u015bci\u0107 czajnik na bazie w <strong>dowolnej orientacji<\/strong>, co u\u0142atwia jego pod\u0142\u0105czenie do zasilania oraz <strong>wygodne nalewanie wody<\/strong> bez konieczno\u015bci obracania ca\u0142ego urz\u0105dzenia.<\/p>\n<p>To niezwykle <strong>praktyczne rozwi\u0105zanie<\/strong>, kt\u00f3re sprawia, \u017ce korzystanie z czajnika staje si\u0119 jeszcze bardziej komfortowe i przyjemne, pozwalaj\u0105c Ci skupi\u0107 si\u0119 na tym, co naprawd\u0119 wa\u017cne \u2013 delektowaniu si\u0119 ulubionym napojem.<\/p>\n<h2>Schowek na przew\u00f3d: porz\u0105dek i estetyka<\/h2>\n<p>W bazie czajnika znajdziesz <strong>funkcjonalny schowek na przew\u00f3d o d\u0142ugo\u015bci 70 cm<\/strong>, kt\u00f3ry zapewnia nie tylko <strong>porz\u0105dek<\/strong> na Twojej kuchennej przestrzeni, ale tak\u017ce <strong>estetyczny wygl\u0105d urz\u0105dzenia<\/strong>. Dzi\u0119ki temu rozwi\u0105zaniu mo\u017cesz <strong>\u0142atwo przechowywa\u0107 nadmiarowy przew\u00f3d zasilaj\u0105cy<\/strong>, eliminuj\u0105c niepotrzebny <strong>ba\u0142agan na blacie kuchennym<\/strong>.<\/p>\n<p>Dodatkowo schowek na przew\u00f3d sprawia, \u017ce <strong>czajnik prezentuje si\u0119 schludnie<\/strong> i <strong>elegancko<\/strong>, co idealnie komponuje si\u0119 z <strong>ka\u017cdym stylem kuchni<\/strong>. To <strong>praktyczne<\/strong> i estetyczne <strong>rozwi\u0105zanie<\/strong>, kt\u00f3re podnosi komfort u\u017cytkowania i sprawia, \u017ce korzystanie z czajnika staje si\u0119 jeszcze przyjemniejsze.<\/p>\n<p>Czy pragniesz czego\u015b wi\u0119cej ni\u017c tylko zwyk\u0142ego czajnika? Wybierz \u0141UCZNIK WK-2501 STANDARD w kolorze czarnym i dodaj czysto\u015bci i stylu do swojej kuchni ju\u017c dzi\u015b!<\/p>\n","protected":false},"excerpt":{"rendered":"<p>Elegancji czajnik o mocy 1800 W. Pojemno\u015b\u0107 1,7 l. Bezpieczna obudowa cool touch. Podw\u00f3jne \u015bcianki. Wyjmowany filtr antywapienny (drugi w zestawie). P\u0142aska grza\u0142ka INOX. Automatyczne wy\u0142\u0105czanie. Podw\u00f3jny system bezpiecze\u0144stwa.<\/p>\n","protected":false},"featured_media":12928,"comment_status":"open","ping_status":"closed","template":"","meta":[],"product_brand":[],"product_cat":[568],"product_tag":[],"class_list":{"0":"post-12364","1":"product","2":"type-product","3":"status-publish","4":"has-post-thumbnail","6":"product_cat-czajniki","8":"first","9":"instock","10":"taxable","11":"shipping-taxable","12":"purchasable","13":"product-type-variable"},"_links":{"self":[{"href":"https:\/\/gltestm.webology.pl\/pl\/wp-json\/wp\/v2\/product\/12364","targetHints":{"allow":["GET"]}}],"collection":[{"href":"https:\/\/gltestm.webology.pl\/pl\/wp-json\/wp\/v2\/product"}],"about":[{"href":"https:\/\/gltestm.webology.pl\/pl\/wp-json\/wp\/v2\/types\/product"}],"replies":[{"embeddable":true,"href":"https:\/\/gltestm.webology.pl\/pl\/wp-json\/wp\/v2\/comments?post=12364"}],"version-history":[{"count":0,"href":"https:\/\/gltestm.webology.pl\/pl\/wp-json\/wp\/v2\/product\/12364\/revisions"}],"wp:featuredmedia":[{"embeddable":true,"href":"https:\/\/gltestm.webology.pl\/pl\/wp-json\/wp\/v2\/media\/12928"}],"wp:attachment":[{"href":"https:\/\/gltestm.webology.pl\/pl\/wp-json\/wp\/v2\/media?parent=12364"}],"wp:term":[{"taxonomy":"product_brand","embeddable":true,"href":"https:\/\/gltestm.webology.pl\/pl\/wp-json\/wp\/v2\/product_brand?post=12364"},{"taxonomy":"product_cat","embeddable":true,"href":"https:\/\/gltestm.webology.pl\/pl\/wp-json\/wp\/v2\/product_cat?post=12364"},{"taxonomy":"product_tag","embeddable":true,"href":"https:\/\/gltestm.webology.pl\/pl\/wp-json\/wp\/v2\/product_tag?post=12364"}],"curies":[{"name":"wp","href":"https:\/\/api.w.org\/{rel}","templated":true}]}}