{"id":12360,"date":"2026-03-18T22:39:13","date_gmt":"2026-03-18T21:39:13","guid":{"rendered":"https:\/\/gltestm.webology.pl\/produkt\/koncowki-sg-011-do-szczoteczki-sonicznej-czarne\/"},"modified":"2026-03-22T22:11:43","modified_gmt":"2026-03-22T21:11:43","slug":"koncowki-sg-011-do-szczoteczki-sonicznej-czarne","status":"publish","type":"product","link":"https:\/\/gltestm.webology.pl\/pl\/produkt\/koncowki-sg-011-do-szczoteczki-sonicznej-czarne\/","title":{"rendered":"Ko\u0144c\u00f3wki SG-011 do szczoteczki sonicznej &#8211; czarne"},"content":{"rendered":"<h2><strong>Czarne ko\u0144c\u00f3wki <span>SG-011 <\/span>do szczoteczki sonicznej SG- 516.<\/strong><\/h2>\n<p>Zestaw dw\u00f3ch ko\u0144c\u00f3wek <span>SG-011 <\/span>do turystycznej sonicznej szczoteczki do z\u0119b\u00f3w <strong>\u0141ucznik SG-516<\/strong> w kolorze czarnym. Pasuj\u0105 r\u00f3wnie\u017c do szczoteczek <strong>\u0141ucznik SG-515<\/strong> i <strong>SG-508<\/strong>.<\/p>\n<p>Ko\u0144c\u00f3wka cechuje si\u0119 mi\u0119kkim w\u0142osiem, specjalnie wyprofilowanym do szczoteczki sonicznej, umo\u017cliwiaj\u0105cym dok\u0142adne czyszczenie Twoich z\u0119b\u00f3w i dzi\u0105se\u0142. Do wykonania w\u0142osia ko\u0144c\u00f3wek szczoteczki u\u017cyto<strong> wybielaj\u0105cych w\u0142\u00f3kien DUPONT<\/strong>, aby umo\u017cliwi\u0107 uzyskanie jeszcze bielszego i zdrowszego u\u015bmiechu.<\/p>\n<p>Ko\u0144c\u00f3wki szczoteczki sonicznej nale\u017cy wymienia\u0107 regularnie, <strong>co oko\u0142o 3 miesi\u0105ce<\/strong>.<\/p>\n<p>Zestaw zawiera <strong>2 szt. ko\u0144c\u00f3wek SG-011<\/strong>.<\/p>\n<h2><strong>Dlaczego szczoteczka soniczna do z\u0119b\u00f3w to najlepsze urz\u0105dzenie do codziennej piel\u0119gnacji z\u0119b\u00f3w?<\/strong><\/h2>\n<p>Niewiele rzeczy w wygl\u0105dzie cz\u0142owieka przykuwa wzrok bardziej, ni\u017c szeroki i \u015bnie\u017cnobia\u0142y u\u015bmiech. Jednak pi\u0119kny u\u015bmiech to przede wszystkim zdrowy u\u015bmiech. Zdrowie z\u0119b\u00f3w za\u015b wymaga sporo uwagi i dba\u0142o\u015bci. <\/p>\n<p>Aby nigdy nie us\u0142ysze\u0107 od dentysty ma\u0142o przyjemnych s\u0142\u00f3w, takich jak &#8222;paradontoza&#8221;, &#8222;borowanie&#8221; czy &#8222;ubytki&#8221;, niezb\u0119dna jest (opr\u00f3cz regularnych przegl\u0105d\u00f3w) stosowna i codzienna dba\u0142o\u015b\u0107 o higien\u0119 jamy ustnej &#8211; z\u0119by nale\u017cy dok\u0142adnie szczotkowa\u0107 i nitkowa\u0107. Polecane jest te\u017c oczyszczanie j\u0119zyka i p\u0142ukanie jamy ustnej. Ka\u017cdy z nas niby to wie, a jednak na dzie\u0144 dzisiejszy problemy z pr\u00f3chnic\u0105 pojawiaj\u0105 si\u0119 u 9 na 10 Polak\u00f3w. To za\u015b oznacza, \u017ce co\u015b robimy \u017ale. <\/p>\n<p>Pomoc\u0105 w zaradzeniu temu problemowi mo\u017ce by\u0107 <strong>szczoteczka elektryczna<\/strong> lub <strong>szczoteczka soniczna<\/strong>. <strong>Szczoteczki elektryczne<\/strong> obecne s\u0105 na rynku od dawna i przez to powszechnie znane, jednak <strong>szczoteczka soniczna<\/strong> to pewne novum, do kt\u00f3rego nie do ko\u0144ca wiemy, jak podej\u015b\u0107. A wi\u0119c jak dzia\u0142a<strong> szczoteczka soniczna<\/strong>? Ot\u00f3\u017c dzia\u0142anie jej opiera si\u0119 na po\u0142\u0105czeniu dw\u00f3ch element\u00f3w &#8211; wykonywaniu ruch\u00f3w wymiataj\u0105cych i emitowaniu fal d\u017awi\u0119kowych o wysokiej cz\u0119stotliwo\u015bci.<\/p>\n<p>W\u0142osie urz\u0105dzenia porusza si\u0119 z pr\u0119dko\u015bci\u0105 powy\u017cej 38 000 ruch\u00f3w na minut\u0119. To naprawd\u0119 du\u017co &#8211; w bardziej popularnych szczoteczkach elektrycznych jest to zazwyczaj oko\u0142o 8 000 ruch\u00f3w na minut\u0119. W po\u0142\u0105czeniu z emitowanymi falami d\u017awi\u0119kowymi powoduje to powstanie tzw. aktywnej chmury, o kt\u00f3rej my\u015ble\u0107 mo\u017cna jak o swego rodzaju &#8222;oczyszczaj\u0105cym polu si\u0142owym&#8221;. Jest to obszar rozci\u0105gaj\u0105cy si\u0119 na 3-5 mm od ko\u0144c\u00f3wki w\u0142\u00f3kien i pozwalaj\u0105cy na \u0142atwe i sprawne oczyszczenie trudno dost\u0119pnych miejsc w jamie ustnej. <\/p>\n<p>Co w tym takiego wspania\u0142ego? Ot\u00f3\u017c <strong>szczoteczka soniczna<\/strong> doskonale oczyszcza nie tylko naturalnie trudno dost\u0119pne miejsca w jamie ustnej, takie jak przestrzenie mi\u0119dzy z\u0119bowe, ale r\u00f3wnie\u017c okolice aparat\u00f3w ortodontycznych. \u015awietnie spisuje si\u0119 tak do oczyszczania z\u0119b\u00f3w z resztek pokarmowych, jak i (przy regularnym stosowaniu) z zanieczyszcze\u0144 sta\u0142ych, takich jak kamie\u0144 naz\u0119bny, p\u0142ytka czy osad od kawy i herbaty. <\/p>\n<p>Co r\u00f3wnie istotne, dzi\u0119ki delikatnemu w\u0142osiu i ruchom wymiataj\u0105cym, szczotkowanie uz\u0119bienia <strong>urz\u0105dzeniem sonicznym<\/strong> nie prowadzi do recesji dzi\u0105se\u0142, co jest szczeg\u00f3lnie je\u015bli chcemy zachowa\u0144 pi\u0119kny i naturalny u\u015bmiech na wiele lat, a co wi\u0119cej <strong>szczoteczki soniczne<\/strong> <strong>do z\u0119b\u00f3w<\/strong> mog\u0105 by\u0107 z powodzeniem stosowane przez osoby cierpi\u0105ce na paradontoz\u0119.<strong><br \/><\/strong><\/p>\n","protected":false},"excerpt":{"rendered":"<p>Wymienne ko\u0144c\u00f3wki do szczoteczki sonicznej. Ko\u0144c\u00f3wki mog\u0105 by\u0107 u\u017cywane w szczoteczkach SG-516, SG-515 i SG-508.<\/p>\n","protected":false},"featured_media":14104,"comment_status":"open","ping_status":"closed","template":"","meta":[],"product_brand":[],"product_cat":[673],"product_tag":[],"class_list":{"0":"post-12360","1":"product","2":"type-product","3":"status-publish","4":"has-post-thumbnail","6":"product_cat-soniczne-szczoteczki-do-zebow","8":"first","9":"instock","10":"taxable","11":"shipping-taxable","12":"purchasable","13":"product-type-variable"},"_links":{"self":[{"href":"https:\/\/gltestm.webology.pl\/pl\/wp-json\/wp\/v2\/product\/12360","targetHints":{"allow":["GET"]}}],"collection":[{"href":"https:\/\/gltestm.webology.pl\/pl\/wp-json\/wp\/v2\/product"}],"about":[{"href":"https:\/\/gltestm.webology.pl\/pl\/wp-json\/wp\/v2\/types\/product"}],"replies":[{"embeddable":true,"href":"https:\/\/gltestm.webology.pl\/pl\/wp-json\/wp\/v2\/comments?post=12360"}],"version-history":[{"count":0,"href":"https:\/\/gltestm.webology.pl\/pl\/wp-json\/wp\/v2\/product\/12360\/revisions"}],"wp:featuredmedia":[{"embeddable":true,"href":"https:\/\/gltestm.webology.pl\/pl\/wp-json\/wp\/v2\/media\/14104"}],"wp:attachment":[{"href":"https:\/\/gltestm.webology.pl\/pl\/wp-json\/wp\/v2\/media?parent=12360"}],"wp:term":[{"taxonomy":"product_brand","embeddable":true,"href":"https:\/\/gltestm.webology.pl\/pl\/wp-json\/wp\/v2\/product_brand?post=12360"},{"taxonomy":"product_cat","embeddable":true,"href":"https:\/\/gltestm.webology.pl\/pl\/wp-json\/wp\/v2\/product_cat?post=12360"},{"taxonomy":"product_tag","embeddable":true,"href":"https:\/\/gltestm.webology.pl\/pl\/wp-json\/wp\/v2\/product_tag?post=12360"}],"curies":[{"name":"wp","href":"https:\/\/api.w.org\/{rel}","templated":true}]}}