{"id":12358,"date":"2026-03-18T22:39:13","date_gmt":"2026-03-18T21:39:13","guid":{"rendered":"https:\/\/gltestm.webology.pl\/produkt\/szpulka-nici-kolor-niebieski-500-m\/"},"modified":"2026-03-22T22:11:43","modified_gmt":"2026-03-22T21:11:43","slug":"szpulka-nici-kolor-niebieski-500-m","status":"publish","type":"product","link":"https:\/\/gltestm.webology.pl\/pl\/produkt\/szpulka-nici-kolor-niebieski-500-m\/","title":{"rendered":"Szpulka nici kolor &#8211; Niebieski 500 m"},"content":{"rendered":"<p><strong>Poliestrowe nici szwalnicze<\/strong> to podstawowy element wyposa\u017cenia ka\u017cdej pracowni krawieckiej oraz domowego przybornika. S\u0105 najbardziej uniwersalne, poniewa\u017c posiadaj\u0105 <strong>ma\u0142\u0105 kurczliwo\u015b\u0107<\/strong> oraz doskona\u0142\u0105 <strong>odporno\u015b\u0107 na ciep\u0142o<\/strong>, wytwarzane na przyk\u0142ad podczas prasowania. <strong>Kolor nici \u0141ucznik jest odporny na wybarwianie<\/strong> pod wp\u0142ywem \u015bwiat\u0142a s\u0142onecznego oraz niekt\u00f3rych czynnik\u00f3w chemicznych, na kt\u00f3re mog\u0105 by\u0107 wystawione tekstylia &#8211; na przyk\u0142ad podczas prania.<\/p>\n<p><strong>Nici \u0141ucznik zosta\u0142y stworzone specjalnie z my\u015bl\u0105 o szyciu na maszynie<\/strong> i napr\u0119\u017ceniach, kt\u00f3re generuje przechodzenie przez poszczeg\u00f3lne chwytacze oraz wykonywanie \u015bcieg\u00f3w. Posiadaj\u0105 <strong>optymalny skr\u0119t<\/strong>, kt\u00f3ry nie pozwoli na ich zerwanie podczas gor\u0105czkowych prac nad ka\u017cdym materia\u0142em, kt\u00f3ry wpadnie Ci w r\u0119ce. <\/p>\n<p><strong>Bezpiecze\u0144stwo ich wytworzenia<\/strong>, a co za tym idzie &#8211; brak jakichkolwiek truj\u0105cych lub podra\u017cniaj\u0105cych zwi\u0105zk\u00f3w chemicznych, umo\u017cliwia zastosowanie ich podczas tworzenia wyrob\u00f3w dla dzieci, takich jak ubranka, zabawki, otulacze czy kocyki. Sprawdz\u0105 si\u0119 r\u00f3wnie\u017c, kiedy zajdzie konieczno\u015b\u0107 uszycia stroju ksi\u0119\u017cniczki czy superbohatera na przedszkolny bal karnawa\u0142owy.<\/p>\n<p>Oczywi\u015bcie, mo\u017cna je r\u00f3wnie\u017c zastosowa\u0107 przy cerowaniu lub poprawkach niedoskona\u0142o\u015bci sprezentowanych przez firmy odzie\u017cowe. Ale dlaczego zatrzymywa\u0107 si\u0119 na tak przyziemnych pracach? \ud83d\ude09<\/p>\n<p>Nici \u0141ucznik s\u0105 r\u00f3wnie\u017c <strong>odpowiednie dla alergik\u00f3w<\/strong> oraz os\u00f3b z podra\u017cnianiami na tkaniny z szarej sfery.<\/p>\n","protected":false},"excerpt":{"rendered":"<p>Nici \u0141ucznik uniwersalne, przeznaczone do maszyny do szycia. Poliestrowe, optymalny skr\u0119t, odpowiednie dla alergik\u00f3w. Typ 120, d\u0142ugo\u015b\u0107 nawoju 500 m<\/p>\n","protected":false},"featured_media":13505,"comment_status":"open","ping_status":"closed","template":"","meta":[],"product_brand":[],"product_cat":[708],"product_tag":[],"class_list":{"0":"post-12358","1":"product","2":"type-product","3":"status-publish","4":"has-post-thumbnail","6":"product_cat-nici-do-maszyn","8":"first","9":"instock","10":"taxable","11":"shipping-taxable","12":"purchasable","13":"product-type-variable"},"_links":{"self":[{"href":"https:\/\/gltestm.webology.pl\/pl\/wp-json\/wp\/v2\/product\/12358","targetHints":{"allow":["GET"]}}],"collection":[{"href":"https:\/\/gltestm.webology.pl\/pl\/wp-json\/wp\/v2\/product"}],"about":[{"href":"https:\/\/gltestm.webology.pl\/pl\/wp-json\/wp\/v2\/types\/product"}],"replies":[{"embeddable":true,"href":"https:\/\/gltestm.webology.pl\/pl\/wp-json\/wp\/v2\/comments?post=12358"}],"version-history":[{"count":0,"href":"https:\/\/gltestm.webology.pl\/pl\/wp-json\/wp\/v2\/product\/12358\/revisions"}],"wp:featuredmedia":[{"embeddable":true,"href":"https:\/\/gltestm.webology.pl\/pl\/wp-json\/wp\/v2\/media\/13505"}],"wp:attachment":[{"href":"https:\/\/gltestm.webology.pl\/pl\/wp-json\/wp\/v2\/media?parent=12358"}],"wp:term":[{"taxonomy":"product_brand","embeddable":true,"href":"https:\/\/gltestm.webology.pl\/pl\/wp-json\/wp\/v2\/product_brand?post=12358"},{"taxonomy":"product_cat","embeddable":true,"href":"https:\/\/gltestm.webology.pl\/pl\/wp-json\/wp\/v2\/product_cat?post=12358"},{"taxonomy":"product_tag","embeddable":true,"href":"https:\/\/gltestm.webology.pl\/pl\/wp-json\/wp\/v2\/product_tag?post=12358"}],"curies":[{"name":"wp","href":"https:\/\/api.w.org\/{rel}","templated":true}]}}