{"id":12357,"date":"2026-03-18T22:39:12","date_gmt":"2026-03-18T21:39:12","guid":{"rendered":"https:\/\/gltestm.webology.pl\/produkt\/odkurzacz-pionowy-2w1-lucznik-op-2019-gray-115w-60-min-turboszczotka\/"},"modified":"2026-03-22T22:11:43","modified_gmt":"2026-03-22T21:11:43","slug":"odkurzacz-pionowy-2w1-lucznik-op-2019-gray-115w-60-min-turboszczotka","status":"publish","type":"product","link":"https:\/\/gltestm.webology.pl\/pl\/produkt\/odkurzacz-pionowy-2w1-lucznik-op-2019-gray-115w-60-min-turboszczotka\/","title":{"rendered":"Odkurzacz pionowy 2w1 \u0141ucznik OP-2019 GRAY 115W 60 min. turboszczotka"},"content":{"rendered":"<h2><img fetchpriority=\"high\" decoding=\"async\" src=\"\/data\/include\/cms\/.product\/5\/4\/2045\/Projekt_bez_nazwy.jpg\" alt=\"Odkurzacz pionowy bezprzewodowy \u0141ucznik OP-2019 gray\" width=\"1500\" height=\"1000\" \/><\/h2>\n<h2><span><strong>Tw\u00f3j pomocnik w sprz\u0105taniu!<\/strong><\/span><\/h2>\n<p><span>Je\u015bli szukasz <\/span><span><strong>efektywnego urz\u0105dzenia<\/strong><\/span><span>, kt\u00f3re pomo\u017ce Ci utrzyma\u0107 dom w czysto\u015bci, odkurzacz <\/span><span><strong>\u0141ucznik OP 2019<\/strong><\/span><span> to strza\u0142 w dziesi\u0105tk\u0119. Sprz\u0119t zasilany jest <\/span><span><strong>akumulatorem o napi\u0119ciu 21,6 V<\/strong><\/span><span>, co zapewnia wydajn\u0105 prac\u0119. Kurz trafia do pojemnika o pojemno\u015bci <\/span><span><strong>0,5 litra<\/strong><\/span><span>, eliminuj\u0105c potrzeb\u0119 kupowania work\u00f3w. Poziom ha\u0142asu wynosz\u0105cy <\/span><span><strong>80 dB<\/strong><\/span><span> sprawia, \u017ce urz\u0105dzenie dzia\u0142a stosunkowo cicho, nie zak\u0142\u00f3caj\u0105c spokoju domownik\u00f3w. Dzi\u0119ki <\/span><span><strong>sk\u0142adanej konstrukcji<\/strong><\/span><span> jego przechowywanie jest wyj\u0105tkowo wygodne.<\/span><\/p>\n<h2>Najwa\u017cniejsze cechy odkurzacza OP-2019<\/h2>\n<ul>\n<li>Moc <strong>odkurzacza<\/strong> &#8211; <strong>115 W<\/strong> <\/li>\n<li>Do 60<strong> minut ci\u0105g\u0142ej<\/strong> pracy<\/li>\n<li><strong>2 stopnie mocy <\/strong><\/li>\n<li><strong>Filtr EPA<\/strong><\/li>\n<li>Wygodna <strong>sk\u0142adana r\u0105czka<\/strong><\/li>\n<li>K\u0105ty pracy: <strong>90<\/strong> stopni, <strong>135<\/strong> stopni <strong>180<\/strong> stopni<\/li>\n<li><strong>0,5 l pojemno\u015bci<\/strong> zbiornika na <strong>kurz<\/strong><\/li>\n<li><strong>O\u015bwietlenie<\/strong> pola pracy <strong>LED<\/strong><\/li>\n<li>Maksymalny poziom ha\u0142asu <strong>80 dB<\/strong><\/li>\n<li>Zasilanie akumulator litowo-jonowy o pojemno\u015bci <strong>2000 mAh<\/strong><\/li>\n<li>Czas \u0142adowania 4-6 godzin<\/li>\n<li><strong>24-miesi\u0119czna<\/strong> gwarancja<\/li>\n<\/ul>\n<h2>Standardowe wyposa\u017cenie<\/h2>\n<ul>\n<li>wyjmowany <strong>odkurzacz r\u0119czny<\/strong><\/li>\n<li>ssawka <strong>tapicerska<\/strong><\/li>\n<li>ssawka <strong>szczelinowa<\/strong><\/li>\n<li><strong>zasilacz<\/strong><\/li>\n<li><strong>instrukcja<\/strong> obs\u0142ugi w j\u0119zyku polskim<\/li>\n<\/ul>\n<h2><span><strong>Wygodne u\u017cytkowanie<\/strong><\/span><\/h2>\n<p><span>\u0141adowanie akumulatora odbywa si\u0119 za pomoc\u0105 <\/span><span><strong>do\u0142\u0105czonej stacji dokuj\u0105cej<\/strong><\/span><span> i trwa oko\u0142o <\/span><span><strong>4 godzin<\/strong><\/span><span>. Wbudowany <\/span><span><strong>wska\u017anik poziomu na\u0142adowania<\/strong><\/span><span> pozwala na bie\u017c\u0105co kontrolowa\u0107 stan baterii. Po pe\u0142nym na\u0142adowaniu odkurzacz pracuje przez oko\u0142o <\/span><span><strong>60 minut<\/strong><\/span><span>, daj\u0105c Ci czas na swobodne sprz\u0105tanie ca\u0142ego mieszkania. W razie potrzeby mo\u017cesz od\u0142o\u017cy\u0107 sprz\u0119t na stacj\u0119, co zwi\u0119ksza komfort u\u017cytkowania.<\/span><\/p>\n<h2><span><strong>Dwa w jednym<\/strong><\/span><\/h2>\n<p><span>Model <\/span><span><strong>OP 2019<\/strong><\/span><span> wyposa\u017cony jest w praktyczny, <\/span><span><strong>mniejszy odkurzacz r\u0119czny<\/strong><\/span><span>, kt\u00f3ry z \u0142atwo\u015bci\u0105 od\u0142\u0105czysz od g\u0142\u00f3wnego urz\u0105dzenia. Idealnie sprawdzi si\u0119 do czyszczenia <\/span><span><strong>trudno dost\u0119pnych miejsc<\/strong><\/span><span> w domu oraz w samochodzie. Dzi\u0119ki temu otrzymujesz <\/span><span><strong>dwa funkcjonalne urz\u0105dzenia w jednym<\/strong><\/span><span>, kt\u00f3re pomog\u0105 Ci zadba\u0107 o porz\u0105dek w r\u00f3\u017cnych przestrzeniach.<\/span><\/p>\n<h2><span><strong>Zestaw akcesori\u00f3w do ka\u017cdej powierzchni<\/strong><\/span><\/h2>\n<p><span>Odkurzacz <\/span><span><strong>\u0141ucznik OP 2019<\/strong><\/span><span> zawiera <\/span><span><strong>zestaw szczotek<\/strong><\/span><span>, kt\u00f3re u\u0142atwiaj\u0105 sprz\u0105tanie ka\u017cdego zakamarka. <\/span><span><strong>Ssawka do tapicerki<\/strong><\/span><span> sprawnie oczy\u015bci meble oraz siedzenia samochodowe, a <\/span><span><strong>turboszczotka<\/strong><\/span><span> efektywnie poradzi sobie z sier\u015bci\u0105 na dywanach. <\/span><span><strong>Ssawka szczelinowa<\/strong><\/span><span> pozwala na dok\u0142adne usuni\u0119cie kurzu z miejsc takich jak szczeliny kanap czy foteli.<\/span><\/p>\n<h2><span><strong>Turboszczotka \u2013 maksymalna skuteczno\u015b\u0107<\/strong><\/span><\/h2>\n<p><span><strong>Turboszczotka ze spiralnie u\u0142o\u017conym w\u0142osiem<\/strong><\/span><span> pozwala na dok\u0142adniejsze i efektywniejsze czyszczenie. Jej konstrukcja sprawia, \u017ce skutecznie usuwa zanieczyszczenia, takie jak sier\u015b\u0107 zwierz\u0105t, okruchy czy kurz, z dywan\u00f3w i innych powierzchni tekstylnych. Idealnie sprawdzi si\u0119 w domach, gdzie szczeg\u00f3lna uwaga zwracana jest na detale podczas sprz\u0105tania.<\/span><\/p>\n<h2><span><strong>Lekki i kompaktowy design<\/strong><\/span><\/h2>\n<p><span>Urz\u0105dzenie wa\u017cy jedynie <\/span><span><strong>2,5 kg<\/strong><\/span><span>, co czyni sprz\u0105tanie mniej m\u0119cz\u0105cym. <\/span><span><strong>Kompaktowa, sk\u0142adana konstrukcja<\/strong><\/span><span> sprawia, \u017ce odkurzacz mo\u017cna przechowywa\u0107 nawet w niewielkich przestrzeniach. Dzi\u0119ki wbudowanemu <\/span><span><strong>o\u015bwietleniu LED<\/strong><\/span><span> \u0142atwiej dok\u0142adnie posprz\u0105ta\u0107 s\u0142abo o\u015bwietlone miejsca, takie jak przestrzenie pod meblami.<\/span><\/p>\n<h2><span><strong>Zdrowe i bezpieczne sprz\u0105tanie<\/strong><\/span><\/h2>\n<p><span><strong>Antyalergiczny filtr EPA<\/strong><\/span><span> dba o to, by powietrze wydostaj\u0105ce si\u0119 z urz\u0105dzenia by\u0142o wolne od py\u0142\u00f3w i alergen\u00f3w, co czyni sprz\u0105tanie bezpiecznym dla os\u00f3b z alergiami.<\/span><\/p>\n<h2><strong>Zawarto\u015b\u0107 opakowania<\/strong><\/h2>\n<p><span>Kupuj\u0105c odkurzacz <\/span><span><strong>\u0141ucznik OP 2019<\/strong><\/span><span>, otrzymujesz:<\/span><\/p>\n<ul>\n<li>\n<p><span>urz\u0105dzenie g\u0142\u00f3wne,<\/span><\/p>\n<\/li>\n<li>\n<p><span>akumulator,<\/span><\/p>\n<\/li>\n<li>\n<p><span>stacj\u0119 dokuj\u0105c\u0105,<\/span><\/p>\n<\/li>\n<li>\n<p><span>instrukcj\u0119 obs\u0142ugi,<\/span><\/p>\n<\/li>\n<li>kart\u0119 gwarancyjn\u0105.<\/li>\n<\/ul>\n<h2><strong>\u0141ucznik OP 2019 \u2013 sprz\u0105tanie bez kompromis\u00f3w!<\/strong><\/h2>\n<p>To <strong>wszechstronne urz\u0105dzenie<\/strong> zapewni Ci wygod\u0119, skuteczno\u015b\u0107 i czysto\u015b\u0107 w ka\u017cdym zakamarku Twojego domu i samochodu.<\/p>\n","protected":false},"excerpt":{"rendered":"<p>Sk\u0142adany odkurzacz bezprzewodowy OP-2019 typu 2-in-1. Mocny silnik 115 W. Turboszczotka. Stacja \u0142aduj\u0105ca. 60 min. ci\u0105g\u0142ej pracy. Sk\u0142adana r\u0105czka. Filtr EPA. O\u015bwietlenie LED. Pojemny akumulator 2000 mAh. 3 k\u0105ty pracy: 90\u00b0, 135\u00b0 i 190\u00b0.<\/p>\n","protected":false},"featured_media":13188,"comment_status":"open","ping_status":"closed","template":"","meta":[],"product_brand":[],"product_cat":[628],"product_tag":[],"class_list":{"0":"post-12357","1":"product","2":"type-product","3":"status-publish","4":"has-post-thumbnail","6":"product_cat-odkurzacze","8":"first","9":"instock","10":"taxable","11":"shipping-taxable","12":"purchasable","13":"product-type-variable"},"_links":{"self":[{"href":"https:\/\/gltestm.webology.pl\/pl\/wp-json\/wp\/v2\/product\/12357","targetHints":{"allow":["GET"]}}],"collection":[{"href":"https:\/\/gltestm.webology.pl\/pl\/wp-json\/wp\/v2\/product"}],"about":[{"href":"https:\/\/gltestm.webology.pl\/pl\/wp-json\/wp\/v2\/types\/product"}],"replies":[{"embeddable":true,"href":"https:\/\/gltestm.webology.pl\/pl\/wp-json\/wp\/v2\/comments?post=12357"}],"version-history":[{"count":0,"href":"https:\/\/gltestm.webology.pl\/pl\/wp-json\/wp\/v2\/product\/12357\/revisions"}],"wp:featuredmedia":[{"embeddable":true,"href":"https:\/\/gltestm.webology.pl\/pl\/wp-json\/wp\/v2\/media\/13188"}],"wp:attachment":[{"href":"https:\/\/gltestm.webology.pl\/pl\/wp-json\/wp\/v2\/media?parent=12357"}],"wp:term":[{"taxonomy":"product_brand","embeddable":true,"href":"https:\/\/gltestm.webology.pl\/pl\/wp-json\/wp\/v2\/product_brand?post=12357"},{"taxonomy":"product_cat","embeddable":true,"href":"https:\/\/gltestm.webology.pl\/pl\/wp-json\/wp\/v2\/product_cat?post=12357"},{"taxonomy":"product_tag","embeddable":true,"href":"https:\/\/gltestm.webology.pl\/pl\/wp-json\/wp\/v2\/product_tag?post=12357"}],"curies":[{"name":"wp","href":"https:\/\/api.w.org\/{rel}","templated":true}]}}