{"id":12355,"date":"2026-03-18T22:39:11","date_gmt":"2026-03-18T21:39:11","guid":{"rendered":"https:\/\/gltestm.webology.pl\/produkt\/waga-lazienkowa-bs-2018-ametystowa\/"},"modified":"2026-03-22T22:11:43","modified_gmt":"2026-03-22T21:11:43","slug":"waga-lazienkowa-bs-2018-ametystowa","status":"publish","type":"product","link":"https:\/\/gltestm.webology.pl\/pl\/produkt\/waga-lazienkowa-bs-2018-ametystowa\/","title":{"rendered":"Waga \u0141azienkowa BS-2018 Ametystowa"},"content":{"rendered":"<h2><strong>Waga \u0141azienkowa Ametystowa BS-2018<\/strong><\/h2>\n<p>Ametyst to kryszta\u0142 o wyj\u0105tkowej urodzie, nazywany kamieniem harmonii i relaksu. Niniejsza <strong>waga \u0142azienkowa \u0141ucznik BS-2018<\/strong> to ametystowy wariant wagi z serii &#8222;kryszta\u0142owej&#8221; &#8211; \u0142atwo wprowadzi ten pe\u0142en odpr\u0119\u017cenia klimat do Twojego domu.<\/p>\n<p><strong>Waga \u0142azienkowa \u0141ucznik BS-2018<\/strong> posiada wytrzyma\u0142\u0105, szklan\u0105 platform\u0119, w kt\u00f3r\u0105 wtopione s\u0105 mieni\u0105ce si\u0119 kryszta\u0142ki, nadaj\u0105ce jej wyj\u0105tkowego charakteru i podkre\u015blaj\u0105ce delikatny kolor. Rogi platformy s\u0105 zaokr\u0105glone, co zwi\u0119ksza bezpiecze\u0144stwo jej u\u017cywania.<\/p>\n<p><strong>Precyzyjne czujniki<\/strong>, w kt\u00f3re wyposa\u017cona jest <strong>ametystowa waga \u0141ucznik BS-2018<\/strong> odmierzaj\u0105 ci\u0119\u017car z <strong>dok\u0142adno\u015bci\u0105 do 0,1 kg<\/strong>. Po umieszczeniu wagi na stabilnym i twardym pod\u0142o\u017cu (takim jak kafelki \u0142azienkowe) pomiar uzyskujemy natychmiast po stani\u0119ciu na platformie. Dzi\u0119ki temu, \u017ce waga posiada <strong>automatyczne w\u0142\u0105czanie i wy\u0142\u0105czanie<\/strong> jest nie tylko oszcz\u0119dna w u\u017cyciu energii, ale tak\u017ce wygodna i intuicyjna w u\u017cyciu. <\/p>\n<p>Pomiar ci\u0119\u017caru cia\u0142a (oby satysfakcjonuj\u0105cy!) mo\u017cemy odczyta\u0107 na wyra\u017anym, pod\u015bwietlanym <strong>wy\u015bwietlaczu LCD<\/strong> i w dowolnie wybranej jednostce &#8211; <strong>kilogramach lub funtach<\/strong>.<\/p>\n<p><strong>Waga \u0142azienkowa \u0141ucznik BS-2018 <\/strong>posiada w opakowaniu dwie baterie AAA w zestawie, dzi\u0119ki czemu jest gotowa do dzia\u0142ania niemal od razu po wyj\u0119ciu z opakowania.<\/p>\n<p><strong>Waga \u0142azienkowa \u0141ucznik BS-2018 <\/strong>posiada dwuletni\u0105 gwarancj\u0119 oraz instrukcj\u0119 w dw\u00f3ch j\u0119zykach &#8211; polskim oraz angielskim. Zalecamy zapoznanie si\u0119 z instrukcj\u0105 przed rozpocz\u0119ciem korzystania z produktu.<\/p>\n","protected":false},"excerpt":{"rendered":"<p>Waga \u0142azienkowa z pi\u0119knym kryszta\u0142owo &#8211; brokatowym po\u0142yskiem w wyj\u0105tkowym ametystowym kolorze<\/p>\n","protected":false},"featured_media":14111,"comment_status":"open","ping_status":"closed","template":"","meta":[],"product_brand":[],"product_cat":[663],"product_tag":[],"class_list":{"0":"post-12355","1":"product","2":"type-product","3":"status-publish","4":"has-post-thumbnail","6":"product_cat-wagi-lazienkowe","8":"first","9":"instock","10":"taxable","11":"shipping-taxable","12":"purchasable","13":"product-type-variable"},"_links":{"self":[{"href":"https:\/\/gltestm.webology.pl\/pl\/wp-json\/wp\/v2\/product\/12355","targetHints":{"allow":["GET"]}}],"collection":[{"href":"https:\/\/gltestm.webology.pl\/pl\/wp-json\/wp\/v2\/product"}],"about":[{"href":"https:\/\/gltestm.webology.pl\/pl\/wp-json\/wp\/v2\/types\/product"}],"replies":[{"embeddable":true,"href":"https:\/\/gltestm.webology.pl\/pl\/wp-json\/wp\/v2\/comments?post=12355"}],"version-history":[{"count":0,"href":"https:\/\/gltestm.webology.pl\/pl\/wp-json\/wp\/v2\/product\/12355\/revisions"}],"wp:featuredmedia":[{"embeddable":true,"href":"https:\/\/gltestm.webology.pl\/pl\/wp-json\/wp\/v2\/media\/14111"}],"wp:attachment":[{"href":"https:\/\/gltestm.webology.pl\/pl\/wp-json\/wp\/v2\/media?parent=12355"}],"wp:term":[{"taxonomy":"product_brand","embeddable":true,"href":"https:\/\/gltestm.webology.pl\/pl\/wp-json\/wp\/v2\/product_brand?post=12355"},{"taxonomy":"product_cat","embeddable":true,"href":"https:\/\/gltestm.webology.pl\/pl\/wp-json\/wp\/v2\/product_cat?post=12355"},{"taxonomy":"product_tag","embeddable":true,"href":"https:\/\/gltestm.webology.pl\/pl\/wp-json\/wp\/v2\/product_tag?post=12355"}],"curies":[{"name":"wp","href":"https:\/\/api.w.org\/{rel}","templated":true}]}}