{"id":12353,"date":"2026-03-18T22:39:10","date_gmt":"2026-03-18T21:39:10","guid":{"rendered":"https:\/\/gltestm.webology.pl\/produkt\/zestaw-nici-do-haftu-lucznik-heavy-metal\/"},"modified":"2026-03-22T22:11:43","modified_gmt":"2026-03-22T21:11:43","slug":"zestaw-nici-do-haftu-lucznik-heavy-metal","status":"publish","type":"product","link":"https:\/\/gltestm.webology.pl\/pl\/produkt\/zestaw-nici-do-haftu-lucznik-heavy-metal\/","title":{"rendered":"Zestaw nici do haftu \u0141ucznik &#8211; Heavy Metal"},"content":{"rendered":"<p>Komplet wysokiej jako\u015bci<span> metalizowanych <\/span><strong>nici do haftu \u0141ucznik Heavy Metal<\/strong> idealnych do haftu maszynowego, monogram\u00f3w oraz wykonywania \u015bcieg\u00f3w ozdobnych. Nadaj\u0105 si\u0119 r\u00f3wnie\u017c do haftu r\u0119cznego, haftu komputerowego oraz wykonywania innych prac r\u0119kodzielniczych.<\/p>\n<p>Dzi\u0119ki procesowi metalizacji nici te posiadaj\u0105 <strong>wysoki po\u0142ysk<\/strong> nadaj\u0105cy blasku ka\u017cdemu wykonanemu haftowi oraz pi\u0119kny, oryginalny kolor. Powleczenie okr\u0105g\u0142ej nici metalizuj\u0105ca pow\u0142ok\u0105 sprawia, \u017ce l\u015bni\u0105 i mieni\u0105 si\u0119 naprawd\u0119 ze wszystkich si\u0142. \u017baden haft czy wzorek wykonany z ich pomoc\u0105 nie mo\u017ce zosta\u0107 przeoczony! <\/p>\n<p>Gama kolorystyczna zestawu &#8222;Heavy Metal&#8221; pozwala poszale\u0107 z niezwyk\u0142ymi, hipnotyzuj\u0105cymi haftami metalicznymi. Pi\u0119knie mieni\u0105cy si\u0119 blask umo\u017cliwi wyszycie migocz\u0105cych wzor\u00f3w gwiazd, ksi\u0119\u017cyc\u00f3w, s\u0142oneczek, a tak\u017ce kr\u00f3lewskiej korony czy rycerskiego miecza&#8230; U\u017cyte do wyka\u0144czania ubra\u0144 i przedmiot\u00f3w przy pomocy \u015bcieg\u00f3w ozdobnych lub monogram\u00f3w dadz\u0105 hipnotyzuj\u0105cy efekt o niezwykle dekoracyjnym charakterze. <\/p>\n<p><span>Co wa\u017cne, nici s\u0105 <\/span><strong>hipoalergiczne<\/strong><span> &#8211; a wi\u0119c zupe\u0142nie bezpieczne dla alergik\u00f3w oraz dzieci. <\/span><\/p>\n<p><span>Metalizowane nici nie lubi\u0105 \u015bcierania, naci\u0105gania i w\u0105skich szw\u00f3w. Szyj\u0105c na maszynie, napr\u0119\u017cenie g\u00f3rnej nici ustaw ni\u017cej ni\u017c zazwyczaj, unikaj r\u00f3wnie\u017c sztywnych i grubych stabilizator\u00f3w. <\/span><\/p>\n<p><span>Bardzo polecamy u\u017cycie stopki do <a href=\"https:\/\/galerialucznik.pl\/product-pol-83-Stopka-do-aplikacji-wyszywania-rozetek.html\" target=\"_blank\" rel=\"noopener\">wyszywania rozetek<\/a> wraz z tym rodzajem nici &#8211; dadz\u0105 one efekt magicznych i hipnotyzuj\u0105cych gwiazd, s\u0142o\u0144c i p\u0142atk\u00f3w \u015bniegu. <br \/><\/span><\/p>\n<p><span>Aby prawid\u0142owo dba\u0107 o hafty wykonane przy pomocy nici metalizowanych, czy\u015b\u0107 je przy u\u017cyciu zimnej wody lub na sucho. Prasowanie i suszenie r\u00f3wnie\u017c wykonuj w mo\u017cliwie niskiej temperaturze.<\/span><\/p>\n","protected":false},"excerpt":{"rendered":"<p>Metalizowane nici najwy\u017cszej jako\u015bci stworzone specjalnie z my\u015bl\u0105 o kreatywnym szyciu. 10 szpulek w gustownym opakowaniu, w pi\u0119knie mieni\u0105cych si\u0119, metalicznych kolorach. D\u0142ugo\u015b\u0107: 100 metr\u00f3w<\/p>\n","protected":false},"featured_media":14592,"comment_status":"open","ping_status":"closed","template":"","meta":[],"product_brand":[],"product_cat":[718],"product_tag":[],"class_list":{"0":"post-12353","1":"product","2":"type-product","3":"status-publish","4":"has-post-thumbnail","6":"product_cat-nici-do-haftu-w-zestawach","8":"first","9":"instock","10":"taxable","11":"shipping-taxable","12":"purchasable","13":"product-type-variable"},"_links":{"self":[{"href":"https:\/\/gltestm.webology.pl\/pl\/wp-json\/wp\/v2\/product\/12353","targetHints":{"allow":["GET"]}}],"collection":[{"href":"https:\/\/gltestm.webology.pl\/pl\/wp-json\/wp\/v2\/product"}],"about":[{"href":"https:\/\/gltestm.webology.pl\/pl\/wp-json\/wp\/v2\/types\/product"}],"replies":[{"embeddable":true,"href":"https:\/\/gltestm.webology.pl\/pl\/wp-json\/wp\/v2\/comments?post=12353"}],"version-history":[{"count":0,"href":"https:\/\/gltestm.webology.pl\/pl\/wp-json\/wp\/v2\/product\/12353\/revisions"}],"wp:featuredmedia":[{"embeddable":true,"href":"https:\/\/gltestm.webology.pl\/pl\/wp-json\/wp\/v2\/media\/14592"}],"wp:attachment":[{"href":"https:\/\/gltestm.webology.pl\/pl\/wp-json\/wp\/v2\/media?parent=12353"}],"wp:term":[{"taxonomy":"product_brand","embeddable":true,"href":"https:\/\/gltestm.webology.pl\/pl\/wp-json\/wp\/v2\/product_brand?post=12353"},{"taxonomy":"product_cat","embeddable":true,"href":"https:\/\/gltestm.webology.pl\/pl\/wp-json\/wp\/v2\/product_cat?post=12353"},{"taxonomy":"product_tag","embeddable":true,"href":"https:\/\/gltestm.webology.pl\/pl\/wp-json\/wp\/v2\/product_tag?post=12353"}],"curies":[{"name":"wp","href":"https:\/\/api.w.org\/{rel}","templated":true}]}}