{"id":12350,"date":"2026-03-18T22:39:09","date_gmt":"2026-03-18T21:39:09","guid":{"rendered":"https:\/\/gltestm.webology.pl\/produkt\/toster-dwuszczelinowy-lucznik-ts-50-b\/"},"modified":"2026-03-22T22:11:43","modified_gmt":"2026-03-22T21:11:43","slug":"toster-dwuszczelinowy-lucznik-ts-50-b","status":"publish","type":"product","link":"https:\/\/gltestm.webology.pl\/pl\/produkt\/toster-dwuszczelinowy-lucznik-ts-50-b\/","title":{"rendered":"Toster dwuszczelinowy \u0141ucznik TS-50 B"},"content":{"rendered":"<h2><strong>Toster dwuszczelinowy \u0141ucznik TS-50 B<\/strong><\/h2>\n<p><strong>Toster TS-50 B<\/strong> to urz\u0105dzenie dwuszczelinowe <strong>z regulacj\u0105 temperatury opiekania<\/strong> pieczywa, kt\u00f3ra pozwoli Ci na idealne przyrz\u0105dzenie Twoich ulubionych tost\u00f3w, ka\u017cdego ranka tak, jak lubisz!<\/p>\n<p>Posiada r\u00f3wnie\u017c <strong>funkcj\u0119 stop<\/strong>, dzi\u0119ki kt\u00f3rej mo\u017cna regulowa\u0107 czas opiekania, co da Tobie mo\u017cliwo\u015b\u0107 zrobienia takich tost\u00f3w, jakie lubisz. Od teraz mo\u017cesz przyrz\u0105dza\u0107 chrupi\u0105ce i aromatyczne tosty dla siebie i bliskich dok\u0142adnie tak, jak lubisz. Dzi\u0119ki regulacji temperatury przyrz\u0105dzisz je idealnie &#8222;w punkt&#8221;! Uczta dla podniebienia gwarantowana.<\/p>\n<h2>Najwa\u017cniejsze cechy<\/h2>\n<ul>\n<li>Moc <strong>700 W<\/strong><\/li>\n<li><strong>2 tosty<\/strong><\/li>\n<li>19 mm otwor\u00f3w na pieczywo<\/li>\n<li><strong>7-stopniowa<\/strong> regulacja czasu opiekania<\/li>\n<li><strong>Automatyczne wysuwanie<\/strong> pieczywa po zako\u0144czeniu opiekania<\/li>\n<li><strong>Funkcja &#8222;STOP&#8221;<\/strong> &#8211; szybkie przerwanie opiekania tost\u00f3w<\/li>\n<li>Plastikowa, termoizolacyjna obudowa<\/li>\n<li>Wyjmowana <strong>tacka na okruchy<\/strong><\/li>\n<li>Instrukcja w j.polskim<\/li>\n<\/ul>\n<h2>24-miesi\u0119czna gwarancja<\/h2>\n<p><strong>Toster TS-50 B<\/strong> posiada <strong>24-miesi\u0119czn\u0105 gwarancj\u0119<\/strong> oraz <strong>instrukcj\u0119 w j\u0119zyku polskim<\/strong>, z kt\u00f3r\u0105 nale\u017cy zapozna\u0107 si\u0119 przed pierwszym u\u017cyciem sprz\u0119tu.<\/p>\n","protected":false},"excerpt":{"rendered":"<p>Toster dwuszczelinowy. Posiada regulacj\u0119 temperatury opiekania oraz funkcj\u0119 stop, kt\u00f3ra reguluje czas opiekania.<\/p>\n","protected":false},"featured_media":14672,"comment_status":"open","ping_status":"closed","template":"","meta":[],"product_brand":[],"product_cat":[583],"product_tag":[],"class_list":{"0":"post-12350","1":"product","2":"type-product","3":"status-publish","4":"has-post-thumbnail","6":"product_cat-tostery-i-opiekacze","8":"first","9":"instock","10":"taxable","11":"shipping-taxable","12":"purchasable","13":"product-type-variable"},"_links":{"self":[{"href":"https:\/\/gltestm.webology.pl\/pl\/wp-json\/wp\/v2\/product\/12350","targetHints":{"allow":["GET"]}}],"collection":[{"href":"https:\/\/gltestm.webology.pl\/pl\/wp-json\/wp\/v2\/product"}],"about":[{"href":"https:\/\/gltestm.webology.pl\/pl\/wp-json\/wp\/v2\/types\/product"}],"replies":[{"embeddable":true,"href":"https:\/\/gltestm.webology.pl\/pl\/wp-json\/wp\/v2\/comments?post=12350"}],"version-history":[{"count":0,"href":"https:\/\/gltestm.webology.pl\/pl\/wp-json\/wp\/v2\/product\/12350\/revisions"}],"wp:featuredmedia":[{"embeddable":true,"href":"https:\/\/gltestm.webology.pl\/pl\/wp-json\/wp\/v2\/media\/14672"}],"wp:attachment":[{"href":"https:\/\/gltestm.webology.pl\/pl\/wp-json\/wp\/v2\/media?parent=12350"}],"wp:term":[{"taxonomy":"product_brand","embeddable":true,"href":"https:\/\/gltestm.webology.pl\/pl\/wp-json\/wp\/v2\/product_brand?post=12350"},{"taxonomy":"product_cat","embeddable":true,"href":"https:\/\/gltestm.webology.pl\/pl\/wp-json\/wp\/v2\/product_cat?post=12350"},{"taxonomy":"product_tag","embeddable":true,"href":"https:\/\/gltestm.webology.pl\/pl\/wp-json\/wp\/v2\/product_tag?post=12350"}],"curies":[{"name":"wp","href":"https:\/\/api.w.org\/{rel}","templated":true}]}}