{"id":12349,"date":"2026-03-18T22:39:09","date_gmt":"2026-03-18T21:39:09","guid":{"rendered":"https:\/\/gltestm.webology.pl\/produkt\/elektroniczna-waga-kuchenna-ks-509-b\/"},"modified":"2026-03-22T22:11:43","modified_gmt":"2026-03-22T21:11:43","slug":"elektroniczna-waga-kuchenna-ks-509-b","status":"publish","type":"product","link":"https:\/\/gltestm.webology.pl\/pl\/produkt\/elektroniczna-waga-kuchenna-ks-509-b\/","title":{"rendered":"Elektroniczna waga kuchenna KS-509 B"},"content":{"rendered":"<div>\n<div>\n<h2><strong>Elektroniczna waga kuchenna KS-509 B<\/strong><\/h2>\n<p><strong>Kompaktowa<\/strong> waga kuchenna ze <strong>stali nierdzewnej. <\/strong>Wyposa\u017cona jest w precyzyjny tensometr o zakresie pomiarowym <strong>2 &#8211; 5000 g<\/strong> i wydajny procesor zapewniaj\u0105ce dok\u0142adno\u015b\u0107 pomiaru do 1 g w jednostkach<strong> kg, g, oz, lb.<\/strong><\/p>\n<h2><strong>Funkcjonalna i \u0142atwa w czyszczeniu<\/strong><\/h2>\n<p>Posiada funkcje<strong> tarowania, wska\u017anik wyczerpania baterii, automatyczne wy\u0142\u0105czanie <\/strong>oraz<strong> wy\u015bwietlacz LCD<\/strong> z niebieskim pod\u015bwietleniem. Waga jest \u0142atwa w czyszczeniu, dzi\u0119ki wykonaniu powierzchni wa\u017cenia ze <strong>stali nierdzewnej <\/strong>INOX.<\/p>\n<h2>Najwa\u017cniejsze cechy<\/h2>\n<ul>\n<li>powierzchnia wa\u017cenia wykonana ze <strong>stali nierdzewnej INOX<\/strong><\/li>\n<li><strong>\u0142atwa<\/strong> w czyszczeniu<\/li>\n<li>maksymalne obci\u0105\u017cenie: <strong>5 kg<\/strong><\/li>\n<li>zakres pomiaru: <strong>2-5000 g<\/strong><\/li>\n<li><strong>dok\u0142adno\u015b\u0107 pomiaru 1 g<\/strong><\/li>\n<li>jednostki pomiaru: kg, g, oz, lb<\/li>\n<li>pod\u015bwietlenie <strong>LED<\/strong><\/li>\n<li>zasilanie: 2 szt. baterii CR2032 (w zestawie)<\/li>\n<\/ul>\n<h2>24-miesi\u0119czna gwarancja<\/h2>\n<p>Waga kuchenna KS-509 B posiada <strong>24-miesi\u0119czn\u0105 gwarancj\u0119<\/strong> oraz instrukcj\u0119 w j\u0119zyku polskim, z kt\u00f3r\u0105 nale\u017cy zapozna\u0107 si\u0119 przed u\u017cyciem sprz\u0119tu.<\/p>\n<p><\/div>\n<\/div>\n","protected":false},"excerpt":{"rendered":"<p>Kompaktowa waga kuchenna ze stali nierdzewnej w pi\u0119knym miedzianym kolorze. Umo\u017cliwia precyzyjne wa\u017cenie od 2-5000 g z dok\u0142adno\u015bci\u0105 do 1 g.<\/p>\n","protected":false},"featured_media":13275,"comment_status":"open","ping_status":"closed","template":"","meta":[],"product_brand":[],"product_cat":[563],"product_tag":[],"class_list":{"0":"post-12349","1":"product","2":"type-product","3":"status-publish","4":"has-post-thumbnail","6":"product_cat-wagi-kuchenne","8":"first","9":"instock","10":"taxable","11":"shipping-taxable","12":"purchasable","13":"product-type-variable"},"_links":{"self":[{"href":"https:\/\/gltestm.webology.pl\/pl\/wp-json\/wp\/v2\/product\/12349","targetHints":{"allow":["GET"]}}],"collection":[{"href":"https:\/\/gltestm.webology.pl\/pl\/wp-json\/wp\/v2\/product"}],"about":[{"href":"https:\/\/gltestm.webology.pl\/pl\/wp-json\/wp\/v2\/types\/product"}],"replies":[{"embeddable":true,"href":"https:\/\/gltestm.webology.pl\/pl\/wp-json\/wp\/v2\/comments?post=12349"}],"version-history":[{"count":0,"href":"https:\/\/gltestm.webology.pl\/pl\/wp-json\/wp\/v2\/product\/12349\/revisions"}],"wp:featuredmedia":[{"embeddable":true,"href":"https:\/\/gltestm.webology.pl\/pl\/wp-json\/wp\/v2\/media\/13275"}],"wp:attachment":[{"href":"https:\/\/gltestm.webology.pl\/pl\/wp-json\/wp\/v2\/media?parent=12349"}],"wp:term":[{"taxonomy":"product_brand","embeddable":true,"href":"https:\/\/gltestm.webology.pl\/pl\/wp-json\/wp\/v2\/product_brand?post=12349"},{"taxonomy":"product_cat","embeddable":true,"href":"https:\/\/gltestm.webology.pl\/pl\/wp-json\/wp\/v2\/product_cat?post=12349"},{"taxonomy":"product_tag","embeddable":true,"href":"https:\/\/gltestm.webology.pl\/pl\/wp-json\/wp\/v2\/product_tag?post=12349"}],"curies":[{"name":"wp","href":"https:\/\/api.w.org\/{rel}","templated":true}]}}