{"id":12348,"date":"2026-03-18T22:39:08","date_gmt":"2026-03-18T21:39:08","guid":{"rendered":"https:\/\/gltestm.webology.pl\/produkt\/zestaw-nici-overlockowych-lucznik-elastic-brazowe\/"},"modified":"2026-03-22T21:53:33","modified_gmt":"2026-03-22T20:53:33","slug":"zestaw-nici-overlockowych-lucznik-elastic-brazowe","status":"publish","type":"product","link":"https:\/\/gltestm.webology.pl\/pl\/produkt\/zestaw-nici-overlockowych-lucznik-elastic-brazowe\/","title":{"rendered":"Zestaw nici overlockowych \u0141ucznik Elastic &#8211; Br\u0105zowe"},"content":{"rendered":"<p><strong>Komplet 4 szpul elastycznych nici<\/strong> overlockowych <span>do szycia na <\/span><strong>overlocku <\/strong><span>oraz<\/span><strong> coverlocku (renderka)<\/strong>. Niezast\u0105pione przy szyciu i wyka\u0144czaniu dzianin \u015bciegiem overlockowym.<\/p>\n<p>Nici nadaj\u0105 si\u0119 do szycia overlockowego z u\u017cyciem wszelkich \u015bcieg\u00f3w elastycznych wykonywanych przez overlocki i coverlocki (renderki). Pozwol\u0105 maksymalnie zwi\u0119kszy\u0107 rozci\u0105gliwo\u015b\u0107 obszycia tak, aby komfort noszenia uszytych wyrob\u00f3w by\u0142 jak najwi\u0119kszy.<\/p>\n<p><strong>Nici overlockowe \u0141ucznik Elastic <\/strong>idealnie nadaj\u0105 si\u0119 do szycia z wszelkiego rodzaju dzianin, w tym materia\u0142\u00f3w dresowych, jerseyu czy minky. Z powodzeniem mog\u0105 by\u0107 zastosowane r\u00f3wnie\u017c przy szyciu kostium\u00f3w k\u0105pielowych oraz odzie\u017cy sportowej.<\/p>\n<p><strong>Du\u017ca szpula<\/strong> dostosowana jest do specyfiki szycia na overlocku domowym, a d\u0142ugo\u015b\u0107 jej nawoju nie grozi przerwaniem pracy w najmniej odpowiednim momencie. Posiadaj\u0105 one<strong> d\u0142ugo\u015b\u0107 4000 m<\/strong>, czyli a\u017c 4 kilometry nici, kt\u00f3re pozwol\u0105 na<strong> komfortowe<\/strong> tworzenie mocnych i elastycznych overlockowych \u015bcieg\u00f3w.<\/p>\n<p><strong> <strong>Nici overlockowe \u0141ucznik Elastic <\/strong><\/strong>wykonane s\u0105 w<strong> 100% ze specjalnie teksturowanego, ci\u0105g\u0142ego poliestru <\/strong>o optymalnym skr\u0119cie, co zapewnia im mo\u017cliwo\u015b\u0107 rozci\u0105gni\u0119cia i wyd\u0142u\u017cenia do 25% d\u0142ugo\u015bci. Cechuj\u0105 si\u0119 <strong>wyj\u0105tkow\u0105 trwa\u0142o\u015bci\u0105 i odporno\u015bci\u0105 na tarcie <\/strong>podczas przechodzenia przez prowadniki urz\u0105dzenia. Technologia ich wytworzenia zosta\u0142a opracowana tak, aby spe\u0142ni\u0107 wszelkie wymogi zwi\u0105zane ze specyfik\u0105 szycia na overlocku. <\/p>\n<p>Na ich <strong>uniwersalno\u015b\u0107<\/strong> wp\u0142ywa tak\u017ce doskona\u0142a odporno\u015b\u0107 na ciep\u0142o. Kolor nici jest <strong>odporny na wybarwianie<\/strong> pod wp\u0142ywem \u015bwiat\u0142a, prania oraz niekt\u00f3rych czynnik\u00f3w chemicznych, na kt\u00f3re mog\u0105 by\u0107 wystawione tekstylia. <\/p>\n<p><strong>Nici overlockowe \u0141ucznik Elastic <\/strong>spe\u0142niaj\u0105 wymagania aktualnie obowi\u0105zuj\u0105cego standardu dla wyrob\u00f3w dla dzieci, dzi\u0119ki czemu idealnie nadaj\u0105 si\u0119 do wytwarzania wszelkich ubranek, akcesori\u00f3w, maskotek czy otulaczy dla dzieci, niemowl\u0105t i ich mam.   <\/p>\n","protected":false},"excerpt":{"rendered":"<p>Zestaw 4 poliestrowych nici do owerlok\u00f3w.<\/p>\n","protected":false},"featured_media":15015,"comment_status":"open","ping_status":"closed","template":"","meta":[],"product_brand":[],"product_cat":[728],"product_tag":[],"class_list":{"0":"post-12348","1":"product","2":"type-product","3":"status-publish","4":"has-post-thumbnail","6":"product_cat-nici-do-overlockow-w-zestawach","8":"first","9":"instock","10":"taxable","11":"shipping-taxable","12":"purchasable","13":"product-type-variable"},"_links":{"self":[{"href":"https:\/\/gltestm.webology.pl\/pl\/wp-json\/wp\/v2\/product\/12348","targetHints":{"allow":["GET"]}}],"collection":[{"href":"https:\/\/gltestm.webology.pl\/pl\/wp-json\/wp\/v2\/product"}],"about":[{"href":"https:\/\/gltestm.webology.pl\/pl\/wp-json\/wp\/v2\/types\/product"}],"replies":[{"embeddable":true,"href":"https:\/\/gltestm.webology.pl\/pl\/wp-json\/wp\/v2\/comments?post=12348"}],"version-history":[{"count":0,"href":"https:\/\/gltestm.webology.pl\/pl\/wp-json\/wp\/v2\/product\/12348\/revisions"}],"wp:featuredmedia":[{"embeddable":true,"href":"https:\/\/gltestm.webology.pl\/pl\/wp-json\/wp\/v2\/media\/15015"}],"wp:attachment":[{"href":"https:\/\/gltestm.webology.pl\/pl\/wp-json\/wp\/v2\/media?parent=12348"}],"wp:term":[{"taxonomy":"product_brand","embeddable":true,"href":"https:\/\/gltestm.webology.pl\/pl\/wp-json\/wp\/v2\/product_brand?post=12348"},{"taxonomy":"product_cat","embeddable":true,"href":"https:\/\/gltestm.webology.pl\/pl\/wp-json\/wp\/v2\/product_cat?post=12348"},{"taxonomy":"product_tag","embeddable":true,"href":"https:\/\/gltestm.webology.pl\/pl\/wp-json\/wp\/v2\/product_tag?post=12348"}],"curies":[{"name":"wp","href":"https:\/\/api.w.org\/{rel}","templated":true}]}}