{"id":12346,"date":"2026-03-18T22:39:07","date_gmt":"2026-03-18T21:39:07","guid":{"rendered":"https:\/\/gltestm.webology.pl\/produkt\/zestaw-nici-lucznik-denim-jeans-oldschool\/"},"modified":"2026-03-22T21:52:56","modified_gmt":"2026-03-22T20:52:56","slug":"zestaw-nici-lucznik-denim-jeans-oldschool","status":"publish","type":"product","link":"https:\/\/gltestm.webology.pl\/pl\/produkt\/zestaw-nici-lucznik-denim-jeans-oldschool\/","title":{"rendered":"Zestaw nici \u0141ucznik: DENIM &#038; JEANS Oldschool"},"content":{"rendered":"<h2><strong>Nici do jeansu \u0141ucznik &#8211; zestaw Jeans Oldschool<\/strong><\/h2>\n<p>Zestaw <strong>Jeans Oldschool<\/strong> to supermocne nici poliestrowe przeznaczone specjalnie do szycia maszynowego, r\u00f3wnie\u017c do szycia materia\u0142\u00f3w<strong> trudnych, mocnych i grubych, <\/strong>takich jak d\u017cins, tkaniny techniczne, odzie\u017c i wyroby sk\u00f3rzane i sk\u00f3ropodobne, futra, odzie\u017c robocza, odzie\u017c ochronna i taktyczna. Nici <strong>\u0141ucznik DENIM &amp; JEANS<\/strong> s\u0105 niezwykle <strong>wytrzyma\u0142e i odporne na rozrywanie<\/strong> &#8211;  \u017cegnajcie wi\u0119c zerwane nitki, ponowne nawlekanie i dwukrotne przeszywanie. Dzi\u0119ki niskiemu wsp\u00f3\u0142czynnikowi wyd\u0142u\u017cenia, optymalnej stabilno\u015bci swojego skr\u0119tu oraz doskona\u0142ej odporno\u015bci na tarcie spe\u0142ni\u0105 wszystkie wymogi trwa\u0142ego szycia.<\/p>\n<p>Podstawowa gama kolor\u00f3w, kt\u00f3ra znajduj\u0119 si\u0119 w naszym biodegradowalnym opakowaniu zapewni ci trwa\u0142o\u015b\u0107, moc oraz mo\u017cliwo\u015b\u0107 rozwini\u0119cia kreatywnych skrzyde\u0142. <strong>Grubo\u015b\u0107 i wyrazisto\u015b\u0107<\/strong> nici pozwala bowiem na tworzenie <strong>ozdobnych przeszy\u0107<\/strong> r\u00f3wnie\u017c na &#8222;zwyczajnych&#8221; materia\u0142ach. Oczywi\u015bcie mo\u017cna je zastosowa\u0107 r\u00f3wnie\u017c przy <strong>cerowaniu<\/strong> lub <strong>poprawkach<\/strong> niedoskona\u0142o\u015bci, kt\u00f3re sprezentowa\u0142y ci firmy odzie\u017cowe. Tylko dlaczego zatrzymywa\u0107 si\u0119 na przyziemnych pracach? \ud83d\ude42<\/p>\n<p><span>Nie musisz obawia\u0107 si\u0119, \u017ce twoj\u0105 prac\u0119 przerwie niespodziewanie nieub\u0142agany koniec nici, gdy\u017c posiadaj\u0105 one <strong>140 metr\u00f3w nawoju<\/strong> &#8211; i to na ka\u017cdej szpulce.<\/span><\/p>\n<p><span><strong>Bezpiecze\u0144stwo ich wytworzenia<\/strong>, a co za tym idzie brak jakichkolwiek truj\u0105cych lub podra\u017cniaj\u0105cych zwi\u0105zk\u00f3w chemicznych, umo\u017cliwi ci szycie bezpiecznych stroj\u00f3w dla twojej pociechy. S\u0105 r\u00f3wnie\u017c <strong>doskona\u0142e dla alergik\u00f3w<\/strong> oraz os\u00f3b z podra\u017cnianiami na tkaniny z szarej sfery.   <\/p>\n<p><\/span><\/p>\n<p>Gama kolor\u00f3w w zestawie <span>DENIM &amp; JEANS:<\/span><\/p>\n<ul>\n<li>Bia\u0142y<\/li>\n<li>Kremowy<\/li>\n<li>Br\u0105zowy<\/li>\n<li>Granat<\/li>\n<li>Czarny<\/li>\n<\/ul>\n<p>Wszystkie kolory s\u0105 wykazuj\u0105 <strong>odporno\u015b\u0107 na wybarwianie<\/strong> pod wp\u0142ywem \u015bwiat\u0142a s\u0142onecznego, prania oraz niekt\u00f3rych czynnik\u00f3w chemicznych.<\/p>\n","protected":false},"excerpt":{"rendered":"<p>5 szpulek po 140 metr\u00f3w, typ 30. Supermocne poliestrowe nici najwy\u017cszej jako\u015bci, niezb\u0119dne dla trwa\u0142ego szycia, w gustownym opakowaniu i o uniwersalnych kolorach!<\/p>\n","protected":false},"featured_media":14634,"comment_status":"open","ping_status":"closed","template":"","meta":[],"product_brand":[],"product_cat":[723],"product_tag":[],"class_list":{"0":"post-12346","1":"product","2":"type-product","3":"status-publish","4":"has-post-thumbnail","6":"product_cat-nici-do-jeansu-w-zestawach","8":"first","9":"instock","10":"taxable","11":"shipping-taxable","12":"purchasable","13":"product-type-variable"},"_links":{"self":[{"href":"https:\/\/gltestm.webology.pl\/pl\/wp-json\/wp\/v2\/product\/12346","targetHints":{"allow":["GET"]}}],"collection":[{"href":"https:\/\/gltestm.webology.pl\/pl\/wp-json\/wp\/v2\/product"}],"about":[{"href":"https:\/\/gltestm.webology.pl\/pl\/wp-json\/wp\/v2\/types\/product"}],"replies":[{"embeddable":true,"href":"https:\/\/gltestm.webology.pl\/pl\/wp-json\/wp\/v2\/comments?post=12346"}],"version-history":[{"count":0,"href":"https:\/\/gltestm.webology.pl\/pl\/wp-json\/wp\/v2\/product\/12346\/revisions"}],"wp:featuredmedia":[{"embeddable":true,"href":"https:\/\/gltestm.webology.pl\/pl\/wp-json\/wp\/v2\/media\/14634"}],"wp:attachment":[{"href":"https:\/\/gltestm.webology.pl\/pl\/wp-json\/wp\/v2\/media?parent=12346"}],"wp:term":[{"taxonomy":"product_brand","embeddable":true,"href":"https:\/\/gltestm.webology.pl\/pl\/wp-json\/wp\/v2\/product_brand?post=12346"},{"taxonomy":"product_cat","embeddable":true,"href":"https:\/\/gltestm.webology.pl\/pl\/wp-json\/wp\/v2\/product_cat?post=12346"},{"taxonomy":"product_tag","embeddable":true,"href":"https:\/\/gltestm.webology.pl\/pl\/wp-json\/wp\/v2\/product_tag?post=12346"}],"curies":[{"name":"wp","href":"https:\/\/api.w.org\/{rel}","templated":true}]}}