{"id":12345,"date":"2026-03-18T22:39:06","date_gmt":"2026-03-18T21:39:06","guid":{"rendered":"https:\/\/gltestm.webology.pl\/produkt\/zestaw-nici-lucznik-must-have-maxi\/"},"modified":"2026-03-22T22:11:43","modified_gmt":"2026-03-22T21:11:43","slug":"zestaw-nici-lucznik-must-have-maxi","status":"publish","type":"product","link":"https:\/\/gltestm.webology.pl\/pl\/produkt\/zestaw-nici-lucznik-must-have-maxi\/","title":{"rendered":"Zestaw nici \u0141ucznik: Must-have Maxi"},"content":{"rendered":"<h2><strong>Zestaw nici \u0141ucznik: Must Have<\/strong><\/h2>\n<p><strong>Zestaw Must-Have 10 kolor\u00f3w<\/strong> to niezb\u0119dnik ka\u017cdej krawcowej w szyciu profesjonalnym jak i domowym. Mnogo\u015b\u0107 \u017cywych kolor\u00f3w po\u0142\u0105czona z niezb\u0119dnymi barwami takimi jak czarna i bia\u0142a gwarantuje, \u017ce znajdziesz w\u0142a\u015bciwy odcie\u0144 nici do ka\u017cdego zadania. Jest to \u015bwietny zestaw &#8222;na start&#8221;, kt\u00f3ry warto wybra\u0107 kupuj\u0105c now\u0105 maszyn\u0119 do szycia. To bardzo podstawowy komplet nici mog\u0105cy stanowi\u0107 niezb\u0119dne wyposa\u017cenie ma\u0142ej, domowej pracowni. <\/p>\n<h3>Nici \u0141ucznik &#8211; specjalnie do szycia na maszynie!<\/h3>\n<p>Nici \u0141ucznik <strong>stworzone zosta\u0142y specjalnie z my\u015bl\u0105 o szyciu na maszynie<\/strong> i napr\u0119\u017ceniach, kt\u00f3re generuje przechodzenie przez poszczeg\u00f3lne chwytacze oraz wykonywanie \u015bcieg\u00f3w. Ich trwa\u0142o\u015b\u0107 nie pozwoli na zerwanie w trakcie gor\u0105czkowych prac nad ka\u017cdym materia\u0142em kt\u00f3ry wpadnie Ci w r\u0119ce. Nie musisz tak\u017ce obawia\u0107 si\u0119, \u017ce Twoj\u0105 tw\u00f3rczo\u015b\u0107 niespodziewanie przerwie nieub\u0142agany koniec nici gdy\u017c posiadaj\u0105 one <strong>500 metr\u00f3w nawoju<\/strong> &#8211; na wygodnej szpulce! To a\u017c p\u00f3\u0142 kilometra w Twoich r\u0119kach do wykorzystania. <span>Specjalnie opracowany, <\/span><strong>optymalny skr\u0119t<\/strong><span> w\u0142\u00f3kien sprawia, \u017ce nici g\u0142adko przechodz\u0105 przez wszystkie prowadniki, a wygodne <\/span><strong>podstawki po obu stronach szpulki<\/strong><span> stabilizuj\u0105 j\u0105 na maszynie.<\/span><\/p>\n<p><span><img decoding=\"async\" src=\"\/data\/include\/cms\/nici\/must_have_otwarte.jpg\" alt=\"nici \u0142ucznik must have\" width=\"600\" \/><\/span><\/p>\n<h3>Must-have w ka\u017cdym krawieckim atelier<\/h3>\n<p>Gama kolorystyczna zestawu nici <strong>\u0141ucznik Must-Have<\/strong> jest tak dobrana, by by\u0107 jak najbardziej wszechstronn\u0105 i pasowa\u0107 do Twoich wyrob\u00f3w w najbardziej podstawowych kolorach. <strong>To idealny zestaw &#8222;na start&#8221; <\/strong>stanowi\u0105cy niezb\u0119dne wyposa\u017cenie domu lub krawieckiej pracowni. Zawarte s\u0105 w nim wszystkie <strong>podstawowe barwy t\u0119czy oraz czer\u0144 i biel<\/strong>. Nic nie zatrzyma Ci\u0119 w tworzeniu wyj\u0105tkowych, wspania\u0142ych rzeczy kt\u00f3rych wszyscy b\u0119d\u0105 Ci zazdro\u015bci\u0107!<\/p>\n<p><strong>Bezpiecze\u0144stwo wytworzenia,<\/strong> a co za tym idzie &#8211; brak jakichkolwiek truj\u0105cych lub podra\u017cniaj\u0105cych zwi\u0105zk\u00f3w chemicznych, umo\u017cliwi Ci bezpieczne szycie dla ca\u0142ej rodziny.<\/p>\n<p><img decoding=\"async\" src=\"\/data\/include\/cms\/nici\/must_have.jpg\" alt=\"nici must have \u0142ucznik\" width=\"600\" \/><\/p>\n","protected":false},"excerpt":{"rendered":"<p>10 szpulek po 500 metr\u00f3w, grubo\u015b\u0107 120. Poliestrowe nici najwy\u017cszej jako\u015bci stworzone specjalnie z my\u015bl\u0105 o szyciu na maszynie. W gustownym opakowaniu, w podstawowych kolorach!<\/p>\n","protected":false},"featured_media":14996,"comment_status":"open","ping_status":"closed","template":"","meta":[],"product_brand":[],"product_cat":[708],"product_tag":[],"class_list":{"0":"post-12345","1":"product","2":"type-product","3":"status-publish","4":"has-post-thumbnail","6":"product_cat-nici-do-maszyn","8":"first","9":"instock","10":"taxable","11":"shipping-taxable","12":"purchasable","13":"product-type-variable"},"_links":{"self":[{"href":"https:\/\/gltestm.webology.pl\/pl\/wp-json\/wp\/v2\/product\/12345","targetHints":{"allow":["GET"]}}],"collection":[{"href":"https:\/\/gltestm.webology.pl\/pl\/wp-json\/wp\/v2\/product"}],"about":[{"href":"https:\/\/gltestm.webology.pl\/pl\/wp-json\/wp\/v2\/types\/product"}],"replies":[{"embeddable":true,"href":"https:\/\/gltestm.webology.pl\/pl\/wp-json\/wp\/v2\/comments?post=12345"}],"version-history":[{"count":0,"href":"https:\/\/gltestm.webology.pl\/pl\/wp-json\/wp\/v2\/product\/12345\/revisions"}],"wp:featuredmedia":[{"embeddable":true,"href":"https:\/\/gltestm.webology.pl\/pl\/wp-json\/wp\/v2\/media\/14996"}],"wp:attachment":[{"href":"https:\/\/gltestm.webology.pl\/pl\/wp-json\/wp\/v2\/media?parent=12345"}],"wp:term":[{"taxonomy":"product_brand","embeddable":true,"href":"https:\/\/gltestm.webology.pl\/pl\/wp-json\/wp\/v2\/product_brand?post=12345"},{"taxonomy":"product_cat","embeddable":true,"href":"https:\/\/gltestm.webology.pl\/pl\/wp-json\/wp\/v2\/product_cat?post=12345"},{"taxonomy":"product_tag","embeddable":true,"href":"https:\/\/gltestm.webology.pl\/pl\/wp-json\/wp\/v2\/product_tag?post=12345"}],"curies":[{"name":"wp","href":"https:\/\/api.w.org\/{rel}","templated":true}]}}