{"id":12343,"date":"2026-03-18T22:39:06","date_gmt":"2026-03-18T21:39:06","guid":{"rendered":"https:\/\/gltestm.webology.pl\/produkt\/uchwyt-stopki-matic-niski-uniwersalny-szybkowymienny-do-maszyny-do-szycia\/"},"modified":"2026-03-22T21:50:42","modified_gmt":"2026-03-22T20:50:42","slug":"uchwyt-stopki-matic-niski-uniwersalny-szybkowymienny-do-maszyny-do-szycia","status":"publish","type":"product","link":"https:\/\/gltestm.webology.pl\/pl\/produkt\/uchwyt-stopki-matic-niski-uniwersalny-szybkowymienny-do-maszyny-do-szycia\/","title":{"rendered":"Uchwyt stopki MATIC niski uniwersalny szybkowymienny do maszyny do szycia"},"content":{"rendered":"<p>Uniwersalny uchwyt stopki typu MATIC (szybkowymienny na zatrzask) przeznaczony do maszyn do szycia.<\/p>\n<p>Umo\u017cliwia zastosowanie <strong>nowoczesnych stopek MATIC<\/strong> zar\u00f3wno w nowych modelach maszyn, jak i w starszych urz\u0105dzeniach klasy 800. Wysoko\u015b\u0107 uchwytu wynosi oko\u0142o 25 mm, a odleg\u0142o\u015b\u0107 od miejsca mocowania stopki do \u015brodka \u015bruby to 14 mm.<\/p>\n<h2>Kompatybilno\u015b\u0107 z maszynami do szycia<\/h2>\n<p>Uchwyt pasuje do szerokiej gamy maszyn, zar\u00f3wno starszego, jak i nowszego typu.<\/p>\n<p>Jest zgodny z wszystkimi modelami Janome i Elna wyposa\u017conymi w chwytacz wahad\u0142owy (nie wsp\u00f3\u0142pracuje z maszynami tych marek z chwytaczem rotacyjnym).<\/p>\n<p>Pasuje tak\u017ce do podstawowych modeli Husqvarna i Pfaff, lecz nie jest przeznaczony do bardziej zaawansowanych urz\u0105dze\u0144 tych producent\u00f3w.<\/p>\n<p>Mo\u017cna go stosowa\u0107 r\u00f3wnie\u017c w maszynach Brother, Juki, Minerva, Texi, Singer (zar\u00f3wno mechanicznych, jak i komputerowych), a tak\u017ce w nowoczesnych modelach Arka Radom, Redstar, AEG, Silvercrest i wielu innych.<\/p>\n<h2>Przyk\u0142adowe modele kompatybilne z uchwytem<\/h2>\n<p>Janome (chwytacz wahad\u0142owy): Juno E1015, J15, 1522, HD523, 415, 419S, 423S, Sakura 95, 920 i inne.<\/p>\n<p>Elna (chwytacz wahad\u0142owy): 220eX, 240eX, Sew Zebra, SEW 75 i inne.<\/p>\n<p>Brother: KD144, BQ17, BQ25, BN27, RL425, RH127, HF27, HF37, DS140, KD40, CS70, NV15, NV35, A16, A50, A60, A65, A80, A150, F400, F410, F420, F460, F560, F580, NV1040, NV1100, NV1300, NV1800, M380 i inne.<\/p>\n<p>Juki: HZL-29Z, HZL-353, HZL-354, HZL-357, HZL-HD40, HZL-HD80, HZL-HD197, HZL-F300, HZL-F400, HZL-F600, HZL-G110, HZL-G120 i inne.<\/p>\n<p>Texi: JOY 13, JOY 48, FOX 25, Black&amp;White, Ballerina i inne.<\/p>\n<p>Minerva: MAX 30, La Vento 750LV, Next 141D, Next 232D, Next 363D, Next 421A, Next 532A, M819B, M823B, M832B, M32Q, B32, Experience 1000, MC90C, MC110, MC210, MC250, DecorMaster, DecorExpert, Decor Professional, LongArm i inne.<\/p>\n<p>\u0141ucznik: 417 Diana, 419 Milena, 444 Katarzyna, 555 Laura, 2008 Weronika, 2014 Ewa, 2015 Zofia, 2016 Lidia, 2060 Helena i inne. Singer: 8280, 3221, 3229, 3232, 3323, 3333, 3342, 4411, 4423, 4432, 6605, 6805 i inne.<\/p>\n<p>Arka Radom: 885, 888, 9000 i inne.<\/p>\n<p>Husqvarna: E10, E20, Emerald 116, Emerald 118.<\/p>\n<p>Pfaff: SMARTER 140S, SMARTER 160S.<\/p>\n<p>Redstar: R09, R10, R20, R30, S200.<\/p>\n<p>Bernette: Sew&amp;Go 1, Sew&amp;Go 3, Sew&amp;Go 5.<\/p>\n<p>Maszyny starszego typu kl. 800: 527, 534, 538, 814, 827, 833, 834, 838, 85, 864, 877, 884, 888 i inne.<\/p>\n<p>Dzi\u0119ki uniwersalnemu zastosowaniu, uchwyt pozwala na korzystanie z nowoczesnych akcesori\u00f3w w wielu popularnych modelach maszyn do szycia.<\/p>\n","protected":false},"excerpt":{"rendered":"<p>Uchwyt szybko mocuj\u0105cy do maszyn do szycia. Umo\u017cliwia do\u0142\u0105czenie stopki zatrzaskowej do starszego typu maszyny \u0141ucznik.<\/p>\n","protected":false},"featured_media":13777,"comment_status":"open","ping_status":"closed","template":"","meta":[],"product_brand":[],"product_cat":[463],"product_tag":[],"class_list":{"0":"post-12343","1":"product","2":"type-product","3":"status-publish","4":"has-post-thumbnail","6":"product_cat-uchwyty-do-stopek","8":"first","9":"instock","10":"taxable","11":"shipping-taxable","12":"purchasable","13":"product-type-variable"},"_links":{"self":[{"href":"https:\/\/gltestm.webology.pl\/pl\/wp-json\/wp\/v2\/product\/12343","targetHints":{"allow":["GET"]}}],"collection":[{"href":"https:\/\/gltestm.webology.pl\/pl\/wp-json\/wp\/v2\/product"}],"about":[{"href":"https:\/\/gltestm.webology.pl\/pl\/wp-json\/wp\/v2\/types\/product"}],"replies":[{"embeddable":true,"href":"https:\/\/gltestm.webology.pl\/pl\/wp-json\/wp\/v2\/comments?post=12343"}],"version-history":[{"count":0,"href":"https:\/\/gltestm.webology.pl\/pl\/wp-json\/wp\/v2\/product\/12343\/revisions"}],"wp:featuredmedia":[{"embeddable":true,"href":"https:\/\/gltestm.webology.pl\/pl\/wp-json\/wp\/v2\/media\/13777"}],"wp:attachment":[{"href":"https:\/\/gltestm.webology.pl\/pl\/wp-json\/wp\/v2\/media?parent=12343"}],"wp:term":[{"taxonomy":"product_brand","embeddable":true,"href":"https:\/\/gltestm.webology.pl\/pl\/wp-json\/wp\/v2\/product_brand?post=12343"},{"taxonomy":"product_cat","embeddable":true,"href":"https:\/\/gltestm.webology.pl\/pl\/wp-json\/wp\/v2\/product_cat?post=12343"},{"taxonomy":"product_tag","embeddable":true,"href":"https:\/\/gltestm.webology.pl\/pl\/wp-json\/wp\/v2\/product_tag?post=12343"}],"curies":[{"name":"wp","href":"https:\/\/api.w.org\/{rel}","templated":true}]}}