{"id":12340,"date":"2026-03-18T22:39:05","date_gmt":"2026-03-18T21:39:05","guid":{"rendered":"https:\/\/gltestm.webology.pl\/produkt\/igly-klasyczne-do-tkanin-lucznik-ha2\/"},"modified":"2026-03-22T22:11:43","modified_gmt":"2026-03-22T21:11:43","slug":"igly-klasyczne-do-tkanin-lucznik-ha2","status":"publish","type":"product","link":"https:\/\/gltestm.webology.pl\/pl\/produkt\/igly-klasyczne-do-tkanin-lucznik-ha2\/","title":{"rendered":"Ig\u0142y klasyczne do tkanin \u0141ucznik HA*2"},"content":{"rendered":"<h2><strong>Zestaw igie\u0142 \u0141ucznik HA*2<\/strong><\/h2>\n<p>Zestaw igie\u0142 \u0141ucznik HA*2 przeznaczony jest do szycia z tkanin. Ig\u0142y te mo\u017cemy stosowa\u0107 zar\u00f3wno do maszyn do szycia, jak i overlock\u00f3w marki \u0141ucznik.<\/p>\n<p>Ig\u0142y \u0141ucznik z kolb\u0105 <strong>P\u00d3\u0141P\u0141ASK\u0104<\/strong> pasuj\u0105 do wszystkich maszyn do szycia oraz owerlok\u00f3w marki \u0141ucznik z obecnej oferty sprzeda\u017cowej.<\/p>\n<p>Ig\u0142y \u0141ucznik HA*2 s\u0105 pakowane po <strong>5 sztuk<\/strong> wyst\u0119puj\u0105 w<strong> 3 rozmiarach<\/strong> (od grubo\u015bci 70 do grubo\u015bci 90).<\/p>\n<p><strong>70\/10 &#8211; 1 szt.<\/strong><br \/><strong>80\/12 &#8211; 2 szt.<\/strong><br \/><strong>90\/14 &#8211; 2 szt.<\/strong><\/p>\n<p>Przy doborze rozmiaru igie\u0142 zasada jest prosta &#8211; wybieramy zawsze rozmiar najmniejszy z mo\u017cliwych, \u017ceby nie dziurawi\u0107 niepotrzebnie szytego materia\u0142u. Musimy jednak pami\u0119ta\u0107, \u017ce to w\u0142a\u015bnie rozmiar ig\u0142y decyduje o wielko\u015bci oczka, a te musi by\u0107 na tyle du\u017ce, \u017ceby nitka mog\u0142a swobodnie si\u0119 porusza\u0107.<\/p>\n<p><strong>PAMIETAJ!<\/strong><br \/>Na bie\u017c\u0105co nale\u017cy r\u00f3wnie\u017c kontrolowa\u0107 czubek ig\u0142y, gdy zauwa\u017cysz jakiekolwiek \u015blady zu\u017cycia, wymie\u0144 ig\u0142\u0119 na now\u0105. Stan ig\u0142y wp\u0142ywa na jako\u015b\u0107 \u015bciegu, uszkodzony czubek ig\u0142y mo\u017ce zniszczy\u0107 szyt\u0105 tkanin\u0119. Ig\u0142y powinny by\u0107 przechowywane w oryginalnych opakowaniach, zapobiegaj\u0105cych ich uszkodzeniu.<\/p>\n","protected":false},"excerpt":{"rendered":"<p>Uniwersalne ig\u0142y do tkanin w zestawie &#8211; 5 sztuk w rozmiarach: 70, 80, 90<\/p>\n","protected":false},"featured_media":14548,"comment_status":"open","ping_status":"closed","template":"","meta":[],"product_brand":[],"product_cat":[518],"product_tag":[],"class_list":{"0":"post-12340","1":"product","2":"type-product","3":"status-publish","4":"has-post-thumbnail","6":"product_cat-igly-do-maszyn","8":"first","9":"instock","10":"taxable","11":"shipping-taxable","12":"purchasable","13":"product-type-variable"},"_links":{"self":[{"href":"https:\/\/gltestm.webology.pl\/pl\/wp-json\/wp\/v2\/product\/12340","targetHints":{"allow":["GET"]}}],"collection":[{"href":"https:\/\/gltestm.webology.pl\/pl\/wp-json\/wp\/v2\/product"}],"about":[{"href":"https:\/\/gltestm.webology.pl\/pl\/wp-json\/wp\/v2\/types\/product"}],"replies":[{"embeddable":true,"href":"https:\/\/gltestm.webology.pl\/pl\/wp-json\/wp\/v2\/comments?post=12340"}],"version-history":[{"count":0,"href":"https:\/\/gltestm.webology.pl\/pl\/wp-json\/wp\/v2\/product\/12340\/revisions"}],"wp:featuredmedia":[{"embeddable":true,"href":"https:\/\/gltestm.webology.pl\/pl\/wp-json\/wp\/v2\/media\/14548"}],"wp:attachment":[{"href":"https:\/\/gltestm.webology.pl\/pl\/wp-json\/wp\/v2\/media?parent=12340"}],"wp:term":[{"taxonomy":"product_brand","embeddable":true,"href":"https:\/\/gltestm.webology.pl\/pl\/wp-json\/wp\/v2\/product_brand?post=12340"},{"taxonomy":"product_cat","embeddable":true,"href":"https:\/\/gltestm.webology.pl\/pl\/wp-json\/wp\/v2\/product_cat?post=12340"},{"taxonomy":"product_tag","embeddable":true,"href":"https:\/\/gltestm.webology.pl\/pl\/wp-json\/wp\/v2\/product_tag?post=12340"}],"curies":[{"name":"wp","href":"https:\/\/api.w.org\/{rel}","templated":true}]}}