{"id":12339,"date":"2026-03-18T22:39:04","date_gmt":"2026-03-18T21:39:04","guid":{"rendered":"https:\/\/gltestm.webology.pl\/produkt\/elektroniczna-analityczna-waga-lazienkowa-bs-11-b\/"},"modified":"2026-03-22T22:11:43","modified_gmt":"2026-03-22T21:11:43","slug":"elektroniczna-analityczna-waga-lazienkowa-bs-11-b","status":"publish","type":"product","link":"https:\/\/gltestm.webology.pl\/pl\/produkt\/elektroniczna-analityczna-waga-lazienkowa-bs-11-b\/","title":{"rendered":"Elektroniczna analityczna waga \u0142azienkowa BS-11 B"},"content":{"rendered":"<div>\n<div><img fetchpriority=\"high\" decoding=\"async\" src=\"\/hpeciai\/0ed4bfafa97dc69863a0b6a80f8d0f7d\/pol_pl_Elektroniczna-analityczna-waga-lazienkowa-BS-11-B-62_10.png\" alt=\"waga \u0142ucznik bs-11\" width=\"1248\" height=\"832\"><\/div>\n<div>\n<p>Czy chcesz mie\u0107 w \u0142azience wag\u0119, kt\u00f3ra pomo\u017ce Ci w osi\u0105gni\u0119ciu Twoich cel\u00f3w zdrowotnych? Oto BS-11 &#8211; elektroniczna waga \u0142azienkowa z pomiarem tkanki t\u0142uszczowej mi\u0119\u015bniowej i kostnej, kt\u00f3ra jest idealna dla ka\u017cdej osoby, kt\u00f3ra dba o swoje zdrowie. Ta wyj\u0105tkowa waga mo\u017ce pom\u00f3c Ci w osi\u0105gni\u0119ciu Twoich cel\u00f3w bez potrzeby wychodzenia z domu.<\/p>\n<h2>Waga \u0142azienkowa z pomiarem tkanki t\u0142uszczowej, kt\u00f3ra pomo\u017ce Ci osi\u0105gn\u0105\u0107 swoje cele<\/h2>\n<p>Inteligentna waga \u0142azienkowa \u0141ucznik BS-11 oferuje wiele funkcji, kt\u00f3re s\u0105 niezwykle pomocne dla os\u00f3b, kt\u00f3re chc\u0105 zmieni\u0107 swoje nawyki \u017cywieniowe i styl \u017cycia. Mo\u017cesz monitorowa\u0107 swoj\u0105 mas\u0119 cia\u0142a i post\u0119py w redukcji tkanki t\u0142uszczowej, zwi\u0119kszeniu masy mi\u0119\u015bniowej oraz nawodnieniu. W urz\u0105dzeniu zosta\u0142a wykorzystana najnowsza technologia BIA (analiza impedancji bioelektrycznej). Nasza wielofunkcyjna inteligentna waga \u0142azienkowa do 180 kg posiada wyb\u00f3r jednostek pomiarowych w kg, lb oraz st.<\/p>\n<\/div>\n<div><img decoding=\"async\" src=\"\/hpeciai\/fc80a2721144ad01b8de33aaca676db8\/pol_pl_Elektroniczna-analityczna-waga-lazienkowa-BS-11-B-62_9.png\" alt=\"waga \u0142azienkowa \u0142ucznik bs-11\" width=\"1500\" height=\"717\"><\/div>\n<div>\n<h2>Jak dzia\u0142a waga \u0142azienkowa z analiz\u0105 sk\u0142adu cia\u0142a?<\/h2>\n<p>Inteligentne wagi \u0142azienkowe &#8211; takie jak model \u0141ucznik BS-11 &#8211; to nowoczesne urz\u0105dzenia, kt\u00f3re nie tylko mierz\u0105 mas\u0119 cia\u0142a, ale r\u00f3wnie\u017c dok\u0142adnie analizuje jego sk\u0142ad. Dzi\u0119ki zastosowaniu zaawansowanej technologii, umo\u017cliwiaj\u0105 pomiar takich parametr\u00f3w jak poziom tkanki t\u0142uszczowej, masa mi\u0119\u015bniowa, procent wody w organizmie czy warto\u015b\u0107 BMI.<\/p>\n<p>Proces pomiaru jest szybki i \u0142atwy \u2013 wystarczy stan\u0105\u0107 na inteligentnej wadze \u0142azienkowej, a ona dzi\u0119ki elektroimpulsom zbiera dane, kt\u00f3re nast\u0119pnie s\u0105 wy\u015bwietlane na ekranie. Tego rodzaju urz\u0105dzenie pomaga w monitorowaniu zdrowia, dostarczaj\u0105c informacji, kt\u00f3re pozwalaj\u0105 lepiej zarz\u0105dza\u0107 codziennym stylem \u017cycia i dbaniem o form\u0119.<\/p>\n<h2>Najwa\u017cniejsze cechy inteligentnej wagi \u0142azienkowej \u0141ucznik BS-11 B<\/h2>\n<ul>\n<li>Du\u017cy, czytelny wy\u015bwietlacz LCD<\/li>\n<li>Jednostki wagi: kg, lb, st<\/li>\n<li>Zakres pomiaru wagi: 5-180 kg<\/li>\n<li>Dok\u0142adno\u015b\u0107 pomiaru: 100 g<\/li>\n<li>Pomiar dodatkowy: masa mi\u0119\u015bniowa, tkanka kostna, tkanka t\u0142uszczowa, zawarto\u015b\u0107 wody w organizmie<\/li>\n<li>Dok\u0142adno\u015b\u0107 pomiaru tkanki t\u0142uszczowej: 0,01%<\/li>\n<li>Pami\u0119\u0107 do 10 u\u017cytkownik\u00f3w<\/li>\n<li>Automatyczna w\u0142\u0105czanie \u2014 funkcja &#8222;step-on&#8221;<\/li>\n<li>Automatyczne wy\u0142\u0105czanie (przed\u0142u\u017ca \u017cywotno\u015b\u0107 baterii)<\/li>\n<li>Automatyczna kalibracja<\/li>\n<li>Bezpieczne, hartowane szk\u0142o<\/li>\n<li>Wska\u017anik na\u0142adowania baterii<\/li>\n<li>Zasilanie: 2 szt. bateria AAA (w zestawie)<\/li>\n<li>Wymiary: 30 \u00d7 30 cm<\/li>\n<\/ul>\n<h2>Monitoruj swoje post\u0119py z dok\u0142adno\u015bci\u0105 do 0,1% z nasz\u0105 inteligentn\u0105 wag\u0105 \u0142azienkow\u0105!<\/h2>\n<p>Waga \u0142azienkowa inteligentna BS-11 B to idealne narz\u0119dzie dla os\u00f3b, kt\u00f3re dbaj\u0105 o swoje <span>zdrowie i kondycj\u0119<\/span>. Mo\u017ce pom\u00f3c w <span>\u015bledzeniu post\u0119p\u00f3w<\/span> w odchudzaniu lub budowaniu mi\u0119\u015bni dzi\u0119ki funkcjom takim jak pomiar BMI i kalorii. <span>Dok\u0142adno\u015b\u0107 pomiaru do 0,1%<\/span> pozwala na monitorowanie zmian w ciele, a zapami\u0119tywanie danych <span>10 u\u017cytkownik\u00f3w<\/span> u\u0142atwia kontrolowanie post\u0119p\u00f3w i wynik\u00f3w. Planowanie diety lub \u0107wicze\u0144 jest znacznie \u0142atwiejsze, gdy ma si\u0119 precyzyjne dane, dlatego waga \u0142azienkowa z BMI i analiz\u0105 sk\u0142adu cia\u0142a to idealny wyb\u00f3r.<\/p>\n<\/div>\n<div>\n<h2>24-miesi\u0119czna gwarancja<\/h2>\n<p>Waga \u0142azienkowa z BMI \u0141ucznik BS-11 B posiada 24-miesi\u0119czn\u0105 gwarancj\u0119 oraz instrukcj\u0119 w j\u0119zyku polskim, z kt\u00f3r\u0105 nale\u017cy si\u0119 zapozna\u0107 przed u\u017cytkowaniem sprz\u0119tu. Odpowiednio u\u017cytkowane, inteligentne wagi \u0142azienkowe z pomiarem t\u0142uszczu i wody zapewniaj\u0105 d\u0142ugie i wygodne dzia\u0142anie.<\/p>\n<\/div>\n<\/div>\n","protected":false},"excerpt":{"rendered":"<p>Elektroniczna wielofunkcyjna waga \u0142azienkowa BS-11B o maksymalnym nacisku 180 kg, z wy\u015bwietlaczem LCD, kt\u00f3ra zosta\u0142a wyposa\u017cona w funkcj\u0119 pomiaru BMI i kalorii, a tak\u017ce pomiar masy cia\u0142a, mi\u0119\u015bni, ko\u015bci oraz t\u0142uszczu i nawodnienia.<\/p>\n","protected":false},"featured_media":14962,"comment_status":"open","ping_status":"closed","template":"","meta":[],"product_brand":[],"product_cat":[663],"product_tag":[],"class_list":{"0":"post-12339","1":"product","2":"type-product","3":"status-publish","4":"has-post-thumbnail","6":"product_cat-wagi-lazienkowe","8":"first","9":"instock","10":"taxable","11":"shipping-taxable","12":"purchasable","13":"product-type-variable"},"_links":{"self":[{"href":"https:\/\/gltestm.webology.pl\/pl\/wp-json\/wp\/v2\/product\/12339","targetHints":{"allow":["GET"]}}],"collection":[{"href":"https:\/\/gltestm.webology.pl\/pl\/wp-json\/wp\/v2\/product"}],"about":[{"href":"https:\/\/gltestm.webology.pl\/pl\/wp-json\/wp\/v2\/types\/product"}],"replies":[{"embeddable":true,"href":"https:\/\/gltestm.webology.pl\/pl\/wp-json\/wp\/v2\/comments?post=12339"}],"version-history":[{"count":0,"href":"https:\/\/gltestm.webology.pl\/pl\/wp-json\/wp\/v2\/product\/12339\/revisions"}],"wp:featuredmedia":[{"embeddable":true,"href":"https:\/\/gltestm.webology.pl\/pl\/wp-json\/wp\/v2\/media\/14962"}],"wp:attachment":[{"href":"https:\/\/gltestm.webology.pl\/pl\/wp-json\/wp\/v2\/media?parent=12339"}],"wp:term":[{"taxonomy":"product_brand","embeddable":true,"href":"https:\/\/gltestm.webology.pl\/pl\/wp-json\/wp\/v2\/product_brand?post=12339"},{"taxonomy":"product_cat","embeddable":true,"href":"https:\/\/gltestm.webology.pl\/pl\/wp-json\/wp\/v2\/product_cat?post=12339"},{"taxonomy":"product_tag","embeddable":true,"href":"https:\/\/gltestm.webology.pl\/pl\/wp-json\/wp\/v2\/product_tag?post=12339"}],"curies":[{"name":"wp","href":"https:\/\/api.w.org\/{rel}","templated":true}]}}