{"id":12338,"date":"2026-03-18T22:39:04","date_gmt":"2026-03-18T21:39:04","guid":{"rendered":"https:\/\/gltestm.webology.pl\/produkt\/mlynek-do-soli-pieprzu-i-przypraw-pm-101-zielony\/"},"modified":"2026-03-22T21:48:36","modified_gmt":"2026-03-22T20:48:36","slug":"mlynek-do-soli-pieprzu-i-przypraw-pm-101-zielony","status":"publish","type":"product","link":"https:\/\/gltestm.webology.pl\/pl\/produkt\/mlynek-do-soli-pieprzu-i-przypraw-pm-101-zielony\/","title":{"rendered":"M\u0142ynek do soli, pieprzu i przypraw PM-101 zielony"},"content":{"rendered":"<h2><strong>M\u0142ynek do soli, pieprzu i przypraw PM101 <\/strong>&#8211; informacje szczeg\u00f3\u0142owe<strong><br \/><\/strong><\/h2>\n<p><strong>M\u0142ynek do soli, pieprzu i przypraw PM101 <\/strong>wyposa\u017cony jest w <strong>ceramiczne \u017carna, <\/strong>kt\u00f3rych prac\u0119 mo\u017cna regulowa\u0107, dowolnie zmniejszaj\u0105c b\u0105d\u017a zwi\u0119kszaj\u0105c grubo\u015b\u0107 zmielenia przyprawy.<\/p>\n<p>Soczy\u015bcie zielony kolor <strong>m\u0142ynka PM 101<\/strong> wprowadza \u015bwie\u017cy, pozytywny akcent do pomieszczenia, a jego matowa, mi\u0142a w dotyku obudowa sprawia, \u017ce korzystanie z niego jest prawdziw\u0105 przyjemno\u015bci\u0105.<\/p>\n<p><strong>M\u0142ynek <\/strong><strong>PM-101<\/strong><span> jest m\u0142ynkiem elektrycznym, zasilanym <strong>4 szt. baterii AA<\/strong>. Dzi\u0119ki temu mielenie odbywa si\u0119 za pomoc\u0105 naci\u015bni\u0119cia przycisku w g\u00f3rnej cz\u0119\u015bci obudowy i nie jest konieczne r\u0119czne obracanie mechanizmem.<\/span><\/p>\n<p><strong>M\u0142ynek<\/strong> jest idealny do mielenia soli, pieprzu, kolendry oraz innych przypraw.<strong> Dost\u0119pny w r\u00f3\u017cnych kolorach: <\/strong>pomara\u0144czowym, \u017c\u00f3\u0142tym, r\u00f3\u017cowym, niebieskim, czerwonym, bia\u0142ym, czarnym, waniliowym, czekoladowym oraz fioletowym. <\/p>\n<p><strong>M\u0142ynek do soli, pieprzu i przypraw PM101<\/strong> posiada <strong>24-miesi\u0119czn\u0105 gwarancj\u0119<\/strong> oraz <strong>instrukcj\u0119 w j\u0119zyku polskim<\/strong>, z kt\u00f3r\u0105 nale\u017cy zapozna\u0107 si\u0119 przed rozpocz\u0119ciem u\u017cytkowaniem sprz\u0119tu.  <\/p>\n","protected":false},"excerpt":{"rendered":"<p>M\u0142ynek do soli, pieprzu i przypraw PM101 doskonale nadaje si\u0119 do mielenia soli, pieprzu, kolendry oraz innych przypraw. M\u0142ynek jest dost\u0119pny w r\u00f3\u017cnych kolorach i posiada ceramiczny mechanizm z regulacj\u0105 grubo\u015bci mielenia<\/p>\n","protected":false},"featured_media":13267,"comment_status":"open","ping_status":"closed","template":"","meta":[],"product_brand":[],"product_cat":[588],"product_tag":[],"class_list":{"0":"post-12338","1":"product","2":"type-product","3":"status-publish","4":"has-post-thumbnail","6":"product_cat-mlynki","8":"first","9":"instock","10":"taxable","11":"shipping-taxable","12":"product-type-simple"},"_links":{"self":[{"href":"https:\/\/gltestm.webology.pl\/pl\/wp-json\/wp\/v2\/product\/12338","targetHints":{"allow":["GET"]}}],"collection":[{"href":"https:\/\/gltestm.webology.pl\/pl\/wp-json\/wp\/v2\/product"}],"about":[{"href":"https:\/\/gltestm.webology.pl\/pl\/wp-json\/wp\/v2\/types\/product"}],"replies":[{"embeddable":true,"href":"https:\/\/gltestm.webology.pl\/pl\/wp-json\/wp\/v2\/comments?post=12338"}],"version-history":[{"count":0,"href":"https:\/\/gltestm.webology.pl\/pl\/wp-json\/wp\/v2\/product\/12338\/revisions"}],"wp:featuredmedia":[{"embeddable":true,"href":"https:\/\/gltestm.webology.pl\/pl\/wp-json\/wp\/v2\/media\/13267"}],"wp:attachment":[{"href":"https:\/\/gltestm.webology.pl\/pl\/wp-json\/wp\/v2\/media?parent=12338"}],"wp:term":[{"taxonomy":"product_brand","embeddable":true,"href":"https:\/\/gltestm.webology.pl\/pl\/wp-json\/wp\/v2\/product_brand?post=12338"},{"taxonomy":"product_cat","embeddable":true,"href":"https:\/\/gltestm.webology.pl\/pl\/wp-json\/wp\/v2\/product_cat?post=12338"},{"taxonomy":"product_tag","embeddable":true,"href":"https:\/\/gltestm.webology.pl\/pl\/wp-json\/wp\/v2\/product_tag?post=12338"}],"curies":[{"name":"wp","href":"https:\/\/api.w.org\/{rel}","templated":true}]}}