{"id":12337,"date":"2026-03-18T22:39:03","date_gmt":"2026-03-18T21:39:03","guid":{"rendered":"https:\/\/gltestm.webology.pl\/produkt\/mlynek-do-soli-pieprzu-i-przypraw-pm-101-bialy\/"},"modified":"2026-03-22T22:11:43","modified_gmt":"2026-03-22T21:11:43","slug":"mlynek-do-soli-pieprzu-i-przypraw-pm-101-bialy","status":"publish","type":"product","link":"https:\/\/gltestm.webology.pl\/pl\/produkt\/mlynek-do-soli-pieprzu-i-przypraw-pm-101-bialy\/","title":{"rendered":"M\u0142ynek do soli, pieprzu i przypraw PM-101 bia\u0142y"},"content":{"rendered":"<h2><strong>M\u0142ynek do soli, pieprzu i przypraw PM101 <\/strong>&#8211; informacje szczeg\u00f3\u0142owe<strong><br \/><\/strong><\/h2>\n<p><strong>Elektryczny m\u0142ynek do soli, pieprzu i przypraw PM101 bia\u0142y<\/strong> z <strong>ceramicznym mechanizmem <\/strong>wyposa\u017conym w<strong> regulacj\u0119 grubo\u015bci mielenia <\/strong>przyprawy.<\/p>\n<p><strong>M\u0142ynek<\/strong> jest idealny do mielenia soli, pieprzu, kolendry oraz innych przypraw.<strong> Dost\u0119pny w r\u00f3\u017cnych kolorach: <\/strong>pomara\u0144czowym, \u017c\u00f3\u0142tym, zielonym, r\u00f3\u017cowym, niebieskim, czerwonym, czarnym, waniliowym, czekoladowym oraz fioletowym. Jego elegancki i stylowy wygl\u0105d b\u0119dzie idealnie komponowa\u0142 si\u0119 na tle Naszej kuchni.<\/p>\n<p><strong>M\u0142ynek <\/strong><strong>PM-101<\/strong><span> jest m\u0142ynkiem elektrycznym, zasilanym <strong>4 szt. baterii AA<\/strong>. Dzi\u0119ki temu mielenie odbywa si\u0119 za pomoc\u0105 naci\u015bni\u0119cia przycisku w g\u00f3rnej cz\u0119\u015bci obudowy i nie jest konieczne r\u0119czne obracanie mechanizmem.<\/span><\/p>\n<p><strong>M\u0142ynek do soli, pieprzu i przypraw PM101<\/strong> posiada <strong>24-miesi\u0119czn\u0105 gwarancj\u0119<\/strong> oraz <strong>instrukcj\u0119 w j\u0119zyku polskim<\/strong>, z kt\u00f3r\u0105 nale\u017cy si\u0119 zapozna\u0107 przed u\u017cytkowaniem sprz\u0119tu.  <\/p>\n","protected":false},"excerpt":{"rendered":"<p>M\u0142ynek do soli, pieprzu i przypraw PM101 doskonale nadaje si\u0119 do mielenia soli, pieprzu, kolendry oraz innych przypraw. M\u0142ynek jest dost\u0119pny w r\u00f3\u017cnych kolorach i posiada ceramiczny mechanizm z regulacj\u0105 grubo\u015bci mielenia<\/p>\n","protected":false},"featured_media":13514,"comment_status":"open","ping_status":"closed","template":"","meta":[],"product_brand":[],"product_cat":[],"product_tag":[],"class_list":{"0":"post-12337","1":"product","2":"type-product","3":"status-publish","4":"has-post-thumbnail","7":"first","8":"instock","9":"taxable","10":"shipping-taxable","11":"product-type-simple"},"_links":{"self":[{"href":"https:\/\/gltestm.webology.pl\/pl\/wp-json\/wp\/v2\/product\/12337","targetHints":{"allow":["GET"]}}],"collection":[{"href":"https:\/\/gltestm.webology.pl\/pl\/wp-json\/wp\/v2\/product"}],"about":[{"href":"https:\/\/gltestm.webology.pl\/pl\/wp-json\/wp\/v2\/types\/product"}],"replies":[{"embeddable":true,"href":"https:\/\/gltestm.webology.pl\/pl\/wp-json\/wp\/v2\/comments?post=12337"}],"version-history":[{"count":0,"href":"https:\/\/gltestm.webology.pl\/pl\/wp-json\/wp\/v2\/product\/12337\/revisions"}],"wp:featuredmedia":[{"embeddable":true,"href":"https:\/\/gltestm.webology.pl\/pl\/wp-json\/wp\/v2\/media\/13514"}],"wp:attachment":[{"href":"https:\/\/gltestm.webology.pl\/pl\/wp-json\/wp\/v2\/media?parent=12337"}],"wp:term":[{"taxonomy":"product_brand","embeddable":true,"href":"https:\/\/gltestm.webology.pl\/pl\/wp-json\/wp\/v2\/product_brand?post=12337"},{"taxonomy":"product_cat","embeddable":true,"href":"https:\/\/gltestm.webology.pl\/pl\/wp-json\/wp\/v2\/product_cat?post=12337"},{"taxonomy":"product_tag","embeddable":true,"href":"https:\/\/gltestm.webology.pl\/pl\/wp-json\/wp\/v2\/product_tag?post=12337"}],"curies":[{"name":"wp","href":"https:\/\/api.w.org\/{rel}","templated":true}]}}