{"id":12336,"date":"2026-03-18T22:39:03","date_gmt":"2026-03-18T21:39:03","guid":{"rendered":"https:\/\/gltestm.webology.pl\/produkt\/mlynek-elektryczny-pm-101-fioletowy\/"},"modified":"2026-03-22T21:48:32","modified_gmt":"2026-03-22T20:48:32","slug":"mlynek-elektryczny-pm-101-fioletowy","status":"publish","type":"product","link":"https:\/\/gltestm.webology.pl\/pl\/produkt\/mlynek-elektryczny-pm-101-fioletowy\/","title":{"rendered":"M\u0142ynek elektryczny PM-101 fioletowy"},"content":{"rendered":"<h2>M\u0142ynek do soli, pieprzu i przypraw PM-101<\/h2>\n<p><strong>M\u0142ynek do soli, pieprzu i przypraw PM-101 w g\u0142\u0119bokim, fioletowym kolorze. <\/strong>Dzia\u0142a na baterie i umo\u017cliwia mielenie po naci\u015bni\u0119ciu przycisku, bez konieczno\u015bci obracania mechanizmem. <strong>M\u0142ynek <\/strong>posiada<strong> regulacj\u0119 stopnia zmielenia <\/strong>przyprawy, dzi\u0119ki czemu pozwala idealnie dobra\u0107 ich struktur\u0119 do przygotowywanego dania.<\/p>\n<p><strong>M\u0142ynek \u0141ucznik PM-101<\/strong> jest idealny do mielenia wszelkich ziarnistych przypraw, jak na przyk\u0142ad pieprz, s\u00f3l czy kolendra. Dost\u0119pny jest w<strong> r\u00f3\u017cnych wariatach kolorystycznych: <\/strong>pomara\u0144czowym, \u017c\u00f3\u0142tym, zielonym, r\u00f3\u017cowym, niebieskim, czerwonym, bia\u0142ym, czarnym, waniliowym oraz czekoladowym. Jego elegancki i stylowy wygl\u0105d stanowi niebanaln\u0105 ozdob\u0119 kuchni.<\/p>\n<h2>24-miesi\u0119czna gwarancja<\/h2>\n<p><strong>M\u0142ynek do soli, pieprzu i przypraw \u0141ucznik PM-101<\/strong> posiada <strong>24-miesi\u0119czn\u0105 gwarancj\u0119<\/strong> oraz <strong>instrukcj\u0119 w j\u0119zyku polskim<\/strong>, z kt\u00f3r\u0105 nale\u017cy zapozna\u0107 si\u0119 przed u\u017cyciem produktu.  <\/p>\n","protected":false},"excerpt":{"rendered":"<p>M\u0142ynek do soli, pieprzu i przypraw PM101 doskonale nadaje si\u0119 do mielenia soli, pieprzu, kolendry oraz innych przypraw. M\u0142ynek jest dost\u0119pny w r\u00f3\u017cnych kolorach i posiada ceramiczny mechanizm z regulacj\u0105 grubo\u015bci mielenia<\/p>\n","protected":false},"featured_media":13866,"comment_status":"open","ping_status":"closed","template":"","meta":[],"product_brand":[],"product_cat":[],"product_tag":[],"class_list":{"0":"post-12336","1":"product","2":"type-product","3":"status-publish","4":"has-post-thumbnail","7":"first","8":"instock","9":"taxable","10":"shipping-taxable","11":"product-type-simple"},"_links":{"self":[{"href":"https:\/\/gltestm.webology.pl\/pl\/wp-json\/wp\/v2\/product\/12336","targetHints":{"allow":["GET"]}}],"collection":[{"href":"https:\/\/gltestm.webology.pl\/pl\/wp-json\/wp\/v2\/product"}],"about":[{"href":"https:\/\/gltestm.webology.pl\/pl\/wp-json\/wp\/v2\/types\/product"}],"replies":[{"embeddable":true,"href":"https:\/\/gltestm.webology.pl\/pl\/wp-json\/wp\/v2\/comments?post=12336"}],"version-history":[{"count":0,"href":"https:\/\/gltestm.webology.pl\/pl\/wp-json\/wp\/v2\/product\/12336\/revisions"}],"wp:featuredmedia":[{"embeddable":true,"href":"https:\/\/gltestm.webology.pl\/pl\/wp-json\/wp\/v2\/media\/13866"}],"wp:attachment":[{"href":"https:\/\/gltestm.webology.pl\/pl\/wp-json\/wp\/v2\/media?parent=12336"}],"wp:term":[{"taxonomy":"product_brand","embeddable":true,"href":"https:\/\/gltestm.webology.pl\/pl\/wp-json\/wp\/v2\/product_brand?post=12336"},{"taxonomy":"product_cat","embeddable":true,"href":"https:\/\/gltestm.webology.pl\/pl\/wp-json\/wp\/v2\/product_cat?post=12336"},{"taxonomy":"product_tag","embeddable":true,"href":"https:\/\/gltestm.webology.pl\/pl\/wp-json\/wp\/v2\/product_tag?post=12336"}],"curies":[{"name":"wp","href":"https:\/\/api.w.org\/{rel}","templated":true}]}}