{"id":12335,"date":"2026-03-18T22:39:03","date_gmt":"2026-03-18T21:39:03","guid":{"rendered":"https:\/\/gltestm.webology.pl\/produkt\/mlynek-do-soli-pieprzu-i-przypraw-pm-101-waniliowy\/"},"modified":"2026-03-22T21:48:29","modified_gmt":"2026-03-22T20:48:29","slug":"mlynek-do-soli-pieprzu-i-przypraw-pm-101-waniliowy","status":"publish","type":"product","link":"https:\/\/gltestm.webology.pl\/pl\/produkt\/mlynek-do-soli-pieprzu-i-przypraw-pm-101-waniliowy\/","title":{"rendered":"M\u0142ynek do soli, pieprzu i przypraw PM-101 waniliowy"},"content":{"rendered":"<h2><strong>M\u0142ynek do soli, pieprzu i przypraw PM101 <\/strong>&#8211; informacje szczeg\u00f3\u0142owe<strong><br \/><\/strong><\/h2>\n<p><strong>Elektryczny m\u0142ynek do soli, pieprzu i przypraw PM101 <\/strong>w subtelnym, waniliowym kolorze. Umo\u017cliwia mielenie bez wysi\u0142ku &#8211; wystarczy nacisn\u0105\u0107 przycisk, aby jego \u017carna zacz\u0119\u0142y si\u0119 obraca\u0107. Posiada r\u00f3wnie\u017c regulacj\u0119 stopnia mielenia pozwalaj\u0105c\u0105 uzyska\u0107 r\u00f3\u017cnej wielko\u015bci drobiny.<\/p>\n<p><strong>M\u0142ynek <\/strong><strong>PM-101<\/strong><span> jest m\u0142ynkiem zasilanym <strong>4 szt. baterii AA<\/strong>. <\/span><\/p>\n<p><strong>M\u0142ynek PM101 <\/strong>\u015bwietnie nadaje si\u0119 do mielenia soli oraz innych przypraw. Mo\u017cna dobra\u0107 drugi m\u0142ynek w pasuj\u0105cym kolorze, aby odr\u00f3\u017cni\u0107 go od m\u0142ynka przeznaczonego do innych przypraw, na przyk\u0142ad pieprzu. Dost\u0119pne warianty: pomara\u0144czowy, \u017c\u00f3\u0142ty, zielony, r\u00f3\u017cowy, niebieski, czerwony, bia\u0142y, czarny, czekoladowy oraz fioletowy. Jego matowa, przyjemna powierzchnia zwi\u0119ksza komfort u\u017cytkowania, a nienachalny, subtelny kolor pi\u0119knie wkomponuje si\u0119 do ka\u017cdej kuchni.<\/p>\n<p><strong>M\u0142ynek do soli, pieprzu i przypraw PM101<\/strong> posiada <strong>24-miesi\u0119czn\u0105 gwarancj\u0119<\/strong> oraz <strong>instrukcj\u0119 w j\u0119zyku polskim<\/strong>, z kt\u00f3r\u0105 nale\u017cy zapozna\u0107 si\u0119 przed rozpocz\u0119ciem u\u017cytkowania produktu.  <\/p>\n","protected":false},"excerpt":{"rendered":"<p>M\u0142ynek do soli, pieprzu i przypraw PM101 doskonale nadaje si\u0119 do mielenia soli, pieprzu, kolendry oraz innych przypraw. M\u0142ynek jest dost\u0119pny w r\u00f3\u017cnych kolorach i posiada ceramiczny mechanizm z regulacj\u0105 grubo\u015bci mielenia<\/p>\n","protected":false},"featured_media":13703,"comment_status":"open","ping_status":"closed","template":"","meta":[],"product_brand":[],"product_cat":[],"product_tag":[],"class_list":{"0":"post-12335","1":"product","2":"type-product","3":"status-publish","4":"has-post-thumbnail","7":"first","8":"instock","9":"taxable","10":"shipping-taxable","11":"product-type-simple"},"_links":{"self":[{"href":"https:\/\/gltestm.webology.pl\/pl\/wp-json\/wp\/v2\/product\/12335","targetHints":{"allow":["GET"]}}],"collection":[{"href":"https:\/\/gltestm.webology.pl\/pl\/wp-json\/wp\/v2\/product"}],"about":[{"href":"https:\/\/gltestm.webology.pl\/pl\/wp-json\/wp\/v2\/types\/product"}],"replies":[{"embeddable":true,"href":"https:\/\/gltestm.webology.pl\/pl\/wp-json\/wp\/v2\/comments?post=12335"}],"version-history":[{"count":0,"href":"https:\/\/gltestm.webology.pl\/pl\/wp-json\/wp\/v2\/product\/12335\/revisions"}],"wp:featuredmedia":[{"embeddable":true,"href":"https:\/\/gltestm.webology.pl\/pl\/wp-json\/wp\/v2\/media\/13703"}],"wp:attachment":[{"href":"https:\/\/gltestm.webology.pl\/pl\/wp-json\/wp\/v2\/media?parent=12335"}],"wp:term":[{"taxonomy":"product_brand","embeddable":true,"href":"https:\/\/gltestm.webology.pl\/pl\/wp-json\/wp\/v2\/product_brand?post=12335"},{"taxonomy":"product_cat","embeddable":true,"href":"https:\/\/gltestm.webology.pl\/pl\/wp-json\/wp\/v2\/product_cat?post=12335"},{"taxonomy":"product_tag","embeddable":true,"href":"https:\/\/gltestm.webology.pl\/pl\/wp-json\/wp\/v2\/product_tag?post=12335"}],"curies":[{"name":"wp","href":"https:\/\/api.w.org\/{rel}","templated":true}]}}