{"id":12334,"date":"2026-03-18T22:39:02","date_gmt":"2026-03-18T21:39:02","guid":{"rendered":"https:\/\/gltestm.webology.pl\/produkt\/mlynek-do-soli-pieprzu-i-przypraw-pm-101-czarny\/"},"modified":"2026-03-22T21:48:27","modified_gmt":"2026-03-22T20:48:27","slug":"mlynek-do-soli-pieprzu-i-przypraw-pm-101-czarny","status":"publish","type":"product","link":"https:\/\/gltestm.webology.pl\/pl\/produkt\/mlynek-do-soli-pieprzu-i-przypraw-pm-101-czarny\/","title":{"rendered":"M\u0142ynek do soli, pieprzu i przypraw PM-101 czarny"},"content":{"rendered":"<h2><strong>M\u0142ynek do soli, pieprzu i przypraw PM101 <\/strong>&#8211; informacje szczeg\u00f3\u0142owe<strong><br \/><\/strong><\/h2>\n<p><strong>M\u0142ynek do soli, pieprzu i przypraw PM101<\/strong> <strong>czarny<\/strong> z <strong>ceramicznym mechanizmem<\/strong>, kt\u00f3ry posiada<strong> regulacj\u0119 grubo\u015bci mielenia<\/strong>, dzi\u0119ki czemu dobierzesz odpowiedni\u0105 dla siebie grubo\u015b\u0107 ziaren<strong>.<\/strong><\/p>\n<p><strong>M\u0142ynek \u0141ucznik PM101 <\/strong>to m\u0142ynek elektryczny<span>, zasilanym<\/span> <strong>4 szt. baterii AA,<\/strong> umo\u017cliwiaj\u0105cy mielenie po przyci\u015bni\u0119ciu guzika &#8211; nie ma tu konieczno\u015bci obracania \u017carnami. Pokryty jest przyjemn\u0105 w dotyku, matow\u0105 pow\u0142ok\u0105.<\/p>\n<p><strong>M\u0142ynek<\/strong> idealnie nadaje si\u0119 do mielenia soli, pieprzu, kolendry oraz innych przypraw.<strong> Dost\u0119pny r\u00f3wnie\u017c w innych kolorach: <\/strong>pomara\u0144czowym, \u017c\u00f3\u0142tym, zielonym, r\u00f3\u017cowym, niebieskim, czerwonym, bia\u0142ym, waniliowym, czekoladowym oraz fioletowym. Pi\u0119knie sprawdzi si\u0119 w duecie z m\u0142ynkiem bia\u0142ym b\u0105d\u017a waniliowym jako nie\u015bmiertelny tandem: solniczka oraz pieprzniczka.<\/p>\n<p><strong>M\u0142ynek do soli, pieprzu i przypraw PM101<\/strong> posiada <strong>24-miesi\u0119czn\u0105 gwarancj\u0119<\/strong> oraz <strong>instrukcj\u0119 w j\u0119zyku polskim<\/strong>, z kt\u00f3r\u0105 nale\u017cy zapozna\u0107 si\u0119 przed u\u017cytkowaniem sprz\u0119tu.  <\/p>\n","protected":false},"excerpt":{"rendered":"<p>M\u0142ynek do soli, pieprzu i przypraw PM101 doskonale nadaje si\u0119 do mielenia soli, pieprzu, kolendry oraz innych przypraw. M\u0142ynek jest dost\u0119pny w r\u00f3\u017cnych kolorach i posiada ceramiczny mechanizm z regulacj\u0105 grubo\u015bci mielenia<\/p>\n","protected":false},"featured_media":14542,"comment_status":"open","ping_status":"closed","template":"","meta":[],"product_brand":[],"product_cat":[],"product_tag":[],"class_list":{"0":"post-12334","1":"product","2":"type-product","3":"status-publish","4":"has-post-thumbnail","7":"first","8":"instock","9":"taxable","10":"shipping-taxable","11":"product-type-simple"},"_links":{"self":[{"href":"https:\/\/gltestm.webology.pl\/pl\/wp-json\/wp\/v2\/product\/12334","targetHints":{"allow":["GET"]}}],"collection":[{"href":"https:\/\/gltestm.webology.pl\/pl\/wp-json\/wp\/v2\/product"}],"about":[{"href":"https:\/\/gltestm.webology.pl\/pl\/wp-json\/wp\/v2\/types\/product"}],"replies":[{"embeddable":true,"href":"https:\/\/gltestm.webology.pl\/pl\/wp-json\/wp\/v2\/comments?post=12334"}],"version-history":[{"count":0,"href":"https:\/\/gltestm.webology.pl\/pl\/wp-json\/wp\/v2\/product\/12334\/revisions"}],"wp:featuredmedia":[{"embeddable":true,"href":"https:\/\/gltestm.webology.pl\/pl\/wp-json\/wp\/v2\/media\/14542"}],"wp:attachment":[{"href":"https:\/\/gltestm.webology.pl\/pl\/wp-json\/wp\/v2\/media?parent=12334"}],"wp:term":[{"taxonomy":"product_brand","embeddable":true,"href":"https:\/\/gltestm.webology.pl\/pl\/wp-json\/wp\/v2\/product_brand?post=12334"},{"taxonomy":"product_cat","embeddable":true,"href":"https:\/\/gltestm.webology.pl\/pl\/wp-json\/wp\/v2\/product_cat?post=12334"},{"taxonomy":"product_tag","embeddable":true,"href":"https:\/\/gltestm.webology.pl\/pl\/wp-json\/wp\/v2\/product_tag?post=12334"}],"curies":[{"name":"wp","href":"https:\/\/api.w.org\/{rel}","templated":true}]}}