{"id":12332,"date":"2026-03-18T22:39:02","date_gmt":"2026-03-18T21:39:02","guid":{"rendered":"https:\/\/gltestm.webology.pl\/produkt\/mlynek-do-soli-pieprzu-i-przypraw-pm-201-c\/"},"modified":"2026-03-22T21:39:44","modified_gmt":"2026-03-22T20:39:44","slug":"mlynek-do-soli-pieprzu-i-przypraw-pm-201-c","status":"publish","type":"product","link":"https:\/\/gltestm.webology.pl\/pl\/produkt\/mlynek-do-soli-pieprzu-i-przypraw-pm-201-c\/","title":{"rendered":"M\u0142ynek do soli, pieprzu i przypraw PM-201 C"},"content":{"rendered":"<h2><strong>M\u0142ynek do soli, pieprzu i przypraw PM-201 C<\/strong><strong><br \/><\/strong><\/h2>\n<p><strong>M\u0142ynek do soli, pieprzu i przypraw PM-201 C<\/strong> z<strong> ceramicznym mechanizmem<\/strong>, posiada<strong> regulacj\u0119 grubo\u015bci mielenia<\/strong>, dzi\u0119ki czemu dobierzesz odpowiedni\u0105 dla siebie grubo\u015b\u0107 ziaren. Idealny do mielenia soli, pieprzu, kolendry oraz innych przypraw. Jego elegancki i stylowy wygl\u0105d b\u0119dzie idealnie komponowa\u0142 si\u0119 na tle Waszej kuchni.<\/p>\n<h2>24-miesi\u0119czna gwarancja<\/h2>\n<p><strong>M\u0142ynek do soli, pieprzu i przypraw PM-201 C<\/strong> posiada <strong>24 miesi\u0119czn\u0105 gwarancj\u0119<\/strong> oraz instrukcj\u0119 w j\u0119zyku polskim, z kt\u00f3r\u0105 nale\u017cy zapozna\u0107 si\u0119 przed rozpocz\u0119ciem u\u017cytkowania sprz\u0119tu.<\/p>\n","protected":false},"excerpt":{"rendered":"<p>Elegancki i stylowy, idealny &#8211; M\u0142ynek do soli, pieprzu i przypraw PM-201 C doskonale nadaje si\u0119 do mielenia r\u00f3\u017cnych przypraw. Jest wyposa\u017cony w ceramiczny mechanizm, posiada regulacj\u0119 grubo\u015bci mielenia<\/p>\n","protected":false},"featured_media":14768,"comment_status":"open","ping_status":"closed","template":"","meta":[],"product_brand":[],"product_cat":[],"product_tag":[],"class_list":{"0":"post-12332","1":"product","2":"type-product","3":"status-publish","4":"has-post-thumbnail","7":"first","8":"instock","9":"taxable","10":"shipping-taxable","11":"product-type-simple"},"_links":{"self":[{"href":"https:\/\/gltestm.webology.pl\/pl\/wp-json\/wp\/v2\/product\/12332","targetHints":{"allow":["GET"]}}],"collection":[{"href":"https:\/\/gltestm.webology.pl\/pl\/wp-json\/wp\/v2\/product"}],"about":[{"href":"https:\/\/gltestm.webology.pl\/pl\/wp-json\/wp\/v2\/types\/product"}],"replies":[{"embeddable":true,"href":"https:\/\/gltestm.webology.pl\/pl\/wp-json\/wp\/v2\/comments?post=12332"}],"version-history":[{"count":0,"href":"https:\/\/gltestm.webology.pl\/pl\/wp-json\/wp\/v2\/product\/12332\/revisions"}],"wp:featuredmedia":[{"embeddable":true,"href":"https:\/\/gltestm.webology.pl\/pl\/wp-json\/wp\/v2\/media\/14768"}],"wp:attachment":[{"href":"https:\/\/gltestm.webology.pl\/pl\/wp-json\/wp\/v2\/media?parent=12332"}],"wp:term":[{"taxonomy":"product_brand","embeddable":true,"href":"https:\/\/gltestm.webology.pl\/pl\/wp-json\/wp\/v2\/product_brand?post=12332"},{"taxonomy":"product_cat","embeddable":true,"href":"https:\/\/gltestm.webology.pl\/pl\/wp-json\/wp\/v2\/product_cat?post=12332"},{"taxonomy":"product_tag","embeddable":true,"href":"https:\/\/gltestm.webology.pl\/pl\/wp-json\/wp\/v2\/product_tag?post=12332"}],"curies":[{"name":"wp","href":"https:\/\/api.w.org\/{rel}","templated":true}]}}