{"id":12329,"date":"2026-03-18T22:39:01","date_gmt":"2026-03-18T21:39:01","guid":{"rendered":"https:\/\/gltestm.webology.pl\/produkt\/maszyna-do-szycia-lucznik-malwina-2070\/"},"modified":"2026-03-22T22:11:43","modified_gmt":"2026-03-22T21:11:43","slug":"maszyna-do-szycia-lucznik-malwina-2070","status":"publish","type":"product","link":"https:\/\/gltestm.webology.pl\/pl\/produkt\/maszyna-do-szycia-lucznik-malwina-2070\/","title":{"rendered":"Maszyna do szycia \u0141ucznik Malwina 2070"},"content":{"rendered":"<h2><strong>Elektroniczna maszyna do szycia \u0141ucznik Malwina 2070<\/strong><\/h2>\n<p>Maszyna do szycia<strong> Malwina 2070 <\/strong>oferuje wysok\u0105 jako\u015b\u0107 w przyst\u0119pnej cenie. Pe\u0142nymi gar\u015bciami czerpie ze zdobyczy technologii, jednocze\u015bnie zachowuj\u0105c praktyczny minimalizm. Potrafi szy\u0107 jak profesjonalistka: jej oprogramowanie zawiera zdefiniowane <strong>63 \u015bciegi u\u017cytkowe <\/strong>(np. \u015bcieg kryty, \u015bciegi owerlokowe, elastyczne), <strong>ozdobne<\/strong> do fantazyjnego wyka\u0144czania prac oraz <strong>36 liter i cyfr<\/strong> do wyszywania imion, oznacze\u0144 i monogram\u00f3w.<\/p>\n<h2>Najwa\u017cniejsze cechy:<\/h2>\n<ul>\n<li><strong>63 \u015bciegi u\u017cytkowe<\/strong>, w tym <strong>overlockowe<\/strong>, <strong>elastyczne<\/strong>, ozdobne oraz <strong>\u015bcieg kryty<\/strong><\/li>\n<li><strong>36 liter i cyfr<\/strong> do wyszywania np. imion, oznacze\u0144 i monogram\u00f3w<\/li>\n<li><strong>domy\u015blne ustawienie<\/strong> parametr\u00f3w \u015bcieg\u00f3w<\/li>\n<li><strong>regulacja<\/strong> d\u0142ugo\u015bci i szeroko\u015bci \u015bciegu oraz napr\u0119\u017cenia nici<\/li>\n<li><strong>automatyczne<\/strong> obszywanie <strong>dziurek na guziki<\/strong><\/li>\n<li><strong>automatyczne<\/strong> <strong>blokowanie<\/strong> ko\u0144ca \u015bciegu<\/li>\n<li><strong>automatyczne<\/strong> <strong>podnoszenie<\/strong> ig\u0142y po sko\u0144czonym szyciu (programowanie jej pozycji)<\/li>\n<li><strong>automatyczne<\/strong> <strong>nawlekanie<\/strong> nici na ig\u0142\u0119<\/li>\n<li><strong>automatyczne<\/strong> <strong>szycie<\/strong><\/li>\n<li><strong>wysokie podnoszenie<\/strong> stopki<\/li>\n<li>chwytacz <strong>rotacyjny<\/strong><\/li>\n<li>szycie <strong>wsteczne<\/strong><\/li>\n<li><strong>wolne rami\u0119<\/strong><\/li>\n<li><strong>mocny silnik<\/strong><\/li>\n<\/ul>\n<p>Jest to maszyna niepozorna- wa\u017cy niewiele ponad 5 kilogram\u00f3w. Kryje w sobie jednak oprogramowanie zawieraj\u0105ce <strong>domy\u015blne ustawienia parametr\u00f3w<\/strong> wszystkich \u015bcieg\u00f3w, dzi\u0119ki czemu nawet osoba mniej zaawansowana w <strong>tajnikach szycia<\/strong> jest w stanie wykorzysta\u0107 pe\u0142ni\u0119 jej mo\u017cliwo\u015bci. Wystarczy pod\u0142o\u017cy\u0107 materia\u0142 i wybra\u0107 odpowiedni program. Je\u017celi jednak chcemy zmieni\u0107 ustawienia wzgl\u0119dem szytego materia\u0142u, maszyna umo\u017cliwi nam <strong>pe\u0142n\u0105 i precyzyjn\u0105 regulacj\u0119<\/strong> wszystkich podstawowych parametr\u00f3w pracy (d\u0142ugo\u015bci, szeroko\u015bci oraz napr\u0119\u017cenia nici). Wszystkie \u015bciegi s\u0105 <strong>wyrysowane<\/strong> w widocznym miejscu na obudowie Malwiny, a ich wyb\u00f3r odbywa si\u0119 przez ustawienie odpowiedniego numeru na czytelnym <strong>elektronicznym wy\u015bwietlaczu<\/strong>.<\/p>\n<h2>Wyposa\u017cenie w zestawie<\/h2>\n<p>Maszyna dostarczana jest z kompletem wyposa\u017cenia dodatkowego, w sk\u0142ad kt\u00f3rego wchodzi:<\/p>\n<ul>\n<li>Stopka <strong>uniwersalna<\/strong><\/li>\n<li>Stopka do <strong>obszywania dziurek na guziki<\/strong><\/li>\n<li>Do <strong>zamk\u00f3w<\/strong> (suwak\u00f3w)<\/li>\n<li>Do \u015bciegu <strong>owerlokowego<\/strong><\/li>\n<li>Do \u015bciegu <strong>krytego<\/strong><\/li>\n<li>Ig\u0142y 90, <strong>3 szt.<\/strong><\/li>\n<li>Ig\u0142a <strong>podw\u00f3jna<\/strong>, 1 szt.<\/li>\n<li>Nasadka na szpulk\u0119, ma\u0142a<\/li>\n<li>Dodatkowy trzpie\u0144 na szpulk\u0119<\/li>\n<li>P\u0142ytka <strong>zakrywaj\u0105ca z\u0105bki<\/strong> transportera<\/li>\n<li>Wkr\u0119tak<\/li>\n<li>\u015arubokr\u0119t<\/li>\n<li>Prujka<\/li>\n<li>Olej<\/li>\n<li><strong>Regulator<\/strong> obrot\u00f3w z <strong>kablem<\/strong> zasilaj\u0105cym<\/li>\n<\/ul>\n<h2>Pe\u0142na swoboda szycia &#8211; bez u\u017cycia sterowania no\u017cnego<\/h2>\n<p>W odr\u00f3\u017cnieniu od tradycyjnych maszyn mechanicznych Malwin\u0105 mo\u017cna sterowa\u0107 nie tylko poprzez do\u0142\u0105czony do niej <strong>regulator no\u017cny<\/strong>, ale r\u00f3wnie\u017c przez <strong>przycisk START\/STOP<\/strong> w obudowie, co okazuje si\u0119 rozwi\u0105zaniem niezwykle wygodnym &#8211;<strong> maszyna szyje wtedy w pe\u0142ni automatycznie, bez u\u017cycia no\u017cnego sterowania!<\/strong>. Co wi\u0119cej, <strong>Malwina 2070<\/strong> umo\u017cliwia manualne <strong>ustawienie pr\u0119dko\u015bci szycia<\/strong> dzi\u0119ki jasno oznaczonemu suwakowi. Je\u017celi ma ni\u0105 operowa\u0107 osoba mniej do\u015bwiadczona, mo\u017cemy po prostu przesun\u0105\u0107 suwak w stron\u0119 \u017c\u00f3\u0142wika, aby spowodowa\u0107 maksymalne zmniejszenie pr\u0119dko\u015bci pracy. I odwrotnie- je\u017celi zale\u017cy nam na zwi\u0119kszeniu pr\u0119dko\u015bci szycia, wystarczy, \u017ce przesuniemy suwak w stron\u0119 zaj\u0105ca.<\/p>\n<h2>Chwytacz rotacyjny gwarantuje cich\u0105 prac\u0119 maszyny<\/h2>\n<p><strong>Malwina 2070<\/strong> posiada wy\u017cszej klasy <strong>chwytacz typu rotacyjnego<\/strong>, kt\u00f3ry w odr\u00f3\u017cnieniu od chwytacza wahad\u0142owego umo\u017cliwia <strong>cichsz\u0105 prac\u0119<\/strong> oraz \u0142atwiejsze mocowanie dolnej szpulki w b\u0119benku maszyny.<\/p>\n<h2>Metalowe podzespo\u0142y maszyny w wytrzyma\u0142ej obudowie <\/h2>\n<p><span>Korpus oraz drobne elementy <strong>Malwiny 2070<\/strong> wytworzono z <\/span><strong>nowoczesnych tworzyw sztucznych<\/strong><span>, w\u0142a\u015bciwo\u015bciami odpowiadaj\u0105cymi warunkom, w kt\u00f3rych dane podzespo\u0142y pracuj\u0105 lub mog\u0105 potencjalnie zosta\u0107 nara\u017cone. W \u015brodku znajduje si\u0119 r\u00f3wnie\u017c p\u0142yta g\u0142\u00f3wna wraz z okablowaniem &#8211; podobnie jak w komputerze. Pozwala to na sterowanie urz\u0105dzeniem przy pomocy przycisk\u00f3w i wy\u015bwietlanie informacji na ekranie.<span> <strong>Wewn\u0119trzne m<\/strong><\/span><\/span><strong>etalowe podzespo\u0142y<\/strong><span><strong> Malwiny<\/strong> zosta\u0142y zamkni\u0119te w <strong>lekkiej obudowie wykonanej z poliw\u0119glanu<\/strong> \u0142\u0105cz\u0105cego ochron\u0119 mechanizmu z niewielk\u0105 wag\u0105. Dzi\u0119ki temu z \u0142atwo\u015bci\u0105 przeniesiesz urz\u0105dzenie z miejsca na miejsce lub schowasz (na przyk\u0142ad do szafy) po zako\u0144czeniu pracy.<\/span><\/p>\n<h2>Automatyczne funkcje maszyny<\/h2>\n<p>Naturalnie, Malwina posiada r\u00f3wnie\u017c funkcje i udogodnienia w\u0142a\u015bciwe dla <strong><a href=\"https:\/\/galerialucznik.pl\/\" target=\"_blank\" rel=\"noopener\">maszyn<\/a> <\/strong>ni\u017cszej od niej klasy, takie jak <strong>automatyczne nawlekanie <\/strong>nici na ig\u0142\u0119 maszyny, o\u015bwietlenie <strong>LED<\/strong> nad polem pracy, <strong>automatyczne obszywanie dziurek<\/strong> na guziki czy <strong>szycie wsteczne. <\/strong>Kolejn\u0105 zalet\u0105 maszyny s\u0105 <strong>przyciski funkcyjne<\/strong>, kt\u00f3re znacznie umilaj\u0105 prac\u0119 krawieck\u0105 oszcz\u0119dzaj\u0105c tw\u00f3j czas i nerwy. Jednym z nich jest przycisk <strong>automatycznego podnoszenia ig\u0142y<\/strong>, dzi\u0119ki kt\u00f3remu mo\u017cemy zaprogramowa\u0107 ko\u0144czenie szycia zawsze z ig\u0142\u0105 podniesion\u0105 w g\u00f3r\u0119 lub wbit\u0105 w materia\u0142. Przycisk <strong>automatycznego blokowania<\/strong> pozwala natomiast maszynowo zap\u0119tli\u0107 pocz\u0105tek i koniec \u015bciegu, aby zapobiec jego pruciu si\u0119. <\/p>\n<h2><strong>24-miesi\u0119czna gwarancja<\/strong><\/h2>\n<p>Maszyna <strong>Malwina 2070<\/strong> posiada <strong>24-miesi\u0119czn\u0105 gwarancj<\/strong>\u0119 oraz <strong>instrukcj\u0119 w j\u0119zyku polskim<\/strong>, z kt\u00f3r\u0105 nale\u017cy zapozna\u0107 si\u0119 przed przyst\u0105pieniem do u\u017cytkowania sprz\u0119tu, aby bezpiecznie i zgodnie z przeznaczeniem wykorzystywa\u0107 pe\u0142ni\u0119 jej mo\u017cliwo\u015bci.<\/p>\n<h2>Konserwacja maszyny do szycia. Krok po kroku.<\/h2>\n<p><span>Zapisz<\/span><\/p>\n","protected":false},"excerpt":{"rendered":"<p>Maszyna do szycia Malwina 2070 oferuje wysok\u0105 jako\u015b\u0107 w przyst\u0119pnej cenie. Pe\u0142nymi gar\u015bciami czerpie ze zdobyczy technologii, jednocze\u015bnie zachowuj\u0105c praktyczny minimalizm i prostot\u0119 obs\u0142ugi.<\/p>\n","protected":false},"featured_media":14733,"comment_status":"open","ping_status":"closed","template":"","meta":[],"product_brand":[],"product_cat":[403],"product_tag":[],"class_list":{"0":"post-12329","1":"product","2":"type-product","3":"status-publish","4":"has-post-thumbnail","6":"product_cat-maszyny-do-szycia-elektroniczne","8":"first","9":"instock","10":"taxable","11":"shipping-taxable","12":"product-type-simple"},"_links":{"self":[{"href":"https:\/\/gltestm.webology.pl\/pl\/wp-json\/wp\/v2\/product\/12329","targetHints":{"allow":["GET"]}}],"collection":[{"href":"https:\/\/gltestm.webology.pl\/pl\/wp-json\/wp\/v2\/product"}],"about":[{"href":"https:\/\/gltestm.webology.pl\/pl\/wp-json\/wp\/v2\/types\/product"}],"replies":[{"embeddable":true,"href":"https:\/\/gltestm.webology.pl\/pl\/wp-json\/wp\/v2\/comments?post=12329"}],"version-history":[{"count":0,"href":"https:\/\/gltestm.webology.pl\/pl\/wp-json\/wp\/v2\/product\/12329\/revisions"}],"wp:featuredmedia":[{"embeddable":true,"href":"https:\/\/gltestm.webology.pl\/pl\/wp-json\/wp\/v2\/media\/14733"}],"wp:attachment":[{"href":"https:\/\/gltestm.webology.pl\/pl\/wp-json\/wp\/v2\/media?parent=12329"}],"wp:term":[{"taxonomy":"product_brand","embeddable":true,"href":"https:\/\/gltestm.webology.pl\/pl\/wp-json\/wp\/v2\/product_brand?post=12329"},{"taxonomy":"product_cat","embeddable":true,"href":"https:\/\/gltestm.webology.pl\/pl\/wp-json\/wp\/v2\/product_cat?post=12329"},{"taxonomy":"product_tag","embeddable":true,"href":"https:\/\/gltestm.webology.pl\/pl\/wp-json\/wp\/v2\/product_tag?post=12329"}],"curies":[{"name":"wp","href":"https:\/\/api.w.org\/{rel}","templated":true}]}}