{"id":12325,"date":"2026-03-18T22:38:59","date_gmt":"2026-03-18T21:38:59","guid":{"rendered":"https:\/\/gltestm.webology.pl\/produkt\/wymienne-rolki-ro-16-do-pilnika-do-stop-at-15\/"},"modified":"2026-03-22T21:56:49","modified_gmt":"2026-03-22T20:56:49","slug":"wymienne-rolki-ro-16-do-pilnika-do-stop-at-15","status":"publish","type":"product","link":"https:\/\/gltestm.webology.pl\/pl\/produkt\/wymienne-rolki-ro-16-do-pilnika-do-stop-at-15\/","title":{"rendered":"Wymienne rolki RO-16 do pilnika do st\u00f3p AT-15"},"content":{"rendered":"<h2>Zestaw wymiennych g\u0142owic obrotowych do pilnika AT-15 &#8211; 2 sztuki<\/h2>\n<p>G\u0142\u00f3wne zalety naszych rolek:<\/p>\n<ul>\n<li>najwy\u017csza <strong>jako\u015b\u0107<\/strong><\/li>\n<li><strong>skuteczno\u015b\u0107<\/strong> dzia\u0142ania<\/li>\n<li><strong>gwarancja<\/strong> pochodzenia \u2013 <strong>nowy<\/strong> <strong>produkt<\/strong>, prosto z magazynu producenta<\/li>\n<\/ul>\n<p><img fetchpriority=\"high\" decoding=\"async\" src=\"\/data\/include\/cms\/.product\/7\/7\/377\/5.jpg\" alt=\"Zestaw wymiennych g\u0142owic obrotowych do pilnika AT-15 - 2 sztuki\" width=\"768\" height=\"480\" \/><\/p>\n<h2>Profesjonalne rolki do pilnika AT-15<\/h2>\n<p><strong>G\u0142owice obrotowe<\/strong> przeznaczone do pilnik\u00f3w elektrycznych AT-15 i AT-14. <strong>Profesjonalne rolki<\/strong> z mikro-granulkami \u015bciernymi skutecznie <strong>usuwaj\u0105 martwy<\/strong> nask\u00f3rek na stopach, zapewniaj\u0105c jedwabi\u015bcie <strong>g\u0142adkie stopy<\/strong> ju\u017c po pierwszym u\u017cyciu.<\/p>\n<h2>Higieniczne i wodoodporne<\/h2>\n<p>Po ka\u017cdym u\u017cyciu pami\u0119taj o <strong>umyciu rolek<\/strong> pod<strong> bie\u017c\u0105c\u0105 wod\u0105<\/strong> i pozostaw do <strong>wyschni\u0119cia<\/strong>. <strong>Drug\u0105<\/strong> <strong>such\u0105 rolk\u0119<\/strong> zamontuj w pilniku, \u017ceby by\u0142 gotowy do u\u017cycia. Zmieniaj\u0105c w ten spos\u00f3b g\u0142owice, <strong>wyd\u0142u\u017casz ich \u017cywotno\u015b\u0107<\/strong> i zapewniasz sobie <strong>najlepsze efekty<\/strong> dzia\u0142ania pilnika.<\/p>\n<p><img decoding=\"async\" src=\"\/data\/include\/cms\/.product\/7\/7\/377\/1_1.jpg\" alt=\"Zestaw wymiennych g\u0142owic obrotowych do pilnika AT-15 - 2 sztuki\" width=\"768\" height=\"480\" \/><\/p>\n<h2>Najwa\u017cniejsze cechy rolek do pilnika<\/h2>\n<ul>\n<li><strong>\u0141atwo\u015b\u0107<\/strong> w u\u017cyciu i <strong>wodoodporno\u015b\u0107<\/strong>: mo\u017cliwo\u015b\u0107 mycia pod bie\u017c\u0105c\u0105 wod\u0105.<\/li>\n<li><strong>Trwa\u0142o\u015b\u0107<\/strong>: wymienne g\u0142owice zapewniaj\u0105 <strong>d\u0142ugotrwa\u0142e u\u017cytkowanie<\/strong>. W przypadku zu\u017cycia wymiana na now\u0105 jest <strong>szybka<\/strong> i <strong>prosta<\/strong>.<\/li>\n<li><strong>Wszechstronno\u015b\u0107<\/strong>: mo\u017cliwo\u015b\u0107 stosowania zar\u00f3wno na <strong>mokrej<\/strong>, jak i <strong>suchej sk\u00f3rze<\/strong>. Zabieg nie wymaga specjalnego przygotowania st\u00f3p.<\/li>\n<li><strong>Efektywno\u015b\u0107<\/strong>: <strong>szybkie<\/strong>, <strong>dok\u0142adne<\/strong> i <strong>bezpieczne<\/strong> usuwanie zrogowacia\u0142ej sk\u00f3ry.<\/li>\n<\/ul>\n<p><img decoding=\"async\" src=\"\/data\/include\/cms\/.product\/7\/7\/377\/1_2.jpg\" alt=\"Zestaw wymiennych g\u0142owic obrotowych do pilnika AT-15 - 2 sztuki\" width=\"768\" height=\"480\" \/><\/p>\n<h2>2 rolki w zestawie<\/h2>\n<p>W opakowaniu znajdziesz <strong>dwie gotowe<\/strong> do u\u017cycia rolki do pilnika AT-15.<\/p>\n<p>Ciesz si\u0119 pi\u0119knymi, g\u0142adkimi stopami i zapomnij o problemach z martwym nask\u00f3rkiem!<\/p>\n","protected":false},"excerpt":{"rendered":"<p>Zestaw wymiennych g\u0142owic obrotowych do pilnika AT-15 i AT-14. 2 szt. w zestawie. Wodoodporne. Super w\u0142a\u015bciwo\u015bci \u015bcierne. Mikro-granulki. G\u0142owice gotowe do u\u017cycia.<\/p>\n","protected":false},"featured_media":14249,"comment_status":"open","ping_status":"closed","template":"","meta":[],"product_brand":[],"product_cat":[688],"product_tag":[],"class_list":{"0":"post-12325","1":"product","2":"type-product","3":"status-publish","4":"has-post-thumbnail","6":"product_cat-pilniki-i-frezarki-do-stop","8":"first","9":"instock","10":"taxable","11":"shipping-taxable","12":"product-type-simple"},"_links":{"self":[{"href":"https:\/\/gltestm.webology.pl\/pl\/wp-json\/wp\/v2\/product\/12325","targetHints":{"allow":["GET"]}}],"collection":[{"href":"https:\/\/gltestm.webology.pl\/pl\/wp-json\/wp\/v2\/product"}],"about":[{"href":"https:\/\/gltestm.webology.pl\/pl\/wp-json\/wp\/v2\/types\/product"}],"replies":[{"embeddable":true,"href":"https:\/\/gltestm.webology.pl\/pl\/wp-json\/wp\/v2\/comments?post=12325"}],"version-history":[{"count":0,"href":"https:\/\/gltestm.webology.pl\/pl\/wp-json\/wp\/v2\/product\/12325\/revisions"}],"wp:featuredmedia":[{"embeddable":true,"href":"https:\/\/gltestm.webology.pl\/pl\/wp-json\/wp\/v2\/media\/14249"}],"wp:attachment":[{"href":"https:\/\/gltestm.webology.pl\/pl\/wp-json\/wp\/v2\/media?parent=12325"}],"wp:term":[{"taxonomy":"product_brand","embeddable":true,"href":"https:\/\/gltestm.webology.pl\/pl\/wp-json\/wp\/v2\/product_brand?post=12325"},{"taxonomy":"product_cat","embeddable":true,"href":"https:\/\/gltestm.webology.pl\/pl\/wp-json\/wp\/v2\/product_cat?post=12325"},{"taxonomy":"product_tag","embeddable":true,"href":"https:\/\/gltestm.webology.pl\/pl\/wp-json\/wp\/v2\/product_tag?post=12325"}],"curies":[{"name":"wp","href":"https:\/\/api.w.org\/{rel}","templated":true}]}}