{"id":12324,"date":"2026-03-18T22:38:59","date_gmt":"2026-03-18T21:38:59","guid":{"rendered":"https:\/\/gltestm.webology.pl\/produkt\/opiekacz-do-kanapek-sm-1004-s\/"},"modified":"2026-03-22T21:57:29","modified_gmt":"2026-03-22T20:57:29","slug":"opiekacz-do-kanapek-sm-1004-s","status":"publish","type":"product","link":"https:\/\/gltestm.webology.pl\/pl\/produkt\/opiekacz-do-kanapek-sm-1004-s\/","title":{"rendered":"Opiekacz do kanapek SM-1004 S"},"content":{"rendered":"<h2><strong>Opiekacz do kanapek SM-1004 S<\/strong><\/h2>\n<div>\n<p>Ten kompaktowy i <strong>bardzo intuicyjny<\/strong> w obs\u0142udze <strong>opiekacz do kanapek<\/strong>, z powodzeniem mo\u017ce by\u0107 wykorzystywany do przygotowywania fantazyjnych omlet\u00f3w, czy zapiekanych jajek lub te\u017c tost\u00f3w z jajkiem i innymi przepysznymi dodatkami. Wystarcz\u0105 tylko 2 b\u0105d\u017a 3 minuty, by otrzyma\u0107 pyszne gor\u0105ce kanapki.<\/p>\n<h2>Najwa\u017cniejsze<strong> cechy<\/strong><\/h2>\n<ul>\n<li><strong>Pow\u0142oka antyadhezyjna<\/strong><\/li>\n<li>Wykonanie obudowy ze <strong>stali INOX<\/strong><\/li>\n<li>Liczba kanapek\/ omlet\u00f3w &#8211; <strong>2<\/strong><\/li>\n<li><strong>Moc maksymalna &#8211; 750 W<\/strong><\/li>\n<li>Czas <strong>nagrzewania<\/strong> 4-6 min.<\/li>\n<li>Czas <strong>pieczenia<\/strong> 2-3 min.<\/li>\n<li>Lampki kontrolne &#8211; w\u0142\u0105czenie, nagrzewanie<\/li>\n<li>Zasilanie &#8211; 230 V, 50 Hz<\/li>\n<\/ul>\n<h2>\u0141atwe czyszczenie<\/h2>\n<p>Dzi\u0119ki <strong>pow\u0142oce antyadhezyjnej<\/strong> utrzymanie <strong>opiekacza<\/strong> w nale\u017cytej czysto\u015bci jest niezwykle \u0142atwe, a jego ma\u0142e rozmiary pozwalaj\u0105 po u\u017cyciu schowa\u0107 go w przeci\u0119tnej wielko\u015bci szufladzie.  <\/p>\n<\/div>\n","protected":false},"excerpt":{"rendered":"<p>Ten kompaktowy i bardzo intuicyjny w obs\u0142udze opiekacz do kanapek, z powodzeniem mo\u017ce by\u0107 wykorzystywany r\u00f3wnie\u017c do przygotowywania fantazyjnych omlet\u00f3w, czy zapiekanych jajek lub te\u017c tost\u00f3w z jajkiem i innymi przepysznymi dodatkami.<\/p>\n","protected":false},"featured_media":13749,"comment_status":"open","ping_status":"closed","template":"","meta":[],"product_brand":[],"product_cat":[583],"product_tag":[],"class_list":{"0":"post-12324","1":"product","2":"type-product","3":"status-publish","4":"has-post-thumbnail","6":"product_cat-tostery-i-opiekacze","8":"first","9":"instock","10":"taxable","11":"shipping-taxable","12":"product-type-simple"},"_links":{"self":[{"href":"https:\/\/gltestm.webology.pl\/pl\/wp-json\/wp\/v2\/product\/12324","targetHints":{"allow":["GET"]}}],"collection":[{"href":"https:\/\/gltestm.webology.pl\/pl\/wp-json\/wp\/v2\/product"}],"about":[{"href":"https:\/\/gltestm.webology.pl\/pl\/wp-json\/wp\/v2\/types\/product"}],"replies":[{"embeddable":true,"href":"https:\/\/gltestm.webology.pl\/pl\/wp-json\/wp\/v2\/comments?post=12324"}],"version-history":[{"count":0,"href":"https:\/\/gltestm.webology.pl\/pl\/wp-json\/wp\/v2\/product\/12324\/revisions"}],"wp:featuredmedia":[{"embeddable":true,"href":"https:\/\/gltestm.webology.pl\/pl\/wp-json\/wp\/v2\/media\/13749"}],"wp:attachment":[{"href":"https:\/\/gltestm.webology.pl\/pl\/wp-json\/wp\/v2\/media?parent=12324"}],"wp:term":[{"taxonomy":"product_brand","embeddable":true,"href":"https:\/\/gltestm.webology.pl\/pl\/wp-json\/wp\/v2\/product_brand?post=12324"},{"taxonomy":"product_cat","embeddable":true,"href":"https:\/\/gltestm.webology.pl\/pl\/wp-json\/wp\/v2\/product_cat?post=12324"},{"taxonomy":"product_tag","embeddable":true,"href":"https:\/\/gltestm.webology.pl\/pl\/wp-json\/wp\/v2\/product_tag?post=12324"}],"curies":[{"name":"wp","href":"https:\/\/api.w.org\/{rel}","templated":true}]}}