{"id":12323,"date":"2026-03-18T22:38:58","date_gmt":"2026-03-18T21:38:58","guid":{"rendered":"https:\/\/gltestm.webology.pl\/produkt\/blender-personalny-premium-bp-2018\/"},"modified":"2026-03-22T22:11:42","modified_gmt":"2026-03-22T21:11:42","slug":"blender-personalny-premium-bp-2018","status":"publish","type":"product","link":"https:\/\/gltestm.webology.pl\/pl\/produkt\/blender-personalny-premium-bp-2018\/","title":{"rendered":"Blender personalny premium BP-2018"},"content":{"rendered":"<div>\n<h2><strong>Blender personalny premium BP-2018<\/strong><\/h2>\n<p>Lubisz koktajle i shake&#8217;i ? W takim razie zaliczasz si\u0119 do grona os\u00f3b, kt\u00f3re doceni\u0105 najnowszy produkt. <strong>Blender personalny premium BP-2018<\/strong> to urz\u0105dzenie przydatne do wykonywania przepysznych koktajli, shake&#8217;\u00f3w i smoothie. Nie ma nic prostszego. Wystarczy jedynie wybra\u0107 odpowiednie sk\u0142adniki.<\/p>\n<p>Z <strong>Blenderem \u0141ucznik BP-2018 <\/strong>zadbasz o swoje zdrowie i sylwetk\u0119 w przyjemny i smaczny spos\u00f3b. Posi\u0142ki bogate w<strong> witaminy i minera\u0142y<\/strong> zagoszcz\u0105 w Twojej diecie, a ich wykonanie b\u0119dzie bardzo \u0142atwe i stosunkowo szybkie. Je\u015bli zechcesz sprawi\u0107 sobie s\u0142odk\u0105 przyjemno\u015b\u0107, z powodzeniem wykonasz z jego pomoc\u0105 owocowo-warzywne smoothie wype\u0142nione witaminami czy bananowy koktajl. <strong>Blender \u0141ucznik BP-2018<\/strong> \u015bwietnie nadaje si\u0119 r\u00f3wnie\u017c <strong>do miksowania szejk\u00f3w proteinowych<\/strong> dla os\u00f3b aktywnych sportowo.<\/p>\n<h3><strong>Blender personalny premium BP-2018<\/strong> &#8211; informacje szczeg\u00f3\u0142owe o produkcie<\/h3>\n<p>Kielich <strong>blendera<\/strong> <strong>o pojemno\u015bci 1L<\/strong> oraz<strong> 2 butelki podr\u00f3\u017cne<\/strong> zosta\u0142y wykonane ze wzmocnionego tworzywa sztucznego, dzi\u0119ki czemu s\u0105 lekkie i mog\u0105 by\u0107 myte w zmywarce. Dzi\u0119ki niewielkiej wadze oraz szczelnemu zamkni\u0119ciu <strong>bidony \u0142atwo wzi\u0105\u0107 ze sob\u0105 na uczelni\u0119, do szko\u0142y, pracy<\/strong>. Mo\u017cna zapakowa\u0107 je do torby sportowej, plecaka czy torebki. Butelka mo\u017ce zosta\u0107 pod\u0142\u0105czona bezpo\u015brednio do <strong>blendera<\/strong> (zamiast kielicha) dzi\u0119ki czemu wykonujemy <strong>blendowanie od razu w bidonie<\/strong>, bez niepotrzebnego przelewania, brudzenia naczy\u0144 i zmywania. Idealnie odmierzon\u0105 porcj\u0119 koktajlu od razu pakujemy ze sob\u0105 do wyj\u015bcia.<\/p>\n<p><strong>Blender personalny premium BP-2018 <\/strong>posiada <strong>moc 350 W<\/strong> i pracuje w<strong> trzech trybach pr\u0119dko\u015bci<\/strong>: standardowym, turbo oraz pulsacyjnym, kt\u00f3ry wspomo\u017ce nas w uzyskaniu perfekcyjnej konsystencji koktajlu.<\/p>\n<p><strong>Blender personalny premium BP-2018<\/strong> posiada <strong>24-miesi\u0119czn\u0105 gwarancj\u0119<\/strong> oraz<strong> instrukcj\u0119 w j\u0119zyku polskim<\/strong>, z kt\u00f3r\u0105 polecamy zapozna\u0107 si\u0119 przed pierwszym u\u017cyciem sprz\u0119tu.<\/p>\n<\/div>\n","protected":false},"excerpt":{"rendered":"<p>Niewielki i lekki blender wyposa\u017cony w kielich oraz sportowe bidony. Pozwala na blendowanie koktajli bezpo\u015brednio w bidonach i p\u00f3\u017aniejsze zabranie ich ze sob\u0105 do pracy, szko\u0142y, na uczelni\u0119 czy si\u0142owni\u0119 &#8211; bez niepotrzebnego przelewania oraz zmywania.<\/p>\n","protected":false},"featured_media":14505,"comment_status":"open","ping_status":"closed","template":"","meta":[],"product_brand":[],"product_cat":[603],"product_tag":[],"class_list":{"0":"post-12323","1":"product","2":"type-product","3":"status-publish","4":"has-post-thumbnail","6":"product_cat-blendery","8":"first","9":"instock","10":"taxable","11":"shipping-taxable","12":"product-type-simple"},"_links":{"self":[{"href":"https:\/\/gltestm.webology.pl\/pl\/wp-json\/wp\/v2\/product\/12323","targetHints":{"allow":["GET"]}}],"collection":[{"href":"https:\/\/gltestm.webology.pl\/pl\/wp-json\/wp\/v2\/product"}],"about":[{"href":"https:\/\/gltestm.webology.pl\/pl\/wp-json\/wp\/v2\/types\/product"}],"replies":[{"embeddable":true,"href":"https:\/\/gltestm.webology.pl\/pl\/wp-json\/wp\/v2\/comments?post=12323"}],"version-history":[{"count":0,"href":"https:\/\/gltestm.webology.pl\/pl\/wp-json\/wp\/v2\/product\/12323\/revisions"}],"wp:featuredmedia":[{"embeddable":true,"href":"https:\/\/gltestm.webology.pl\/pl\/wp-json\/wp\/v2\/media\/14505"}],"wp:attachment":[{"href":"https:\/\/gltestm.webology.pl\/pl\/wp-json\/wp\/v2\/media?parent=12323"}],"wp:term":[{"taxonomy":"product_brand","embeddable":true,"href":"https:\/\/gltestm.webology.pl\/pl\/wp-json\/wp\/v2\/product_brand?post=12323"},{"taxonomy":"product_cat","embeddable":true,"href":"https:\/\/gltestm.webology.pl\/pl\/wp-json\/wp\/v2\/product_cat?post=12323"},{"taxonomy":"product_tag","embeddable":true,"href":"https:\/\/gltestm.webology.pl\/pl\/wp-json\/wp\/v2\/product_tag?post=12323"}],"curies":[{"name":"wp","href":"https:\/\/api.w.org\/{rel}","templated":true}]}}