{"id":12322,"date":"2026-03-18T22:38:58","date_gmt":"2026-03-18T21:38:58","guid":{"rendered":"https:\/\/gltestm.webology.pl\/produkt\/mlynek-do-kawy-cg-001\/"},"modified":"2026-03-22T22:11:42","modified_gmt":"2026-03-22T21:11:42","slug":"mlynek-do-kawy-cg-001","status":"publish","type":"product","link":"https:\/\/gltestm.webology.pl\/pl\/produkt\/mlynek-do-kawy-cg-001\/","title":{"rendered":"M\u0142ynek do kawy CG-001"},"content":{"rendered":"<div>\n<div><img fetchpriority=\"high\" decoding=\"async\" src=\"\/hpeciai\/e0611a7c6b6eb301ee143fa70a1695b7\/pol_pl_Mlynek-do-kawy-CG-001-624_11.png\" alt=\"M\u0142ynek do kawy CG-001 pol_pl_Mlynek-do-kawy-CG-001-624_11\" width=\"1472\" height=\"704\"><\/div>\n<div>\n<h2><span>M\u0142ynek do kawy CG-001<\/span><\/h2>\n<p><strong>Nic nie mo\u017ce r\u00f3wna\u0107 si\u0119 z zapachem \u015bwie\u017co zmielonej kawy&#8230;<\/strong> Gdy wstajesz z rana, a przed Tob\u0105 kolejny dzie\u0144 pracy, poranna <strong>kawa <\/strong>doda Ci si\u0142, by z energi\u0105 rozpocz\u0105\u0107 nowy dzie\u0144.<\/p>\n<h2>Najwa\u017cniejsze cechy<\/h2>\n<ul>\n<li>Moc: <strong>160 W<\/strong><\/li>\n<li>Pojemno\u015b\u0107 pojemnika: <strong>60 g<\/strong><\/li>\n<li>Obudowa ze <strong>stali nierdzewnej<\/strong> INOX<\/li>\n<li><strong>2-skrzyd\u0142owe ostrza<\/strong> ze stali nierdzewnej INOX<\/li>\n<li>Pulsacyjna praca m\u0142ynka<\/li>\n<li><strong>Zabezpieczenie<\/strong> przed uruchomieniem bez pokrywy<\/li>\n<\/ul>\n<h2>Wszechstronne zastosowanie<\/h2>\n<p><strong>Pojemny zbiornik m\u0142ynka CG-001<\/strong> pozwoli na zmielenie a\u017c <strong>55-60 g<\/strong> kawy. Jest to <strong>r\u00f3wnowarto\u015b\u0107 20 \u0142y\u017ceczek<\/strong>, co powinno wystarczy\u0107 nawet osobom posiadaj\u0105cym du\u017ce oczekiwania wobec tego typu urz\u0105dzenia.<\/p>\n<\/div>\n<div>\n<p><!--StartFragment--><\/p>\n<h2>Regulacja grubo\u015bci zmielenia ziaren<\/h2>\n<p><strong>Moc<\/strong> m\u0142ynka zapewni szybko\u015b\u0107 i wygod\u0119 u\u017cytkowania. Jedna minuta <strong>pulsacyjnej pracy<\/strong> urz\u0105dzenia wystarczy do drobnego zmielenia ziaren. Oczywi\u015bci mo\u017cliwe jest te\u017c \u015brednie b\u0105d\u017a grube zmielenie &#8211; wszystko zale\u017cy od Twoich preferencji.<\/p>\n<h2>Wytrzyma\u0142e ostrza ze stali nierdzewnej<\/h2>\n<p>Za dok\u0142adne dzia\u0142anie m\u0142ynka odpowiada jego <strong>dwuskrzyd\u0142owe ostrze wykonane ze stali nierdzewnej<\/strong>, kt\u00f3re zapewnia wysok\u0105 jako\u015b\u0107 i trwa\u0142o\u015b\u0107 urz\u0105dzenia. Z pewno\u015bci\u0105 docenisz ten fakt, u\u017cywaj\u0105c <strong>m\u0142ynka do kawy <\/strong>przez d\u0142u\u017cszy czas.<\/p>\n<h2>Bezpiecze\u0144stwo u\u017cytkowania <\/h2>\n<p><strong>M\u0142ynek<\/strong><strong> CG-001 <\/strong>posiada specjalny<strong> mechanizm blokuj\u0105cy<\/strong> jego prac\u0119<strong>,<\/strong> gdy pokrywa nie jest poprawnie za\u0142o\u017cona. Podnosi to bezpiecze\u0144stwo jego u\u017cytkowania, dzi\u0119ki czemu mo\u017cesz mie\u0107 pewno\u015b\u0107, \u017ce u\u017cywasz <strong>m\u0142ynka<\/strong> poprawnie.<\/p>\n<p><!--EndFragment--><\/p>\n<\/div>\n<div><img decoding=\"async\" src=\"\/hpeciai\/5a31098d5186118e992bfc6492a4a4a2\/pol_pl_Mlynek-do-kawy-CG-001-624_12.png\" alt=\"M\u0142ynek do kawy CG-001 pol_pl_Mlynek-do-kawy-CG-001-624_12\" width=\"1472\" height=\"704\"><\/div>\n<\/div>\n","protected":false},"excerpt":{"rendered":"<p>Tradycyjny m\u0142ynek do mielenia kawy i przypraw marki \u0141ucznik. Mechanizm blokuj\u0105cy prac\u0119 m\u0142ynka, podczas gdy pokrywa nie jest poprawnie za\u0142o\u017cona, wp\u0142ywa na bezpiecze\u0144stwo u\u017cytkowania, dzi\u0119ki czemu mamy pewno\u015b\u0107, kiedy u\u017cywamy m\u0142ynka poprawnie, a kiedy nie.<\/p>\n","protected":false},"featured_media":15597,"comment_status":"open","ping_status":"closed","template":"","meta":[],"product_brand":[],"product_cat":[588],"product_tag":[],"class_list":{"0":"post-12322","1":"product","2":"type-product","3":"status-publish","4":"has-post-thumbnail","6":"product_cat-mlynki","8":"first","9":"instock","10":"taxable","11":"shipping-taxable","12":"product-type-simple"},"_links":{"self":[{"href":"https:\/\/gltestm.webology.pl\/pl\/wp-json\/wp\/v2\/product\/12322","targetHints":{"allow":["GET"]}}],"collection":[{"href":"https:\/\/gltestm.webology.pl\/pl\/wp-json\/wp\/v2\/product"}],"about":[{"href":"https:\/\/gltestm.webology.pl\/pl\/wp-json\/wp\/v2\/types\/product"}],"replies":[{"embeddable":true,"href":"https:\/\/gltestm.webology.pl\/pl\/wp-json\/wp\/v2\/comments?post=12322"}],"version-history":[{"count":0,"href":"https:\/\/gltestm.webology.pl\/pl\/wp-json\/wp\/v2\/product\/12322\/revisions"}],"wp:featuredmedia":[{"embeddable":true,"href":"https:\/\/gltestm.webology.pl\/pl\/wp-json\/wp\/v2\/media\/15597"}],"wp:attachment":[{"href":"https:\/\/gltestm.webology.pl\/pl\/wp-json\/wp\/v2\/media?parent=12322"}],"wp:term":[{"taxonomy":"product_brand","embeddable":true,"href":"https:\/\/gltestm.webology.pl\/pl\/wp-json\/wp\/v2\/product_brand?post=12322"},{"taxonomy":"product_cat","embeddable":true,"href":"https:\/\/gltestm.webology.pl\/pl\/wp-json\/wp\/v2\/product_cat?post=12322"},{"taxonomy":"product_tag","embeddable":true,"href":"https:\/\/gltestm.webology.pl\/pl\/wp-json\/wp\/v2\/product_tag?post=12322"}],"curies":[{"name":"wp","href":"https:\/\/api.w.org\/{rel}","templated":true}]}}