{"id":12321,"date":"2026-03-18T22:38:57","date_gmt":"2026-03-18T21:38:57","guid":{"rendered":"https:\/\/gltestm.webology.pl\/produkt\/wentylator-stojacy-sf-2019\/"},"modified":"2026-03-22T21:57:38","modified_gmt":"2026-03-22T20:57:38","slug":"wentylator-stojacy-sf-2019","status":"publish","type":"product","link":"https:\/\/gltestm.webology.pl\/pl\/produkt\/wentylator-stojacy-sf-2019\/","title":{"rendered":"Wentylator stoj\u0105cy SF-2019"},"content":{"rendered":"<h2><strong>Wentylator stoj\u0105cych SF 2019 <\/strong>&#8211; komfort i orze\u017awienie w Twoim mieszkaniu<\/h2>\n<p>Domowy, stoj\u0105cy wentylator to prawdziwe wybawienie w czasie letnich upa\u0142\u00f3w. Powiew \u015bwie\u017cego, ch\u0142odnego powietrza przynosi ulg\u0119 i och\u0142od\u0119 pozwalaj\u0105c domownikom na bardziej komfortowe wykonywanie codziennych domowych aktywno\u015bci. \u0141atwy monta\u017c b\u0142yskawicznie pozwoli cieszy\u0107 si\u0119 orze\u017awieniem.<\/p>\n<h2>Najwa\u017cniejsze cechy<\/h2>\n<ul>\n<li>Szeroka \u015brednica dla efektywnego i szybkiego ch\u0142odzenia pomieszcze\u0144.<\/li>\n<li>Trzy tryby nawiewu z regulacj\u0105 intensywno\u015bci pracy.<\/li>\n<li>Cicha praca nie przeszkadzaj\u0105ca w codziennych aktywno\u015bciach.<\/li>\n<li>Funkcja ruchu obrotowego dla intensywniejszego wspomagania ruchu powietrza w pomieszczeniu.<\/li>\n<li>K\u0105t obrotu wentylatora a\u017c 45\u00b0 w lewo i w prawo.<\/li>\n<li>Regulacja wysoko\u015bci dla \u0142atwej dostosowywania pracy do potrzeb.<\/li>\n<li>Stabilna konstrukcja dla bezpiecznego u\u017cytkowania.<\/li>\n<li>\u015amig\u0142a os\u0142oni\u0119te specjaln\u0105, metalow\u0105 siatk\u0105 zwi\u0119kszaj\u0105c\u0105 bezpiecze\u0144stwo.<\/li>\n<\/ul>\n<p><img fetchpriority=\"high\" decoding=\"async\" src=\"\/data\/include\/cms\/.product\/4\/3\/1034\/1_2.jpg\" alt=\"Wentylator stoj\u0105cy SF-2019 \" width=\"768\" height=\"480\" \/><\/p>\n<h2><strong>3 pr\u0119dko\u015bci nawiewu<\/strong><\/h2>\n<p><strong>Wentylator \u0141ucznik SF 2019<\/strong> posiada szerok\u0105 \u015brednic\u0119, pozwalaj\u0105c\u0105 na efektywne i szybkie ch\u0142odzenie nagrzanych pomieszcze\u0144. Daje mo\u017cliwo\u015b\u0107 ustawienia <strong>3 pr\u0119dko\u015bci nawiewu<\/strong>, za pomoc\u0105 kt\u00f3rych dostosujemy intensywno\u015b\u0107 jego pracy do bie\u017c\u0105cych warunk\u00f3w i temperatury w mieszkaniu. Wszystkie tryby s\u0105 wystarczaj\u0105co ciche, aby wtopi\u0107 si\u0119 w szum codziennego dnia i nie przeszkadza\u0107 nam w obowi\u0105zkach, s\u0142uchaniu radia, telewizji czy rozmowie. <\/p>\n<p><img decoding=\"async\" src=\"\/data\/include\/cms\/.product\/9\/8\/1689\/1_3.jpg\" alt=\"Wentylator stoj\u0105cy SF-2019 \" width=\"768\" height=\"480\" \/><\/p>\n<h2><strong>90\u00b0 zakresu obrotu<\/strong><\/h2>\n<p>Dzi\u0119ki funkcji ruchu obrotowego <strong>Wentylator \u0141ucznik SF 2019 <\/strong>mo\u017ce jeszcze intensywniej wspiera\u0107 wywo\u0142ywanie ruchu powietrza w pomieszczeniu co dodatkowo obni\u017cy jego temperatur\u0119 i pozwoli na efektywniejsze ch\u0142odzenie jeszcze wi\u0119kszej przestrzeni, r\u00f3wnomiernie rozprowadzaj\u0105c po nim wytworzony wiatr. <strong>K\u0105t obrotu wentylatora to a\u017c 45\u00b0 w lewo oraz w prawo<\/strong>. <\/p>\n<p><img decoding=\"async\" src=\"\/data\/include\/cms\/.product\/9\/8\/1689\/1_5.jpg\" alt=\"Wentylator stoj\u0105cy SF-2019 \" width=\"768\" height=\"480\" \/><\/p>\n<h2>Bezpieczna konstrukcja z szerokimi \u015bmig\u0142ami os\u0142oni\u0119tymi<\/h2>\n<p>Wentylator \u0141ucznik SF 2019 wyr\u00f3\u017cnia si\u0119 stabiln\u0105 konstrukcj\u0105, kt\u00f3ra nie pozwoli na jego zbyt \u0142atwe przewr\u00f3cenie lub uszkodzenie. <strong>\u015arednica<\/strong> wentylatora to a\u017c <strong>40 cm<\/strong>.\u015amigla os\u0142oni\u0119te s\u0105 <strong>g\u0119st\u0105<\/strong>, <strong>metalow\u0105<\/strong> <strong>siatk\u0105<\/strong> zwi\u0119kszaj\u0105c\u0105 bezpiecze\u0144stwo jego u\u017cytkowania<strong>.<\/strong><\/p>\n<p><strong><img loading=\"lazy\" decoding=\"async\" src=\"\/data\/include\/cms\/.product\/4\/3\/1034\/1_9.jpg\" alt=\"Wentylator stoj\u0105cy SF-2019 \" width=\"768\" height=\"480\" \/><\/strong><\/p>\n<h2>P\u0142ynna regulacja wysoko\u015bci do 125 cm<\/h2>\n<p>Prac\u0119 <strong>Wentylatora \u0141ucznik SF 2019 <\/strong>mo\u017cna skierowa\u0107 w okre\u015blonym kierunku i dowolnie dopasowa\u0107 do bie\u017c\u0105cych potrzeb za pomoc\u0105 <strong>p\u0142ynnej regulacji wysoko\u015bci<\/strong>. <strong>Teleskopowo wysuwana podstawa<\/strong> umo\u017cliwi nam na \u0142atwe podwy\u017cszenie lub obni\u017cenie wysoko\u015bci pracy jego \u015bmigie\u0142 &#8211; na przyk\u0142ad kiedy postanowimy po\u0142o\u017cy\u0107 si\u0119 spa\u0107 przy w\u0142\u0105czonym wentylatorze.<\/p>\n<p><img loading=\"lazy\" decoding=\"async\" src=\"\/data\/include\/cms\/.product\/4\/3\/1034\/1_7.jpg\" alt=\"Wentylator stoj\u0105cy SF-2019 \" width=\"768\" height=\"480\" \/><\/p>\n<h2>Stabilna konstrukcja i 40 cm \u015brednicy wentylatora<\/h2>\n<p><strong>Wentylator \u0141ucznik SF 2019 <\/strong>wyr\u00f3\u017cnia si\u0119 <strong>stabiln\u0105 konstrukcj\u0105<\/strong>, kt\u00f3ra nie pozwoli na jego zbyt \u0142atwe przewr\u00f3cenie lub uszkodzenie. Jego szerokie \u015bmig\u0142a (<strong>o \u015brednicy 36 cm!<\/strong>) os\u0142oni\u0119te s\u0105 specjaln\u0105, metalow\u0105 siatk\u0105 zwi\u0119kszaj\u0105c\u0105 bezpiecze\u0144stwo jego u\u017cytkowania.<\/p>\n<p><img loading=\"lazy\" decoding=\"async\" src=\"\/data\/include\/cms\/.product\/4\/3\/1034\/1_1.jpg\" alt=\"Wentylator stoj\u0105cy SF-2019 \" width=\"768\" height=\"480\" \/><\/p>\n<h2>24 miesi\u0105ce gwarancji producenta<\/h2>\n<p><strong>Wentylator \u0141ucznik SF 2019 <\/strong>posiada 24-miesi\u0119czn\u0105 gwarancj\u0119 oraz instrukcj\u0119 w j\u0119zyku polskim oraz angielskim z kt\u00f3r\u0105 nale\u017c zapozna\u0107 si\u0119 przed rozpocz\u0119ciem korzystania z urz\u0105dzenia.<\/p>\n","protected":false},"excerpt":{"rendered":"<p>Idealny wentylator do domu i biura. 3 pr\u0119dko\u015bci nawiewu. 125 cm wysoko\u015bci. 40 cm \u015brednicy. Zakres obrotu 90\u00b0 (lewo-prawo).<\/p>\n","protected":false},"featured_media":14629,"comment_status":"open","ping_status":"closed","template":"","meta":[],"product_brand":[],"product_cat":[638],"product_tag":[],"class_list":{"0":"post-12321","1":"product","2":"type-product","3":"status-publish","4":"has-post-thumbnail","6":"product_cat-wentylatory","8":"first","9":"instock","10":"taxable","11":"shipping-taxable","12":"product-type-simple"},"_links":{"self":[{"href":"https:\/\/gltestm.webology.pl\/pl\/wp-json\/wp\/v2\/product\/12321","targetHints":{"allow":["GET"]}}],"collection":[{"href":"https:\/\/gltestm.webology.pl\/pl\/wp-json\/wp\/v2\/product"}],"about":[{"href":"https:\/\/gltestm.webology.pl\/pl\/wp-json\/wp\/v2\/types\/product"}],"replies":[{"embeddable":true,"href":"https:\/\/gltestm.webology.pl\/pl\/wp-json\/wp\/v2\/comments?post=12321"}],"version-history":[{"count":0,"href":"https:\/\/gltestm.webology.pl\/pl\/wp-json\/wp\/v2\/product\/12321\/revisions"}],"wp:featuredmedia":[{"embeddable":true,"href":"https:\/\/gltestm.webology.pl\/pl\/wp-json\/wp\/v2\/media\/14629"}],"wp:attachment":[{"href":"https:\/\/gltestm.webology.pl\/pl\/wp-json\/wp\/v2\/media?parent=12321"}],"wp:term":[{"taxonomy":"product_brand","embeddable":true,"href":"https:\/\/gltestm.webology.pl\/pl\/wp-json\/wp\/v2\/product_brand?post=12321"},{"taxonomy":"product_cat","embeddable":true,"href":"https:\/\/gltestm.webology.pl\/pl\/wp-json\/wp\/v2\/product_cat?post=12321"},{"taxonomy":"product_tag","embeddable":true,"href":"https:\/\/gltestm.webology.pl\/pl\/wp-json\/wp\/v2\/product_tag?post=12321"}],"curies":[{"name":"wp","href":"https:\/\/api.w.org\/{rel}","templated":true}]}}