{"id":12320,"date":"2026-03-18T22:38:57","date_gmt":"2026-03-18T21:38:57","guid":{"rendered":"https:\/\/gltestm.webology.pl\/produkt\/dysk-scierny-do-pilnika-at-2020\/"},"modified":"2026-03-22T22:11:42","modified_gmt":"2026-03-22T21:11:42","slug":"dysk-scierny-do-pilnika-at-2020","status":"publish","type":"product","link":"https:\/\/gltestm.webology.pl\/pl\/produkt\/dysk-scierny-do-pilnika-at-2020\/","title":{"rendered":"Dysk \u015bcierny do pilnika AT-2020"},"content":{"rendered":"<h1>Dysk \u015bcierny do pilnika AT-2020<\/h1>\n<p>Nowoczesna <strong>tarcza \u015bcieraj\u0105ca<\/strong> (<strong>wymienny<\/strong> dysk \u015bcierny) do naszego bestsellera \u2013 elektrycznego pilnika do pi\u0119t <strong>AT-2020<\/strong>. Skutecznie <strong>\u015bciera nask\u00f3rek<\/strong> i <strong>wyg\u0142adza sk\u00f3r\u0119<\/strong>. W zale\u017cno\u015bci od intensywno\u015bci u\u017cywania, tarcza starcza na oko\u0142o <strong>100 u\u017cy\u0107<\/strong>.<\/p>\n<p><strong>W opakowaniu znajduj\u0105 si\u0119 2 wymienne dyski.<\/strong><\/p>\n<p><strong>Elektryczny pilnik do st\u00f3p AT-2020<\/strong> mo\u017cesz kupi\u0107 <strong><a href=\"https:\/\/galerialucznik.pl\/pl\/products\/agd\/agd-dla-zdrowia-i-urody\/pilniki-i-frezarki-do-stop\/elektryczny-pilnik-do-stop-at-2020-1149.html\" target=\"_blank\" rel=\"noopener\">tutaj<\/a><\/strong>.<\/p>\n","protected":false},"excerpt":{"rendered":"<p>Zapasowa, wymienna tarcza (dysk \u015bcierny) do pilnika elektrycznego AT-2020. &#8211; 2 sztuki. Dzia\u0142a na sucho i na mokro. Starcza na ok. 100 u\u017cy\u0107.<\/p>\n","protected":false},"featured_media":14674,"comment_status":"open","ping_status":"closed","template":"","meta":[],"product_brand":[],"product_cat":[688],"product_tag":[],"class_list":{"0":"post-12320","1":"product","2":"type-product","3":"status-publish","4":"has-post-thumbnail","6":"product_cat-pilniki-i-frezarki-do-stop","8":"first","9":"instock","10":"taxable","11":"shipping-taxable","12":"product-type-simple"},"_links":{"self":[{"href":"https:\/\/gltestm.webology.pl\/pl\/wp-json\/wp\/v2\/product\/12320","targetHints":{"allow":["GET"]}}],"collection":[{"href":"https:\/\/gltestm.webology.pl\/pl\/wp-json\/wp\/v2\/product"}],"about":[{"href":"https:\/\/gltestm.webology.pl\/pl\/wp-json\/wp\/v2\/types\/product"}],"replies":[{"embeddable":true,"href":"https:\/\/gltestm.webology.pl\/pl\/wp-json\/wp\/v2\/comments?post=12320"}],"version-history":[{"count":0,"href":"https:\/\/gltestm.webology.pl\/pl\/wp-json\/wp\/v2\/product\/12320\/revisions"}],"wp:featuredmedia":[{"embeddable":true,"href":"https:\/\/gltestm.webology.pl\/pl\/wp-json\/wp\/v2\/media\/14674"}],"wp:attachment":[{"href":"https:\/\/gltestm.webology.pl\/pl\/wp-json\/wp\/v2\/media?parent=12320"}],"wp:term":[{"taxonomy":"product_brand","embeddable":true,"href":"https:\/\/gltestm.webology.pl\/pl\/wp-json\/wp\/v2\/product_brand?post=12320"},{"taxonomy":"product_cat","embeddable":true,"href":"https:\/\/gltestm.webology.pl\/pl\/wp-json\/wp\/v2\/product_cat?post=12320"},{"taxonomy":"product_tag","embeddable":true,"href":"https:\/\/gltestm.webology.pl\/pl\/wp-json\/wp\/v2\/product_tag?post=12320"}],"curies":[{"name":"wp","href":"https:\/\/api.w.org\/{rel}","templated":true}]}}