{"id":12319,"date":"2026-03-18T22:38:57","date_gmt":"2026-03-18T21:38:57","guid":{"rendered":"https:\/\/gltestm.webology.pl\/produkt\/blender-kielichowy-z-funkcja-gotowania-lucznik-hotcold-2022\/"},"modified":"2026-03-22T22:10:38","modified_gmt":"2026-03-22T21:10:38","slug":"blender-kielichowy-z-funkcja-gotowania-lucznik-hotcold-2022","status":"publish","type":"product","link":"https:\/\/gltestm.webology.pl\/pl\/produkt\/blender-kielichowy-z-funkcja-gotowania-lucznik-hotcold-2022\/","title":{"rendered":"Blender kielichowy z funkcj\u0105 gotowania \u0141ucznik Hot&#038;Cold 2022"},"content":{"rendered":"<div>\n<div>\n<h2>Blender kielichowy z funkcj\u0105 gotowania, kt\u00f3ry o\u017cywi Tw\u00f3j kulinarny \u015bwiat!<\/h2>\n<p><strong>Wielofunkcyjny blender gotuj\u0105cy Hot&amp;Cold 2022<\/strong> to urz\u0105dzenie, kt\u00f3re <strong>o\u017cywi<\/strong> Tw\u00f3j kulinarny \u015bwiat i pomo\u017ce Ci w <strong>\u0142atwy i szybki<\/strong> spos\u00f3b zadba\u0107 o swoje zdrowie. Dzi\u0119ki niemu przygotujesz zdrowe <strong>smoothie<\/strong>, <strong>zupy kremowe<\/strong> czy nawet <strong>mleko ro\u015blinne<\/strong>. To idealne rozwi\u0105zanie dla os\u00f3b, kt\u00f3rym zale\u017cy na <strong>zdrowej diecie<\/strong>, a <strong>nie maj\u0105 wiele czasu<\/strong> na gotowanie.<\/p>\n<p>Ten blender \u0142\u0105czy w sobie <strong>mocny silnik o mocy 1500 W<\/strong>, zaawansowan\u0105 technologi\u0119<strong> szybkiego gotowania<\/strong>, <strong>panel LED<\/strong> i a\u017c <strong>9 pr\u0119dko\u015bci do 23 500 obr.\/min.<\/strong> Dzi\u0119ki temu mo\u017cesz szybko i skutecznie przygotowa\u0107 smaczne zupy, puree i sosy, a tak\u017ce blendowa\u0107 trudne do zmiksowania sk\u0142adniki, takie jak twarda <strong>marchewka,<\/strong> <strong>orzechy, <\/strong>czy<strong> l\u00f3d<\/strong> To idealne narz\u0119dzie dla os\u00f3b, kt\u00f3re szukaj\u0105 prostych i zdrowych sposob\u00f3w na przygotowanie pysznych potraw w <strong>kr\u00f3tkim czasie<\/strong>.<\/p>\n<h2>Odkryj moc technologii gotowania w Hot&amp;Cold 2022<\/h2>\n<p>Dzi\u0119ki mocy silnika <strong>1500 W<\/strong>, blender Hot and Cold 2022 umo\u017cliwia szybkie i skuteczne przygotowanie potraw w domowym zaciszu. <strong>Wysoka moc silnika<\/strong> sprawia, \u017ce urz\u0105dzenie bez problemu radzi sobie z twardymi i trudnymi do zblendowania sk\u0142adnikami, jak np. orzechy czy l\u00f3d. <strong>Technologia szybkiego gotowania<\/strong> o wysokiej mocy <strong>600 W<\/strong> umo\u017cliwia <strong>przygotowanie gor\u0105cych potraw bezpo\u015brednio w kielichu blendera<\/strong>, co skraca czas przygotowywania posi\u0142k\u00f3w. Dzi\u0119ki temu zyskasz wi\u0119cej czasu na przygotowanie innych potraw, na odpoczynek lub na sp\u0119dzenie czasu z rodzin\u0105 i przyjaci\u00f3\u0142mi.<\/p>\n<h2>Najwa\u017cniejsze cechy blendera Hot&amp;Cold 2022<\/h2>\n<p>\u2022 Moc silnika <strong>1500 W<\/strong><br \/>\u2022 Technologia <strong>szybkiego gotowania<\/strong> o wysokiej mocy <strong>600 W<\/strong><br \/>\u2022 Panel LED<br \/>\u2022 <strong>9 pr\u0119dko\u015bci<\/strong> \u2013 do <strong>23 500 obr\/min<\/strong><br \/>\u2022 <strong>8 wst\u0119pnie zaprogramowanych<\/strong> cykli (w tym <strong>4 gotuj\u0105ce<\/strong>, <strong>3 blenduj\u0105ce na zimno<\/strong> i <strong>1 myj\u0105cy<\/strong>)<br \/>\u2022 <strong>Szklany kielich<\/strong> o pojemno\u015bci maksymalnej <strong>1,75 l<\/strong> i <strong>1,4 l<\/strong> na zup\u0119<br \/>\u2022 <strong>Pokrywka z otworem<\/strong> do \u0142atwego uzupe\u0142niania \u2013 sk\u0142adniki mog\u0105 by\u0107 dodane podczas pracy blendera<br \/>\u2022 <strong>Dwie blokady<\/strong> bezpiecze\u0144stwa<br \/>\u2022 Instrukcja w j\u0119zyku polskim<br \/>\u2022 Karta gwarancyjna<\/p>\n<h2>Przewodnik kuchenny z przepisami &#8211; gratis!<\/h2>\n<p>Do\u0142\u0105czony <strong>przewodnik kuchenny z przepisami<\/strong> zawiera przepisy na<strong> pyszne dania<\/strong>, kt\u00f3re mo\u017cna przygotowa\u0107 za pomoc\u0105 naszego blendera gotuj\u0105cego. Niezale\u017cnie od tego, czy jeste\u015b <strong>pocz\u0105tkuj\u0105cym w kuchni<\/strong>, czy <strong>do\u015bwiadczonym kucharzem<\/strong>, ten przewodnik kuchenny dostarczy Ci <strong>inspiracji<\/strong> i <strong>pomys\u0142\u00f3w<\/strong> na ka\u017cd\u0105 okazj\u0119.<\/p>\n<p>Od <strong>prostych smoothie<\/strong> i <strong>koktajli<\/strong>, przez <strong>zupy<\/strong> i <strong>sosy<\/strong>, a\u017c po <strong>desery<\/strong> i <strong>dania g\u0142\u00f3wne<\/strong> \u2013 nasz przewodnik kuchenny ma wszystko, czego potrzebujesz, aby cieszy\u0107 si\u0119 <strong>pe\u0142ni\u0105 smak\u00f3w<\/strong> i <strong>aromat\u00f3w<\/strong> w Twojej kuchni. Czy kiedykolwiek my\u015bla\u0142e\u015b o przygotowaniu w\u0142asnego <strong>serowego sosu <\/strong>do<strong> nachos\u00f3w<\/strong>? A mo\u017ce chcia\u0142by\u015b spr\u00f3bowa\u0107 <strong>pysznej<\/strong>, <strong>kremowej<\/strong> zupy z <strong>broku\u0142owo-cheddarowej<\/strong>? Z ksi\u0105\u017ck\u0105 kucharsk\u0105 do\u0142\u0105czon\u0105 do blendera kielichowego Hot&amp;Cold 2022, wszystko jest mo\u017cliwe!<\/p>\n<p><img fetchpriority=\"high\" decoding=\"async\" src=\"\/data\/include\/cms\/bannery\/hot-cold-2022\/1_2.jpg\" alt=\"Przewodnik kuchenny z przepisami\" width=\"768\" height=\"480\"><\/p>\n<p>Nie zwlekaj d\u0142u\u017cej i ju\u017c dzi\u015b zam\u00f3w nasz blender Hot&amp;Cold 2022, aby otrzyma\u0107 ekskluzywny <strong>przewodnik kuchenny za darmo<\/strong>! Odkryj smak i potencja\u0142 swojego blendera kielichowego i sta\u0144 si\u0119 <strong>prawdziwym mistrzem kuchni<\/strong>!<\/p>\n<h2>Wydajny i bezpieczny &#8211; technologia i funkcjonalno\u015b\u0107 w jednym blenderze<\/h2>\n<p>Blender kielichowy Hot&amp;Cold 2022 to nie tylko<strong> innowacyjna technologia<\/strong>, ale tak\u017ce niezwykle <strong>wydajny sprz\u0119t<\/strong>, kt\u00f3ry zosta\u0142 wyposa\u017cony w <strong>9 pr\u0119dko\u015bci<\/strong> do <strong>23 500 obr.\/min<\/strong>, panel LED oraz szklany kielich o pojemno\u015bci maksymalnej 1,75 l i 1,4 l na zup\u0119.<\/p>\n<p>Dodatkowo, blender posiada <strong>8 wst\u0119pnie zaprogramowanych<\/strong> cykli, w tym <strong>4 gotuj\u0105ce<\/strong>, <strong>3 blenduj\u0105ce na zimno<\/strong> i <strong>1 myj\u0105cy<\/strong>. Dwie <strong>blokady bezpiecze\u0144stwa<\/strong> zapewniaj\u0105, \u017ce urz\u0105dzenie nie zacznie dzia\u0142a\u0107, je\u015bli pokrywa nie jest odpowiednio zamocowana.<\/p>\n<h2>Przygotuj zdrowe i pyszne potrawy w blenderze Hot&amp;Cold<\/h2>\n<p>Model 2022 Hot&amp;Cold to \u015bwietny blender do gotowania (m.in. zup). Ma du\u017c\u0105 moc silnika \u2013 1500 W, ale r\u00f3wnie\u017c zaawansowane narz\u0119dzie kuchenne z <strong>8 wst\u0119pnie zaprogramowanymi cyklami<\/strong>, w tym <strong>4 gotuj\u0105cymi<\/strong>,<strong> 3 blenduj\u0105cymi na zimno<\/strong> i<strong> 1 myj\u0105cym<\/strong>, co umo\u017cliwia szybkie i \u0142atwe przygotowanie r\u00f3\u017cnego rodzaju potraw, w tym zup kremowych, g\u0119stych sos\u00f3w, pur\u00e9e, smoothie i mleka ro\u015blinnego.<\/p>\n<p><img decoding=\"async\" src=\"\/data\/include\/cms\/bannery\/hot-cold-2022\/2_2.jpg\" alt=\"blender gotuj\u0105cy hot&amp;cold 2022\"><\/p>\n<p>Dodatkowo, blender Hot&amp;Cold 2022 posiada specjalny program do przygotowania<strong> domowych d\u017cem\u00f3w<\/strong> z ulubionych owoc\u00f3w, a blendowanie na zimno umo\u017cliwia przygotowanie orze\u017awiaj\u0105cych napoj\u00f3w i koktajli bez konieczno\u015bci dodawania lodu, co zachowuje naturaln\u0105 intensywno\u015b\u0107 smaku i zapachu napoj\u00f3w.<\/p>\n<p>W blenderze gotuj\u0105cym <strong>przygotujesz<\/strong>:<br \/>\u2022 Zupy krem,<br \/>\u2022 Smoothie,<br \/>\u2022 Mleko ro\u015blinne,<br \/>\u2022 Puree,<br \/>\u2022 D\u017cemy.<\/p>\n<h2>Po\u0142\u0105czone akcesoria dla pe\u0142nej wygody<\/h2>\n<p>\u2022 <strong>Przewodnik kuchenny z przepisami<\/strong><br \/>\u2022 <strong>Dwustronna szczoteczka<\/strong> do czyszczenia<br \/>\u2022 <strong>Worek filtruj\u0105cy<\/strong><br \/>\u2022 Zapasowa<strong> wtyczka redukuj\u0105ca ha\u0142as<\/strong><br \/>\u2022 Os\u0142ona przed wygotowaniem<br \/>\u2022 <strong>Tamper<\/strong><\/p>\n<p>Do wielofunkcyjnego blendera Hot&amp;Cold 2022 do\u0142\u0105czone s\u0105 r\u00f3\u017cne akcesoria, takie jak <strong>przewodnik kuchenny z przepisami<\/strong>, <strong>dwustronna<\/strong> szczoteczka do czyszczenia, <strong>worek filtruj\u0105cy<\/strong>, zapasowa wtyczka redukuj\u0105ca ha\u0142as,<strong> os\u0142ona przed wygotowaniem<\/strong> i <strong>tamper<\/strong>, kt\u00f3re u\u0142atwiaj\u0105 i zwi\u0119kszaj\u0105 kreatywno\u015b\u0107 w kuchni.<\/p>\n<p>Przewodnik kuchenny dostarcza inspiracji na r\u00f3\u017cne okazje, natomiast worek filtruj\u0105cy umo\u017cliwia uzyskanie jednolitej konsystencji w smoothie i mleku ro\u015blinnym. Akcesoria pozwalaj\u0105 na <strong>\u0142atwe<\/strong> i <strong>dok\u0142adne<\/strong> czyszczenie kielicha i no\u017cy oraz na r\u00f3wnomierne mieszanie i blendowanie sk\u0142adnik\u00f3w.<\/p>\n<p><img decoding=\"async\" src=\"\/data\/include\/cms\/bannery\/hot-cold-2022\/3_2.jpg\" alt=\"blender gotuj\u0105cy hot&amp;cold 2022\" width=\"768\" height=\"480\"> <\/p>\n<h2>24 miesi\u0119czna gwarancja producenta oraz instrukcja w j\u0119zyku polskim<\/h2>\n<p>Blender Hot&amp;Cold 2022 obj\u0119ty jest <strong>24-miesi\u0119czn\u0105 gwarancj\u0105 producenta<\/strong>, a instrukcja obs\u0142ugi jest w <strong>j\u0119zyku polskim<\/strong> i bardzo<strong> przyjazna dla u\u017cytkownika<\/strong>, zawieraj\u0105c <strong>proste<\/strong> kroki, kt\u00f3re pomog\u0105 w korzystaniu z urz\u0105dzenia.<\/p>\n<\/div>\n<\/div>\n","protected":false},"excerpt":{"rendered":"<p>Mocny silnik 1500 W i technologia szybkiego gotowania 600 W, panel LED, 9 pr\u0119dko\u015bci do 23500 obr.\/min, 8 cykli, 4 do gotowania, 3 do blendowania na zimno i 1 do czyszczenia. Kielich 1,75 l i 1,4 l na zup\u0119, pokrywa z otworem, 2 blokady.<\/p>\n","protected":false},"featured_media":14518,"comment_status":"open","ping_status":"closed","template":"","meta":[],"product_brand":[],"product_cat":[603],"product_tag":[],"class_list":{"0":"post-12319","1":"product","2":"type-product","3":"status-publish","4":"has-post-thumbnail","6":"product_cat-blendery","8":"first","9":"instock","10":"taxable","11":"shipping-taxable","12":"product-type-simple"},"_links":{"self":[{"href":"https:\/\/gltestm.webology.pl\/pl\/wp-json\/wp\/v2\/product\/12319","targetHints":{"allow":["GET"]}}],"collection":[{"href":"https:\/\/gltestm.webology.pl\/pl\/wp-json\/wp\/v2\/product"}],"about":[{"href":"https:\/\/gltestm.webology.pl\/pl\/wp-json\/wp\/v2\/types\/product"}],"replies":[{"embeddable":true,"href":"https:\/\/gltestm.webology.pl\/pl\/wp-json\/wp\/v2\/comments?post=12319"}],"version-history":[{"count":0,"href":"https:\/\/gltestm.webology.pl\/pl\/wp-json\/wp\/v2\/product\/12319\/revisions"}],"wp:featuredmedia":[{"embeddable":true,"href":"https:\/\/gltestm.webology.pl\/pl\/wp-json\/wp\/v2\/media\/14518"}],"wp:attachment":[{"href":"https:\/\/gltestm.webology.pl\/pl\/wp-json\/wp\/v2\/media?parent=12319"}],"wp:term":[{"taxonomy":"product_brand","embeddable":true,"href":"https:\/\/gltestm.webology.pl\/pl\/wp-json\/wp\/v2\/product_brand?post=12319"},{"taxonomy":"product_cat","embeddable":true,"href":"https:\/\/gltestm.webology.pl\/pl\/wp-json\/wp\/v2\/product_cat?post=12319"},{"taxonomy":"product_tag","embeddable":true,"href":"https:\/\/gltestm.webology.pl\/pl\/wp-json\/wp\/v2\/product_tag?post=12319"}],"curies":[{"name":"wp","href":"https:\/\/api.w.org\/{rel}","templated":true}]}}