{"id":12317,"date":"2026-03-18T22:38:56","date_gmt":"2026-03-18T21:38:56","guid":{"rendered":"https:\/\/gltestm.webology.pl\/produkt\/gofrownica-lucznik-sw-8801\/"},"modified":"2026-03-22T22:11:42","modified_gmt":"2026-03-22T21:11:42","slug":"gofrownica-lucznik-sw-8801","status":"publish","type":"product","link":"https:\/\/gltestm.webology.pl\/pl\/produkt\/gofrownica-lucznik-sw-8801\/","title":{"rendered":"Gofrownica \u0141ucznik SW-8801"},"content":{"rendered":"<h2><strong>Gofrownica SW-8801<\/strong><\/h2>\n<p>Urz\u0105dzenie idealne dla wszystkich, kt\u00f3rzy uwielbiaj\u0105 smak<strong> gofr\u00f3w<\/strong> &#8211; ciep\u0142ych i pysznych wypiek\u00f3w posypanych cukrem-pudrem czy te\u017c udekorowanych bit\u0105 \u015bmietan\u0105 i owocami.<\/p>\n<p>Skusisz si\u0119? \ud83d\ude42 Przygotowuj\u0105c gofry w\u0142asnor\u0119cznie, nie musisz polega\u0107 na gotowej mieszance i talencie cukiernika. Mo\u017cesz mie\u0107 kontrol\u0119 nad ka\u017cdym sk\u0142adnikiem i je\u015bli tylko chcesz, przyrz\u0105dzi\u0107 zdrowe gofry bez cukru, pe\u0142noziarniste lub bezglutenowe. <\/p>\n<p>Tak\u017ce Twoje dzieci b\u0119d\u0105 wniebowzi\u0119te, gdy zaserwujesz im w\u0142asnor\u0119cznie zrobione,<strong> przepyszne<\/strong> <strong>gofry<\/strong>, roztaczaj\u0105ce zapach wakacji!<\/p>\n<p>Dzi\u0119ki wysokiej mocy si\u0119gaj\u0105cej do <strong>1000 W<\/strong> przyrz\u0105dzenie gofr\u00f3w b\u0119dzie sprawne i dok\u0142adne, a Tw\u00f3j cenny czas zostanie zaoszcz\u0119dzony. Ciesz si\u0119 smakiem <strong>gofr\u00f3w<\/strong>, gdy tylko masz na nie ochot\u0119! <\/p>\n<p>Ciesz si\u0119 wygod\u0105 oraz \u0142atwo\u015bci\u0105 podczas robienia gofr\u00f3w dzi\u0119ki <strong>specjalnej pow\u0142oce, kt\u00f3ra nie przywiera do ciasta<\/strong> &#8211; zdecydowanie u\u0142atwia ona przyrz\u0105dzenie wypieku.<\/p>\n<p><strong>Gofrownica SW-8801<\/strong> posiada <strong>24-miesi\u0119czn\u0105 gwarancj\u0119<\/strong> oraz <strong>instrukcj\u0119 w j\u0119zyku polskim<\/strong>, z kt\u00f3r\u0105 nale\u017cy si\u0119 zapozna\u0107 przed u\u017cytkowaniem sprz\u0119tu.<\/p>\n","protected":false},"excerpt":{"rendered":"<p>Ciesz si\u0119 smakiem gofr\u00f3w, gdy tylko masz na nie ochot\u0119. Urz\u0105dzenie idealne dla dzieci oraz doros\u0142ych, kt\u00f3rzy uwielbiaj\u0105 smak pysznych gofr\u00f3w pokrytych bit\u0105 \u015bmietan\u0105, owocami lub innymi sosami.<\/p>\n","protected":false},"featured_media":13696,"comment_status":"open","ping_status":"closed","template":"","meta":[],"product_brand":[],"product_cat":[583],"product_tag":[],"class_list":{"0":"post-12317","1":"product","2":"type-product","3":"status-publish","4":"has-post-thumbnail","6":"product_cat-tostery-i-opiekacze","8":"first","9":"instock","10":"taxable","11":"shipping-taxable","12":"product-type-simple"},"_links":{"self":[{"href":"https:\/\/gltestm.webology.pl\/pl\/wp-json\/wp\/v2\/product\/12317","targetHints":{"allow":["GET"]}}],"collection":[{"href":"https:\/\/gltestm.webology.pl\/pl\/wp-json\/wp\/v2\/product"}],"about":[{"href":"https:\/\/gltestm.webology.pl\/pl\/wp-json\/wp\/v2\/types\/product"}],"replies":[{"embeddable":true,"href":"https:\/\/gltestm.webology.pl\/pl\/wp-json\/wp\/v2\/comments?post=12317"}],"version-history":[{"count":0,"href":"https:\/\/gltestm.webology.pl\/pl\/wp-json\/wp\/v2\/product\/12317\/revisions"}],"wp:featuredmedia":[{"embeddable":true,"href":"https:\/\/gltestm.webology.pl\/pl\/wp-json\/wp\/v2\/media\/13696"}],"wp:attachment":[{"href":"https:\/\/gltestm.webology.pl\/pl\/wp-json\/wp\/v2\/media?parent=12317"}],"wp:term":[{"taxonomy":"product_brand","embeddable":true,"href":"https:\/\/gltestm.webology.pl\/pl\/wp-json\/wp\/v2\/product_brand?post=12317"},{"taxonomy":"product_cat","embeddable":true,"href":"https:\/\/gltestm.webology.pl\/pl\/wp-json\/wp\/v2\/product_cat?post=12317"},{"taxonomy":"product_tag","embeddable":true,"href":"https:\/\/gltestm.webology.pl\/pl\/wp-json\/wp\/v2\/product_tag?post=12317"}],"curies":[{"name":"wp","href":"https:\/\/api.w.org\/{rel}","templated":true}]}}