{"id":12314,"date":"2026-03-18T22:38:55","date_gmt":"2026-03-18T21:38:55","guid":{"rendered":"https:\/\/gltestm.webology.pl\/produkt\/coverlock-820d3-renderka-kapowka\/"},"modified":"2026-03-22T22:09:47","modified_gmt":"2026-03-22T21:09:47","slug":"coverlock-820d3-renderka-kapowka","status":"publish","type":"product","link":"https:\/\/gltestm.webology.pl\/pl\/produkt\/coverlock-820d3-renderka-kapowka\/","title":{"rendered":"Coverlock 820D3 (renderka\/kap\u00f3wka)"},"content":{"rendered":"<h2><strong><strong>Coverlock 820D3 (renderka\/kap\u00f3wka)<\/strong><\/strong><\/h2>\n<p><strong><strong>Coverlock 820D3 (znana te\u017c jako kap\u00f3wka, lub renderka)<\/strong> <\/strong>to przede wszystkim maszyna do szycia z<strong> materia\u0142\u00f3w <\/strong><strong>rozci\u0105gliwych<\/strong> takich jak odzie\u017c dzianinowa dzieci\u0119ca i sportowa. S\u0142u\u017cy przede wszystkim do ich <strong>podwijania<\/strong> (bez obcinania) oraz <strong>\u0142\u0105czenia.<\/strong><\/p>\n<p><strong>\u015acieg drabinkowy <\/strong>coverlocka jest wykonywany w taki spos\u00f3b, aby by\u0142 jednocze\u015bnie bardzo elastyczny i wytrzyma\u0142y. <strong>Klasyczny \u015bcieg drabinkowy<\/strong> z zewn\u0105trz wygl\u0105da podobnie do r\u00f3wnoleg\u0142ego stebnowania przy pomocy podw\u00f3jnej ig\u0142y, po lewej stronie wida\u0107 za\u015b specjalne zap\u0119tlenia, kt\u00f3rych zas\u0142ug\u0105 s\u0105 wszystkie jego w\u0142a\u015bciwo\u015bci.  Najbardziej popularne miejsca jego zastosowania to do\u0142y bluzek, podkoszulk\u00f3w oraz podwini\u0119cia r\u0119kaw\u00f3w.<\/p>\n<p>Model ten posiada r\u00f3wnie\u017c<strong> \u015bcieg \u0142a\u0144cuszkowy<\/strong>, kt\u00f3ry jest z kolei idealny do \u0142\u0105czenia ze sob\u0105 kawa\u0142\u00f3w dzianin. \u015acieg ten znajduje si\u0119 wsz\u0119dzie tam, gdzie wymagana jest wysoka <strong>elastyczno\u015b\u0107<\/strong> oraz <strong>wytrzyma\u0142o\u015b\u0107<\/strong> szycia.<\/p>\n<p><strong>Coverlock 820D3<\/strong> posiada opcj\u0119 regulacji<strong> d\u0142ugo\u015bci \u015bciegu, napr\u0119\u017cenia nici<\/strong> oraz <strong>docisku stopki<\/strong> na materia\u0142. <strong>Transport r\u00f3\u017cnicowy <\/strong>umo\u017cliwia regulacj\u0119 dyferencja\u0142u szycia &#8211; dzi\u0119ki temu uzyskujemy odpowiednio p\u0142aski szew &#8211; <strong>bez marszcze\u0144 i rozci\u0105gania<\/strong>. W razie potrzeby \u0142atwo jest w zamierzony spos\u00f3b uzyska\u0107 r\u00f3wnie\u017c efekt odwrotny. Model ten ma r\u00f3wnie\u017c <strong>wbudowany wysi\u0119g<\/strong> (wolne rami\u0119) do podwijania trudno dost\u0119pnych element\u00f3w odzie\u017cy, takich jak r\u0119kawy, nogawki czy dekolty. <br \/>Mo\u017cliwo\u015b\u0107<strong> wysokiego podnoszenia stopki<\/strong> zapewnia swobodne podk\u0142adanie kilku warstw materia\u0142\u00f3w.<\/p>\n<p><strong>Oznaczenia kolorystyczne <\/strong>i numeracja kolejnych chwytaczy oraz czytelna instrukcja pod pokryw\u0105 os\u0142aniaj\u0105c\u0105 u\u0142atwiaj\u0105 nawlekanie oraz regulacj\u0119 urz\u0105dzenia. W <strong>szufladce na akcesoria<\/strong> znajduje si\u0119 podstawowe wyposa\u017cenie do konserwacji oraz p\u0119seta, kt\u00f3ra pomaga w procesie nawlekania nici. Model wyposa\u017cony jest r\u00f3wnie\u017c w delikatn\u0105 <strong>os\u0142on\u0119<\/strong> chroni\u0105c\u0105 go przed kurzem i brudem.<\/p>\n<h2><strong>Najwa\u017cniejsze cechy <\/strong><\/h2>\n<ul>\n<li><strong>2 \u015bciegi <\/strong>(<strong>drabinkowy<\/strong> i <strong>\u0142a\u0144cuszkowy<\/strong>)<\/li>\n<li>\u015bciegi <strong>2-<\/strong> lub <strong>3-nitkowe<\/strong><\/li>\n<li><strong>2 ig\u0142y<\/strong><\/li>\n<li><strong>3 nici<\/strong><\/li>\n<li><strong>regulacja d\u0142ugo\u015bci<\/strong> \u015bciegu (pokr\u0119t\u0142o)<\/li>\n<li><strong>\u0142atwe<\/strong> i szybkie <strong>nawlekanie<\/strong> (<strong>oznaczenia kolorystyczne<\/strong>)<\/li>\n<li><strong>zatrzaskowa<\/strong> stopka<\/li>\n<li><strong>wysokie<\/strong> podnoszenie stopki<\/li>\n<li>transport <strong>r\u00f3\u017cnicowy<\/strong> (dyferencja\u0142, regulowany)<\/li>\n<li>d\u017awignia regulacji posuwu<\/li>\n<li>demontowany <strong>blat roboczy<\/strong><\/li>\n<li><strong>wolne rami\u0119<\/strong><\/li>\n<li>pojemnik na akcesoria (<strong>wbudowane<\/strong>)<\/li>\n<\/ul>\n<h2>Standardowe wyposa\u017cenie<\/h2>\n<ul>\n<li><strong>dyski<\/strong> odprowadzaj\u0105ce nici<\/li>\n<li><strong>prowadnik<\/strong> do obszywania<\/li>\n<li><strong>prujka<\/strong><\/li>\n<li><strong>zapasowe ig\u0142y 90 (3)<\/strong><\/li>\n<li>pojemnik na oliw\u0119<\/li>\n<li>pokrowiec <strong>przeciwkurczowy<\/strong><\/li>\n<li><strong>\u015brubokr\u0119ty<\/strong><\/li>\n<li>p\u0119seta<\/li>\n<\/ul>\n","protected":false},"excerpt":{"rendered":"<p>Overlock 820D3 (renderka\/kap\u00f3wka\/kowerlok) dwuig\u0142owy i trzynitkowy, kt\u00f3ry profesjonalnie z\u0142\u0105czy i podwinie materia\u0142y dzianinowe oraz tkaniny, wykonuj\u0105c 2- 3- nitkowe \u015bciegi.<\/p>\n","protected":false},"featured_media":14922,"comment_status":"open","ping_status":"closed","template":"","meta":[],"product_brand":[],"product_cat":[433],"product_tag":[],"class_list":{"0":"post-12314","1":"product","2":"type-product","3":"status-publish","4":"has-post-thumbnail","6":"product_cat-overlocki","8":"first","9":"instock","10":"taxable","11":"shipping-taxable","12":"product-type-simple"},"_links":{"self":[{"href":"https:\/\/gltestm.webology.pl\/pl\/wp-json\/wp\/v2\/product\/12314","targetHints":{"allow":["GET"]}}],"collection":[{"href":"https:\/\/gltestm.webology.pl\/pl\/wp-json\/wp\/v2\/product"}],"about":[{"href":"https:\/\/gltestm.webology.pl\/pl\/wp-json\/wp\/v2\/types\/product"}],"replies":[{"embeddable":true,"href":"https:\/\/gltestm.webology.pl\/pl\/wp-json\/wp\/v2\/comments?post=12314"}],"version-history":[{"count":0,"href":"https:\/\/gltestm.webology.pl\/pl\/wp-json\/wp\/v2\/product\/12314\/revisions"}],"wp:featuredmedia":[{"embeddable":true,"href":"https:\/\/gltestm.webology.pl\/pl\/wp-json\/wp\/v2\/media\/14922"}],"wp:attachment":[{"href":"https:\/\/gltestm.webology.pl\/pl\/wp-json\/wp\/v2\/media?parent=12314"}],"wp:term":[{"taxonomy":"product_brand","embeddable":true,"href":"https:\/\/gltestm.webology.pl\/pl\/wp-json\/wp\/v2\/product_brand?post=12314"},{"taxonomy":"product_cat","embeddable":true,"href":"https:\/\/gltestm.webology.pl\/pl\/wp-json\/wp\/v2\/product_cat?post=12314"},{"taxonomy":"product_tag","embeddable":true,"href":"https:\/\/gltestm.webology.pl\/pl\/wp-json\/wp\/v2\/product_tag?post=12314"}],"curies":[{"name":"wp","href":"https:\/\/api.w.org\/{rel}","templated":true}]}}