{"id":12313,"date":"2026-03-18T22:38:54","date_gmt":"2026-03-18T21:38:54","guid":{"rendered":"https:\/\/gltestm.webology.pl\/produkt\/overlock-lucznik-820d5\/"},"modified":"2026-03-22T22:09:49","modified_gmt":"2026-03-22T21:09:49","slug":"overlock-lucznik-820d5","status":"publish","type":"product","link":"https:\/\/gltestm.webology.pl\/pl\/produkt\/overlock-lucznik-820d5\/","title":{"rendered":"Overlock \u0141ucznik 820D5"},"content":{"rendered":"<p>Overlock 820D5, pi\u0119cionitkowy i dwuig\u0142owy, profesjonalnie obrzuci brzegi r\u00f3\u017cnego rodzaju materia\u0142\u00f3w, wykonuj\u0105c 2- 5- nitkowe \u015bciegi.\n<\/p>\n<p>Overlock to &#8222;wy\u017csza szko\u0142a jazdy&#8221; sztuki krawieckiej. Wygl\u0105da na urz\u0105dzenie nieco skomplikowane. Ka\u017cdy przyzna, \u017ce prostsza w obs\u0142udze jest klasyczna maszyna od szycia, ni\u017c overlock 5-nitkowy. Je\u015bli jednak zdecydujesz si\u0119 podj\u0105\u0107 jego wyzwanie, Twoje prace ju\u017c zawsze b\u0119d\u0105 perfekcyjne w ka\u017cdym calu, a wszystkie brzegi b\u0119d\u0105 pi\u0119knie, dok\u0142adnie obrzucone, jakby dopiero co wysz\u0142y spod ig\u0142y zak\u0142adu krawieckiego. <strong>Koniec z oddawaniem prac do wyko\u0144czenia komu\u015b innemu<\/strong>! Najprawdopodobniej po\u015bwi\u0119cisz troch\u0119 czasu by &#8222;wyczu\u0107&#8221; maszyn\u0119, spos\u00f3b nawlekania, dob\u00f3r napr\u0119\u017ce\u0144 oraz innych parametr\u00f3w &#8211; zapewniamy jednak, \u017ce <strong>efekt jest wart tego zachodu<\/strong>.\n<\/p>\n<p>Dzi\u0119ki zmianie napr\u0119\u017cenia nici oraz d\u0142ugo\u015bci \u015bciegu czy ustawie\u0144 dyferencja\u0142u mo\u017cesz uzyska\u0107 r\u00f3\u017cne kombinacje \u015bcieg\u00f3w. Mo\u017cna zdecydowanie powiedzie\u0107, \u017ce dob\u00f3r odpowiednich napr\u0119\u017ce\u0144 to klucz do sukcesu \u2013 czyli <strong>pi\u0119knie wygl\u0105daj\u0105cego \u015bciegu<\/strong>.\n<\/p>\n<h2><span>Najwa\u017cniejsze cechy<\/span><\/h2>\n<ul>\n<li>maksymalna <span>pr\u0119dko\u015b\u0107<\/span><span> szycia: <strong>1300 wk\u0142u\u0107 na minut\u0119<\/strong><\/span><\/li>\n<li><span>liczba \u015bcieg\u00f3w: <strong>20<\/strong><\/span><\/li>\n<li><span>liczba igie\u0142: <strong>2<\/strong><\/span><\/li>\n<li><strong>\u015bciegi do 5 nitek<\/strong><\/li>\n<li><span>zatrzaskowe stopki<\/span><\/li>\n<li><strong>\u0142atwe i szybkie nawlekanie<\/strong><span> nitek dzi\u0119ki specjalnym oznaczeniom kolorystycznym<\/span><\/li>\n<li><span>regulacja <\/span><span>napr\u0119\u017cania<\/span><span> nici (ka\u017cda osobno)<\/span><\/li>\n<li><span>\u015bciegi: <\/span><strong>rotuj\u0105ce, obrzucaj\u0105ce, \u0142a\u0144cuszkowy i drabinkowy<\/strong><\/li>\n<li><span>regulacja <\/span><span>d\u0142ugo\u015bci<\/span><span> \u015bciegu<\/span><\/li>\n<li><span>regulacja szeroko\u015bci \u015bciegu<\/span><\/li>\n<li><span>no\u017cyk<\/span><span> w obudowie<\/span><\/li>\n<li><strong>od\u0142\u0105czanie g\u00f3rnego no\u017ca<\/strong><\/li>\n<li><span>praktyczny<\/span><span> <strong>pojemnik na <\/strong><\/span><strong>\u015bcinki<\/strong><\/li>\n<li><span>wbudowany <strong>pojemnik na akcesoria<\/strong><\/span><\/li>\n<li><span>wolne rami\u0119<\/span><\/li>\n<li><span>o\u015bwietlenie<\/span><span> LED<\/span><\/li>\n<\/ul>\n<h2><span>Standardowe wyposa\u017cenie<\/span><\/h2>\n<ul>\n<li>stolik do \u015bciegu <strong>dwunitkowego<\/strong> <strong>\u0142a\u0144cuszkowego<\/strong><\/li>\n<li>p\u0142ytka do \u015bciegu <strong>drabinkowego<\/strong><\/li>\n<li>stopka do \u015bciegu <strong>drabinkowego<\/strong><\/li>\n<li><strong>dolny n\u00f3\u017c<\/strong><\/li>\n<li>prowadnik do obszywania<\/li>\n<li>prujka<\/li>\n<li><strong>zapasowe ig\u0142y 90 (3)<\/strong><\/li>\n<li>pojemnik na oliw\u0119<\/li>\n<li><strong>pokrowiec <\/strong>przeciwkurzowy<\/li>\n<li>p\u0119seta<\/li>\n<li>\u015brubokr\u0119ty<\/li>\n<li><strong>regulator obrot\u00f3w<\/strong> hkt-7<\/li>\n<\/ul>\n<h2>\u0141atwy system nawlekania i 1300 wk\u0142u\u0107 na minut\u0119<\/h2>\n<p>Szybko\u015b\u0107, z jak\u0105 szyje owerlok mo\u017ce mie\u0107 dla wielu spore znaczenie. Przecie\u017c im wi\u0119cej wk\u0142u\u0107 na minut\u0119 wykona, tym szybciej sko\u0144czymy nasz projekt. Pr\u0119dko\u015b\u0107 pracy domowych overlock\u00f3w przekracza ju\u017c 1000 wk\u0142u\u0107 na minut\u0119. W przypadku maszyny <strong>\u0141ucznik z overlockiem 820D5<\/strong> jest to nawet <strong>1300 wk\u0142u\u0107 na minut\u0119<\/strong>.\n<\/p>\n<p>Kolorowy system nawlekania pozwala \u0142atwiej zorientowa\u0107 si\u0119 w g\u0105szczu chwytaczy, haczyk\u00f3w i oczek we wn\u0119trzu overlocka.<strong> Regulacja docisku stopki <\/strong>podobnie jak w maszynach do szycia odpowiada za si\u0142\u0119 docisku stopki do z\u0105bk\u00f3w transportera, czyli ma istotny wp\u0142yw na transport materia\u0142u podczas pracy na maszynie. Ustawienie wi\u0119kszej warto\u015bci oznacza zwi\u0119kszenie docisku i odwrotnie.\n<\/p>\n<p>Marzysz, by uzyska\u0107 <strong>ozdobne<\/strong> marszczenie, lub nie chcesz, aby elastyczny materia\u0142 rozci\u0105ga\u0142 si\u0119 podczas szycia? Nie ma problemu. Overlock 820D5 umo\u017cliwia to za pomoc\u0105 <strong>regulacji transportu r\u00f3\u017cnicowego<\/strong>.\n<\/p>\n<h2>Overlock 820D5 &#8211; idealny do szycia domowego<\/h2>\n<p>Profesjonalny overlock pi\u0119cionitkowy jest idealny do szycia domowego. Ma uniwersalne zastosowanie do r\u00f3\u017cnego rodzaju materia\u0142\u00f3w &#8211; zar\u00f3wno tkanin jak i dzianin. <strong>Overlock 820D5<\/strong> wyposa\u017cony jest w dolny i g\u00f3rny n\u00f3\u017c tn\u0105cy, kt\u00f3ry mo\u017cna swobodnie od\u0142\u0105czy\u0107. Wykonuje \u015bciegi 1- i 2-ig\u0142owe, 2- 5-nitkowe, obrzucaj\u0105ce i roluj\u0105ce, a tak\u017ce \u015bcieg \u0142a\u0144cuszkowy oraz drabinkowy. Ma wbudowany wysi\u0119g do obrzucania r\u0119kaw\u00f3w, nogawek i ko\u0142nierzy. Mo\u017cliwo\u015b\u0107 wysokiego podnoszenia stopki zapewnia swobodne podk\u0142adanie kilku warstw materia\u0142\u00f3w pod stopk\u0119.\n<\/p>\n<p>Nasz overlock 5-nitkowy posiada teleskopowy prowadnik nici oraz czyteln\u0105 instrukcj\u0119 nawlekania pod pokryw\u0105 os\u0142aniaj\u0105c\u0105. W szufladce na akcesoria znajduje si\u0119 mi\u0119dzy innymi p\u0119seta, kt\u00f3ra znacznie u\u0142atwia proces nawlekania nici. <strong>Overlock 820D5 <\/strong>wyposa\u017cony jest r\u00f3wnie\u017c w pojemnik na \u015bcinki materia\u0142u oraz os\u0142on\u0119 chroni\u0105c\u0105 przed kurzem i brudem. W sprzeda\u017cy dost\u0119pne s\u0105 specjalistyczne stopki zatrzaskowe do tego modelu.\n<\/p>\n<h2>24-miesi\u0119czna gwarancja<\/h2>\n<p>Maszyna do szycia \u0141ucznik Overlock 820D5 posiada <strong>24-miesi\u0119czn\u0105<\/strong> gwarancj\u0119 oraz instrukcj\u0119 w j\u0119zyku polskim, z kt\u00f3r\u0105 nale\u017cy zapozna\u0107 si\u0119 przed przyst\u0105pieniem do szycia.<\/p>\n","protected":false},"excerpt":{"rendered":"<p>Overlock 820D5 to maszyna dwuig\u0142owa i czteronitkowa, kt\u00f3ra profesjonalnie obrzuci brzegi r\u00f3\u017cnego rodzaju materia\u0142\u00f3w, wykonuj\u0105c 2- 5- nitkowe \u015bciegi.<\/p>\n","protected":false},"featured_media":15798,"comment_status":"open","ping_status":"closed","template":"","meta":[],"product_brand":[],"product_cat":[433],"product_tag":[],"class_list":{"0":"post-12313","1":"product","2":"type-product","3":"status-publish","4":"has-post-thumbnail","6":"product_cat-overlocki","8":"first","9":"instock","10":"taxable","11":"shipping-taxable","12":"product-type-simple"},"_links":{"self":[{"href":"https:\/\/gltestm.webology.pl\/pl\/wp-json\/wp\/v2\/product\/12313","targetHints":{"allow":["GET"]}}],"collection":[{"href":"https:\/\/gltestm.webology.pl\/pl\/wp-json\/wp\/v2\/product"}],"about":[{"href":"https:\/\/gltestm.webology.pl\/pl\/wp-json\/wp\/v2\/types\/product"}],"replies":[{"embeddable":true,"href":"https:\/\/gltestm.webology.pl\/pl\/wp-json\/wp\/v2\/comments?post=12313"}],"version-history":[{"count":0,"href":"https:\/\/gltestm.webology.pl\/pl\/wp-json\/wp\/v2\/product\/12313\/revisions"}],"wp:featuredmedia":[{"embeddable":true,"href":"https:\/\/gltestm.webology.pl\/pl\/wp-json\/wp\/v2\/media\/15798"}],"wp:attachment":[{"href":"https:\/\/gltestm.webology.pl\/pl\/wp-json\/wp\/v2\/media?parent=12313"}],"wp:term":[{"taxonomy":"product_brand","embeddable":true,"href":"https:\/\/gltestm.webology.pl\/pl\/wp-json\/wp\/v2\/product_brand?post=12313"},{"taxonomy":"product_cat","embeddable":true,"href":"https:\/\/gltestm.webology.pl\/pl\/wp-json\/wp\/v2\/product_cat?post=12313"},{"taxonomy":"product_tag","embeddable":true,"href":"https:\/\/gltestm.webology.pl\/pl\/wp-json\/wp\/v2\/product_tag?post=12313"}],"curies":[{"name":"wp","href":"https:\/\/api.w.org\/{rel}","templated":true}]}}