{"id":12312,"date":"2026-03-18T22:38:54","date_gmt":"2026-03-18T21:38:54","guid":{"rendered":"https:\/\/gltestm.webology.pl\/produkt\/overlock-lucznik-720d4-ultralock\/"},"modified":"2026-03-22T22:09:50","modified_gmt":"2026-03-22T21:09:50","slug":"overlock-lucznik-720d4-ultralock","status":"publish","type":"product","link":"https:\/\/gltestm.webology.pl\/pl\/produkt\/overlock-lucznik-720d4-ultralock\/","title":{"rendered":"Overlock \u0141ucznik 720D4 (Ultralock)"},"content":{"rendered":"<h2>Overlock \u0141ucznik 720D4 (Ultralock)<\/h2>\n<p>Overlock to &#8222;wy\u017csza szko\u0142a jazdy&#8221; sztuki krawieckiej. Wygl\u0105da na urz\u0105dzenie nieco skomplikowane. Je\u015bli jednak zdecydujesz si\u0119 podj\u0105\u0107 jego wyzwanie, twoje prace ju\u017c zawsze b\u0119d\u0105 perfekcyjne w ka\u017cdym calu, a wszystkie brzegi b\u0119d\u0105 pi\u0119knie, dok\u0142adnie obrzucone, jakby dopiero co wysz\u0142y spod ig\u0142y zak\u0142adu krawieckiego. <strong>Koniec z oddawaniem prac do wyko\u0144czenia komu\u015b innemu!<\/strong><\/p>\n<h2><strong>Najwa\u017cniejsze cechy<\/strong><\/h2>\n<ul>\n<li><strong>7 \u015bcieg\u00f3w<\/strong><\/li>\n<li><strong>1200 wk\u0142u\u0107 \/ min.<\/strong><\/li>\n<li>\u015bciegi: <strong>roluj\u0105ce<\/strong>, <strong>obrzucaj\u0105ce<\/strong><\/li>\n<li><strong>2 ig\u0142y<\/strong><\/li>\n<li><strong>4 nici<\/strong><\/li>\n<li><strong>\u0142atwe<\/strong> i szybkie <strong>nawlekanie<\/strong> (<strong>oznaczenia kolorystyczne<\/strong>)<\/li>\n<li><strong>regulacja docisku<\/strong> stopki<\/li>\n<li>regulacja <strong>d\u0142ugo\u015bci i szeroko\u015bci<\/strong> \u015bciegu<\/li>\n<li>regulacja <strong>napr\u0119\u017cenia nici<\/strong> (dla ka\u017cdej nici osobno)<\/li>\n<li><strong>wolne rami\u0119<\/strong><\/li>\n<li>transport <strong>r\u00f3\u017cnicowy<\/strong> (dyferencja\u0142)<\/li>\n<li>g\u00f3rny i dolny n\u00f3\u017c (<strong>funkcja obcinania materia\u0142u<\/strong>; od\u0142\u0105czenie g\u00f3rnego no\u017ca)<\/li>\n<li><strong>wysokie<\/strong> podnoszenie stopki<\/li>\n<li><strong>zatrzaskowa<\/strong> stopka<\/li>\n<li>pojemnik na akcesoria (<strong>wbudowane<\/strong>)<\/li>\n<\/ul>\n<p>Najprawdopodobniej po\u015bwi\u0119cisz troch\u0119 czasu by &#8222;wyczu\u0107&#8221; maszyn\u0119, spos\u00f3b nawlekania, dob\u00f3r napr\u0119\u017ce\u0144 oraz innych parametr\u00f3w &#8211; zapewniamy jednak, \u017ce  <strong>efekt jest wart tego zachodu.<\/strong><\/p>\n<p>Dzi\u0119ki zmianie napr\u0119\u017cenia nici, zmianie d\u0142ugo\u015bci \u015bciegu czy ustawie\u0144 dyferencja\u0142u mo\u017cesz uzyska\u0107 r\u00f3\u017cne kombinacje \u015bcieg\u00f3w. Mo\u017cna zdecydowanie powiedzie\u0107, \u017ce dob\u00f3r odpowiednich napr\u0119\u017ce\u0144, to klucz do sukcesu \u2013 czyli <strong>pi\u0119knie<\/strong> <strong>wygl\u0105daj\u0105cego<\/strong> <strong>\u015bciegu<\/strong>.<\/p>\n<p>Szybko\u015b\u0107, z jak\u0105 szyje owerlok mo\u017ce mie\u0107 dla wielu spore znaczenie. Przecie\u017c im wi\u0119cej wk\u0142u\u0107 na minut\u0119 wykona, tym szybciej sko\u0144czymy nasz projekt. Pr\u0119dko\u015b\u0107 pracy domowych overlok\u00f3w przekracza ju\u017c <strong>1000 wk\u0142u\u0107 na minut\u0119<\/strong>.<\/p>\n<p><strong>Kolorowy system nawlekania<\/strong> pozwala \u0142atwiej zorientowa\u0107 si\u0119 w g\u0105szczu chwytaczy, haczyk\u00f3w i oczek we wn\u0119trzu overlocka.<\/p>\n<p><strong>Regulacja docisku stopki<\/strong> podobnie jak w maszynach do szycia odpowiada za si\u0142\u0119 docisku stopki do z\u0105bk\u00f3w transportera, czyli ma istotny wp\u0142yw na transport materia\u0142u podczas pracy na maszynie. Ustawienie wi\u0119kszej warto\u015bci oznacza zwi\u0119kszenie docisku i odwrotnie.<\/p>\n<p>Chcesz uzyska\u0107 <strong>ozdobne <\/strong>marszczenie lub<strong> nie chcesz, aby elastyczny materia\u0142 rozci\u0105ga\u0142 si\u0119 podczas szycia<\/strong>? Nie ma problemu. <strong>Overlock 720D4<\/strong> umo\u017cliwia to za pomoc\u0105 <strong>regulacji transportu r\u00f3\u017cnicowego.<\/strong><\/p>\n<p><strong>Overlock 720D4  <\/strong>posiada najnowsze rozwi\u0105zania technologiczne oraz konstrukcyjne. Przeznaczony jest do u\u017cytku domowego. <strong>Overlock 720D4<\/strong> ma uniwersalne zastosowanie do r\u00f3\u017cnego rodzaju materia\u0142\u00f3w &#8211; zar\u00f3wno tkanin jak i dzianin. <strong>Overlock 720D4<\/strong> wyposa\u017cony jest w  dolny i g\u00f3rny n\u00f3\u017c tn\u0105cy, kt\u00f3ry mo\u017cna swobodnie od\u0142\u0105czy\u0107. Wykonuje \u015bciegi 1- i 2-ig\u0142owe, 2- 4-nitkowe, obrzucaj\u0105ce oraz roluj\u0105ce.<\/p>\n<p><strong>Overlock 720D4<\/strong> posiada <strong>regulacj\u0119 d\u0142ugo\u015bci i szeroko\u015bci \u015bciegu <\/strong>oraz<strong> napr\u0119\u017cenia nici.<\/strong> Posiada <strong>wolne rami\u0119<\/strong> s\u0142u\u017c\u0105ce do \u0142atwiejszego obrzucania r\u0119kaw\u00f3w, nogawek lub ko\u0142nierzy. Mo\u017cliwo\u015b\u0107 wysokiego podnoszenia stopki zapewnia swobodne podk\u0142adanie kilku warstw materia\u0142\u00f3w pod stopk\u0119, a kolorystyczne oznaczenia kolejnych chwytaczy u\u0142atwiaj\u0105 nawlekanie.   <\/p>\n<p>W szufladce na akcesoria znajduj\u0105 si\u0119 mi\u0119dzy innymi: p\u0119seta, kt\u00f3ra pomaga w procesie nawlekania nici, zestaw igie\u0142, wkr\u0119taki, zapasowy n\u00f3\u017c dolny, szczoteczk\u0119 z prujk\u0105 oraz pojemnik na olej.<\/p>\n<p><strong>Overlock 720D4<\/strong> wyposa\u017cony jest w <strong>pojemnik na \u015bcinki<\/strong> materia\u0142u oraz os\u0142on\u0119 chroni\u0105c\u0105 przed kurzem i brudem. W sprzeda\u017cy dost\u0119pne s\u0105 specjalistyczne stopki zatrzaskowe do tego modelu. <\/p>\n<h2>24-miesi\u0119czna gwarancja<\/h2>\n<p><strong>Overlock 720D4<\/strong> posiada <strong>24-miesi\u0119czn\u0105 gwarancj\u0119<\/strong> oraz instrukcj\u0119 w j\u0119zyku polskim, z kt\u00f3r\u0105 nale\u017cy si\u0119 zapozna\u0107 przed przyst\u0105pieniem do u\u017cytkowania sprz\u0119tu.<\/p>\n","protected":false},"excerpt":{"rendered":"<p>Overlock 720D4 to maszyna dwuig\u0142owa i czteronitkowa, kt\u00f3ra profesjonalnie obrzuci brzegi r\u00f3\u017cnego rodzaju materia\u0142\u00f3w, wykonuj\u0105c 2- 4- nitkowe \u015bciegi.<\/p>\n","protected":false},"featured_media":14137,"comment_status":"open","ping_status":"closed","template":"","meta":[],"product_brand":[],"product_cat":[433],"product_tag":[],"class_list":{"0":"post-12312","1":"product","2":"type-product","3":"status-publish","4":"has-post-thumbnail","6":"product_cat-overlocki","8":"first","9":"instock","10":"taxable","11":"shipping-taxable","12":"product-type-simple"},"_links":{"self":[{"href":"https:\/\/gltestm.webology.pl\/pl\/wp-json\/wp\/v2\/product\/12312","targetHints":{"allow":["GET"]}}],"collection":[{"href":"https:\/\/gltestm.webology.pl\/pl\/wp-json\/wp\/v2\/product"}],"about":[{"href":"https:\/\/gltestm.webology.pl\/pl\/wp-json\/wp\/v2\/types\/product"}],"replies":[{"embeddable":true,"href":"https:\/\/gltestm.webology.pl\/pl\/wp-json\/wp\/v2\/comments?post=12312"}],"version-history":[{"count":0,"href":"https:\/\/gltestm.webology.pl\/pl\/wp-json\/wp\/v2\/product\/12312\/revisions"}],"wp:featuredmedia":[{"embeddable":true,"href":"https:\/\/gltestm.webology.pl\/pl\/wp-json\/wp\/v2\/media\/14137"}],"wp:attachment":[{"href":"https:\/\/gltestm.webology.pl\/pl\/wp-json\/wp\/v2\/media?parent=12312"}],"wp:term":[{"taxonomy":"product_brand","embeddable":true,"href":"https:\/\/gltestm.webology.pl\/pl\/wp-json\/wp\/v2\/product_brand?post=12312"},{"taxonomy":"product_cat","embeddable":true,"href":"https:\/\/gltestm.webology.pl\/pl\/wp-json\/wp\/v2\/product_cat?post=12312"},{"taxonomy":"product_tag","embeddable":true,"href":"https:\/\/gltestm.webology.pl\/pl\/wp-json\/wp\/v2\/product_tag?post=12312"}],"curies":[{"name":"wp","href":"https:\/\/api.w.org\/{rel}","templated":true}]}}