{"id":12310,"date":"2026-03-18T22:38:53","date_gmt":"2026-03-18T21:38:53","guid":{"rendered":"https:\/\/gltestm.webology.pl\/produkt\/wymienna-glowica-do-golarki-es-2019\/"},"modified":"2026-03-22T22:11:42","modified_gmt":"2026-03-22T21:11:42","slug":"wymienna-glowica-do-golarki-es-2019","status":"publish","type":"product","link":"https:\/\/gltestm.webology.pl\/pl\/produkt\/wymienna-glowica-do-golarki-es-2019\/","title":{"rendered":"Wymienna g\u0142owica do golarki ES-2019"},"content":{"rendered":"<h3><strong>Sprawna g\u0142owica to gwarancja skuteczno\u015bci Twojej ulubionej golarki<\/strong><\/h3>\n<p>Ka\u017cdy m\u0119\u017cczyzna doskonale zdaje sobie spraw\u0119 z tego, jak wa\u017cny jest okresowy przegl\u0105d techniczny samochodu. Dzi\u0119ki temu mo\u017cna z niego korzysta\u0107 bezpiecznie i komfortowo, bez \u017cadnych niemi\u0142ych niespodzianek. Sprawa ma si\u0119 tak samo z golarkami elektrycznymi. Systematyczna wymiana <strong>tak wa\u017cnej \u201ecz\u0119\u015bci zamiennej\u201d<\/strong>, jak\u0105 jest <strong>g\u0142owica<\/strong>, zapewnienia <strong>najwy\u017cszej jako\u015bci golenie bez podra\u017cnie\u0144 sk\u00f3ry<\/strong>, a tym samym \u2013 jego optymalny komfort.<\/p>\n<h3><strong>Pozw\u00f3l sobie na perfekcj\u0119<\/strong><\/h3>\n<p>Wymienna g\u0142owica do <a href=\"https:\/\/galerialucznik.pl\/pl\/products\/agd\/agd-dla-zdrowia-i-urody\/maszynki-i-golarki-meskie\/golarka-meska-lucznik-es-2019-1164.html\" target=\"_blank\" rel=\"noopener\"><span><strong>golarki m\u0119skiej ES-2019<\/strong><\/span><\/a> to maksymalna skuteczno\u015b\u0107 <strong>trzech ruchomych, rotuj\u0105cych niezale\u017cnie od siebie ostrzy<\/strong>, kt\u00f3re idealnie dopasowuj\u0105 si\u0119 do kontur\u00f3w m\u0119skiej twarzy. Dodatkowym atutem tej g\u0142owicy jest <strong>du\u017ca powierzchnia golenia<\/strong>, kt\u00f3ra znacznie minimalizuje liczb\u0119 poci\u0105gni\u0119\u0107, koniecznych do uzyskania po\u017c\u0105danego efektu. Sprawia te\u017c, \u017ce golenie jest zdecydowanie szybsze, przyjemniejsze i bardziej wydajne. I to zar\u00f3wno <strong>na sucho, jak i na mokro<\/strong>!<\/p>\n<p>Co wa\u017cne, ostrza g\u0142owicy zosta\u0142y pokryte <strong>specjalnie zaprojektowan\u0105 pow\u0142ok\u0105 ochronn\u0105<\/strong>, kt\u00f3ra wydatnie <strong>podnosi codzienny komfort<\/strong> u\u017cytkowania golarki.  G\u0142owica wymienna do elektrycznej golarki m\u0119skiej ES-2019 ma <strong>24-miesi\u0119czn\u0105 gwarancj\u0119<\/strong> oraz instrukcj\u0119 w j\u0119zyku polskim. Pami\u0119tajcie, by zapozna\u0107 si\u0119 z ni\u0105 ju\u017c przed u\u017cyciem produktu.<\/p>\n","protected":false},"excerpt":{"rendered":"<p>Wymienna g\u0142owica do naszej najnowszej golarki m\u0119skiej ES-2019 to maksymalna skuteczno\u015b\u0107 trzech ruchomych, rotuj\u0105cych niezale\u017cnie od siebie ostrzy.<\/p>\n","protected":false},"featured_media":15866,"comment_status":"open","ping_status":"closed","template":"","meta":[],"product_brand":[],"product_cat":[668],"product_tag":[],"class_list":{"0":"post-12310","1":"product","2":"type-product","3":"status-publish","4":"has-post-thumbnail","6":"product_cat-maszynki-i-golarki-meskie","8":"first","9":"instock","10":"taxable","11":"shipping-taxable","12":"product-type-simple"},"_links":{"self":[{"href":"https:\/\/gltestm.webology.pl\/pl\/wp-json\/wp\/v2\/product\/12310","targetHints":{"allow":["GET"]}}],"collection":[{"href":"https:\/\/gltestm.webology.pl\/pl\/wp-json\/wp\/v2\/product"}],"about":[{"href":"https:\/\/gltestm.webology.pl\/pl\/wp-json\/wp\/v2\/types\/product"}],"replies":[{"embeddable":true,"href":"https:\/\/gltestm.webology.pl\/pl\/wp-json\/wp\/v2\/comments?post=12310"}],"version-history":[{"count":0,"href":"https:\/\/gltestm.webology.pl\/pl\/wp-json\/wp\/v2\/product\/12310\/revisions"}],"wp:featuredmedia":[{"embeddable":true,"href":"https:\/\/gltestm.webology.pl\/pl\/wp-json\/wp\/v2\/media\/15866"}],"wp:attachment":[{"href":"https:\/\/gltestm.webology.pl\/pl\/wp-json\/wp\/v2\/media?parent=12310"}],"wp:term":[{"taxonomy":"product_brand","embeddable":true,"href":"https:\/\/gltestm.webology.pl\/pl\/wp-json\/wp\/v2\/product_brand?post=12310"},{"taxonomy":"product_cat","embeddable":true,"href":"https:\/\/gltestm.webology.pl\/pl\/wp-json\/wp\/v2\/product_cat?post=12310"},{"taxonomy":"product_tag","embeddable":true,"href":"https:\/\/gltestm.webology.pl\/pl\/wp-json\/wp\/v2\/product_tag?post=12310"}],"curies":[{"name":"wp","href":"https:\/\/api.w.org\/{rel}","templated":true}]}}