{"id":12309,"date":"2026-03-18T22:38:53","date_gmt":"2026-03-18T21:38:53","guid":{"rendered":"https:\/\/gltestm.webology.pl\/produkt\/elektryczny-pilnik-do-stop-at-2020\/"},"modified":"2026-03-22T22:11:42","modified_gmt":"2026-03-22T21:11:42","slug":"elektryczny-pilnik-do-stop-at-2020","status":"publish","type":"product","link":"https:\/\/gltestm.webology.pl\/pl\/produkt\/elektryczny-pilnik-do-stop-at-2020\/","title":{"rendered":"Elektryczny pilnik do st\u00f3p AT-2020"},"content":{"rendered":"<h2>Elektryczny pilnik do st\u00f3p AT-2020<\/h2>\n<p>Nasz najnowszy pilnik do st\u00f3p zapewni Ci delikatny i skuteczny pedicure, kt\u00f3ry wykonasz w zaciszu swojego domu, bez konieczno\u015bci wizyty w salonie kosmetycznym. <\/p>\n<h2>Najwa\u017cniejsze cechy<\/h2>\n<ul>\n<li>A\u017c <strong>1400 obrot\u00f3w<\/strong> na min.<\/li>\n<li><strong>2 pr\u0119dko\u015bc<\/strong>i pracy (\u015bcieranie lub wyg\u0142adzanie)<\/li>\n<li><strong>Usuwa zrogowacia\u0142y<\/strong> nask\u00f3rek<\/li>\n<li><strong>Wyg\u0142adza<\/strong> sk\u00f3r\u0119<\/li>\n<li><strong>Ergonomiczny<\/strong> kszta\u0142t<\/li>\n<li><strong>2 tryby pracy<\/strong><\/li>\n<li><strong>2<\/strong> wymienne<strong> dyski \u015bcierne<\/strong> w zestawie<\/li>\n<li>Czas pracy<strong> 45 min<\/strong><\/li>\n<li>Zasilanie <strong>akumulatorowe<\/strong><\/li>\n<li>Funkcja aktywnego zasysania nask\u00f3rka<\/li>\n<\/ul>\n<h2><strong>Stopniowo do doskona\u0142o\u015bci<\/strong><\/h2>\n<p>Pilnik posiada <strong>dwie pr\u0119dko\u015bci pracy<\/strong>: dzi\u0119ki pierwszej skutecznie usuniesz martwy nask\u00f3rek (<strong>kolor zielony \u2013 \u015bcieranie<\/strong>), z kolei druga pr\u0119dko\u015b\u0107 pomo\u017ce Ci delikatnie wyg\u0142adzi\u0107 sk\u00f3r\u0119 i precyzyjnie wykona\u0107 zabieg (<strong>kolor czerwony \u2013 polerowanie<\/strong>). Do zmiany pr\u0119dko\u015bci wystarczy <strong>ponownie nacisn\u0105\u0107 i przytrzyma\u0107 przez chwil\u0119 przycisk<\/strong>. Elektryczny pilnik AT-2020 perfekcyjnie \u0142\u0105czy ze sob\u0105 \u0142agodno\u015b\u0107 zabiegu ze skuteczno\u015bci\u0105, kt\u00f3ra jest jego efektem. Dzi\u0119ki zastosowaniu naszego pilnika Twoje stopy zawsze pi\u0119knie b\u0119d\u0105 si\u0119 prezentowa\u0107 \u2013 czy to boso, na pla\u017cy, czy te\u017c w sanda\u0142kach. To rozwi\u0105zanie, kt\u00f3re doceni\u0105 kobiety ceni\u0105ce komfort i wygod\u0119. Ba, panowie nie mniej b\u0119d\u0105 zadowoleni z osi\u0105gni\u0119tych rezultat\u00f3w!<\/p>\n<h2>Precyzja w ka\u017cdym calu<\/h2>\n<div>\n<div>Nasz elektryczny pilnik do st\u00f3p zosta\u0142 bardzo dok\u0142adnie przemy\u015blany i zaprojektowany. <strong>Ergonomiczny<\/strong>, \u0142atwo dostosowuj\u0105cy si\u0119 do d\u0142oni kszta\u0142t sprawia, \u017ce jest bardzo wygodny w u\u017cyciu. A to dopiero pocz\u0105tek jego zalet. <strong>Nowoczesna tarcza \u015bcieraj\u0105ca<\/strong> sprawia, \u017ce pilnik dotrze nawet w trudno dost\u0119pne miejsca, zapewniaj\u0105c tym samym wi\u0119ksz\u0105 skuteczno\u015b\u0107 zabiegu. Co istotne, tarcza usuwa martwy nask\u00f3rek zar\u00f3wno na sucho, jak i na mokro. Jest te\u017c bardzo wydajna \u2013 starcza na <strong>ok. 100 u\u017cy\u0107<\/strong>.<\/div>\n<\/div>\n<h2>Prosto i higienicznie<\/h2>\n<p>Elektryczny pilnik AT-2020 ma wbudowany <strong>pojemnik zbieraj\u0105cy nask\u00f3rek<\/strong> \u2013 jego czyszczenie jest wi\u0119c \u0142atwe, a higiena u\u017cytkowania zdecydowanie wy\u017csza. Dzi\u0119ki temu pilnikowi b\u0119dziesz mie\u0107 g\u0142adkie stopy od pi\u0119t a\u017c po palce bez dodatkowego sprz\u0105tania! Niew\u0105tpliw\u0105 zalet\u0105 pilnika jest funkcja szybkiego demonta\u017cu dysku po ka\u017cdym u\u017cyciu, co pozwala na jego dok\u0142adne wymycie oraz wysuszenie przed kolejnym zabiegiem. Urz\u0105dzenie zaopatrzone jest w port <strong>\u0142adowania wraz z por\u0119cznym kablem USB<\/strong>. Z pilnikiem AT-2020 Twoje stopy zawsze b\u0119d\u0105 w idealnej kondycji!<\/p>\n<h2>24-miesi\u0119czna gwarancja <\/h2>\n<p><strong>Elektryczny pilnik do st\u00f3p AT-2020<\/strong><span> posiada <strong>24-miesi\u0119czn\u0105 gwarancj\u0119<\/strong> oraz <strong>instrukcj\u0119 w j\u0119zyku polskim<\/strong>, z kt\u00f3r\u0105 nale\u017cy zapozna\u0107 si\u0119 przed pierwszym u\u017cyciem sprz\u0119tu.<\/span><\/p>\n","protected":false},"excerpt":{"rendered":"<p>Nasz najnowszy pilnik do st\u00f3p zapewni Ci delikatny i skuteczny pedicure, kt\u00f3ry wykonasz w zaciszu swojego domu, bez konieczno\u015bci wizyty w salonie kosmetycznym.<\/p>\n","protected":false},"featured_media":14045,"comment_status":"open","ping_status":"closed","template":"","meta":[],"product_brand":[],"product_cat":[688],"product_tag":[],"class_list":{"0":"post-12309","1":"product","2":"type-product","3":"status-publish","4":"has-post-thumbnail","6":"product_cat-pilniki-i-frezarki-do-stop","8":"first","9":"instock","10":"taxable","11":"shipping-taxable","12":"product-type-simple"},"_links":{"self":[{"href":"https:\/\/gltestm.webology.pl\/pl\/wp-json\/wp\/v2\/product\/12309","targetHints":{"allow":["GET"]}}],"collection":[{"href":"https:\/\/gltestm.webology.pl\/pl\/wp-json\/wp\/v2\/product"}],"about":[{"href":"https:\/\/gltestm.webology.pl\/pl\/wp-json\/wp\/v2\/types\/product"}],"replies":[{"embeddable":true,"href":"https:\/\/gltestm.webology.pl\/pl\/wp-json\/wp\/v2\/comments?post=12309"}],"version-history":[{"count":0,"href":"https:\/\/gltestm.webology.pl\/pl\/wp-json\/wp\/v2\/product\/12309\/revisions"}],"wp:featuredmedia":[{"embeddable":true,"href":"https:\/\/gltestm.webology.pl\/pl\/wp-json\/wp\/v2\/media\/14045"}],"wp:attachment":[{"href":"https:\/\/gltestm.webology.pl\/pl\/wp-json\/wp\/v2\/media?parent=12309"}],"wp:term":[{"taxonomy":"product_brand","embeddable":true,"href":"https:\/\/gltestm.webology.pl\/pl\/wp-json\/wp\/v2\/product_brand?post=12309"},{"taxonomy":"product_cat","embeddable":true,"href":"https:\/\/gltestm.webology.pl\/pl\/wp-json\/wp\/v2\/product_cat?post=12309"},{"taxonomy":"product_tag","embeddable":true,"href":"https:\/\/gltestm.webology.pl\/pl\/wp-json\/wp\/v2\/product_tag?post=12309"}],"curies":[{"name":"wp","href":"https:\/\/api.w.org\/{rel}","templated":true}]}}