{"id":12307,"date":"2026-03-18T22:38:52","date_gmt":"2026-03-18T21:38:52","guid":{"rendered":"https:\/\/gltestm.webology.pl\/produkt\/sokowirowka-jc-2018\/"},"modified":"2026-03-22T22:11:42","modified_gmt":"2026-03-22T21:11:42","slug":"sokowirowka-jc-2018","status":"publish","type":"product","link":"https:\/\/gltestm.webology.pl\/pl\/produkt\/sokowirowka-jc-2018\/","title":{"rendered":"Sokowir\u00f3wka JC-2018"},"content":{"rendered":"<h2>Sokowir\u00f3wka \u0141ucznik JC-2018 FRESH&amp;JUICY 800W<\/h2>\n<p>Dietetycy zalecaj\u0105 spo\u017cywanie minimum 5 porcji warzyw i owoc\u00f3w dziennie&#8230; Nie musi to jednak oznacza\u0107 nudnej brukselki na talerzu &#8211; do wyboru wci\u0105\u017c pozostaj\u0105 pyszne soki! Przy pomocy <strong>sokowir\u00f3wki \u0141ucznik JC-2018<\/strong> codziennie zafundujesz sobie prawdziw\u0105 bomb\u0119 witaminow\u0105 ze \u015bwie\u017cych owoc\u00f3w, za co szybko podzi\u0119kuje Ci nie tylko Twoje cia\u0142o, ale tak\u017ce umys\u0142. Naturalny sok to prawdziwy posi\u0142ek w p\u0142ynie i pyszna, zdrowa alternatywa dla wszelkich gotowych napoj\u00f3w owocowych, kt\u00f3rych pe\u0142no w marketach.  Drobny rozmiar oraz nienachalny, subtelny design sokowir\u00f3wki powoduj\u0105, \u017ce z \u0142atwo\u015bci\u0105 wpasuje si\u0119 ona w wystr\u00f3j ka\u017cdej, nawet najmniejszej kuchni. <\/p>\n<h2>Najwa\u017cniejsze cechy<\/h2>\n<ul>\n<li>Moc: <strong>800 W<\/strong><\/li>\n<li><strong>Dzbanek<\/strong> na sok<strong> 1,5 l<\/strong><\/li>\n<li>Filtr z koszem z siatki ze <strong>stali nierdzewnej INOX<\/strong><\/li>\n<li><strong>Du\u017cy otw\u00f3r<\/strong> wlotowy<\/li>\n<li><strong>Dwie <\/strong>pr\u0119dko\u015bci pracy (<strong>TURBO<\/strong>)<\/li>\n<li>\u0141atwa w <strong>czyszczeniu<\/strong><\/li>\n<li>\u0141atwa do roz\u0142o\u017cenia<\/li>\n<li>Wy\u0142\u0105czniki <strong>bezpiecze\u0144stwa z blokad\u0105<\/strong><\/li>\n<li>Prosta i <strong>intuicyjna obs\u0142uga<\/strong><\/li>\n<li><strong>Uchwyt<\/strong> transportowy<\/li>\n<li><strong>N\u00f3\u017cki z przyssawkami <\/strong>stabilizuj\u0105ce urz\u0105dzenie<\/li>\n<\/ul>\n<h2>Prosta i intuicyjna obs\u0142uga<\/h2>\n<p>Sokowir\u00f3wk\u0119 \u0141ucznik JC-2018 wyr\u00f3\u017cnia bardzo <strong>prosta, intuicyjna obs\u0142uga,<\/strong> dzi\u0119ki czemu ka\u017cdy szybko nauczy si\u0119 z niej korzysta\u0107. <strong>Du\u017cy otw\u00f3r wlotowy<\/strong> u\u0142atwia przygotowywanie soku, poniewa\u017c ogranicza konieczno\u015b\u0107 drobnego krojenia owoc\u00f3w na bardzo ma\u0142e kosteczki.<\/p>\n<h2>Czysto i higienicznie<\/h2>\n<p>Utrzymanie czysto\u015bci i higieny sokowir\u00f3wki JC-2018 nie jest \u017cadnym wyzwaniem i nie wymaga wysi\u0142ku. Dzi\u0119ki prostej budowie sokowir\u00f3wka jest <strong>\u0142atwa w czyszczeniu<\/strong>. Bez wi\u0119kszych komplikacji mo\u017cna j\u0105 roz\u0142o\u017cy\u0107 na <strong>podstawowe elementy<\/strong> i dok\u0142adnie je umy\u0107.<\/p>\n<h2>Oszcz\u0119dzaj czas i myj w zmywarce<\/h2>\n<p>Wyjmowane elementy sokowir\u00f3wki JC-2018 takie jak, podajnik, przezroczysta pokrywa, pojemnik na mi\u0105\u017csz, dzbanek, obr\u0119cz oraz sitko mo\u017cna my\u0107 w zmywarce.<\/p>\n<h2>Pojemny i wyprofilowany dzbanek 1,5 l<\/h2>\n<p><strong>Profilowany dzbanek<\/strong> do\u0142\u0105czony do sokowir\u00f3wki posiada <strong>klapk\u0119<\/strong> i dzi\u0119ki swojej budowie zapewnia utrzymanie kuchni w czysto\u015bci. Utrudnia ona rozchlapywanie kropel soku na zewn\u0105trz. Poniewa\u017c dzbanek posiada uchwyt oraz \u201edzi\u00f3bek\u201d, mo\u017cna z niego nalewa\u0107 sok bezpo\u015brednio do szklanek. Jego pojemno\u015b\u0107 &#8211; <strong>1,5 litra<\/strong> pozwoli zmie\u015bci\u0107 wi\u0119ksz\u0105 ilo\u015b\u0107 soku dla ca\u0142ej rodziny.<\/p>\n<h2>Wyciskaj z TURBO pr\u0119dko\u015bci\u0105<\/h2>\n<p>W sokowir\u00f3wce dost\u0119pne s\u0105 <strong>dwie pr\u0119dko\u015bci pracy<\/strong>. Mo\u017cna je dowolnie zmienia\u0107 w trakcie korzystania z urz\u0105dzenia. Symbolem I oznaczony jest standardowy tryb pracy, natomiast symbol II pozwala ja u\u017cycie du\u017co wi\u0119kszej mocy. Ka\u017cda z nich pozwala uzyska\u0107 klarowny, aksamitnie g\u0142adki sok.<\/p>\n<h2>24-miesi\u0119czna gwarancja<\/h2>\n<p><strong>Sokowir\u00f3wka \u0141ucznik JC-2018<\/strong> obj\u0119ta jest dwuletni\u0105 gwarancj\u0105 importera. W opakowaniu znajduje si\u0119 r\u00f3wnie\u017c <strong>instrukcja w j\u0119zyku polskim<\/strong>, z kt\u00f3r\u0105 nale\u017cy zapozna\u0107 si\u0119 przed przyst\u0105pieniem do korzystania z urz\u0105dzenia.<\/p>\n","protected":false},"excerpt":{"rendered":"<p>Sokowir\u00f3wka \u0141ucznik JC-2018 zapewni Ci niezawodne wsparcie w utrzymaniu zdrowej diety. To niepozorne, ale bardzo funkcjonalne urz\u0105dzenie pozwoli przygotowa\u0107 pyszne soki ze \u015bwie\u017cych owoc\u00f3w oraz warzyw ka\u017cdego dnia.<\/p>\n","protected":false},"featured_media":13370,"comment_status":"open","ping_status":"closed","template":"","meta":[],"product_brand":[],"product_cat":[578],"product_tag":[],"class_list":{"0":"post-12307","1":"product","2":"type-product","3":"status-publish","4":"has-post-thumbnail","6":"product_cat-sokowirowki-i-wyciskarki","8":"first","9":"instock","10":"taxable","11":"shipping-taxable","12":"product-type-simple"},"_links":{"self":[{"href":"https:\/\/gltestm.webology.pl\/pl\/wp-json\/wp\/v2\/product\/12307","targetHints":{"allow":["GET"]}}],"collection":[{"href":"https:\/\/gltestm.webology.pl\/pl\/wp-json\/wp\/v2\/product"}],"about":[{"href":"https:\/\/gltestm.webology.pl\/pl\/wp-json\/wp\/v2\/types\/product"}],"replies":[{"embeddable":true,"href":"https:\/\/gltestm.webology.pl\/pl\/wp-json\/wp\/v2\/comments?post=12307"}],"version-history":[{"count":0,"href":"https:\/\/gltestm.webology.pl\/pl\/wp-json\/wp\/v2\/product\/12307\/revisions"}],"wp:featuredmedia":[{"embeddable":true,"href":"https:\/\/gltestm.webology.pl\/pl\/wp-json\/wp\/v2\/media\/13370"}],"wp:attachment":[{"href":"https:\/\/gltestm.webology.pl\/pl\/wp-json\/wp\/v2\/media?parent=12307"}],"wp:term":[{"taxonomy":"product_brand","embeddable":true,"href":"https:\/\/gltestm.webology.pl\/pl\/wp-json\/wp\/v2\/product_brand?post=12307"},{"taxonomy":"product_cat","embeddable":true,"href":"https:\/\/gltestm.webology.pl\/pl\/wp-json\/wp\/v2\/product_cat?post=12307"},{"taxonomy":"product_tag","embeddable":true,"href":"https:\/\/gltestm.webology.pl\/pl\/wp-json\/wp\/v2\/product_tag?post=12307"}],"curies":[{"name":"wp","href":"https:\/\/api.w.org\/{rel}","templated":true}]}}