{"id":12306,"date":"2026-03-18T22:38:51","date_gmt":"2026-03-18T21:38:51","guid":{"rendered":"https:\/\/gltestm.webology.pl\/produkt\/mikser-reczny-lucznik-hm-2019\/"},"modified":"2026-03-22T22:11:42","modified_gmt":"2026-03-22T21:11:42","slug":"mikser-reczny-lucznik-hm-2019","status":"publish","type":"product","link":"https:\/\/gltestm.webology.pl\/pl\/produkt\/mikser-reczny-lucznik-hm-2019\/","title":{"rendered":"Mikser r\u0119czny \u0141ucznik HM-2019"},"content":{"rendered":"<h2><strong>Mikser r\u0119czny HM-2019<\/strong><\/h2>\n<p><strong>R\u0119czny mikser HM-2019<\/strong> b\u0119dzie nieocenionym asystentem w Twojej kuchni. Dzi\u0119ki dw\u00f3m rodzajom mieszade\u0142 w zestawie zyskujemy wiele mo\u017cliwo\u015bci przygotowania tego rodzaju posi\u0142ku, kt\u00f3ry najbardziej nam odpowiada w danej chwili. Czy b\u0119d\u0105 to pyszne gofry z bit\u0105 \u015bmietan\u0105 podane do \u0142\u00f3\u017cka dla Twojej drugiej po\u0142\u00f3wki, wega\u0144ski sos do makaronu, kt\u00f3ry doceni\u0105 od\u017cywiaj\u0105ce si\u0119 zdrowo osoby, czy mo\u017ce s\u0142odkie nale\u015bniki, kt\u00f3re w mgnieniu oka znikn\u0105 z talerza.<\/p>\n<h2><strong>Dwa rodzaje ko\u0144c\u00f3wek do miksera<\/strong><\/h2>\n<p>W zestawie razem z mikserem r\u0119cznym HM-2019 otrzymujemy 2 rodzaje mieszade\u0142:<\/p>\n<ul>\n<li><strong>do mieszania <\/strong>(ciasta, sos\u00f3w itp.)<\/li>\n<li><strong>do ubijania <\/strong>(bia\u0142ka, \u015bmietany itp.)<\/li>\n<\/ul>\n<h2><strong>Najwa\u017cniejsze cechy miksera \u0141ucznik HM-2019<\/strong><\/h2>\n<ul>\n<li><strong>300 W<\/strong> mocy<\/li>\n<li><strong>5-stopniowa<\/strong> regulacja pr\u0119dko\u015bci<\/li>\n<li>funkcja <strong>TURBO<\/strong><\/li>\n<li><strong>2 komplety chromowanych<\/strong> mieszade\u0142 &#8211; do <strong>ubijania<\/strong> i do <strong>mieszania<\/strong><\/li>\n<li>poziom ha\u0142asu na poziomie <strong>75 dB<\/strong><\/li>\n<li>waga miksera <strong>1 kg<\/strong><\/li>\n<\/ul>\n<h2><strong>5 stopni pr\u0119dko\u015bci oraz funkcja TURBO<\/strong><\/h2>\n<p>Aby jeszcze lepiej m\u00f3c dopasowa\u0107 przeznaczenie <strong>miksera r\u0119cznego <\/strong>do wykonywanego zadania, zosta\u0142 on wyposa\u017cony w 5-stopniow\u0105 regulacj\u0119 pr\u0119dko\u015bci oraz funkcj\u0119 TURBO. Nawet podczas u\u017cywania <strong>miksera <\/strong>z najwy\u017csz\u0105 pr\u0119dko\u015bci\u0105 i z za\u0142\u0105czon\u0105 funkcj\u0105 TURBO b\u0119dzie on nadal \u015bwietnie trzyma\u0142 si\u0119 w d\u0142oni dzi\u0119ki wygodnemu uchwytowi oraz lekkiej, a tak\u017ce wytrzyma\u0142ej obudowie. Na sam koniec pracy docenisz za\u015b mo\u017cliwo\u015b\u0107 \u0142atwego, bezproblemowego od\u0142\u0105czanie ko\u0144c\u00f3wek jednym przyciskiem (EJECT), kt\u00f3ra usprawni korzystanie z <strong>r\u0119cznego miksera<\/strong>.<\/p>\n<h2><strong>Chromowane mieszad\u0142a do ciasta oraz mieszad\u0142a do ubijania<\/strong><\/h2>\n<p>Mikser r\u0119czny HM-2019 idealnie ubije \u015bmietan\u0119, bia\u0142ka czy wymiesza puszyste, lekkie ciasto na s\u0142odki deser lub ciasto na nale\u015bniki. Dzi\u0119ki niemu przygotowanie farszu, sosu, ubicie jajek na omlet, wymieszanie sk\u0142adnik\u00f3w sosu holenderskiego czy przygotowanie domowego deseru nigdy nie by\u0142o tak proste.<\/p>\n<h2><strong>Cichy i mocny mikser r\u0119czny<\/strong><\/h2>\n<p>Tw\u00f3j pomocnik o kompaktowych wymiarach u\u0142atwiaj\u0105cych jego przechowywanie, wspomo\u017ce Twoj\u0105 codzienn\u0105 prac\u0119 w kuchni. <strong>Cichy, wytrzyma\u0142y i wydajny 300-watowy silnik<\/strong> pozwoli na niezawodno\u015b\u0107 urz\u0105dzenia oraz komfort w codziennym u\u017cytkowaniu.<\/p>\n<h2><strong>24-miesi\u0119czna gwarancja na mikser<\/strong><\/h2>\n<p><strong>Mikser r\u0119czny HM-2019<\/strong> posiada<strong> 24-miesieczn\u0105 gwarancj\u0119 <\/strong>oraz<strong> instrukcj\u0119 w j\u0119zyku polskim<\/strong>, z kt\u00f3r\u0105 nale\u017cy si\u0119 zapozna\u0107 przed u\u017cytkowaniem urz\u0105dzenia.<\/p>\n","protected":false},"excerpt":{"rendered":"<p>Mikser r\u0119czny HM-2019 to praktyczne, por\u0119czne urz\u0105dzenie kuchenne, kt\u00f3re pozwoli Ci wykona\u0107 du\u017co pracy w kuchni i niskim nak\u0142adem si\u0142 przygotowa\u0107 niesamowicie pyszne potrawy.<\/p>\n","protected":false},"featured_media":14703,"comment_status":"open","ping_status":"closed","template":"","meta":[],"product_brand":[],"product_cat":[573],"product_tag":[],"class_list":{"0":"post-12306","1":"product","2":"type-product","3":"status-publish","4":"has-post-thumbnail","6":"product_cat-miksery","8":"first","9":"instock","10":"taxable","11":"shipping-taxable","12":"product-type-simple"},"_links":{"self":[{"href":"https:\/\/gltestm.webology.pl\/pl\/wp-json\/wp\/v2\/product\/12306","targetHints":{"allow":["GET"]}}],"collection":[{"href":"https:\/\/gltestm.webology.pl\/pl\/wp-json\/wp\/v2\/product"}],"about":[{"href":"https:\/\/gltestm.webology.pl\/pl\/wp-json\/wp\/v2\/types\/product"}],"replies":[{"embeddable":true,"href":"https:\/\/gltestm.webology.pl\/pl\/wp-json\/wp\/v2\/comments?post=12306"}],"version-history":[{"count":0,"href":"https:\/\/gltestm.webology.pl\/pl\/wp-json\/wp\/v2\/product\/12306\/revisions"}],"wp:featuredmedia":[{"embeddable":true,"href":"https:\/\/gltestm.webology.pl\/pl\/wp-json\/wp\/v2\/media\/14703"}],"wp:attachment":[{"href":"https:\/\/gltestm.webology.pl\/pl\/wp-json\/wp\/v2\/media?parent=12306"}],"wp:term":[{"taxonomy":"product_brand","embeddable":true,"href":"https:\/\/gltestm.webology.pl\/pl\/wp-json\/wp\/v2\/product_brand?post=12306"},{"taxonomy":"product_cat","embeddable":true,"href":"https:\/\/gltestm.webology.pl\/pl\/wp-json\/wp\/v2\/product_cat?post=12306"},{"taxonomy":"product_tag","embeddable":true,"href":"https:\/\/gltestm.webology.pl\/pl\/wp-json\/wp\/v2\/product_tag?post=12306"}],"curies":[{"name":"wp","href":"https:\/\/api.w.org\/{rel}","templated":true}]}}