{"id":12304,"date":"2026-03-18T22:38:51","date_gmt":"2026-03-18T21:38:51","guid":{"rendered":"https:\/\/gltestm.webology.pl\/produkt\/masazer-do-twarzy-na-baterie-kosmetyczny-lucznik-101-w\/"},"modified":"2026-03-22T22:11:42","modified_gmt":"2026-03-22T21:11:42","slug":"masazer-do-twarzy-na-baterie-kosmetyczny-lucznik-101-w","status":"publish","type":"product","link":"https:\/\/gltestm.webology.pl\/pl\/produkt\/masazer-do-twarzy-na-baterie-kosmetyczny-lucznik-101-w\/","title":{"rendered":"Masa\u017cer do twarzy na baterie kosmetyczny \u0141ucznik 101-W"},"content":{"rendered":"<h2><strong>Masa\u017cer kosmetyczny 101-W &#8211; zastosowanie<br \/><\/strong><\/h2>\n<p><strong>Masa\u017cer kosmetyczny 101-W<\/strong> jest urz\u0105dzeniem, kt\u00f3rego zadaniem jest lepsze i wydajniejsze wch\u0142anianie krem\u00f3w. <strong>Kosmetyczny masa\u017cer personalny<\/strong> doskonale nadaje si\u0119 do piel\u0119gnacji twarzy, w tym okolic oczu. To nietuzinkowe urz\u0105dzenie b\u0119dzie nieocenion\u0105 pomoc\u0105 przy masa\u017cu twarzy wykonywanym podczas codziennej piel\u0119gnacji, dodatkowo wspomagaj\u0105c mikrokr\u0105\u017cenie i redukuj\u0105c opuchlizn\u0119.<\/p>\n<p><strong>Kosmetyczny masa\u017cer personalny<\/strong> jest idealnym akcesorium do domowej<strong> terapii przeciwzmarszczkowej.<\/strong> Delikatnie masuje, jednocze\u015bnie transportuj\u0105c krem piel\u0119gnacyjny w g\u0142\u0119bsze warstwy sk\u00f3ry, dzi\u0119ki czemu nie musisz wklepywa\u0107, czy wmasowywa\u0107 kremu, gdy\u017c <strong>m<\/strong><strong>asa\u017cer kosmetyczny 101-W<\/strong> potrafi ca\u0142kowicie zast\u0105pi\u0107 lub wspom\u00f3c (je\u015bli uznasz urz\u0105dzenie za dodatek do tradycyjnych metod) te czynno\u015bci. Dodatkowo wywiera jednoczesne dzia\u0142anie <strong>jonizuj\u0105ce<\/strong> sk\u00f3r\u0119. Masa\u017c ma dzia\u0142anie <strong>uj\u0119drniaj\u0105co<\/strong> i poprawia ukrwienie &#8211; a dzi\u0119ki temu te\u017c <strong>dotlenienia<\/strong> delikatn\u0105 sk\u00f3r\u0119 wok\u00f3\u0142 oczu oraz reszt\u0119 twarzy.<\/p>\n<h2><strong>Masa\u017cer kosmetyczny 101-W <\/strong>&#8211; <strong>u\u017cywanie<\/strong><\/h2>\n<p><strong>30-sekundowy<\/strong> masa\u017c okolicy ka\u017cdego oka rano i wieczorem b\u0119dzie wystarczaj\u0105cy, by zauwa\u017cy\u0107 po pewnym czasie r\u00f3\u017cnic\u0119. Na okolic\u0119 oczu nale\u017cy na\u0142o\u017cy\u0107 warstw\u0119 odpowiedniego kremu. Nie czekaj\u0105c na jego wch\u0142oni\u0119cie, nale\u017cy przy\u0142o\u017cy\u0107 g\u0142owic\u0119 urz\u0105dzenia do sk\u00f3ry wok\u00f3\u0142 oczu. <strong>Masa\u017cer do okolic oka<\/strong> uruchomi si\u0119 <strong>samoczynnie<\/strong>. Wykonuj masa\u017c sk\u00f3ry pod okiem oraz powiek\u0105. W przypadku ch\u0119ci u\u017cycia na reszt\u0119 twarzy, <strong>kosmetyczny masa\u017cer personalny <\/strong>nale\u017cy przyk\u0142ada\u0107 d\u0142u\u017cej.<\/p>\n<p>Przy u\u017cyciu urz\u0105dzenia nale\u017cy zachowa\u0107 szczeg\u00f3ln\u0105 ostro\u017cno\u015b\u0107. Pomimo <strong>ergonomicznego<\/strong> i pozbawionego ostrych kraw\u0119dzi kszta\u0142tu, przypadkowe wywo\u0142anie zbyt du\u017cego nacisku na oko mo\u017ce spowodowa\u0107 uraz.<\/p>\n<p><strong> Masa\u017cer kosmetyczny 101-W <\/strong>posiada <strong>24-miesi\u0119czn\u0105 gwarancj\u0119<\/strong>, z kt\u00f3r\u0105 nale\u017cy zapozna\u0107 si\u0119 przed pierwszym u\u017cyciem urz\u0105dzenia.<\/p>\n","protected":false},"excerpt":{"rendered":"<p>Kosmetyczny masa\u017cer personalny idealny do piel\u0119gnacji twarzy. Innowacyjny produkt, kt\u00f3ry zast\u0105pi profesjonalny masa\u017c okolicy Twoich oczu i reszty twarzy! U\u017cywany do wydajniejszego wch\u0142aniania krem\u00f3w zadba idealnie o Twoj\u0105 cer\u0119.<\/p>\n","protected":false},"featured_media":13319,"comment_status":"open","ping_status":"closed","template":"","meta":[],"product_brand":[],"product_cat":[683],"product_tag":[],"class_list":{"0":"post-12304","1":"product","2":"type-product","3":"status-publish","4":"has-post-thumbnail","6":"product_cat-masazery-przeciwzmarszczkowe","8":"first","9":"instock","10":"taxable","11":"shipping-taxable","12":"product-type-simple"},"_links":{"self":[{"href":"https:\/\/gltestm.webology.pl\/pl\/wp-json\/wp\/v2\/product\/12304","targetHints":{"allow":["GET"]}}],"collection":[{"href":"https:\/\/gltestm.webology.pl\/pl\/wp-json\/wp\/v2\/product"}],"about":[{"href":"https:\/\/gltestm.webology.pl\/pl\/wp-json\/wp\/v2\/types\/product"}],"replies":[{"embeddable":true,"href":"https:\/\/gltestm.webology.pl\/pl\/wp-json\/wp\/v2\/comments?post=12304"}],"version-history":[{"count":0,"href":"https:\/\/gltestm.webology.pl\/pl\/wp-json\/wp\/v2\/product\/12304\/revisions"}],"wp:featuredmedia":[{"embeddable":true,"href":"https:\/\/gltestm.webology.pl\/pl\/wp-json\/wp\/v2\/media\/13319"}],"wp:attachment":[{"href":"https:\/\/gltestm.webology.pl\/pl\/wp-json\/wp\/v2\/media?parent=12304"}],"wp:term":[{"taxonomy":"product_brand","embeddable":true,"href":"https:\/\/gltestm.webology.pl\/pl\/wp-json\/wp\/v2\/product_brand?post=12304"},{"taxonomy":"product_cat","embeddable":true,"href":"https:\/\/gltestm.webology.pl\/pl\/wp-json\/wp\/v2\/product_cat?post=12304"},{"taxonomy":"product_tag","embeddable":true,"href":"https:\/\/gltestm.webology.pl\/pl\/wp-json\/wp\/v2\/product_tag?post=12304"}],"curies":[{"name":"wp","href":"https:\/\/api.w.org\/{rel}","templated":true}]}}