{"id":12303,"date":"2026-03-18T22:38:51","date_gmt":"2026-03-18T21:38:51","guid":{"rendered":"https:\/\/gltestm.webology.pl\/produkt\/odkurzacz-pionowy-lucznik-2w1-op-2018\/"},"modified":"2026-03-22T22:11:42","modified_gmt":"2026-03-22T21:11:42","slug":"odkurzacz-pionowy-lucznik-2w1-op-2018","status":"publish","type":"product","link":"https:\/\/gltestm.webology.pl\/pl\/produkt\/odkurzacz-pionowy-lucznik-2w1-op-2018\/","title":{"rendered":"Odkurzacz pionowy \u0141ucznik 2w1 OP-2018"},"content":{"rendered":"<div>\n<div><img fetchpriority=\"high\" decoding=\"async\" src=\"\/hpeciai\/337c044c98d5824741e7e0bfb4245aab\/pol_pl_Odkurzacz-pionowy-Lucznik-2w1-OP-2018-810_26.png\" alt=\"odkurzacz pionowy \u0142ucznik op-2018\" width=\"1472\" height=\"704\"><\/div>\n<div>\n<h2><strong>Odkurzacz pionowy 2w1 OP-2018<\/strong> &#8211; podw\u00f3jna si\u0142a odkurzania<strong><br \/><\/strong><\/h2>\n<p><strong>bezprzewodowy 2w1 OP-2018<\/strong> jest niesamowitym po\u0142\u0105czeniem odkurzacza pionowego i r\u0119cznego. Gdy potrzebujesz odkurzy\u0107 wi\u0119ksz\u0105 powierzchni\u0119 pod\u0142ogi, skorzystaj z odkurzacza pionowego. Do sprz\u0105tania mniejszej, czy trudno dost\u0119pnej powierzchni, wn\u0119trza samochodu oraz dok\u0142adnego wyczyszczenia u\u017cyj odkurzacza r\u0119cznego. Obrotowa konstrukcja oraz praca pod k\u0105tem 135 i 180 stopni, pozwalaj\u0105 dotrze\u0107 prawie wsz\u0119dzie. Sk\u0142adana r\u0105czka odkurzacza pionowego 2w1 OP-2018 sprawia, \u017ce zmniejsza si\u0119 jego wielko\u015b\u0107, wi\u0119c po sko\u0144czonej pracy schowasz go w ka\u017cdym k\u0105cie. Dzi\u0119ki kompaktowym wymiarom, lekkiej konstrukcji i sk\u0142adanej r\u0105czce przechowywanie tego urz\u0105dzenia jest bardzo u\u0142atwione.<\/p>\n<h2>Najwa\u017cniejsze cechy odkurzacza OP-2018<\/h2>\n<ul>\n<li>Do <strong>38 minut ci\u0105g\u0142ej<\/strong> pracy<\/li>\n<li><strong>2 stopnie mocy <\/strong><\/li>\n<li>Wygodna <strong>sk\u0142adana r\u0105czka<\/strong><\/li>\n<li>K\u0105ty pracy: <strong>90<\/strong> stopni, <strong>135<\/strong> stopni <strong>180<\/strong> stopni<\/li>\n<li><strong>0,5 l pojemno\u015bci<\/strong> zbiornika na <strong>kurz<\/strong><\/li>\n<li><strong>O\u015bwietlenie<\/strong> pola pracy <strong>LED<\/strong><\/li>\n<li><strong>85 W<\/strong> mocy<\/li>\n<li>Waga <strong>2,6 kg<\/strong><\/li>\n<li>Maksymalny poziom ha\u0142asu <strong>80 dB<\/strong><\/li>\n<li>Zasilanie akumulator litowo-jonowy o pojemno\u015bci <strong>2000 mAh<\/strong><\/li>\n<li>Czas \u0142adowania 3-5 godzin<\/li>\n<li><strong>24-miesi\u0119czna<\/strong> gwarancja<\/li>\n<\/ul>\n<h2>Standardowe wyposa\u017cenie<\/h2>\n<ul>\n<li>zasilacz<\/li>\n<li>wyjmowany <strong>odkurzacz r\u0119czny<\/strong><\/li>\n<li>ssawka <strong>tapicerska<\/strong><\/li>\n<li>ssawka <strong>szczelinowa<\/strong><\/li>\n<li>instrukcja obs\u0142ugi<\/li>\n<\/ul>\n<\/div>\n<div><img decoding=\"async\" src=\"\/hpeciai\/aa53d5da06ce1f7c7c5fe3441c1c9ce6\/pol_pl_Odkurzacz-pionowy-Lucznik-2w1-OP-2018-810_27.png\" alt=\"odkurzacz pionowy op-2018\" width=\"1472\" height=\"704\"><\/div>\n<div>\n<h2>\u0141ucznik &#8211; odkurzacz pionowy 2w1 OP-2018 &#8211; szczeg\u00f3\u0142owe informacje<\/h2>\n<p><strong>Odkurzacz pionowy 2w1 OP-2018 <\/strong>posiada 2 stopnie mocy (maksymalna moc wynosi 85 W). Przy pracy na du\u017cej pr\u0119dko\u015bci dzia\u0142a do 18 minut, natomiast na wolniejszych obrotach do 38 minut. Na\u0142adowanie go do pe\u0142na zajmuje 3-5 godzin. Jest bezprzewodowy, dzi\u0119ki czemu po na\u0142adowaniu swobodnie i bez przeszk\u00f3d u\u017cyjesz go w ka\u017cdym pomieszczeniu. Na stopie szczotki zainstalowano o\u015bwietlenie LED, dzi\u0119ki czemu jeszcze \u0142atwiej b\u0119dziesz w stanie oceni\u0107, czy dana powierzchnia zosta\u0142a dobrze oczyszczona, szczeg\u00f3lnie w zacienionych miejscach. Odkurzacz bezprzewodowy pionowy 2w1 OP-2018 ma \u0142atwy w utrzymaniu czysto\u015bci filtr, kt\u00f3ry mo\u017cna my\u0107 pod bie\u017c\u0105c\u0105 wod\u0105, i szybko wysuszy\u0107 przed kolejnym u\u017cyciem. Jego pojemnik na kurz ma 0,5 l pojemno\u015bci.<\/p>\n<p><strong>Odkurzacz pionowy 2w1 OP-2018<\/strong> ma \u0142atwy w utrzymaniu czysto\u015bci <strong>filtr<\/strong>, kt\u00f3ry mo\u017cna my\u0107 pod <strong>bie\u017c\u0105c\u0105 wod\u0105<\/strong>, i szybko wysuszy\u0107 przed kolejnym u\u017cyciem. Jego pojemnik na kurz ma 0,5 l pojemno\u015bci.<\/p>\n<\/div>\n<div>\n<p>W zestawie do <strong>odkurzacza r\u0119cznego<\/strong> znajdziesz <strong>ssawk\u0119 szczelinow\u0105<\/strong> idealn\u0105 przy odkurzaniu kaloryfer\u00f3w lub wn\u0119trz samochod\u00f3w oraz <strong>ssawk\u0119 tapicersk\u0105<\/strong>, kt\u00f3ra \u015bwietnie nada si\u0119 do odkurzania tapicerki oraz innych materia\u0142\u00f3w, w szczeg\u00f3lno\u015bci je\u015bli chcemy pozby\u0107 si\u0119 niepotrzebnych w\u0142os\u00f3w, czy te\u017c sier\u015bci naszego domowego futrzaka. Dzi\u0119ki temu, \u017ce <strong>ssawka tapicerska<\/strong> pod wp\u0142ywem tarcia elektryzuje si\u0119, to \u0142atwo przywieraj\u0105 do niej w\u0142a\u015bnie w\u0142osy i sier\u015b\u0107, a Ty mo\u017cesz przesta\u0107 przejmowa\u0107 si\u0119 tymi pozosta\u0142o\u015bciami, gdy\u017c teraz sprz\u0105tniesz je prosto i szybko.<\/p>\n<\/div>\n<div>\n<h2>24-miesi\u0119czna gwarancja<\/h2>\n<p><strong>Odkurzacz pionowy 2w1 OP-2018<\/strong> posiada <strong>24-miesi\u0119czn\u0105 gwarancj\u0119<\/strong> oraz <strong>instrukcj\u0119 w j\u0119zyku polskim<\/strong>, z kt\u00f3r\u0105 nale\u017cy zapozna\u0107 si\u0119 przed rozpocz\u0119ciem jego u\u017cytkowania.<\/p>\n<\/div>\n<\/div>\n","protected":false},"excerpt":{"rendered":"<p>Odkurzacz pionowy 2w1 jest wygodnym po\u0142\u0105czeniem odkurzacza pionowego i odkurzacza r\u0119cznego. Wygodne urz\u0105dzenie do odkurzania wi\u0119kszych powierzchni oraz ma\u0142ej trudno dost\u0119pnej przestrzeni.<\/p>\n","protected":false},"featured_media":15139,"comment_status":"open","ping_status":"closed","template":"","meta":[],"product_brand":[],"product_cat":[628],"product_tag":[],"class_list":{"0":"post-12303","1":"product","2":"type-product","3":"status-publish","4":"has-post-thumbnail","6":"product_cat-odkurzacze","8":"first","9":"instock","10":"taxable","11":"shipping-taxable","12":"product-type-simple"},"_links":{"self":[{"href":"https:\/\/gltestm.webology.pl\/pl\/wp-json\/wp\/v2\/product\/12303","targetHints":{"allow":["GET"]}}],"collection":[{"href":"https:\/\/gltestm.webology.pl\/pl\/wp-json\/wp\/v2\/product"}],"about":[{"href":"https:\/\/gltestm.webology.pl\/pl\/wp-json\/wp\/v2\/types\/product"}],"replies":[{"embeddable":true,"href":"https:\/\/gltestm.webology.pl\/pl\/wp-json\/wp\/v2\/comments?post=12303"}],"version-history":[{"count":0,"href":"https:\/\/gltestm.webology.pl\/pl\/wp-json\/wp\/v2\/product\/12303\/revisions"}],"wp:featuredmedia":[{"embeddable":true,"href":"https:\/\/gltestm.webology.pl\/pl\/wp-json\/wp\/v2\/media\/15139"}],"wp:attachment":[{"href":"https:\/\/gltestm.webology.pl\/pl\/wp-json\/wp\/v2\/media?parent=12303"}],"wp:term":[{"taxonomy":"product_brand","embeddable":true,"href":"https:\/\/gltestm.webology.pl\/pl\/wp-json\/wp\/v2\/product_brand?post=12303"},{"taxonomy":"product_cat","embeddable":true,"href":"https:\/\/gltestm.webology.pl\/pl\/wp-json\/wp\/v2\/product_cat?post=12303"},{"taxonomy":"product_tag","embeddable":true,"href":"https:\/\/gltestm.webology.pl\/pl\/wp-json\/wp\/v2\/product_tag?post=12303"}],"curies":[{"name":"wp","href":"https:\/\/api.w.org\/{rel}","templated":true}]}}