{"id":12301,"date":"2026-03-18T22:38:50","date_gmt":"2026-03-18T21:38:50","guid":{"rendered":"https:\/\/gltestm.webology.pl\/produkt\/grill-elektryczny-lucznik-tg-2018\/"},"modified":"2026-03-22T22:11:42","modified_gmt":"2026-03-22T21:11:42","slug":"grill-elektryczny-lucznik-tg-2018","status":"publish","type":"product","link":"https:\/\/gltestm.webology.pl\/pl\/produkt\/grill-elektryczny-lucznik-tg-2018\/","title":{"rendered":"Grill elektryczny \u0141ucznik TG-2018"},"content":{"rendered":"<h2>Grillowanie niezale\u017cnie od pogody<\/h2>\n<p>Grillowanie nie musi odbywa\u0107 si\u0119 tylko wiosn\u0105 i latem, i wy\u0142\u0105cznie na \u015bwie\u017cym powietrzu! \u0141ucznik tym razem poszerza mo\u017cliwo\u015bci kulinarne, wprowadzaj\u0105c <strong>Grill Elektryczny TG-2018. <\/strong>Je\u017celi Twoim marzeniem by\u0142o od zawsze lato przez ca\u0142y rok, to w ko\u0144cu mo\u017cesz to marzenie spe\u0142ni\u0107. Nasz <strong>grill elektryczny <\/strong>nadaje si\u0119 do u\u017cywania wewn\u0105trz pomieszcze\u0144, jak i na zewn\u0105trz, o ile masz mo\u017cliwo\u015b\u0107 pod\u0142\u0105czenia go do \u017ar\u00f3d\u0142a pr\u0105du. Od teraz mo\u017cesz diametralnie wyr\u00f3\u017cni\u0107 si\u0119 w kuchni, serwuj\u0105c swoim go\u015bciom niesamowicie smakowite potrawy, kt\u00f3rych nie jada si\u0119 na co dzie\u0144. Zachwyt i podzi\u0119kowania od go\u015bci masz jak w banku.<\/p>\n<p><img fetchpriority=\"high\" decoding=\"async\" src=\"\/data\/include\/cms\/.product\/5\/9\/795\/1.jpg\" alt=\"grill elektryczny 1600 W\" width=\"768\" height=\"480\" \/><\/p>\n<h2>Najwa\u017cniejsze cechy<\/h2>\n<ul>\n<li>Moc 1600 W<\/li>\n<li>P\u0142ynna regulacja temperatury 120\u00b0C &#8211; 220\u00b0C<\/li>\n<li>Dwie p\u0142yty grzewcze<\/li>\n<li>Mo\u017cliwo\u015b\u0107 roz\u0142o\u017cenia grilla na p\u0142asko (180o)<\/li>\n<li>Podw\u00f3jna pow\u0142oka teflonowa<\/li>\n<li>\u0141atwe czyszczenie<\/li>\n<li>Wska\u017anik nagrzania<\/li>\n<li>24-miesi\u0119czna gwarancja<\/li>\n<\/ul>\n<h2>Regulacja temperatury zapewnia idealne wysma\u017cenie potraw<\/h2>\n<p><strong>Grill elektryczny TG-2018 posiada regulowany termostat, kt\u00f3ry <\/strong>zapewni doskona\u0142e rezultaty oraz szerok\u0105 gam\u0119 mo\u017cliwo\u015bci podczas przygotowywania da\u0144. Szeroki zakres temperatur (od 120\u00b0C do 220\u00b0C) pozwala wybra\u0107 temperatur\u0119 odpowiedni\u0105 dla ka\u017cdego sk\u0142adnika, co zapewnia niesamowite efekty w przypadku ka\u017cdego dania. Nie musisz ju\u017c wi\u0119cej <strong>grillowa\u0107 <\/strong>w ciemno. Teraz wystarczy zna\u0107 albo dowiedzie\u0107 si\u0119, w jakich temperaturach i przez jaki czas najlepiej przygotowywa\u0107 dan\u0105 potraw\u0119, by mog\u0142a zniewoli\u0107 nas swoim cudownym smakiem i zapachem.<\/p>\n<p><img decoding=\"async\" src=\"\/data\/include\/cms\/.product\/5\/9\/795\/2.jpg\" alt=\"grill elektryczny 1600 W\" width=\"768\" height=\"480\" \/><\/p>\n<h2>Zacznij grillowanie we w\u0142a\u015bciwym momencie<\/h2>\n<p><strong>Wska\u017anik gotowo\u015bci urz\u0105dzenia<\/strong> poka\u017ce ci, kiedy i w kt\u00f3rym momencie grill b\u0119dzie w najwy\u017cszej temperaturze oraz spowoduje, \u017ce nie przegapisz idealnej chwili, aby podsma\u017cy\u0107 swoje jedzenie dok\u0142adnie tak, jak lubisz! Od teraz ka\u017cda kie\u0142baska, pol\u0119dwiczka czy inna pyszno\u015b\u0107 b\u0119dzie mia\u0142a dok\u0142adnie ten<strong> cudowny smak<\/strong>, kt\u00f3ry uwielbiasz. I to za ka\u017cdym razem.<\/p>\n<h2><strong>Rozk\u0142adane na p\u0142asko <\/strong><strong>gor\u0105ce <\/strong><strong>p\u0142yty grzewcze<\/strong><\/h2>\n<p><strong>Grill elektryczny<\/strong> posiada <strong>dwie p\u0142yty grzewcze<\/strong> o \u0142\u0105cznej powierzchni r\u00f3wnej a\u017c 0,1 m2 . Dzi\u0119ki mo\u017cliwo\u015bci otwarcia <strong>Grilla<\/strong> pod k\u0105tem 180o mo\u017cesz zwi\u0119kszy\u0107 powierzchni\u0119 do przygotowywania potraw w temperaturze maksymalnej si\u0119gaj\u0105cej 160o C. <\/p>\n<p><strong>Bardzo gor\u0105ca p\u0142yta elektrycznego grilla<\/strong> umo\u017cliwia przyrz\u0105dzanie soczystych i aromatycznych da\u0144. Gdy opiekane po\u017cywienie dotyka powierzchni <strong>grilla<\/strong>, zaczyna skwiercze\u0107 i rumieni\u0107 si\u0119, tworz\u0105c wyborn\u0105, chrupi\u0105c\u0105 sk\u00f3rk\u0119, zachowuj\u0105c\u0105 ca\u0142y smak i aromat w \u015brodku. Dzi\u0119ki temu Twoje podniebienie b\u0119dzie mog\u0142o rozkoszowa\u0107 si\u0119<strong> wyrazistym smakiem<\/strong> potrawy.<\/p>\n<p><img decoding=\"async\" src=\"\/data\/include\/cms\/.product\/5\/9\/795\/3.jpg\" alt=\"grill elektryczny 1600 W\" width=\"768\" height=\"480\" \/><\/p>\n<h2>Czysto i bez przywierania dzi\u0119ki podw\u00f3jnej teflonowej pow\u0142oce<\/h2>\n<p><strong>Grill<\/strong> <strong>elektryczny<\/strong> zamiast rusztu wyposa\u017cony jest w <strong>dwuwarstwow\u0105, teflonow\u0105, nieprzywieraj\u0105c\u0105 p\u0142yt\u0119<\/strong>, kt\u00f3ra u\u0142atwia czyszczenie. T\u0142uszcz nie skrapla si\u0119 do grza\u0142ki, a do specjalnych rynienek. Dzi\u0119ki swojej konstrukcji zapewnia r\u00f3wnie\u017c du\u017c\u0105 powierzchni\u0119 do przygotowania potraw, a jednocze\u015bnie jest \u0142atwy w utrzymaniu czysto\u015bci. Nie musisz ju\u017c po\u015bwi\u0119ca\u0107 ogromnej ilo\u015bci czasu na doczyszczenie <strong>grilla<\/strong>. W por\u00f3wnaniu ze zwyczajnym <strong>grillem<\/strong>, nasz <strong>grill elektryczny <\/strong>wyczy\u015bcisz znacznie szybciej i o niebo \u0142atwiej.<\/p>\n","protected":false},"excerpt":{"rendered":"<p>Eklektyczny grill o mocy 1600 W. Regulacja temperatury, rozk\u0142adane na p\u0142asko p\u0142yty oraz dwuwarstwowa teflonowa pow\u0142oka zapobiegaj\u0105c\u0105 przywieraniu potraw.<\/p>\n","protected":false},"featured_media":15768,"comment_status":"open","ping_status":"closed","template":"","meta":[],"product_brand":[],"product_cat":[583],"product_tag":[],"class_list":{"0":"post-12301","1":"product","2":"type-product","3":"status-publish","4":"has-post-thumbnail","6":"product_cat-tostery-i-opiekacze","8":"first","9":"instock","10":"taxable","11":"shipping-taxable","12":"product-type-simple"},"_links":{"self":[{"href":"https:\/\/gltestm.webology.pl\/pl\/wp-json\/wp\/v2\/product\/12301","targetHints":{"allow":["GET"]}}],"collection":[{"href":"https:\/\/gltestm.webology.pl\/pl\/wp-json\/wp\/v2\/product"}],"about":[{"href":"https:\/\/gltestm.webology.pl\/pl\/wp-json\/wp\/v2\/types\/product"}],"replies":[{"embeddable":true,"href":"https:\/\/gltestm.webology.pl\/pl\/wp-json\/wp\/v2\/comments?post=12301"}],"version-history":[{"count":0,"href":"https:\/\/gltestm.webology.pl\/pl\/wp-json\/wp\/v2\/product\/12301\/revisions"}],"wp:featuredmedia":[{"embeddable":true,"href":"https:\/\/gltestm.webology.pl\/pl\/wp-json\/wp\/v2\/media\/15768"}],"wp:attachment":[{"href":"https:\/\/gltestm.webology.pl\/pl\/wp-json\/wp\/v2\/media?parent=12301"}],"wp:term":[{"taxonomy":"product_brand","embeddable":true,"href":"https:\/\/gltestm.webology.pl\/pl\/wp-json\/wp\/v2\/product_brand?post=12301"},{"taxonomy":"product_cat","embeddable":true,"href":"https:\/\/gltestm.webology.pl\/pl\/wp-json\/wp\/v2\/product_cat?post=12301"},{"taxonomy":"product_tag","embeddable":true,"href":"https:\/\/gltestm.webology.pl\/pl\/wp-json\/wp\/v2\/product_tag?post=12301"}],"curies":[{"name":"wp","href":"https:\/\/api.w.org\/{rel}","templated":true}]}}