{"id":12299,"date":"2026-03-18T22:38:49","date_gmt":"2026-03-18T21:38:49","guid":{"rendered":"https:\/\/gltestm.webology.pl\/produkt\/soniczna-szczoteczka-do-zebow-sg-508\/"},"modified":"2026-03-22T22:11:42","modified_gmt":"2026-03-22T21:11:42","slug":"soniczna-szczoteczka-do-zebow-sg-508","status":"publish","type":"product","link":"https:\/\/gltestm.webology.pl\/pl\/produkt\/soniczna-szczoteczka-do-zebow-sg-508\/","title":{"rendered":"Soniczna szczoteczka do z\u0119b\u00f3w SG-508"},"content":{"rendered":"<h2><strong>Soniczna szczoteczka do z\u0119b\u00f3w SG-508<\/strong><\/h2>\n<p><strong>Elektroniczna szczoteczka soniczna do z\u0119b\u00f3w SG-508<\/strong> to zaawansowany technologicznie produkt do piel\u0119gnacji oraz higieny jamy ustnej. Dzi\u0119ki swojemu sposobowi dzia\u0142ania, aktywnym w\u0142\u00f3knom wybielaj\u0105cym oraz specjalnym programom, <strong>szczoteczka soniczna<\/strong> usuwa osad naz\u0119bny z wi\u0119ksz\u0105 skuteczno\u015bci\u0105 ni\u017c tradycyjne szczoteczki r\u0119czne lub elektryczne.<\/p>\n<p>Jest to mo\u017cliwe dzi\u0119ki wykonywaniu przez urz\u0105dzenie drgaj\u0105cych ruch\u00f3w w ilo\u015bci <strong>34 000 ruch\u00f3w na minut\u0119<\/strong>. W po\u0142\u0105czeniu z emitowanymi falami d\u017awi\u0119kowymi powoduje to powstanie tzw. aktywnej chmury rozci\u0105gaj\u0105cej si\u0119 na 3-5 mm od ko\u0144c\u00f3wki w\u0142\u00f3kien i pozwalaj\u0105cej na niezwykle skuteczne oczyszczenie trudno dost\u0119pnych miejsc w jamie ustnej.  Wszelki nalot naz\u0119bny zostanie dok\u0142adnie usuni\u0119ty, a szkliwo nienaruszone. <\/p>\n<p>Wszelki nalot naz\u0119bny zostanie dok\u0142adnie usuni\u0119ty, a szkliwo nienaruszone. <\/p>\n<h2><strong>Najwa\u017cniejsze cechy<\/strong><\/h2>\n<ul>\n<li><strong>34 000 ruch\u00f3w\/min.<\/strong><\/li>\n<li>sygnalizator (<strong>timer<\/strong>) <strong>czasu mycia<\/strong> (odlicza co 30 sekund)<\/li>\n<li><strong>samoczynne wy\u0142\u0105czenie<\/strong> po 2 minutach<\/li>\n<li><strong>3 tryby pracy<\/strong>: <strong>wybielanie<\/strong>, normalny oraz <strong>delikatny<\/strong> (dla z\u0119b\u00f3w <strong>wra\u017cliwych<\/strong>)<\/li>\n<li><strong>wodoodporna<\/strong> (norma IPX6)<\/li>\n<li>akumulatorowe zasilanie<\/li>\n<li>do <strong>80 min<\/strong> ci\u0105g\u0142ej pracy<\/li>\n<li><strong>indukcyjna \u0142adowarka<\/strong> w zestawie<\/li>\n<li><strong>2 wymienne<\/strong> ko\u0144c\u00f3wki w <strong>zestawie<\/strong><\/li>\n<\/ul>\n<h2>3 tryby dzia\u0142ania dla najbardziej wymagaj\u0105cych<\/h2>\n<p>Urz\u0105dzenie aktywnie masuje dzi\u0105s\u0142a, poprawiaj\u0105c ich ukrwienie, dzi\u0119ki czemu nie powoduje narusze\u0144 tkanki czy krwawienia po u\u017cyciu. Szczoteczka soniczna do z\u0119b\u00f3w posiada <strong>trzy tryby pracy:<\/strong><\/p>\n<ul>\n<li><strong>wybielanie <\/strong>(do usuwania przebarwie\u0144)<\/li>\n<li>tryb <strong>normalny <\/strong>(do codziennego zwyk\u0142ego u\u017cytku)<\/li>\n<li>tryb <strong>delikatny <\/strong>(do z\u0119b\u00f3w wra\u017cliwych)<\/li>\n<\/ul>\n<h2><strong>Timer odmierzaj\u0105cy czas mycia z\u0119b\u00f3w<\/strong><\/h2>\n<p><strong>Wbudowany alarm <\/strong>co 30 sekund podczas u\u017cycia informuje sygna\u0142em d\u017awi\u0119kowym o konieczno\u015bci zmiany czyszczonego obszaru jamy ustnej, a <strong>po 2 minutach <\/strong>ci\u0105g\u0142ej pracy urz\u0105dzanie<strong> automatycznie si\u0119 wy\u0142\u0105cza.<\/strong><\/p>\n<h2><strong>2 wymienne ko\u0144c\u00f3wki i indukcyjna stacja \u0142aduj\u0105ca<\/strong><\/h2>\n<p>W zestawie ze szczoteczk\u0105 znajduj\u0105 si\u0119 2 <strong><a href=\"https:\/\/galerialucznik.pl\/product-pol-623-Koncowki-do-szczoteczki-sonicznej.html\" target=\"_blank\" rel=\"noopener\">wymienne ko\u0144c\u00f3wki do szczoteczki<\/a> <\/strong>oraz <strong>indukcyjna stacja \u0142aduj\u0105ca<\/strong> szczoteczk\u0119 \u0141ucznik SG-508. Denty\u015bci rekomenduj\u0105<strong> wymian\u0119 ko\u0144c\u00f3wki szczoteczki sonicznej co 3 miesi\u0105ce<\/strong>. Produkt przeznaczony jest dla os\u00f3b<strong> powy\u017cej 8-go<\/strong> roku \u017cycia.<\/p>\n<h2>24-miesi\u0119czna gwarancja<\/h2>\n<p>Urz\u0105dzenie posiada <strong>24-miesi\u0119czn\u0105 gwarancj\u0119<\/strong> oraz <strong>instrukcj\u0119 w j\u0119zyku polskim<\/strong>.<\/p>\n<h2><strong>Dlaczego soniczna szczoteczka do z\u0119b\u00f3w to najlepsze urz\u0105dzenie do codziennej piel\u0119gnacji z\u0119b\u00f3w?<\/strong><\/h2>\n<p>Niewiele rzeczy w wygl\u0105dzie cz\u0142owieka przykuwa wzrok bardziej, ni\u017c szeroki i \u015bnie\u017cnobia\u0142y u\u015bmiech. Jednak pi\u0119kny u\u015bmiech to przede wszystkim zdrowy u\u015bmiech.  Aby nigdy nie us\u0142ysze\u0107 od dentysty ma\u0142o przyjemnych s\u0142\u00f3w, takich jak &#8222;paradontoza&#8221;, &#8222;borowanie&#8221; czy &#8222;ubytki&#8221;, niezb\u0119dna jest (opr\u00f3cz regularnych przegl\u0105d\u00f3w) stosowna i codzienna dba\u0142o\u015b\u0107 o higien\u0119 jamy ustnej &#8211; z\u0119by nale\u017cy dok\u0142adnie szczotkowa\u0107 i nitkowa\u0107. Polecane jest te\u017c oczyszczanie j\u0119zyka i p\u0142ukanie jamy ustnej. Ka\u017cdy z nas niby to wie, a jednak problemy z pr\u00f3chnic\u0105 pojawiaj\u0105 si\u0119 u 9 na 10 Polak\u00f3w. To za\u015b oznacza, \u017ce co\u015b robimy \u017ale.<\/p>\n<p>Pomoc\u0105 w zaradzeniu temu problemowi mo\u017ce by\u0107 <strong>szczoteczka elektryczna<\/strong> lub <strong>szczoteczka soniczna<\/strong>. <strong>Szczoteczki elektryczne<\/strong> obecne s\u0105 na rynku od dawna i przez to powszechnie znane, jednak <strong>szczoteczka soniczna<\/strong> to pewne novum. A jak dzia\u0142a<strong> szczoteczka soniczna<\/strong>? Ot\u00f3\u017c dzia\u0142anie jej opiera si\u0119 na po\u0142\u0105czeniu dw\u00f3ch element\u00f3w &#8211; wykonywaniu ruch\u00f3w wymiataj\u0105cych i emitowaniu fal d\u017awi\u0119kowych o wysokiej cz\u0119stotliwo\u015bci.<\/p>\n<p>W\u0142osie urz\u0105dzenia porusza si\u0119 z pr\u0119dko\u015bci\u0105 powy\u017cej 30 000 ruch\u00f3w na minut\u0119. To naprawd\u0119 du\u017co &#8211; w bardziej popularnych szczoteczkach elektrycznych jest to zazwyczaj oko\u0142o 8 000 ruch\u00f3w na minut\u0119. W po\u0142\u0105czeniu z emitowanymi falami d\u017awi\u0119kowymi powoduje to powstanie tzw. aktywnej chmury, o kt\u00f3rej my\u015ble\u0107 mo\u017cna jak o swego rodzaju &#8222;oczyszczaj\u0105cym polu si\u0142owym&#8221;. Jest to obszar rozci\u0105gaj\u0105cy si\u0119 na 3-5 mm od ko\u0144c\u00f3wki w\u0142\u00f3kien i pozwalaj\u0105cy na \u0142atwe i sprawne oczyszczenie trudno dost\u0119pnych miejsc w jamie ustnej. <\/p>\n<p>Co w tym takiego wspania\u0142ego? Ot\u00f3\u017c <strong>szczoteczka soniczna<\/strong> doskonale oczyszcza nie tylko naturalnie trudno dost\u0119pne miejsca w jamie ustnej, takie jak przestrzenie mi\u0119dzy z\u0119bowe, ale r\u00f3wnie\u017c okolice aparat\u00f3w ortodontycznych. \u015awietnie spisuje si\u0119 tak do oczyszczania z\u0119b\u00f3w z resztek pokarmowych, jak i (przy regularnym stosowaniu) z zanieczyszcze\u0144 sta\u0142ych, takich jak kamie\u0144 naz\u0119bny, p\u0142ytka czy osad od kawy i herbaty. <\/p>\n<p>Co r\u00f3wnie istotne, dzi\u0119ki delikatnemu w\u0142osiu i ruchom wymiataj\u0105cym, szczotkowanie uz\u0119bienia <strong>urz\u0105dzeniem sonicznym<\/strong> nie prowadzi do recesji dzi\u0105se\u0142, co jest szczeg\u00f3lnie je\u015bli chcemy zachowa\u0107 pi\u0119kny i naturalny u\u015bmiech na wiele lat, a co wi\u0119cej <strong>szczoteczki soniczne<\/strong> <strong>do z\u0119b\u00f3w<\/strong> mog\u0105 by\u0107 z powodzeniem stosowane przez osoby cierpi\u0105ce na paradontoz\u0119.<\/p>\n","protected":false},"excerpt":{"rendered":"<p>\u0141adowana indukcyjnie elektroniczna szczoteczka soniczna SG508 to zaawansowany technologicznie produkt do piel\u0119gnacji oraz higieny jamy ustnej. Usuwa kamie\u0144 naz\u0119bny z wi\u0119ksz\u0105 skuteczno\u015bci\u0105 ni\u017c inne szczoteczki r\u0119czne.<\/p>\n","protected":false},"featured_media":14871,"comment_status":"open","ping_status":"closed","template":"","meta":[],"product_brand":[],"product_cat":[673],"product_tag":[],"class_list":{"0":"post-12299","1":"product","2":"type-product","3":"status-publish","4":"has-post-thumbnail","6":"product_cat-soniczne-szczoteczki-do-zebow","8":"first","9":"instock","10":"taxable","11":"shipping-taxable","12":"product-type-simple"},"_links":{"self":[{"href":"https:\/\/gltestm.webology.pl\/pl\/wp-json\/wp\/v2\/product\/12299","targetHints":{"allow":["GET"]}}],"collection":[{"href":"https:\/\/gltestm.webology.pl\/pl\/wp-json\/wp\/v2\/product"}],"about":[{"href":"https:\/\/gltestm.webology.pl\/pl\/wp-json\/wp\/v2\/types\/product"}],"replies":[{"embeddable":true,"href":"https:\/\/gltestm.webology.pl\/pl\/wp-json\/wp\/v2\/comments?post=12299"}],"version-history":[{"count":0,"href":"https:\/\/gltestm.webology.pl\/pl\/wp-json\/wp\/v2\/product\/12299\/revisions"}],"wp:featuredmedia":[{"embeddable":true,"href":"https:\/\/gltestm.webology.pl\/pl\/wp-json\/wp\/v2\/media\/14871"}],"wp:attachment":[{"href":"https:\/\/gltestm.webology.pl\/pl\/wp-json\/wp\/v2\/media?parent=12299"}],"wp:term":[{"taxonomy":"product_brand","embeddable":true,"href":"https:\/\/gltestm.webology.pl\/pl\/wp-json\/wp\/v2\/product_brand?post=12299"},{"taxonomy":"product_cat","embeddable":true,"href":"https:\/\/gltestm.webology.pl\/pl\/wp-json\/wp\/v2\/product_cat?post=12299"},{"taxonomy":"product_tag","embeddable":true,"href":"https:\/\/gltestm.webology.pl\/pl\/wp-json\/wp\/v2\/product_tag?post=12299"}],"curies":[{"name":"wp","href":"https:\/\/api.w.org\/{rel}","templated":true}]}}