{"id":12297,"date":"2026-03-18T22:38:48","date_gmt":"2026-03-18T21:38:48","guid":{"rendered":"https:\/\/gltestm.webology.pl\/produkt\/elektryczny-pilnik-do-stop-at-15\/"},"modified":"2026-03-22T22:11:42","modified_gmt":"2026-03-22T21:11:42","slug":"elektryczny-pilnik-do-stop-at-15","status":"publish","type":"product","link":"https:\/\/gltestm.webology.pl\/pl\/produkt\/elektryczny-pilnik-do-stop-at-15\/","title":{"rendered":"Elektryczny pilnik do st\u00f3p AT-15"},"content":{"rendered":"<h2>Elektryczny pilnik do st\u00f3p, renomowanej polskiej marki \u0141ucznik<\/h2>\n<p>Skorzystaj z <strong>\u0142atwego w obs\u0142udze<\/strong> elektrycznego pilnika do pi\u0119t \u0141ucznik AT-15 i <strong>pozb\u0105d\u017a si\u0119 problemu nieestetycznej sk\u00f3ry<\/strong> raz na zawsze! Dzi\u0119ki <strong>precyzyjnemu<\/strong> dzia\u0142aniu pilnika, mo\u017cesz <strong>skutecznie<\/strong> i <strong>bezbolesnie<\/strong> usun\u0105\u0107 <strong>nagniotki<\/strong> oraz <strong>zrogowacia\u0142\u0105<\/strong> sk\u00f3r\u0119, przywracaj\u0105c swoim stopom g\u0142adko\u015b\u0107 i mi\u0119kko\u015b\u0107. <\/p>\n<p>Niezale\u017cnie od tego, czy borykasz si\u0119 z <strong>suchymi pi\u0119tami<\/strong>, <strong>odciskami<\/strong> czy <strong>p\u0119kaj\u0105c\u0105<\/strong> sk\u00f3r\u0105, ten pilnik <strong>stanie na wysoko\u015bci zadania<\/strong>, aby zapewni\u0107 Ci pi\u0119kne i zdrowe stopy.<\/p>\n<p><img decoding=\"async\" src=\"\/data\/include\/cms\/.product\/4\/7\/374\/1.jpg\" alt=\"elektryczny bezprzewodowy pilnik do pi\u0119t \u0141ucznik AT-15\" \/><\/p>\n<h2><strong>Najwa\u017cniejsze cechy pilnika do pi\u0119t<\/strong><\/h2>\n<ul>\n<li>Pilnik jest w <strong>100% nowy<\/strong> (nieu\u017cywany)<\/li>\n<li><strong>2 rolki<\/strong> w zestawie<\/li>\n<li><strong>Usuwa<\/strong> zrogowacia\u0142y <strong>nask\u00f3rek<\/strong><\/li>\n<li>Pr\u0119dko\u015b\u0107 obrot\u00f3w rolki pilinguj\u0105cej to <strong>30 razy na sekund\u0119<\/strong>!<\/li>\n<li>Rolki pokryte <strong>mikrogranulkami<\/strong><\/li>\n<li><strong>Wodoodporna<\/strong> konstrukcja rolek<\/li>\n<li>Zasilanie <strong>akumulatorowe<\/strong> (\u0142adowarka do\u0142\u0105czona do zestawu)<\/li>\n<li>Akcesoria: <strong>szczoteczka<\/strong>, <strong>\u0142adowarka<\/strong>, instrukcja obs\u0142ugi w j\u0119zyku polskim<\/li>\n<\/ul>\n<h2>Higiena i \u0142atwo\u015b\u0107 czyszczenia<\/h2>\n<p>Elektryczny pilnik do pi\u0119t \u0141ucznik AT-15 to nie tylko<strong> skuteczne narz\u0119dzie do piel\u0119gnacji st\u00f3p<\/strong>, ale tak\u017ce dba o Twoj\u0105 <strong>higien\u0119<\/strong>. Zestaw zawiera <strong>wymienne rolki<\/strong>, kt\u00f3re mo\u017cna <strong>\u0142atwo umy\u0107 pod bie\u017c\u0105c\u0105 wod\u0105<\/strong>. Dzi\u0119ki temu utrzymanie <strong>czysto\u015bci<\/strong> i <strong>higieny<\/strong> staje si\u0119 prostsze.<\/p>\n<p>Po ka\u017cdym u\u017cyciu mo\u017cesz bez obaw dok\u0142adnie <strong>oczy\u015bci\u0107 rolki<\/strong>, przygotowuj\u0105c je do kolejnej sesji piel\u0119gnacji. Dodatkowo, pilnik jest <strong>\u0142atwy do czyszczenia<\/strong> &#8211; wystarczy u\u017cy\u0107 <strong>do\u0142\u0105czonej szczoteczki<\/strong>, aby usun\u0105\u0107 ewentualne pozosta\u0142o\u015bci sk\u00f3ry.<\/p>\n<p>Dzi\u0119ki temu b\u0119dziesz m\u00f3g\u0142 cieszy\u0107 si\u0119 <strong>higienicznym<\/strong> i <strong>bezpiecznym<\/strong> u\u017cytkowaniem pilnika \u0141ucznik AT-15.<\/p>\n<p><img fetchpriority=\"high\" decoding=\"async\" src=\"\/data\/include\/cms\/.product\/4\/7\/374\/2.jpg\" alt=\"elektryczny bezprzewodowy pilnik do pi\u0119t \u0141ucznik AT-15\" width=\"768\" height=\"480\" \/><\/p>\n<h2>Dlaczego pilnik do st\u00f3p jest tak wyj\u0105tkowy?<\/h2>\n<ul>\n<li><strong>Szybkie<\/strong> <strong>wyg\u0142adzenie<\/strong> st\u00f3p<\/li>\n<li><strong>Natychmiastowe<\/strong> i <strong>skuteczne<\/strong> usuwanie zrogowacia\u0142ej sk\u00f3ry<\/li>\n<li><strong>Trwa\u0142y efekt g\u0142adko\u015bci<\/strong><\/li>\n<li>Mo\u017cliwo\u015b\u0107 u\u017cywania na <strong>suchej<\/strong> i <strong>mokrej<\/strong> sk\u00f3rze<\/li>\n<li>Skutecznie usuwa <strong>odciski<\/strong> i <strong>zrogowacenia<\/strong><\/li>\n<li><strong>Jedwabista<\/strong> i <strong>zadbana<\/strong> sk\u00f3ra st\u00f3p<\/li>\n<li><strong>Bezprzewodowy<\/strong> &#8211; dzia\u0142a na akumulator<\/li>\n<li><strong>Ergonomiczny<\/strong> design<\/li>\n<li><strong>Estetyczne wykonanie<\/strong><\/li>\n<\/ul>\n<h2>Wymienne rolki<\/h2>\n<p>Pilnik do pi\u0119t \u0141ucznik AT-15 wyposa\u017cony jest w <strong>wymienn\u0105 g\u0142owic\u0119 z rolk\u0105<\/strong> pokryt\u0105 drobnymi <strong>mikro-granulkami<\/strong>, kt\u00f3re <strong>skutecznie<\/strong> poradz\u0105 sobie z <strong>usuwaniem twardej<\/strong> <strong>sk\u00f3ry<\/strong> pi\u0119t i st\u00f3p. Kupuj\u0105c pilnik AT-15 otrzymasz a\u017c <strong>dwie g\u0142owice w zestawie<\/strong> \u2013 jedna ju\u017c zamontowana na pilniku, gotowa do u\u017cycia zaraz po wyci\u0105gni\u0119ciu z pude\u0142ka.<\/p>\n<p><img decoding=\"async\" src=\"\/data\/include\/cms\/.product\/4\/7\/374\/5.jpg\" alt=\"elektryczny bezprzewodowy pilnik do pi\u0119t \u0141ucznik AT-15\" width=\"768\" height=\"480\" \/><\/p>\n<h2><strong>Lekki i kompaktowy pilnik do st\u00f3p<\/strong><\/h2>\n<p>Dzi\u0119ki jego <strong>lekko\u015bci<\/strong> i <strong>kompaktowym<\/strong> <strong>rozmiarom<\/strong>, mo\u017cesz zabra\u0107 go ze sob\u0105 na ka\u017cd\u0105 <strong>podr\u00f3\u017c<\/strong>, <strong>wakacje<\/strong> lub <strong>delegacj\u0119<\/strong>. Niezale\u017cnie od miejsca, w kt\u00f3rym si\u0119 znajdujesz, masz pewno\u015b\u0107, \u017ce Twoje <strong>stopy<\/strong> zawsze b\u0119d\u0105 wygl\u0105da\u0107 <strong>pi\u0119knie<\/strong> i <strong>zadbane<\/strong>.<\/p>\n<p>Co wi\u0119cej, d\u0142ugi czas pracy na <strong>jednym \u0142adowaniu<\/strong> umo\u017cliwia korzystanie z pilnika nawet przez kilka dni bez potrzeby \u0142adowania. Oznacza to, \u017ce niezale\u017cnie od intensywno\u015bci piel\u0119gnacji, pilnik b\u0119dzie gotowy do dzia\u0142ania.<\/p>\n<p><img decoding=\"async\" src=\"\/data\/include\/cms\/.product\/4\/7\/374\/4.jpg\" alt=\"elektryczny bezprzewodowy pilnik do pi\u0119t \u0141ucznik AT-15\" width=\"768\" height=\"480\" \/><\/p>\n<h2>Solidne wykonanie i wysoka jako\u015b\u0107 materia\u0142\u00f3w<\/h2>\n<p>Elektryczny pilnik do pi\u0119t \u0141ucznik AT-15 zosta\u0142 stworzony z my\u015bl\u0105 o <strong>trwa\u0142o\u015bci<\/strong> i <strong>niezawodno\u015bci<\/strong>. <strong>Solidne wykonanie<\/strong> oraz <strong>wysokiej jako\u015bci materia\u0142y<\/strong>, z kt\u00f3rych zosta\u0142 wykonany, gwarantuj\u0105 d\u0142ugotrwa\u0142e u\u017cytkowanie urz\u0105dzenia.<\/p>\n<h2>Jaki jest nasz elektryczny pilnik do pi\u0119t?<\/h2>\n<ul>\n<li><strong>Lekki<\/strong> i <strong>praktyczny<\/strong> &#8211;  mo\u017cna zabra\u0107 ze sob\u0105 na wakacje czy delegacj\u0119<\/li>\n<li><strong>D\u0142ugo dzia\u0142a<\/strong> na jednym \u0142adowaniu &#8211; nawet przez kilka dni bez konieczno\u015bci \u0142adowania<\/li>\n<li><strong>Solidnie<\/strong> <strong>wykonany<\/strong>, z <strong>wysokiej<\/strong> <strong>jako\u015bci<\/strong> materia\u0142\u00f3w &#8211; niezawodna i d\u0142ug\u0105 \u017cywotno\u015b\u0107 urz\u0105dzenia<\/li>\n<li><strong>Ergonomiczny <\/strong>i bezprzewodowo zasilany &#8211; u\u0142atwiaj\u0105 codzienn\u0105 piel\u0119gnacj\u0119 st\u00f3p.<\/li>\n<\/ul>\n<p><img loading=\"lazy\" decoding=\"async\" src=\"\/data\/include\/cms\/.product\/4\/7\/374\/3.jpg\" alt=\"elektryczny bezprzewodowy pilnik do pi\u0119t \u0141ucznik AT-15\" width=\"768\" height=\"480\" \/> <\/p>\n<h2>Co otrzymasz w paczce po zakupie eklektycznego pilnika?<\/h2>\n<ul>\n<li><strong>Elektryczny<\/strong> pilik do st\u00f3p<\/li>\n<li><strong>2 rolki<\/strong> (jedna ju\u017c gotowa do u\u017cycia na pilniku)<\/li>\n<li><strong>\u0141adowarka<\/strong><\/li>\n<li><strong>Oryginalne nowe opakowanie<\/strong><\/li>\n<li><strong>P\u0119dzelek<\/strong> do czyszczenia<\/li>\n<li><strong>Polska instrukcja obs\u0142ugi<\/strong><\/li>\n<\/ul>\n","protected":false},"excerpt":{"rendered":"<p>Elektryczny pilnik do st\u00f3p AT-15. Bezprzewodowe zasilanie akumulatorowe. Dzia\u0142a na sucho i na mokro. D\u0142ugi czas dzia\u0142ania. Kompaktowy i lekki. Ergonomiczny kszta\u0142t. Wymienna g\u0142owica z rolkami \u015bciernymi. Skuteczny i delikatny.<\/p>\n","protected":false},"featured_media":14508,"comment_status":"open","ping_status":"closed","template":"","meta":[],"product_brand":[],"product_cat":[688],"product_tag":[],"class_list":{"0":"post-12297","1":"product","2":"type-product","3":"status-publish","4":"has-post-thumbnail","6":"product_cat-pilniki-i-frezarki-do-stop","8":"first","9":"instock","10":"taxable","11":"shipping-taxable","12":"product-type-simple"},"_links":{"self":[{"href":"https:\/\/gltestm.webology.pl\/pl\/wp-json\/wp\/v2\/product\/12297","targetHints":{"allow":["GET"]}}],"collection":[{"href":"https:\/\/gltestm.webology.pl\/pl\/wp-json\/wp\/v2\/product"}],"about":[{"href":"https:\/\/gltestm.webology.pl\/pl\/wp-json\/wp\/v2\/types\/product"}],"replies":[{"embeddable":true,"href":"https:\/\/gltestm.webology.pl\/pl\/wp-json\/wp\/v2\/comments?post=12297"}],"version-history":[{"count":0,"href":"https:\/\/gltestm.webology.pl\/pl\/wp-json\/wp\/v2\/product\/12297\/revisions"}],"wp:featuredmedia":[{"embeddable":true,"href":"https:\/\/gltestm.webology.pl\/pl\/wp-json\/wp\/v2\/media\/14508"}],"wp:attachment":[{"href":"https:\/\/gltestm.webology.pl\/pl\/wp-json\/wp\/v2\/media?parent=12297"}],"wp:term":[{"taxonomy":"product_brand","embeddable":true,"href":"https:\/\/gltestm.webology.pl\/pl\/wp-json\/wp\/v2\/product_brand?post=12297"},{"taxonomy":"product_cat","embeddable":true,"href":"https:\/\/gltestm.webology.pl\/pl\/wp-json\/wp\/v2\/product_cat?post=12297"},{"taxonomy":"product_tag","embeddable":true,"href":"https:\/\/gltestm.webology.pl\/pl\/wp-json\/wp\/v2\/product_tag?post=12297"}],"curies":[{"name":"wp","href":"https:\/\/api.w.org\/{rel}","templated":true}]}}