{"id":12296,"date":"2026-03-18T22:38:48","date_gmt":"2026-03-18T21:38:48","guid":{"rendered":"https:\/\/gltestm.webology.pl\/produkt\/urzadzenie-do-waty-cukrowej-am-6214-a\/"},"modified":"2026-03-22T22:11:42","modified_gmt":"2026-03-22T21:11:42","slug":"urzadzenie-do-waty-cukrowej-am-6214-a","status":"publish","type":"product","link":"https:\/\/gltestm.webology.pl\/pl\/produkt\/urzadzenie-do-waty-cukrowej-am-6214-a\/","title":{"rendered":"Urz\u0105dzenie do waty cukrowej AM-6214 A"},"content":{"rendered":"<p>Urz\u0105dzenie do waty cukrowej to wspania\u0142y urz\u0105dzenie, z jego pomoc\u0105 kt\u00f3rego mo\u017cesz z \u0142atwo\u015bci\u0105 przygotowa\u0107 <strong>pyszn\u0105 wat\u0119 cukrow\u0105<\/strong> w <strong>domowym<\/strong> zaciszu. Zw\u0142aszcza dla dzieci, , mo\u017ce to by\u0107 nie tylko <strong>smaczne<\/strong>, ale tak\u017ce <strong>edukacyjne <\/strong><strong>do\u015bwiadczenie<\/strong>, poniewa\u017c mog\u0105 zobaczy\u0107 na w\u0142asne oczy, jak ich przygotowa\u0107 ich <strong>ulubiony smako\u0142yk<\/strong> we w\u0142asnej kuchni. <\/p>\n<p>Mie\u0107 maszyn\u0119 do waty cukrowej tylko dla siebie, we w\u0142asnym domu&#8230; To chyba <strong>marzenie ka\u017cdego dziecka<\/strong>. B\u0119dzie ona \u015bwietnym <strong>prezentem<\/strong> oraz niezawodnym rekwizytem podczas ka\u017cdych dzieci\u0119cych urodzin i wszelkich kinderbali &#8211; rozkr\u0119cisz z nim prawdziwie <strong>bajkow\u0105 imprez\u0119<\/strong>. Dzi\u0119ki dodatkowi barwnika mo\u017cna wyczarowa\u0107 wat\u0119 w wielu <strong>magicznych kolorach<\/strong> i sprawi\u0107 dzieciom niesamowit\u0105 frajd\u0119. <\/p>\n<p>Mo\u017cliwe, \u017ce pami\u0119tasz <strong>wat\u0119 cukrow\u0105<\/strong> ze swojego w\u0142asnego dzieci\u0144stwa lub ameryka\u0144skich film\u00f3w. Mo\u017cliwe, \u017ce my\u015bla\u0142e\u015b kiedy\u015b o tym, \u017ceby wytworzy\u0107 wat\u0119 w domu &#8211; w ko\u0144cu wystarczy tylko troch\u0119 cukru! Je\u015bli czujesz w sobie nadal drzemi\u0105ce dziecko, spr\u00f3buj<span> tej fantastycznej zabawy<\/span>, kt\u00f3ra zabierze Ci\u0119 w mi\u0142\u0105 podr\u00f3\u017c do czasu, kiedy \u017cycie wydawa\u0142o si\u0119 beztroskie.<\/p>\n<h2>Najwa\u017cniejsze cechy<\/h2>\n<ul>\n<li>Czas przygotowania:<strong> 3-4 minuty<\/strong><\/li>\n<li><strong>\u015arednica<\/strong> misy: <strong>27,5 cm<\/strong><\/li>\n<li><strong>Os\u0142ona ochronna<\/strong> u\u0142atwiaj\u0105ca przygotowanie waty (<strong>zatrzymuje wywiewanie wat<\/strong>y z misy)<\/li>\n<li>Drewniane <strong>patyczaki w zestawie<\/strong><\/li>\n<li><strong>Miarka do cukru<\/strong> w zestawie<\/li>\n<li>Gumowe n\u00f3\u017cki <strong>stabilizuj\u0105ce<\/strong><\/li>\n<\/ul>\n<h2>S\u0142odkie do\u015bwiadczenie dla Twojego dziecka w domowym zaciszu!<\/h2>\n<p>Dzieci uwielbiaj\u0105 s\u0142odko\u015bci, a urz\u0105dzenie do waty cukrowej AM-6214-A pozwala przygotowa\u0107 <strong>pyszne<\/strong>, <strong>s\u0142odkie<\/strong> przek\u0105ski w bardzo <strong>kr\u00f3tkim czasie<\/strong>. Dzi\u0119ki niemu Tw\u00f3j maluch mo\u017ce cieszy\u0107 si\u0119 smakiem ulubionych smako\u0142yk\u00f3w w zaciszu domowym, <strong>bez konieczno\u015bci wychodzenia domu<\/strong> i szukania stoisk z wat\u0105 cukrow\u0105.<\/p>\n<h2>Szybkie i \u0142atwe przygotowanie waty cukrowej<\/h2>\n<p>Jedn\u0105 z najwa\u017cniejszych zalet urz\u0105dzenia<strong> AM-6214 A<\/strong> jest jego <strong>prosta obs\u0142uga<\/strong>, kt\u00f3ra pozwala na <strong>szybkie przygotowanie waty cukrowej<\/strong>. Wystarczy w\u0142\u0105czy\u0107 urz\u0105dzenie, poczeka\u0107 a\u017c si\u0119 nagrzeje, doda\u0107 <strong>odpowiedni\u0105 ilo\u015b\u0107 cukru<\/strong> i wkr\u00f3tce cieszy\u0107 si\u0119 pysznymi, bia\u0142ymi k\u0142\u0119bkami. Dzi\u0119ki temu nawet m\u0142odsze dzieci mog\u0105 cieszy\u0107 si\u0119 przyjemno\u015bci\u0105 z <strong>samodzielnego<\/strong> <strong>przygotowywania<\/strong> waty cukrowej. Uwaga: zalecamy nadz\u00f3r osoby doros\u0142ej!<\/p>\n<h2>Jak przygotowa\u0107 wat\u0119 cukrow\u0105 w domu?<\/h2>\n<p>Urz\u0105dzenie pozwala na przygotowanie<strong> waty cukrowej<\/strong> w ci\u0105gu zaledwie<strong> 3-4 minut<\/strong>. Do wyrobu <strong>waty<\/strong> potrzebujemy jedynie <strong>zwyk\u0142ego cukru<\/strong>, a je\u015bli zale\u017cy nam na ciekawym smaku lub kolorze, mo\u017cna wytworzy\u0107 j\u0105 z udzia\u0142em barwnika spo\u017cywczego.<\/p>\n<p><strong>Urz\u0105dzenie do waty cukrowej<\/strong> <strong>AM-6214 A<\/strong> wyposa\u017cone jest w du\u017c\u0105, zdejmowan\u0105<strong> mis\u0119 o \u015brednicy 27,5 cm<\/strong>, na ni\u0105 nasuni\u0119ta jest <strong>os\u0142ona chroni\u0105ca przed wywiewem waty, <\/strong>dzi\u0119ki czemu nie ucieknie nam nawet odrobina smako\u0142yku.<\/p>\n<p>Dodatkowo, w zestawie znajduj\u0105 si\u0119 r\u00f3wnie\u017c <strong>drewniane patyczki<\/strong> oraz <strong>miarka do cukru<\/strong>. Urz\u0105dzenie posiada w\u0142\u0105cznik on\/off, a tak\u017ce gumowe n\u00f3\u017cki stabilizuj\u0105ce. <strong>Nie nale\u017cy my\u0107 \u017cadnych cz\u0119\u015bci urz\u0105dzenia w zmywarce!<\/strong><\/p>\n<h2><strong>24-miesi\u0119czna gwarancja<\/strong><\/h2>\n<p><strong>Urz\u0105dzenie do waty cukrowej AM-6214 A <\/strong>posiada<strong> 24-miesi\u0119czn\u0105 gwarancj\u0119 <\/strong>oraz <strong>instrukcj\u0119 w j\u0119zyku polskim<\/strong>, z kt\u00f3r\u0105 nale\u017cy zapozna\u0107 si\u0119 przed pierwszym u\u017cyciem sprz\u0119tu.   <\/p>\n","protected":false},"excerpt":{"rendered":"<p>Domowa wata cukrowa to spe\u0142nienie marze\u0144 ka\u017cdego malucha i doros\u0142ych, w kt\u00f3rych ci\u0105gle drzemie dziecko. Urz\u0105dzenie pozwala na przygotowanie waty cukrowej w ci\u0105gu zaledwie 3-4 minut. Do wyrobu waty potrzebujemy jedynie zwyk\u0142ego cukru.<\/p>\n","protected":false},"featured_media":15190,"comment_status":"open","ping_status":"closed","template":"","meta":[],"product_brand":[],"product_cat":[583],"product_tag":[],"class_list":{"0":"post-12296","1":"product","2":"type-product","3":"status-publish","4":"has-post-thumbnail","6":"product_cat-tostery-i-opiekacze","8":"first","9":"instock","10":"taxable","11":"shipping-taxable","12":"product-type-simple"},"_links":{"self":[{"href":"https:\/\/gltestm.webology.pl\/pl\/wp-json\/wp\/v2\/product\/12296","targetHints":{"allow":["GET"]}}],"collection":[{"href":"https:\/\/gltestm.webology.pl\/pl\/wp-json\/wp\/v2\/product"}],"about":[{"href":"https:\/\/gltestm.webology.pl\/pl\/wp-json\/wp\/v2\/types\/product"}],"replies":[{"embeddable":true,"href":"https:\/\/gltestm.webology.pl\/pl\/wp-json\/wp\/v2\/comments?post=12296"}],"version-history":[{"count":0,"href":"https:\/\/gltestm.webology.pl\/pl\/wp-json\/wp\/v2\/product\/12296\/revisions"}],"wp:featuredmedia":[{"embeddable":true,"href":"https:\/\/gltestm.webology.pl\/pl\/wp-json\/wp\/v2\/media\/15190"}],"wp:attachment":[{"href":"https:\/\/gltestm.webology.pl\/pl\/wp-json\/wp\/v2\/media?parent=12296"}],"wp:term":[{"taxonomy":"product_brand","embeddable":true,"href":"https:\/\/gltestm.webology.pl\/pl\/wp-json\/wp\/v2\/product_brand?post=12296"},{"taxonomy":"product_cat","embeddable":true,"href":"https:\/\/gltestm.webology.pl\/pl\/wp-json\/wp\/v2\/product_cat?post=12296"},{"taxonomy":"product_tag","embeddable":true,"href":"https:\/\/gltestm.webology.pl\/pl\/wp-json\/wp\/v2\/product_tag?post=12296"}],"curies":[{"name":"wp","href":"https:\/\/api.w.org\/{rel}","templated":true}]}}