{"id":12290,"date":"2026-03-18T22:38:46","date_gmt":"2026-03-18T21:38:46","guid":{"rendered":"https:\/\/gltestm.webology.pl\/produkt\/blender-kielichowy-lucznik-bl-566\/"},"modified":"2026-03-22T22:11:42","modified_gmt":"2026-03-22T21:11:42","slug":"blender-kielichowy-lucznik-bl-566","status":"publish","type":"product","link":"https:\/\/gltestm.webology.pl\/pl\/produkt\/blender-kielichowy-lucznik-bl-566\/","title":{"rendered":"Blender kielichowy \u0141ucznik BL-566"},"content":{"rendered":"<div>\n<div>\n<h2>Mikser-blender kielichowy \u0141ucznik BL-566<\/h2>\n<p>Lubisz koktajle warzywne i owocowe, a tak\u017ce zupy-kremy? Je\u015bli do tej pory nie nadarzy\u0142a si\u0119 okazja do wykonania ich samemu, teraz masz tak\u0105 mo\u017cliwo\u015b\u0107. Mikser-blender kielichowy BL-566 pozwoli Ci zrobi\u0107 przepyszne koktajle, a tak\u017ce zupy-kremy. Jedynym ograniczeniem jest Twoja wyobra\u017ania. Po prostu wystarczy wybra\u0107 odpowiadaj\u0105ce nam warzywa i owoce, a blender kielichowy do robienia koktajli owocowych i smoothie wykona za nas lwi\u0105 cz\u0119\u015b\u0107 roboty. Dzi\u0119ki funkcji pulsacyjnej mo\u017cesz \u0142atwo rozdrobni\u0107 nawet twarde sk\u0142adniki, takie jak orzechy czy mro\u017cone owoce, co sprawia, \u017ce mikser z blenderem kielichowym szklanym sprawdzi si\u0119 r\u00f3wnie\u017c w przygotowaniu domowego mas\u0142a orzechowego czy g\u0142adkich sos\u00f3w.<\/p>\n<h2>Najwa\u017cniejsze cechy blendera BL-566<\/h2>\n<ul>\n<li><strong>Przeznaczenie:<\/strong> blender do koktajli \u2013 kielichowy<\/li>\n<li><strong>Tryby pracy: <\/strong>normalny, <strong>turbo<\/strong>, <strong>pulsacyjny<\/strong><\/li>\n<li><strong>Wykonanie:<\/strong> tworzywo sztuczne, <strong>stal inox,<\/strong> metal,<strong> szk\u0142o hartowane<\/strong><\/li>\n<li><strong>Pojemno\u015b\u0107 kielicha blendera:<\/strong> <strong>1,5 l<\/strong><\/li>\n<li><strong>Pod\u015bwietlenie: <\/strong>Tak, LED<\/li>\n<li><strong>Moc maksymalna:<\/strong> 500 W<\/li>\n<li><strong>Kolor: <\/strong>stalowo-czarny<\/li>\n<li><strong>Waga urz\u0105dzenia: <\/strong>3000 g<\/li>\n<li><strong>Zasilanie: <\/strong>220-240 V ~50 HZ<\/li>\n<li><strong>Materia\u0142 kielicha: <\/strong>hartowane szk\u0142o<\/li>\n<\/ul>\n<p><img fetchpriority=\"high\" decoding=\"async\" src=\"\/data\/include\/cms\/.product\/5\/1\/15\/1.jpg\" alt=\"blender kielichowy bl-566\" width=\"768\" height=\"480\"><\/p>\n<h2>Korzy\u015bci zdrowotne<\/h2>\n<p><strong>Blender<\/strong> to tak\u017ce synonim <strong>zdrowej diety<\/strong>. Dzi\u0119ki niemu zadbasz o <strong>zdrowie <\/strong>i <strong>urod\u0119<\/strong>. Przygotowanie smacznego, a ponadto bardzo \u0142atwego do spo\u017cycia posi\u0142ku, kt\u00f3ry b\u0119dzie bogaty w<strong> witaminy i minera\u0142y<\/strong>, zajmie Ci tylko kilka minut. Prze\u0142o\u017cy si\u0119 to na r\u00f3\u017cne <strong>korzy\u015bci zdrowotne<\/strong>, takie jak <strong>oczyszczenie organizmu<\/strong> z toksyn, <strong>schudni\u0119cie<\/strong>, wzrost energii. Oczywi\u015bcie korzy\u015bci mo\u017ce by\u0107 wiele, a w zale\u017cno\u015bci od tego, jakie warzywa b\u0105d\u017a owoce wybierzesz do swojego smacznego posi\u0142ku, takie otrzymasz profity.<\/p>\n<p>Do przygotowania zielonego smoothie przyda si\u0119 <strong>dobra maszyna<\/strong> do koktajli warzywnych, a gdy ma si\u0119 ochot\u0119 na orze\u017awiaj\u0105cy sok, warto wybra\u0107 odpowiedniego robota kuchennego, czyli blender kielichowy <strong>BL-566!<\/strong><\/p>\n<p>Kielichowy sprz\u0119t kuchenny mo\u017cna u\u017cywa\u0107 na wiele sposob\u00f3w, zw\u0142aszcza do przygotowywania napoj\u00f3w, w tym jako:<\/p>\n<ul>\n<li>mikser do koktajli warzywnych,<\/li>\n<li>mikser do sok\u00f3w i koktajli owocowych,<\/li>\n<li>mikser do szejk\u00f3w,<\/li>\n<li>mikser do zup.<\/li>\n<\/ul>\n<h2>Trzy tryby pracy blendera kielichowego<\/h2>\n<p><strong>Blender-mikser<\/strong> kielichowy posiada <strong>moc 500 W<\/strong> i pracuje w <strong>trzech trybach: standardowym, turbo oraz pulsacyjnym<\/strong>. Dzi\u0119ki trzem trybom pracy, blender ten idealnie nadaje si\u0119 do przyrz\u0105dzania owocowych i mlecznych koktajli, kruszenia lodu czy miksowania zup-krem\u00f3w. Dodatkowo mikser z <strong>blenderem kielichowym<\/strong> umo\u017cliwia szybkie przygotowanie domowego smoothie proteinowego, co czyni go \u015bwietnym wyborem dla os\u00f3b aktywnych fizycznie, dbaj\u0105cych o diet\u0119 i codzienn\u0105 suplementacj\u0119 bia\u0142ka.<\/p>\n<p>To w\u0142a\u015bnie mikser z <strong>blenderem kielichowym<\/strong> do robienia <strong>koktajli<\/strong> pozwala w prosty spos\u00f3b uzyska\u0107 idealnie g\u0142adk\u0105 konsystencj\u0119 \u2013 niezale\u017cnie od rodzaju sk\u0142adnik\u00f3w. W efekcie staje si\u0119 niezast\u0105pionym pomocnikiem w <strong>nowoczesnej kuchni<\/strong>.<\/p>\n<p><img decoding=\"async\" src=\"\/data\/include\/cms\/.product\/5\/1\/15\/2.jpg\" alt=\"blender kielichowy bl-566\"><\/p>\n<h2>Wytrzyma\u0142y i \u0142atwy w czyszczeniu mikser z blenderem kielichowym<\/h2>\n<p>Korpus <strong>blendera<\/strong> wykonany zosta\u0142 ze stali inox, co gwarantuje nie tylko <strong>wytrzyma\u0142o\u015b\u0107 i \u0142atwo\u015b\u0107 czyszczenia<\/strong>, ale r\u00f3wnie\u017c <strong>mi\u0142y dla oka<\/strong>, <strong>nowoczesny wygl\u0105d<\/strong>. Kielich blendera <strong>o pojemno\u015bci 1,5 L<\/strong> wykonany zosta\u0142 z grubego, <strong>hartowanego szk\u0142a<\/strong>. Ma\u0142y blender do koktajli sprawdzi si\u0119 wi\u0119c w codziennym u\u017cytkowaniu! <strong>Kielichowy mikser<\/strong> dzi\u0119ki solidnej konstrukcji jest odporny na uszkodzenia mechaniczne.<\/p>\n<h2>Intuicyjna obs\u0142uga i bezpiecze\u0144stwo<\/h2>\n<p>Obs\u0142uga mikser\u00f3w kielichowych jest prosta, intuicyjna i odbywa si\u0119 przy u\u017cyciu mechanicznego pokr\u0119t\u0142a z <strong>pod\u015bwietleniem LED<\/strong>. Urz\u0105dzenie posiada <strong>zabezpieczenie<\/strong> nie pozwalaj\u0105ce na w\u0142\u0105czenie ostrzy bez pod\u0142\u0105czenia kielicha. Dzi\u0119ki temu nie musisz obawia\u0107 si\u0119, \u017ce zostanie przypadkowo uruchomione przez dzieci. Nowoczesne blendery do koktajli s\u0105 projektowane z my\u015bl\u0105 o maksymalnym komforcie u\u017cytkownika!<\/p>\n<p><img decoding=\"async\" src=\"\/data\/include\/cms\/.product\/5\/1\/15\/6.jpg\" alt=\"blender bl-566\" width=\"612\" height=\"408\"><\/p>\n<\/div>\n<\/div>\n","protected":false},"excerpt":{"rendered":"<p>Kuchenny blender kielichowy o pojemno\u015bci 1,5 L z trzema dost\u0119pnymi trybami pracy i pod\u015bwietlan\u0105 regulacj\u0105. Blender kielichowy pozwoli Ci zrobi\u0107 przepyszne koktajle, a tak\u017ce zupy-kremy. Blender to tak\u017ce synonim zdrowej diety.<\/p>\n","protected":false},"featured_media":13757,"comment_status":"open","ping_status":"closed","template":"","meta":[],"product_brand":[],"product_cat":[603],"product_tag":[],"class_list":{"0":"post-12290","1":"product","2":"type-product","3":"status-publish","4":"has-post-thumbnail","6":"product_cat-blendery","8":"first","9":"instock","10":"taxable","11":"shipping-taxable","12":"product-type-simple"},"_links":{"self":[{"href":"https:\/\/gltestm.webology.pl\/pl\/wp-json\/wp\/v2\/product\/12290","targetHints":{"allow":["GET"]}}],"collection":[{"href":"https:\/\/gltestm.webology.pl\/pl\/wp-json\/wp\/v2\/product"}],"about":[{"href":"https:\/\/gltestm.webology.pl\/pl\/wp-json\/wp\/v2\/types\/product"}],"replies":[{"embeddable":true,"href":"https:\/\/gltestm.webology.pl\/pl\/wp-json\/wp\/v2\/comments?post=12290"}],"version-history":[{"count":0,"href":"https:\/\/gltestm.webology.pl\/pl\/wp-json\/wp\/v2\/product\/12290\/revisions"}],"wp:featuredmedia":[{"embeddable":true,"href":"https:\/\/gltestm.webology.pl\/pl\/wp-json\/wp\/v2\/media\/13757"}],"wp:attachment":[{"href":"https:\/\/gltestm.webology.pl\/pl\/wp-json\/wp\/v2\/media?parent=12290"}],"wp:term":[{"taxonomy":"product_brand","embeddable":true,"href":"https:\/\/gltestm.webology.pl\/pl\/wp-json\/wp\/v2\/product_brand?post=12290"},{"taxonomy":"product_cat","embeddable":true,"href":"https:\/\/gltestm.webology.pl\/pl\/wp-json\/wp\/v2\/product_cat?post=12290"},{"taxonomy":"product_tag","embeddable":true,"href":"https:\/\/gltestm.webology.pl\/pl\/wp-json\/wp\/v2\/product_tag?post=12290"}],"curies":[{"name":"wp","href":"https:\/\/api.w.org\/{rel}","templated":true}]}}