{"id":12289,"date":"2026-03-18T22:38:45","date_gmt":"2026-03-18T21:38:45","guid":{"rendered":"https:\/\/gltestm.webology.pl\/produkt\/blender-reczny-lucznik-jk-200-a\/"},"modified":"2026-03-22T22:11:42","modified_gmt":"2026-03-22T21:11:42","slug":"blender-reczny-lucznik-jk-200-a","status":"publish","type":"product","link":"https:\/\/gltestm.webology.pl\/pl\/produkt\/blender-reczny-lucznik-jk-200-a\/","title":{"rendered":"Blender r\u0119czny \u0141ucznik JK-200 A"},"content":{"rendered":"<p>Wielofunkcyjny blender r\u0119czny metalowy to do\u015b\u0107 proste urz\u0105dzenie, kt\u00f3re jest w stanie zaspokoi\u0107 przer\u00f3\u017cne potrzeby: od tworzenia przepysznych koktajli, a tak\u017ce zup-krem\u00f3w po przygotowanie zdrowych past, np. z soczewicy, kt\u00f3re mo\u017cesz potem nak\u0142ada\u0107 na ulubione pieczywo. Oczywi\u015bcie mo\u017cliwo\u015bci s\u0105 wi\u0119ksze. Wszystko zale\u017cy od Ciebie i Twojej inwencji tw\u00f3rczej w kuchni. Tak naprawd\u0119 nie potrzeba nawet przepisu, by stworzy\u0107 wspania\u0142e i przepyszne jedzenie. Wystarcz\u0105 warzywa i owoce wed\u0142ug Twojego upodobania, natomiast Tw\u00f3j nowy blender kuchenny wykona za Ciebie wi\u0119kszo\u015b\u0107 pracy.\n<\/p>\n<p><img fetchpriority=\"high\" decoding=\"async\" src=\"\/data\/include\/cms\/.product\/8\/0\/8\/1.jpg\" alt=\"blender r\u0119czny JK-200 A\" width=\"768\" height=\"480\" \/><\/p>\n<h2>Blender r\u0119czny metalowy z rozdrabniaczem JK-200 A &#8211; korzy\u015bci zdrowotne<br \/>\n<\/h2>\n<p>Blender wielofunkcyjny 200W mo\u017ce sta\u0107 si\u0119 Twoim sprzymierze\u0144cem w zachowaniu zdrowej diety. Po\u017cywne i smaczne potrawy, kt\u00f3re b\u0142yskawicznie przygotujesz za pomoc\u0105 blendera r\u0119cznego, b\u0119d\u0105 mia\u0142y w sobie ogromne ilo\u015bci witamin i minera\u0142\u00f3w, kt\u00f3re wp\u0142yn\u0105 pozytywnie na Twoje cia\u0142o. Dzi\u0119ki tak przygotowanym posi\u0142kom mo\u017cesz straci\u0107 nadmiarowe kilogramy oraz zyska\u0107 spokojniejszy i bardziej regeneruj\u0105cy sen.<\/p>\n<p><span><img decoding=\"async\" src=\"\/data\/include\/cms\/.product\/8\/0\/8\/2.jpg\" alt=\"blender r\u0119czny JK-200 A\" width=\"768\" height=\"480\" \/><\/span><\/p>\n<h2>Dzia\u0142anie blendera elektrycznego r\u0119cznego JK-200 A<\/h2>\n<p>R\u0119czny blender JK-200 A charakteryzuje si\u0119 nowoczesnym wzornictwem, kt\u00f3re wyr\u00f3\u017cnia go na tle innych akcesori\u00f3w kuchennych, mi\u0142\u0105 dla oka kolorystyk\u0105, cich\u0105 prac\u0105 niesprawiaj\u0105c\u0105 k\u0142opotu domownikom oraz \u0142atwo\u015bci\u0105 u\u017cytkowania. Lekka plastikowa obudowa z wyjmowan\u0105 nasad\u0105 jest \u0142atwa w czyszczeniu, a jej ergonomiczny kszta\u0142t zapewnia pewny chwyt podczas pracy. Blender r\u0119czny z metalow\u0105 ko\u0144c\u00f3wk\u0105 \u0142\u0105czy w sobie skuteczno\u015b\u0107 i wygod\u0119.<\/p>\n<h2>Blender r\u0119czny metalowy \u2013 trwa\u0142o\u015b\u0107 i precyzja w kuchni<br \/>\n<\/h2>\n<p>Ostrza blendera wykonane zosta\u0142y z metalu, dzi\u0119ki czemu urz\u0105dzenie idealnie spisze si\u0119 przy przygotowywaniu sos\u00f3w, zup-krem\u00f3w, smoothies, drink\u00f3w czy po\u017cywnych posi\u0142k\u00f3w dla niemowl\u0105t. Mo\u017cesz nim tak\u017ce rozdrabnia\u0107 mi\u0119kkie owoce i warzywa, a tak\u017ce pasty, zio\u0142a, mi\u0119so, orzechy, ser, jajka gotowane na twardo oraz cebul\u0119. Ponadto stal nierdzewna zapewnia d\u0142u\u017csz\u0105 \u017cywotno\u015b\u0107 i lepsz\u0105 jako\u015b\u0107 pracy ni\u017c plastikowe odpowiedniki, co czyni go doskona\u0142ym wyborem dla wymagaj\u0105cych u\u017cytkownik\u00f3w.\n<\/p>\n<p>Blender r\u0119czny metalowy JK-200 A posiada 24-miesi\u0119czn\u0105 gwarancj\u0119 oraz instrukcj\u0119 w j\u0119zyku polskim, z kt\u00f3r\u0105 nale\u017cy zapozna\u0107 si\u0119 przed u\u017cyciem produktu.<\/p>\n<p><img decoding=\"async\" src=\"\/data\/include\/cms\/.product\/8\/0\/8\/4.jpg\" alt=\"blender r\u0119czny JK-200 A\" width=\"768\" height=\"480\" \/><\/p>\n","protected":false},"excerpt":{"rendered":"<p>Zaopatrzony w metalow\u0105 ko\u0144c\u00f3wk\u0119 i ostrza nowoczesny blender r\u0119czny o maksymalnej mocy 200 W Blender mo\u017ce sta\u0107 si\u0119 Twoim przyjacielem, je\u017celi chodzi o zachowanie zdrowej diety. Pomo\u017ce Ci w zadbaniu o zdrowie i urod\u0119.<\/p>\n","protected":false},"featured_media":15688,"comment_status":"open","ping_status":"closed","template":"","meta":[],"product_brand":[],"product_cat":[603],"product_tag":[],"class_list":{"0":"post-12289","1":"product","2":"type-product","3":"status-publish","4":"has-post-thumbnail","6":"product_cat-blendery","8":"first","9":"instock","10":"taxable","11":"shipping-taxable","12":"product-type-simple"},"_links":{"self":[{"href":"https:\/\/gltestm.webology.pl\/pl\/wp-json\/wp\/v2\/product\/12289","targetHints":{"allow":["GET"]}}],"collection":[{"href":"https:\/\/gltestm.webology.pl\/pl\/wp-json\/wp\/v2\/product"}],"about":[{"href":"https:\/\/gltestm.webology.pl\/pl\/wp-json\/wp\/v2\/types\/product"}],"replies":[{"embeddable":true,"href":"https:\/\/gltestm.webology.pl\/pl\/wp-json\/wp\/v2\/comments?post=12289"}],"version-history":[{"count":0,"href":"https:\/\/gltestm.webology.pl\/pl\/wp-json\/wp\/v2\/product\/12289\/revisions"}],"wp:featuredmedia":[{"embeddable":true,"href":"https:\/\/gltestm.webology.pl\/pl\/wp-json\/wp\/v2\/media\/15688"}],"wp:attachment":[{"href":"https:\/\/gltestm.webology.pl\/pl\/wp-json\/wp\/v2\/media?parent=12289"}],"wp:term":[{"taxonomy":"product_brand","embeddable":true,"href":"https:\/\/gltestm.webology.pl\/pl\/wp-json\/wp\/v2\/product_brand?post=12289"},{"taxonomy":"product_cat","embeddable":true,"href":"https:\/\/gltestm.webology.pl\/pl\/wp-json\/wp\/v2\/product_cat?post=12289"},{"taxonomy":"product_tag","embeddable":true,"href":"https:\/\/gltestm.webology.pl\/pl\/wp-json\/wp\/v2\/product_tag?post=12289"}],"curies":[{"name":"wp","href":"https:\/\/api.w.org\/{rel}","templated":true}]}}