{"id":12272,"date":"2026-03-18T22:05:32","date_gmt":"2026-03-18T21:05:32","guid":{"rendered":"https:\/\/gltestm.webology.pl\/produkt\/maszyna-do-szycia-lucznik-mini-outlet-1\/"},"modified":"2026-03-22T22:11:37","modified_gmt":"2026-03-22T21:11:37","slug":"maszyna-do-szycia-lucznik-mini-outlet-1","status":"publish","type":"product","link":"https:\/\/gltestm.webology.pl\/pl\/produkt\/maszyna-do-szycia-lucznik-mini-outlet-1\/","title":{"rendered":"Maszyna do szycia \u0141ucznik Mini OUTLET-1"},"content":{"rendered":"<div>\n<div>\n<h2>Outlet<\/h2>\n<div>Zdarza si\u0119, \u017ce maszyny do szycia wracaj\u0105 do nas ze sklep\u00f3w jako egzemplarze powystawowe lub po zwrocie konsumenckim. Zamiast wyrzuca\u0107 sprz\u0119t, kt\u00f3rego jedyn\u0105 &#8222;wad\u0105&#8221; jest brak idealnego opakowania lub pojedynczego akcesorium, dajemy mu drugie \u017cycie w naszym outlecie.<\/p>\n<\/div>\n<div><strong>\u0141ucznik w Outlecie &#8211; Oszcz\u0119dzaj, szyj\u0105c z pasj\u0105!<br \/><\/strong><\/div>\n<div>Szukasz niezawodnej maszyny do szycia, ale wolisz nie przep\u0142aca\u0107? Mamy dla Ciebie idealne rozwi\u0105zanie! Prezentowana maszyna pochodzi z naszej specjalnej linii <strong>OUTLET 1<\/strong>. Oznacza to, \u017ce jest to w pe\u0142ni sprawny, serwisowo sprawdzony model, gotowy do pracy od zaraz!<\/p>\n<\/div>\n<div><strong>Czym charakteryzuje si\u0119 maszyna OUTLET 1?<br \/><\/strong><\/div>\n<div>Maszyny oznaczone jako OUTLET 1 s\u0105 sprz\u0119tem powystawowym lub po kr\u00f3tkotrwa\u0142ym zwrocie. Zosta\u0142y dok\u0142adnie przetestowane przez nasz serwis, aby zapewni\u0107 Ci pe\u0142n\u0105 funkcjonalno\u015b\u0107 i niezawodno\u015b\u0107.<\/p>\n<\/div>\n<div><strong>Pami\u0119taj, \u017ce w przypadku tej maszyny, cena jest obni\u017cona ze wzgl\u0119du na:<\/strong><\/p>\n<\/div>\n<ul>\n<li><strong>Mo\u017cliwy brak instrukcji obs\u0142ugi<\/strong> (kt\u00f3r\u0105 zawsze mo\u017cesz pobra\u0107 ze strony \u0141ucznika).\n<\/li>\n<li><strong>Mo\u017cliwy brak pokrowca przeciwkurzowego lub niekt\u00f3rych akcesori\u00f3w<\/strong> (element\u00f3w, kt\u00f3re nie wp\u0142ywaj\u0105 na prawid\u0142owe dzia\u0142anie maszyny, np. dodatkowej ig\u0142y).\n<\/li>\n<li><strong>Delikatnie uszkodzone oryginalne opakowanie.<br \/><\/strong><\/li>\n<\/ul>\n<div><strong>Wa\u017cne:<\/strong> To wci\u0105\u017c w 100% sprawna maszyna, kt\u00f3ra zapewni Ci rado\u015b\u0107 szycia na d\u0142ugie lata!<\/div>\n<h2><strong>Maszyna do szycia dla dzieci \u0141ucznik MINI<\/strong> &#8211; pi\u0119kny pocz\u0105tek przygody z szyciem!<\/h2>\n<p>Maszyna \u0141ucznik Mini posiada szereg <strong>uproszcze\u0144 i udogodnie\u0144<\/strong>, a do tego <strong>uroczy design<\/strong>, dzi\u0119ki czemu stanowi doskona\u0142y prezent dla ka\u017cdego <strong>kreatywnego dziecka<\/strong>. Nie tylko dostarczy d\u0142ugich godzin <strong>\u015bwietnej zabawy<\/strong>, ale tak\u017ce wspomo\u017ce rozw\u00f3j koordynacji wzrokowo-ruchowej, zmys\u0142u estetyki oraz wyobra\u017ani. Dzi\u0119ki za\u015b solidnemu wykonaniu oraz dba\u0142o\u015bci o szczeg\u00f3\u0142y, b\u0119dzie s\u0142u\u017cy\u0107 dzieciom przez d\u0142ugi czas. <\/p>\n<p>Pomimo kompaktowych wymiar\u00f3w, nie jest zabawk\u0105, ale <strong>w pe\u0142ni funkcjonaln\u0105 <\/strong>maszyn\u0105 do szycia &#8211; idealnie nadaje si\u0119 do pierwszych prac krawieckich na prostych materia\u0142ach oraz <strong>rozwijania hobby<\/strong>. Je\u015bli twoje dziecko marzy, by zosta\u0107 projektantem mody albo uwielbia prace manualne, b\u0119dzie dla niego wymarzonym prezentem.<\/p>\n<p>Do maszyny mo\u017cna u\u017cywa\u0107, odpowiednie do funkcjonalno\u015bci maszyny,stopki zatrzaskowe mocowane na uchwyt matic.<\/p>\n<h2>Najwa\u017cniejsze cechy<\/h2>\n<ul>\n<li><strong>ma\u0142e<\/strong> wymiary, <strong>niewielka<\/strong> waga<\/li>\n<li>bardzo <strong>prosta obs\u0142uga<\/strong><\/li>\n<li><strong>12 program\u00f3w szycia<\/strong><\/li>\n<li>\u015bciegi: <strong>prosty, zygzak, kryty<\/strong><\/li>\n<li><strong>os\u0142ona ig\u0142y zabezpieczaj\u0105ca palce<\/strong><\/li>\n<li><strong>szycie wsteczne<\/strong><\/li>\n<li>\u0142atwe obcinanie nici<\/li>\n<li><strong>tryb szycia automatycznego<\/strong> (bez regulatora no\u017cnego, suwakiem)<\/li>\n<li>regulacja napr\u0119\u017cenia nici<\/li>\n<li>chwytacz rotacyjny (\u0142atwe wk\u0142adanie szpulki)<\/li>\n<li>funkcja obrzucania dziurek na guziki<\/li>\n<li>o\u015bwietlenie LED<\/li>\n<li>r\u0105czka do przenoszenia<\/li>\n<li>automatyczne przewijanie nici na szpulk\u0119<\/li>\n<li>zasilanie sieciowe lub bateryjne (4 baterie aa)<\/li>\n<\/ul>\n<h2>12 program\u00f3w szycia i \u0142atwa obs\u0142uga jednym pokr\u0119t\u0142em<\/h2>\n<p>Naszym celem by\u0142o stworzenie maszyny maksymalnie uproszczonej, aby u\u0142atwi\u0107 nabieranie wprawy w szyciu i nie zniech\u0119ci\u0107 m\u0142odego projektanta do zabawy. Mini posiada jedynie dwa pokr\u0119t\u0142a, wi\u0119c nie spos\u00f3b pogubi\u0107 si\u0119 w jej obs\u0142udze. Poprzez pierwsze pokr\u0119t\u0142o wybieramy jeden z <strong>12 program\u00f3w szycia<\/strong>, kt\u00f3rych wygl\u0105d mo\u017cemy sprawdzi\u0107 na obudowie maszyny. Drugim regulatorem mo\u017cemy w razie potrzeby dobra\u0107 napr\u0119\u017cenie nici.<\/p>\n<h2>Dwa sposoby zasilania maszyny<\/h2>\n<p>Maszyny \u0141ucznik Mini mo\u017cna u\u017cywa\u0107 bez<strong><strong> pod\u0142\u0105czenia do pr\u0105du<\/strong> <\/strong>i zabra\u0107 ze sob\u0105 wsz\u0119dzie (np. do szko\u0142y, na zaj\u0119cia pozalekcyjne, czy do kole\u017canki), gdy\u017c mog\u0105 zasila\u0107 j\u0105<strong> 4 baterie AA.<\/strong><\/p>\n<h2>Bezpieczna nauka szycia<\/h2>\n<p>Maszyna do szycia \u0141ucznik Mini wyposa\u017cona jest w <strong>os\u0142on\u0119 na palce umieszczon\u0105 dooko\u0142a ig\u0142y<\/strong>. Dzi\u0119ki niej bezpiecze\u0144stwo pracuj\u0105cego na niej dziecka jest o wiele wi\u0119ksze &#8211; mo\u017cemy by\u0107 spokojni o ma\u0142e paluszki, kt\u00f3re nie zab\u0142\u0105dz\u0105 przypadkiem w okolice ig\u0142y.<\/p>\n<p><strong>Maszyna MINI<\/strong><span> nie jest zabawk\u0105, lecz pe\u0142nowarto\u015bciow\u0105 maszyn\u0105 do szycia, stworzon\u0105 przede wszystkim z my\u015bl\u0105 o najm\u0142odszych adeptach sztuki krawieckiej. Mog\u0105 jej u\u017cywa\u0107 dzieci, kt\u00f3re sko\u0144czy\u0142y 8 lat, o ile odbywa\u0107 si\u0119 to b\u0119dzie pod nadzorem osoby doros\u0142ej, a w wcze\u015bniej zosta\u0142y odpowiednio poinstruowane odno\u015bnie jej bezpiecznego u\u017cytkowania.<\/span><\/p>\n<h2>Tryb szycia automatycznego<\/h2>\n<p>Aby u\u0142atwi\u0107 przygotowanie do szycia, wyposa\u017cyli\u015bmy Mini w<strong> chwytacz rotacyjny<\/strong>, umo\u017cliwiaj\u0105cy \u0142atwiejsz\u0105 instalacj\u0119 szpulki w b\u0119benku maszyny. Z tego samego powodu dodali\u015bmy <strong>funkcj\u0119 automatycznego szycia, <\/strong>do tej pory dost\u0119pn\u0105 jedynie w maszynach elektronicznych. Pozwala ona na wyb\u00f3r pomi\u0119dzy r\u0119czn\u0105 lub no\u017cn\u0105 kontrol\u0105 szycia, w zale\u017cno\u015bci od wygody, preferencji oraz indywidualnej sprawno\u015bci manualnej i motorycznej dziecka. W razie potrzeby mo\u017cna zwyczajnie od\u0142\u0105czy\u0107 no\u017cny regulator \u0141ucznik Mini i <strong>sterowa\u0107 maszyn\u0105 za pomoc\u0105 suwaka. <\/strong>Pozycja L (ang. <em>low<\/em>) oznacza szycie automatyczne wolne, natomiast pozycja H (ang. <em>high<\/em>) oznacza szycie szybkie.<\/p>\n<p>Wyb\u00f3r pomi\u0119dzy <strong>dwoma pr\u0119dko\u015bciami szycia<\/strong> maszyny i mo\u017cliwo\u015b\u0107 ustawienia szycia powoli, dodatkowo<strong> zwi\u0119ksza bezpiecze\u0144stwo<\/strong> operacji i u\u0142atwia nabieranie wprawy. Przy ustawieniu wolnego trybu dzia\u0142ania nawet przypadkowo zbyt mocne naci\u015bni\u0119cie regulatora nie spowoduje maksymalnego przyspieszenia pracy maszyny.<\/p>\n<h2>Komplet akcesori\u00f3w na start<\/h2>\n<p>\u0141ucznik Mini posiada r\u00f3wnie\u017c wygodnie umiejscowion\u0105 d\u017awigni\u0119<strong> szycia wstecznego, <\/strong>wbudowan\u0105<strong> s<strong>zufladk\u0119 na akcesoria<\/strong><\/strong>, <strong>no\u017cyk do <strong>obcinania nici<\/strong> <\/strong>umiejscowiony w <strong>bezpiecznym miejscu<\/strong> w obudowie oraz wygodn\u0105<strong><strong> r\u0105czk\u0119 do przenoszenia<\/strong><\/strong>, co u\u0142atwia jej transport. Dodatkowo wyposa\u017cona jest w<strong> diod\u0119 LED<\/strong> nad polem pracy, u\u0142atwiaj\u0105c\u0105 dok\u0142adny widok \u015bciegu oraz prac\u0119 w warunkach s\u0142abego o\u015bwietlenia.<\/p>\n<h2>Prawid\u0142owe dzia\u0142anie maszyny<\/h2>\n<p>W celu zapewnienia <strong>prawid\u0142owego<\/strong> dzia\u0142ania maszyny nale\u017cy u\u017cywa\u0107 <span><strong>wy\u0142\u0105cznie metalowych dolnych szpulki na nici<\/strong><\/span>. Korzystanie z <strong>plastikowych<\/strong> szpulek mo\u017ce doprowadzi\u0107 do nieprawid\u0142owego dzia\u0142ania lub nawet <strong>uszkodzenia maszyn<\/strong>.<\/p>\n<\/div>\n<\/div>\n","protected":false},"excerpt":{"rendered":"<p>Miniaturowa maszyna do szycia dla dzieci z os\u0142on\u0105 ig\u0142y zwi\u0119kszaj\u0105c\u0105 bezpiecze\u0144stwo jej u\u017cywania. Ma\u0142a, lekka i przeno\u015bna &#8211; mo\u017ce dzia\u0142a\u0107 na baterie! Outlet-uszkodzone opakowanie<\/p>\n","protected":false},"featured_media":15485,"comment_status":"open","ping_status":"closed","template":"","meta":[],"product_brand":[],"product_cat":[788],"product_tag":[],"class_list":{"0":"post-12272","1":"product","2":"type-product","3":"status-publish","4":"has-post-thumbnail","6":"product_cat-maszyny","8":"first","9":"instock","10":"taxable","11":"shipping-taxable","12":"purchasable","13":"product-type-simple"},"_links":{"self":[{"href":"https:\/\/gltestm.webology.pl\/pl\/wp-json\/wp\/v2\/product\/12272","targetHints":{"allow":["GET"]}}],"collection":[{"href":"https:\/\/gltestm.webology.pl\/pl\/wp-json\/wp\/v2\/product"}],"about":[{"href":"https:\/\/gltestm.webology.pl\/pl\/wp-json\/wp\/v2\/types\/product"}],"replies":[{"embeddable":true,"href":"https:\/\/gltestm.webology.pl\/pl\/wp-json\/wp\/v2\/comments?post=12272"}],"version-history":[{"count":0,"href":"https:\/\/gltestm.webology.pl\/pl\/wp-json\/wp\/v2\/product\/12272\/revisions"}],"wp:featuredmedia":[{"embeddable":true,"href":"https:\/\/gltestm.webology.pl\/pl\/wp-json\/wp\/v2\/media\/15485"}],"wp:attachment":[{"href":"https:\/\/gltestm.webology.pl\/pl\/wp-json\/wp\/v2\/media?parent=12272"}],"wp:term":[{"taxonomy":"product_brand","embeddable":true,"href":"https:\/\/gltestm.webology.pl\/pl\/wp-json\/wp\/v2\/product_brand?post=12272"},{"taxonomy":"product_cat","embeddable":true,"href":"https:\/\/gltestm.webology.pl\/pl\/wp-json\/wp\/v2\/product_cat?post=12272"},{"taxonomy":"product_tag","embeddable":true,"href":"https:\/\/gltestm.webology.pl\/pl\/wp-json\/wp\/v2\/product_tag?post=12272"}],"curies":[{"name":"wp","href":"https:\/\/api.w.org\/{rel}","templated":true}]}}